{"id":235,"date":"2014-05-12T17:46:46","date_gmt":"2014-05-12T15:46:46","guid":{"rendered":"http:\/\/semmelweis.hu\/borklinika\/?page_id=235"},"modified":"2026-03-17T13:36:01","modified_gmt":"2026-03-17T12:36:01","slug":"autoimmun-borbetegsegek-szakrendeles","status":"publish","type":"page","link":"https:\/\/semmelweis.hu\/borklinika\/a-betegellatas-fo-profiljai\/jarobeteg-ellatas\/autoimmun-borbetegsegek-szakrendeles\/","title":{"rendered":"Autoimmun b\u0151rbetegs\u00e9gek szakrendel\u00e9s"},"content":{"rendered":"<p style=\"text-align: justify\">Az autoimmun betegs\u00e9gekben a szervezet immunrendszere a saj\u00e1t szervek, sejtalkot\u00f3k ellen termel antitesteket (ellenanyagokat), az \u00edgy kialakul\u00f3 k\u00f3ros immunv\u00e1lasz r\u00e9v\u00e9n a szervek, szervrendszerek k\u00e1rosodnak. Szakrendel\u00e9s\u00fcnk\u00f6n a b\u0151rt is \u00e9rint\u0151 k\u00f3rk\u00e9pekkel foglalkozunk, mint a<\/p>\n<ul style=\"text-align: justify\">\n<li>lupus, mely gyakran f\u00e9nynek kitett helyeken (arc, dekolt\u00e1zs) ter\u00fclet\u00e9n jelentkez\u0151 foltokkal indul, t\u00f6bb szervrendszert \u00e9rint\u0151 form\u00e1ja a sziszt\u00e9m\u00e1s lupus erythematosus (SLE)<\/li>\n<li>izomgyenges\u00e9g \u00e9s f\u0151k\u00e9nt arcon jelentkez\u0151 b\u0151rt\u00fcnetek h\u00edvhatj\u00e1k fel a figyelmet a dermatomyositis nev\u0171 betegs\u00e9gre<\/li>\n<li>a sziszt\u00e9m\u00e1s sclerosis (scleroderma) t\u00fcneteivel jelentkez\u0151 p\u00e1ciensek b\u0151re bizonyos ter\u00fcleteken megkem\u00e9nyedik, a betegs\u00e9g bels\u0151 szerveket is \u00e9rint<\/li>\n<li>a b\u0151r megkem\u00e9nyed\u00e9s\u00e9vel m\u00e1s k\u00f3rk\u00e9p is j\u00e1r (morphea vagy lokaliz\u00e1lt scleroderma)<\/li>\n<li>vasculitisek-ben sz\u00e1mos t\u00fcnet mellett jellegzetes az als\u00f3 v\u00e9gtagokon szimmetrikusan megjelen\u0151 b\u0151rt\u00fcnetek.<\/li>\n<\/ul>\n<p style=\"text-align: justify\">A fenti betegs\u00e9gek eset\u00e9ben sz\u00fcks\u00e9g eset\u00e9n v\u00e9rv\u00e9teles \u00e9s sz\u00f6vettani vizsg\u00e1latokat v\u00e9gz\u00fcnk. K\u00e9rj\u00fck kor\u00e1bbi orvosi dokument\u00e1ci\u00f3j\u00e1t, a m\u00e1r elv\u00e9gzett vizsg\u00e1latok leleteit hozza mag\u00e1val! A rendel\u00e9sre b\u0151rgy\u00f3gy\u00e1szati, ill. tekintettel az egy\u00e9b szervi \u00e9rintetts\u00e9gre a betegeket gondoz\u00f3 belgy\u00f3gy\u00e1sz, reumatol\u00f3gus, szem\u00e9sz beutal\u00f3j\u00e1val is lehet jelentkezni.<\/p>\n<p class=\"Norm_00e1l\"><span style=\"color: #ff0000\">Id\u0151pont egyeztet\u00e9s:<span class=\"Norm_00e1l__Char\"> +3620-670-1609 telefonsz\u00e1mon, h\u00e9tf\u0151n \u00e9s cs\u00fct\u00f6rt\u00f6k\u00f6n 13-14 \u00f3ra k\u00f6z\u00f6tt.<\/span><\/span><\/p>\n<p class=\"Norm_00e1l\"><span class=\"Norm_00e1l__Char\">Rendel\u0151 orvosok:<\/span><\/p>\n<ul>\n<li class=\"Norm_00e1l\"><span class=\"Norm_00e1l__Char\">Dr. Hidv<\/span><span class=\"Norm_00e1l__Char\">\u00e9<\/span><span class=\"Norm_00e1l__Char\">gi Bernadett\u00a0\u00a0<\/span><\/li>\n<li>Dr. Kov\u00e1cs Anik\u00f3<\/li>\n<li>Dr. R\u00f3bert Lili<\/li>\n<\/ul>\n","protected":false},"excerpt":{"rendered":"<p>Az autoimmun betegs\u00e9gekben a szervezet immunrendszere a saj\u00e1t szervek, sejtalkot\u00f3k ellen termel antitesteket (ellenanyagokat), az \u00edgy kialakul\u00f3 k\u00f3ros immunv\u00e1lasz r\u00e9v\u00e9n a szervek, szervrendszerek k\u00e1rosodnak. Szakrendel\u00e9s\u00fcnk\u00f6n a b\u0151rt is \u00e9rint\u0151 k\u00f3rk\u00e9pekkel foglalkozunk, mint a lupus, mely gyakran f\u00e9nynek kitett helyeken (arc, dekolt\u00e1zs) ter\u00fclet\u00e9n jelentkez\u0151 foltokkal indul, t\u00f6bb szervrendszert \u00e9rint\u0151 form\u00e1ja a sziszt\u00e9m\u00e1s lupus erythematosus (SLE) izomgyenges\u00e9g &hellip;<\/p>\n","protected":false},"author":101242,"featured_media":0,"parent":217,"menu_order":4,"comment_status":"closed","ping_status":"closed","template":"","meta":{"_acf_changed":false,"footnotes":""},"categories":[],"tags":[],"class_list":["post-235","page","type-page","status-publish","hentry"],"acf":[],"_links":{"self":[{"href":"https:\/\/semmelweis.hu\/borklinika\/wp-json\/wp\/v2\/pages\/235","targetHints":{"allow":["GET"]}}],"collection":[{"href":"https:\/\/semmelweis.hu\/borklinika\/wp-json\/wp\/v2\/pages"}],"about":[{"href":"https:\/\/semmelweis.hu\/borklinika\/wp-json\/wp\/v2\/types\/page"}],"author":[{"embeddable":true,"href":"https:\/\/semmelweis.hu\/borklinika\/wp-json\/wp\/v2\/users\/101242"}],"replies":[{"embeddable":true,"href":"https:\/\/semmelweis.hu\/borklinika\/wp-json\/wp\/v2\/comments?post=235"}],"version-history":[{"count":10,"href":"https:\/\/semmelweis.hu\/borklinika\/wp-json\/wp\/v2\/pages\/235\/revisions"}],"predecessor-version":[{"id":13468,"href":"https:\/\/semmelweis.hu\/borklinika\/wp-json\/wp\/v2\/pages\/235\/revisions\/13468"}],"up":[{"embeddable":true,"href":"https:\/\/semmelweis.hu\/borklinika\/wp-json\/wp\/v2\/pages\/217"}],"wp:attachment":[{"href":"https:\/\/semmelweis.hu\/borklinika\/wp-json\/wp\/v2\/media?parent=235"}],"wp:term":[{"taxonomy":"category","embeddable":true,"href":"https:\/\/semmelweis.hu\/borklinika\/wp-json\/wp\/v2\/categories?post=235"},{"taxonomy":"post_tag","embeddable":true,"href":"https:\/\/semmelweis.hu\/borklinika\/wp-json\/wp\/v2\/tags?post=235"}],"curies":[{"name":"wp","href":"https:\/\/api.w.org\/{rel}","templated":true}]}}