{"id":230,"date":"2014-05-12T17:44:19","date_gmt":"2014-05-12T15:44:19","guid":{"rendered":"http:\/\/semmelweis.hu\/borklinika\/?page_id=230"},"modified":"2025-05-13T12:31:45","modified_gmt":"2025-05-13T10:31:45","slug":"onkodermatologia-szakrendeles","status":"publish","type":"page","link":"https:\/\/semmelweis.hu\/borklinika\/a-betegellatas-fo-profiljai\/jarobeteg-ellatas\/onkodermatologia-szakrendeles\/","title":{"rendered":"Onkodermatol\u00f3gia szakrendel\u00e9s"},"content":{"rendered":"<p><b>Onkodermatol\u00f3gia szakrendel\u00e9s: <\/b>II. emelet 202, 207. \u00e9s 208. rendel\u0151.<br \/>\n<span style=\"font-size: 1rem\">H-Cs: 8:00-14:30<\/span><\/p>\n<ul>\n<li style=\"text-align: justify\">B\u0151rdaganat diagn\u00f3zis (beutal\u00f3val BNO: C43, C44, vagy sz\u00f6vettani lelettel) eset\u00e9n, az \u00faj daganatos betegek vizsg\u00e1lata minden munkanap id\u0151pont n\u00e9lk\u00fcl reggel 7.30-8.00-ig bejelentkez\u00e9ssel az alagsor 15-\u00f6s szob\u00e1ban \u2013 az \u00fan. oncoscreen rendel\u00e9sen &#8211; kezd\u0151dik. Az \u00faj betegek ell\u00e1t\u00e1sa t\u00f6bb l\u00e9pcs\u0151s folyamat.<br \/>\nK\u00e9rj\u00fck, id\u0151ben \u00e9rkezzenek a vizsg\u00e1latra!<\/li>\n<li style=\"text-align: justify\">Az onkodermatol\u00f3gia rendel\u00e9sen a gondoz\u00e1sba v\u00e9tel ut\u00e1n id\u0151pont egyeztet\u00e9s sz\u00fcks\u00e9ges.<\/li>\n<li style=\"text-align: justify\">S\u00fcrg\u0151s onkol\u00f3giai esetben gondozott betegeinket munkanap 8.00-9.00 k\u00f6z\u00f6tt id\u0151pont egyeztet\u00e9s n\u00e9lk\u00fcl is fogadjuk.<\/li>\n<li style=\"text-align: justify\">Onkoteam minden szerd\u00e1n 8.00-10.00 k\u00f6z\u00f6tt t\u00e1rsszakm\u00e1kkal egy\u00fctt \u00fcl\u00e9sezik.<\/li>\n<\/ul>\n<p><strong>Rendel\u0151 orvosok:<\/strong><\/p>\n<ul>\n<li>Prof. Dr. Holl\u00f3 P\u00e9ter Ph.D. egyetemi tan\u00e1r, klinika igazgat\u00f3, klinikai onkol\u00f3gus \u00e9s b\u0151rgy\u00f3gy\u00e1sz szakorvos, onkoteam vezet\u0151<\/li>\n<li>Dr. Kuzmanovszki Daniella Ph.D. egyetemi adjunktus, klinikai onkol\u00f3gus \u00e9s b\u0151rgy\u00f3gy\u00e1sz szakorvos, onkoteam-vezet\u0151 helyettes, onkodermatol\u00f3giai szakambulancia vezet\u0151<\/li>\n<li>Dr. T\u00f3th B\u00e9la Ph.D. egyetemi adjunktus, klinikai onkol\u00f3gus \u00e9s b\u0151rgy\u00f3gy\u00e1sz szakorvos<\/li>\n<li>Dr. T\u00f3th Veronika Ph.D. egyetemi adjunktus, klinikai onkol\u00f3gus \u00e9s b\u0151rgy\u00f3gy\u00e1sz szakorvos<\/li>\n<li>Dr. Szakonyi J\u00f3zsef klinikai f\u0151orvos, radioterapeuta, b\u0151rgy\u00f3gy\u00e1sz szakorvos<\/li>\n<li>Dr. H\u00e1rsing Judit klinikai f\u0151orvos, pathol\u00f3gus, b\u0151rgy\u00f3gy\u00e1sz szakorvos<\/li>\n<li>Dr. Imr\u00e9di Eleon\u00f3ra Ph.D. b\u0151rgy\u00f3gy\u00e1sz szakorvos<\/li>\n<li>Dr. L\u0151rincz Kende Ph.D. egyetemi adjunktus, b\u0151rgy\u00f3gy\u00e1sz szakorvos<\/li>\n<li>Dr. Botty\u00e1n Krisztina, b\u0151rgy\u00f3gy\u00e1sz szakorvos<\/li>\n<li>Dr. Bojtor Adrienn, b\u0151rgy\u00f3gy\u00e1sz szakorvos<\/li>\n<li>Dr. Szul\u00e1gyi-Kov\u00e1cs Adrienn, b\u0151rgy\u00f3gy\u00e1sz szakorvos<\/li>\n<li>Dr. Cakir Ugur Ph.D. b\u0151rgy\u00f3gy\u00e1sz szakorvos<\/li>\n<li>Dr. M\u00fcller Eszter, b\u0151rgy\u00f3gy\u00e1sz szakorvos<\/li>\n<\/ul>\n<p><strong>Onkoteam tagjai:<\/strong><\/p>\n<ul>\n<li>Prof. Dr. Holl\u00f3 P\u00e9ter Ph.D. egyetemi tan\u00e1r, klinika igazgat\u00f3, klinikai onkol\u00f3gus \u00e9s b\u0151rgy\u00f3gy\u00e1sz szakorvos, onkoteam vezet\u0151<\/li>\n<li>Dr. Paty\u00e1nik Mih\u00e1ly radioterapeuta szakorvos, Uzsoki K\u00f3rh\u00e1z<\/li>\n<li>Dr. Szalai Kl\u00e1ra klinikai f\u0151orvos, radiol\u00f3gus szakorvos<\/li>\n<li>Dr. Kuzmanovszki Daniella Ph.D. egyetemi adjunktus, klinikai onkol\u00f3gus \u00e9s b\u0151rgy\u00f3gy\u00e1sz szakorvos, onkoteam-vezet\u0151 helyettes, onkodermatol\u00f3giai szakambulancia vezet\u0151<\/li>\n<li>Dr. T\u00f3th B\u00e9la Ph.D. egyetemi adjunktus, klinikai onkol\u00f3gus \u00e9s b\u0151rgy\u00f3gy\u00e1sz szakorvos<\/li>\n<li>Dr. Bottlik Gyula klinikai f\u0151orvos, seb\u00e9sz szakorvos<\/li>\n<li>Dr. T\u00f3th Veronika Ph.D. egyetem adjunktus, klinikai onkol\u00f3gus \u00e9s b\u0151rgy\u00f3gy\u00e1sz szakorvos<\/li>\n<li>Dr. Szakonyi J\u00f3zsef klinikai f\u0151orvos, radioterapeuta, b\u0151rgy\u00f3gy\u00e1sz szakorvos<\/li>\n<li>Dr. H\u00e1rsing Judit klinikai f\u0151orvos, patol\u00f3gus, b\u0151rgy\u00f3gy\u00e1sz szakorvos<\/li>\n<li>Dr. Prekopp P\u00e9ter, egyetemi tan\u00e1rseg\u00e9d, f\u00fcl-orr-g\u00e9g\u00e9sz, fej-nyak seb\u00e9sz szakorvos<\/li>\n<li>Dr. Gy\u00f6rke Tam\u00e1s Ph.D.\u00a0 egyetemi docens, nukle\u00e1ris medicina<\/li>\n<li>Dr. Mak\u00f3 Sarolta, klinikai gy\u00f3gyszer\u00e9sz<\/li>\n<li>Talmaci N\u00f3ra onkol\u00f3giai szak\u00e1pol\u00f3\n<\/li>\n<\/ul>\n<p><strong><a href=\"https:\/\/semmelweis.hu\/borklinika\/files\/2019\/08\/SKM_C22719080907581.pdf\" target=\"_blank\" rel=\"noopener noreferrer\">B\u0151rdaganatokr\u00f3l mindenkinek &#8211; t\u00e1j\u00e9koztat\u00f3 kiadv\u00e1ny<\/a><\/strong><\/p>\n<p><a href=\"https:\/\/semmelweis.hu\/borklinika\/files\/2019\/08\/0001.jpg\"><img loading=\"lazy\" decoding=\"async\" class=\"size-medium wp-image-5587 alignleft\" src=\"https:\/\/semmelweis.hu\/borklinika\/files\/2019\/08\/0001-300x212.jpg\" alt=\"\" width=\"300\" height=\"212\" srcset=\"https:\/\/semmelweis.hu\/borklinika\/files\/2019\/08\/0001-300x212.jpg 300w, https:\/\/semmelweis.hu\/borklinika\/files\/2019\/08\/0001-768x543.jpg 768w, https:\/\/semmelweis.hu\/borklinika\/files\/2019\/08\/0001-1024x725.jpg 1024w, https:\/\/semmelweis.hu\/borklinika\/files\/2019\/08\/0001-424x300.jpg 424w\" sizes=\"auto, (max-width: 300px) 100vw, 300px\" \/><\/a> <a href=\"https:\/\/semmelweis.hu\/borklinika\/files\/2019\/08\/0002.jpg\"><img loading=\"lazy\" decoding=\"async\" class=\"alignnone size-medium wp-image-5588\" src=\"https:\/\/semmelweis.hu\/borklinika\/files\/2019\/08\/0002-300x212.jpg\" alt=\"\" width=\"300\" height=\"212\" srcset=\"https:\/\/semmelweis.hu\/borklinika\/files\/2019\/08\/0002-300x212.jpg 300w, https:\/\/semmelweis.hu\/borklinika\/files\/2019\/08\/0002-768x543.jpg 768w, https:\/\/semmelweis.hu\/borklinika\/files\/2019\/08\/0002-1024x725.jpg 1024w, https:\/\/semmelweis.hu\/borklinika\/files\/2019\/08\/0002-424x300.jpg 424w\" sizes=\"auto, (max-width: 300px) 100vw, 300px\" \/><\/a><\/p>\n<p><span style=\"color: #000000\"><strong><br \/>\nHasznos inform\u00e1ci\u00f3k:<br \/>\n<\/strong><\/span><strong><a href=\"https:\/\/skindex.hu\/betegsegek\/melanoma\/\">https:\/\/skindex.hu\/betegsegek\/melanoma\/<\/a><\/strong><br \/>\n<strong><a href=\"https:\/\/skindex.hu\/betegsegek\/melanoma\/fenyvedelem\/\">https:\/\/skindex.hu\/betegsegek\/melanoma\/fenyvedelem\/<\/a><br \/>\n<a href=\"https:\/\/skindex.hu\/betegsegek\/nem-melanoma-tipusu-borrakok\/\">https:\/\/skindex.hu\/betegsegek\/nem-melanoma-tipusu-borrakok\/\u00a0<\/a><br \/>\n<\/strong><\/p>\n<p>&nbsp;<\/p>\n","protected":false},"excerpt":{"rendered":"<p>Onkodermatol\u00f3gia szakrendel\u00e9s: II. emelet 202, 207. \u00e9s 208. rendel\u0151. H-Cs: 8:00-14:30 B\u0151rdaganat diagn\u00f3zis (beutal\u00f3val BNO: C43, C44, vagy sz\u00f6vettani lelettel) eset\u00e9n, az \u00faj daganatos betegek vizsg\u00e1lata minden munkanap id\u0151pont n\u00e9lk\u00fcl reggel 7.30-8.00-ig bejelentkez\u00e9ssel az alagsor 15-\u00f6s szob\u00e1ban \u2013 az \u00fan. oncoscreen rendel\u00e9sen &#8211; kezd\u0151dik. Az \u00faj betegek ell\u00e1t\u00e1sa t\u00f6bb l\u00e9pcs\u0151s folyamat. K\u00e9rj\u00fck, id\u0151ben \u00e9rkezzenek a &hellip;<\/p>\n","protected":false},"author":101242,"featured_media":0,"parent":217,"menu_order":14,"comment_status":"closed","ping_status":"closed","template":"","meta":{"_acf_changed":false,"footnotes":""},"categories":[],"tags":[],"class_list":["post-230","page","type-page","status-publish","hentry"],"acf":[],"_links":{"self":[{"href":"https:\/\/semmelweis.hu\/borklinika\/wp-json\/wp\/v2\/pages\/230","targetHints":{"allow":["GET"]}}],"collection":[{"href":"https:\/\/semmelweis.hu\/borklinika\/wp-json\/wp\/v2\/pages"}],"about":[{"href":"https:\/\/semmelweis.hu\/borklinika\/wp-json\/wp\/v2\/types\/page"}],"author":[{"embeddable":true,"href":"https:\/\/semmelweis.hu\/borklinika\/wp-json\/wp\/v2\/users\/101242"}],"replies":[{"embeddable":true,"href":"https:\/\/semmelweis.hu\/borklinika\/wp-json\/wp\/v2\/comments?post=230"}],"version-history":[{"count":12,"href":"https:\/\/semmelweis.hu\/borklinika\/wp-json\/wp\/v2\/pages\/230\/revisions"}],"predecessor-version":[{"id":12962,"href":"https:\/\/semmelweis.hu\/borklinika\/wp-json\/wp\/v2\/pages\/230\/revisions\/12962"}],"up":[{"embeddable":true,"href":"https:\/\/semmelweis.hu\/borklinika\/wp-json\/wp\/v2\/pages\/217"}],"wp:attachment":[{"href":"https:\/\/semmelweis.hu\/borklinika\/wp-json\/wp\/v2\/media?parent=230"}],"wp:term":[{"taxonomy":"category","embeddable":true,"href":"https:\/\/semmelweis.hu\/borklinika\/wp-json\/wp\/v2\/categories?post=230"},{"taxonomy":"post_tag","embeddable":true,"href":"https:\/\/semmelweis.hu\/borklinika\/wp-json\/wp\/v2\/tags?post=230"}],"curies":[{"name":"wp","href":"https:\/\/api.w.org\/{rel}","templated":true}]}}