{"id":227,"date":"2014-05-12T17:43:00","date_gmt":"2014-05-12T15:43:00","guid":{"rendered":"http:\/\/semmelweis.hu\/borklinika\/?page_id=227"},"modified":"2026-01-23T12:05:08","modified_gmt":"2026-01-23T11:05:08","slug":"atopia-szakrendeles","status":"publish","type":"page","link":"https:\/\/semmelweis.hu\/borklinika\/a-betegellatas-fo-profiljai\/jarobeteg-ellatas\/atopia-szakrendeles\/","title":{"rendered":"At\u00f3pia szakrendel\u00e9s"},"content":{"rendered":"<div>\n<div style=\"text-align: left\">\n<div><span style=\"color: #000000\"><strong style=\"font-size: 1rem\">Telefonos id\u0151pontk\u00e9r\u00e9s 2021.12.14-t\u00f3l visszavon\u00e1sig:<\/strong><\/span><\/div>\n<div>\n<div><span style=\"font-size: 1rem;color: #000000\">Kedd, szerda, cs\u00fct\u00f6rt\u00f6k: 11:00-13:00<\/p>\n<p><\/span><\/div>\n<\/div>\n<p><span style=\"color: #000000\"><strong>Szem\u00e9lyes id\u0151pontk\u00e9r\u00e9s 2021.12.14-t\u00f3l visszavon\u00e1sig:<br \/>\n<\/strong>Kedd, szerda, cs\u00fct\u00f6rt\u00f6k: 9:00-11:00<\/span><\/p>\n<\/div>\n<\/div>\n<hr \/>\n<p>Szakrendel\u00e9s\u00fcnk feln\u0151tt (18 \u00e9ven fel\u00fcli) at\u00f3pi\u00e1s dermatitises betegek kivizsg\u00e1l\u00e1s\u00e1t, kezel\u00e9s\u00e9t, gondoz\u00e1s\u00e1t v\u00e9gzi. Id\u0151pontra el\u0151zetesen bejelentkezni az al\u00e1bbi telefonsz\u00e1mon lehets\u00e9ges, beutal\u00f3 sz\u00fcks\u00e9ges.<\/p>\n<p><b>At\u00f3pia szakrendel\u00e9s: <\/b>I. emelet 102-103. rendel\u0151. <b><\/b><\/p>\n<p>Beutal\u00f3 (b\u0151rgy\u00f3gy\u00e1szati vagy szak-allergol\u00f3giai) \u00e9s id\u0151pont egyeztet\u00e9s sz\u00fcks\u00e9ges.<\/p>\n<p>Id\u0151pont egyeztet\u00e9s: +36-1-459-1500\/55716<\/p>\n<p>Rendel\u0151 orvosok:<\/p>\n<ul>\n<li>Dr. P\u00f3nyai Gy\u00f6rgyi egyetemi docens, PhD (At\u00f3pia szakambulancia vezet\u0151)<\/li>\n<li>Prof. Dr. Temesv\u00e1ri Erzs\u00e9bet egyetemi tan\u00e1r, professor emerita, tan\u00e1csad\u00f3\u00a0<\/li>\n<li>Dr. Kov\u00e1cs Anik\u00f3\u00a0klinikai szakorvos<\/li>\n<li>Dr. Gergely L\u00e1szl\u00f3 Hunor klinikai szakorvos, PhD<\/li>\n<li>Dr. N\u00e9meth Dominik, b\u0151rgy\u00f3gy\u00e1sz rezidens, PhD<\/li>\n<li>Dr. Piros \u00c9va Anna, b\u0151rgy\u00f3gy\u00e1sz rezidens, PhD<\/li>\n<\/ul>\n","protected":false},"excerpt":{"rendered":"<p>Telefonos id\u0151pontk\u00e9r\u00e9s 2021.12.14-t\u00f3l visszavon\u00e1sig: Kedd, szerda, cs\u00fct\u00f6rt\u00f6k: 11:00-13:00 Szem\u00e9lyes id\u0151pontk\u00e9r\u00e9s 2021.12.14-t\u00f3l visszavon\u00e1sig: Kedd, szerda, cs\u00fct\u00f6rt\u00f6k: 9:00-11:00 Szakrendel\u00e9s\u00fcnk feln\u0151tt (18 \u00e9ven fel\u00fcli) at\u00f3pi\u00e1s dermatitises betegek kivizsg\u00e1l\u00e1s\u00e1t, kezel\u00e9s\u00e9t, gondoz\u00e1s\u00e1t v\u00e9gzi. Id\u0151pontra el\u0151zetesen bejelentkezni az al\u00e1bbi telefonsz\u00e1mon lehets\u00e9ges, beutal\u00f3 sz\u00fcks\u00e9ges. At\u00f3pia szakrendel\u00e9s: I. emelet 102-103. rendel\u0151. Beutal\u00f3 (b\u0151rgy\u00f3gy\u00e1szati vagy szak-allergol\u00f3giai) \u00e9s id\u0151pont egyeztet\u00e9s sz\u00fcks\u00e9ges. Id\u0151pont egyeztet\u00e9s: +36-1-459-1500\/55716 Rendel\u0151 &hellip;<\/p>\n","protected":false},"author":101242,"featured_media":0,"parent":217,"menu_order":3,"comment_status":"closed","ping_status":"closed","template":"","meta":{"_acf_changed":false,"footnotes":""},"categories":[],"tags":[],"class_list":["post-227","page","type-page","status-publish","hentry"],"acf":[],"_links":{"self":[{"href":"https:\/\/semmelweis.hu\/borklinika\/wp-json\/wp\/v2\/pages\/227","targetHints":{"allow":["GET"]}}],"collection":[{"href":"https:\/\/semmelweis.hu\/borklinika\/wp-json\/wp\/v2\/pages"}],"about":[{"href":"https:\/\/semmelweis.hu\/borklinika\/wp-json\/wp\/v2\/types\/page"}],"author":[{"embeddable":true,"href":"https:\/\/semmelweis.hu\/borklinika\/wp-json\/wp\/v2\/users\/101242"}],"replies":[{"embeddable":true,"href":"https:\/\/semmelweis.hu\/borklinika\/wp-json\/wp\/v2\/comments?post=227"}],"version-history":[{"count":13,"href":"https:\/\/semmelweis.hu\/borklinika\/wp-json\/wp\/v2\/pages\/227\/revisions"}],"predecessor-version":[{"id":13375,"href":"https:\/\/semmelweis.hu\/borklinika\/wp-json\/wp\/v2\/pages\/227\/revisions\/13375"}],"up":[{"embeddable":true,"href":"https:\/\/semmelweis.hu\/borklinika\/wp-json\/wp\/v2\/pages\/217"}],"wp:attachment":[{"href":"https:\/\/semmelweis.hu\/borklinika\/wp-json\/wp\/v2\/media?parent=227"}],"wp:term":[{"taxonomy":"category","embeddable":true,"href":"https:\/\/semmelweis.hu\/borklinika\/wp-json\/wp\/v2\/categories?post=227"},{"taxonomy":"post_tag","embeddable":true,"href":"https:\/\/semmelweis.hu\/borklinika\/wp-json\/wp\/v2\/tags?post=227"}],"curies":[{"name":"wp","href":"https:\/\/api.w.org\/{rel}","templated":true}]}}