{"id":2258,"date":"2018-03-20T13:57:48","date_gmt":"2018-03-20T12:57:48","guid":{"rendered":"http:\/\/semmelweis.hu\/borklinika\/?page_id=2258"},"modified":"2021-01-15T12:34:56","modified_gmt":"2021-01-15T11:34:56","slug":"unnepi-ev-programja","status":"publish","type":"page","link":"https:\/\/semmelweis.hu\/borklinika\/magunkrol\/a-klinika-tortenete\/125-eves-a-borklinika\/unnepi-ev-programja\/","title":{"rendered":"\u00dcnnepi \u00e9v &#8211; \u00f6sszefoglal\u00f3"},"content":{"rendered":"<p class=\"Normal\" style=\"text-align: justify\"><span class=\"Normal__Char\">2018-ban<\/span><span class=\"Normal__Char\">\u00a0ker\u00fclt megrendez\u00e9sre a Semmelweis Egyetem, \u00c1OK, B\u0151r-, Nemik\u00f3rtani \u00e9s B\u0151ronkol\u00f3giai Klinika 125 \u00e9ves fenn\u00e1ll\u00e1s\u00e1nak \u00fcnnepl\u00e9s\u00e9re szervezett rendezv\u00e9nysorozat.<\/span><\/p>\n<p class=\"Normal\"><img loading=\"lazy\" decoding=\"async\" class=\"aligncenter wp-image-1984 size-full\" src=\"https:\/\/semmelweis.hu\/borklinika\/files\/2018\/02\/torta.jpg\" alt=\"\" width=\"299\" height=\"150\" \/><\/p>\n<p class=\"Normal\" style=\"text-align: justify\"><span class=\"Normal__Char\">A megnyit\u00f3\u00a0\u00fcnneps\u00e9gre 2018. janu\u00e1r 11-\u00e9n egyetemi nobilit\u00e1sok r\u00e9szv\u00e9tel\u00e9vel ker\u00fclt sor. Az \u00fcnnepi \u00e9v esem\u00e9nyeir\u0151l a m\u00e9dia k\u00e9pvisel\u0151i sajt\u00f3esem\u00e9ny keretei k\u00f6z\u00f6tt kaptak sz\u00e9les k\u00f6rben t\u00e1j\u00e9koztat\u00e1st. \u00c1prilisban a b\u0151rgy\u00f3gy\u00e1sz szakma sz\u00e1m\u00e1ra \u00fcnnepi tov\u00e1bbk\u00e9pz\u0151 konferencia, a most \u00e9letre h\u00edvott B\u0151rakad\u00e9mia ker\u00fclt megrendez\u00e9sre. Az \u00e9v sor\u00e1n t\u00f6bb, a lakoss\u00e1g sz\u00e9lesebb k\u00f6reit \u00e9s minden korcsoportj\u00e1t el\u00e9r\u0151, a b\u0151rbetegs\u00e9gek a megismertet\u00e9s\u00e9t c\u00e9lz\u00f3 kamp\u00e1nyra is sor ker\u00fclt.<br \/>\nA \u201eB\u0151r\u0151r\u00f6k\u201d Eg\u00e9szs\u00e9gv\u00e9d\u0151 Program keretei k\u00f6z\u00f6tt a Klinika munkat\u00e1rsai eg\u00e9sz \u00e9vben ismertet\u0151 el\u0151ad\u00e1sokat tartottak \u00e1ltal\u00e1nos \u00e9s k\u00f6z\u00e9piskol\u00e1kban, klinikai ny\u00edlt napokon, valamint az \u00e9vente megrendez\u00e9sre ker\u00fcl\u0151 Kutat\u00f3k \u00c9jszak\u00e1j\u00e1n is.<br \/>\nA digit\u00e1lis projekt c\u00e9lkit\u0171z\u00e9se az \u00f6r\u00f6ks\u00e9gv\u00e9delmet c\u00e9lzand\u00f3, klinikai oktat\u00f3dokumentumok elektronikus archiv\u00e1l\u00e1sa.<\/span><\/p>\n<p><img loading=\"lazy\" decoding=\"async\" class=\"wp-image-1988 size-full aligncenter\" src=\"https:\/\/semmelweis.hu\/borklinika\/files\/2018\/02\/tanterem.jpg\" alt=\"\" width=\"362\" height=\"242\" srcset=\"https:\/\/semmelweis.hu\/borklinika\/files\/2018\/02\/tanterem.jpg 362w, https:\/\/semmelweis.hu\/borklinika\/files\/2018\/02\/tanterem-300x201.jpg 300w\" sizes=\"auto, (max-width: 362px) 100vw, 362px\" \/><\/p>\n<p>&nbsp;<\/p>\n<p class=\"Normal\"><span class=\"Normal__Char\">A 125 \u00e9v programterve:<\/span><\/p>\n<p class=\"Normal\"><span class=\"Normal__Char\">\u00c1prilis 6.\u2013\u00a0<a href=\"https:\/\/semmelweis.hu\/borklinika\/125ev\/fenyvedelem-napja\/\" target=\"_blank\" rel=\"noopener noreferrer\">F\u00e9nyv\u00e9delem Hete rendezv\u00e9ny<\/a><\/span><\/p>\n<p class=\"Normal\"><span class=\"Normal__Char\">M\u00e1jus 4. \u2013 \u00a0<a href=\"https:\/\/semmelweis.hu\/borklinika\/125ev\/veradas\/\" target=\"_blank\" rel=\"noopener noreferrer\">V\u00e9rad\u00e1s a V\u00f6r\u00f6skereszt szervez\u00e9s\u00e9ben<\/a><\/span><\/p>\n<p class=\"Normal\"><span class=\"Normal__Char\">M\u00e1jus 11. &#8211; \u00a0<a href=\"https:\/\/semmelweis.hu\/borklinika\/125ev\/melanoma-napja\/\" target=\"_blank\" rel=\"noopener noreferrer\">Melanoma H\u00e9t rendezv\u00e9ny<\/a><\/span><\/p>\n<p class=\"Normal\"><span class=\"Normal__Char\">J\u00fanius 15. \u2013 \u00a0<a href=\"https:\/\/semmelweis.hu\/borklinika\/125ev\/std\/\" target=\"_blank\" rel=\"noopener noreferrer\">STD, nemibetegs\u00e9gek el\u0151ad\u00e1sok<\/a><\/span><\/p>\n<p class=\"Normal\"><span class=\"Normal__Char\">Szeptember 21. \u2013 <a href=\"https:\/\/semmelweis.hu\/borklinika\/125ev\/kozmetologia\/\" target=\"_blank\" rel=\"noopener noreferrer\">Kozmetol\u00f3gia el\u0151ad\u00e1sok<\/a><\/span><\/p>\n<p>Szeptember &#8211; <a href=\"https:\/\/semmelweis.hu\/borklinika\/125ev\/kiallitas\/\" target=\"_blank\" rel=\"noopener noreferrer\">Ki\u00e1ll\u00edt\u00e1s megnyit\u00f3<\/a><\/p>\n<p class=\"Normal\"><span class=\"Normal__Char\">Okt\u00f3ber 19. \u2013 <a href=\"https:\/\/semmelweis.hu\/borklinika\/125ev\/psoriasis\/\" target=\"_blank\" rel=\"noopener noreferrer\">Psoriasis betegs\u00e9gekr\u0151l el\u0151ad\u00e1sok<\/a><\/span><\/p>\n<p class=\"Normal\"><span class=\"Normal__Char\">November 9. \u2013 <a href=\"https:\/\/semmelweis.hu\/borklinika\/125ev\/allergologia\/\" target=\"_blank\" rel=\"noopener noreferrer\">Allergia nap<\/a><\/span><\/p>\n<p>Eml\u00e9kpad elhelyez\u00e9s \u00e9s Eml\u00e9kfa \u00fcltet\u00e9s a Klinika udvar\u00e1n<\/p>\n<p>&nbsp;<\/p>\n<p class=\"Normal\"><strong><span class=\"Normal__Char\">A rendezv\u00e9nysorozat t\u00e1mogat\u00f3i:<\/span><\/strong><\/p>\n<p class=\"Normal\"><span class=\"Normal__Char\">N\u00e9k\u00e1m Alap\u00edtv\u00e1ny,\u00a0SE K\u00f6zponti Lev\u00e9lt\u00e1r,\u00a0\u00a0SE K\u00f6zponti K\u00f6nyvt\u00e1r, \u00a0SE Parkfenntart\u00e1si Oszt\u00e1ly<\/span><\/p>\n<table style=\"width: 100%\">\n<tbody>\n<tr>\n<td>\u00a0<a href=\"https:\/\/semmelweis.hu\/borklinika\/125ev\/magyar_voroskereszt\/\"><img loading=\"lazy\" decoding=\"async\" class=\"aligncenter wp-image-1989\" src=\"https:\/\/semmelweis.hu\/borklinika\/files\/2018\/02\/magyar_voroskereszt-297x300.jpg\" alt=\"\" width=\"136\" height=\"138\" srcset=\"https:\/\/semmelweis.hu\/borklinika\/files\/2018\/02\/magyar_voroskereszt-297x300.jpg 297w, https:\/\/semmelweis.hu\/borklinika\/files\/2018\/02\/magyar_voroskereszt-90x90.jpg 90w, https:\/\/semmelweis.hu\/borklinika\/files\/2018\/02\/magyar_voroskereszt.jpg 593w\" sizes=\"auto, (max-width: 136px) 100vw, 136px\" \/><\/a><\/td>\n<td><a href=\"https:\/\/semmelweis.hu\/borklinika\/125ev\/unnepi-ev-programja\/convention-logo\/\"><img loading=\"lazy\" decoding=\"async\" class=\"aligncenter wp-image-2288 \" src=\"https:\/\/semmelweis.hu\/borklinika\/files\/2018\/03\/convention-logo.png\" alt=\"\" width=\"197\" height=\"100\" \/><\/a><\/td>\n<td><a href=\"https:\/\/semmelweis.hu\/borklinika\/2017\/12\/04\/bororok-vedelmeben-a-fiatalok\/mgt_gerinces_logo_uj_large\/\"><img loading=\"lazy\" decoding=\"async\" class=\"aligncenter wp-image-1933\" src=\"https:\/\/semmelweis.hu\/borklinika\/files\/2018\/02\/mgt_gerinces_logo_uj_large-245x300.jpg\" alt=\"\" width=\"98\" height=\"120\" srcset=\"https:\/\/semmelweis.hu\/borklinika\/files\/2018\/02\/mgt_gerinces_logo_uj_large-245x300.jpg 245w, https:\/\/semmelweis.hu\/borklinika\/files\/2018\/02\/mgt_gerinces_logo_uj_large-768x940.jpg 768w, https:\/\/semmelweis.hu\/borklinika\/files\/2018\/02\/mgt_gerinces_logo_uj_large-836x1024.jpg 836w, https:\/\/semmelweis.hu\/borklinika\/files\/2018\/02\/mgt_gerinces_logo_uj_large.jpg 1033w\" sizes=\"auto, (max-width: 98px) 100vw, 98px\" \/><\/a><\/td>\n<\/tr>\n<tr>\n<td>\u00a0<a href=\"https:\/\/semmelweis.hu\/borklinika\/2018\/01\/22\/125-szuletesnapjat-unnepelte-a-bor-nemikortani-es-boronkologiai-klinika\/semmelweis_kft\/\"><img loading=\"lazy\" decoding=\"async\" class=\"aligncenter wp-image-1793\" src=\"https:\/\/semmelweis.hu\/borklinika\/files\/2018\/01\/Semmelweis_KFT-300x101.png\" alt=\"\" width=\"231\" height=\"78\" srcset=\"https:\/\/semmelweis.hu\/borklinika\/files\/2018\/01\/Semmelweis_KFT-300x101.png 300w, https:\/\/semmelweis.hu\/borklinika\/files\/2018\/01\/Semmelweis_KFT.png 400w\" sizes=\"auto, (max-width: 231px) 100vw, 231px\" \/><\/a><\/td>\n<td><a href=\"https:\/\/semmelweis.hu\/borklinika\/125ev\/csak-logo_ph_3d_rgb_bs_v_hu\/\"><img loading=\"lazy\" decoding=\"async\" class=\"aligncenter wp-image-2035\" src=\"https:\/\/semmelweis.hu\/borklinika\/files\/2018\/02\/CSAK-Logo_PH_3D_RGB_BS_V_HU-300x269.png\" alt=\"\" width=\"215\" height=\"192\" srcset=\"https:\/\/semmelweis.hu\/borklinika\/files\/2018\/02\/CSAK-Logo_PH_3D_RGB_BS_V_HU-300x269.png 300w, https:\/\/semmelweis.hu\/borklinika\/files\/2018\/02\/CSAK-Logo_PH_3D_RGB_BS_V_HU-334x300.png 334w, https:\/\/semmelweis.hu\/borklinika\/files\/2018\/02\/CSAK-Logo_PH_3D_RGB_BS_V_HU.png 697w\" sizes=\"auto, (max-width: 215px) 100vw, 215px\" \/><\/a><\/td>\n<td><a href=\"https:\/\/semmelweis.hu\/borklinika\/2018\/01\/22\/125-szuletesnapjat-unnepelte-a-bor-nemikortani-es-boronkologiai-klinika\/jozsefvaros\/\"><img loading=\"lazy\" decoding=\"async\" class=\"aligncenter wp-image-1790 size-medium\" src=\"https:\/\/semmelweis.hu\/borklinika\/files\/2018\/01\/Jozsefvaros-300x102.png\" alt=\"\" width=\"300\" height=\"102\" srcset=\"https:\/\/semmelweis.hu\/borklinika\/files\/2018\/01\/Jozsefvaros-300x102.png 300w, https:\/\/semmelweis.hu\/borklinika\/files\/2018\/01\/Jozsefvaros.png 499w\" sizes=\"auto, (max-width: 300px) 100vw, 300px\" \/><\/a><\/td>\n<\/tr>\n<tr>\n<td>\u00a0<a href=\"https:\/\/semmelweis.hu\/borklinika\/2018\/01\/22\/125-szuletesnapjat-unnepelte-a-bor-nemikortani-es-boronkologiai-klinika\/eucerin\/\"><img loading=\"lazy\" decoding=\"async\" class=\"aligncenter wp-image-1788\" src=\"https:\/\/semmelweis.hu\/borklinika\/files\/2018\/01\/Eucerin-300x111.jpg\" alt=\"\" width=\"230\" height=\"85\" srcset=\"https:\/\/semmelweis.hu\/borklinika\/files\/2018\/01\/Eucerin-300x111.jpg 300w, https:\/\/semmelweis.hu\/borklinika\/files\/2018\/01\/Eucerin-768x285.jpg 768w, https:\/\/semmelweis.hu\/borklinika\/files\/2018\/01\/Eucerin-1024x380.jpg 1024w, https:\/\/semmelweis.hu\/borklinika\/files\/2018\/01\/Eucerin-580x215.jpg 580w, https:\/\/semmelweis.hu\/borklinika\/files\/2018\/01\/Eucerin.jpg 1272w\" sizes=\"auto, (max-width: 230px) 100vw, 230px\" \/><\/a><\/td>\n<td><a href=\"https:\/\/semmelweis.hu\/borklinika\/2018\/01\/22\/125-szuletesnapjat-unnepelte-a-bor-nemikortani-es-boronkologiai-klinika\/la_roche_posay\/\"><img loading=\"lazy\" decoding=\"async\" class=\"aligncenter wp-image-1791\" src=\"https:\/\/semmelweis.hu\/borklinika\/files\/2018\/01\/La_Roche_Posay-300x182.jpg\" alt=\"\" width=\"160\" height=\"97\" srcset=\"https:\/\/semmelweis.hu\/borklinika\/files\/2018\/01\/La_Roche_Posay-300x182.jpg 300w, https:\/\/semmelweis.hu\/borklinika\/files\/2018\/01\/La_Roche_Posay.jpg 337w\" sizes=\"auto, (max-width: 160px) 100vw, 160px\" \/><\/a><\/td>\n<td><a href=\"https:\/\/semmelweis.hu\/borklinika\/125ev\/unnepi-ev-programja\/johnson\/\"><img loading=\"lazy\" decoding=\"async\" class=\"aligncenter wp-image-2289 size-medium\" src=\"https:\/\/semmelweis.hu\/borklinika\/files\/2018\/03\/johnson-300x65.png\" alt=\"\" width=\"300\" height=\"65\" srcset=\"https:\/\/semmelweis.hu\/borklinika\/files\/2018\/03\/johnson-300x65.png 300w, https:\/\/semmelweis.hu\/borklinika\/files\/2018\/03\/johnson.png 488w\" sizes=\"auto, (max-width: 300px) 100vw, 300px\" \/><\/a><\/td>\n<\/tr>\n<tr>\n<td>\u00a0<span class=\"Normal__Char\"><a href=\"https:\/\/semmelweis.hu\/borklinika\/2017\/12\/04\/bororok-vedelmeben-a-fiatalok\/feelxproducts-logo\/\"><img loading=\"lazy\" decoding=\"async\" class=\"aligncenter wp-image-1740\" src=\"https:\/\/semmelweis.hu\/borklinika\/files\/2018\/01\/feelxproducts-logo.png\" alt=\"\" width=\"193\" height=\"96\" \/><\/a><\/span><\/td>\n<td><span class=\"Normal__Char\"><a href=\"https:\/\/semmelweis.hu\/borklinika\/125ev\/logo-fszek\/\"><img loading=\"lazy\" decoding=\"async\" class=\"alignleft wp-image-2496\" src=\"https:\/\/semmelweis.hu\/borklinika\/files\/2018\/04\/logo-fszek-300x300.png\" alt=\"\" width=\"176\" height=\"176\" srcset=\"https:\/\/semmelweis.hu\/borklinika\/files\/2018\/04\/logo-fszek-300x300.png 300w, https:\/\/semmelweis.hu\/borklinika\/files\/2018\/04\/logo-fszek-150x150.png 150w, https:\/\/semmelweis.hu\/borklinika\/files\/2018\/04\/logo-fszek-144x144.png 144w, https:\/\/semmelweis.hu\/borklinika\/files\/2018\/04\/logo-fszek-90x90.png 90w, https:\/\/semmelweis.hu\/borklinika\/files\/2018\/04\/logo-fszek.png 452w\" sizes=\"auto, (max-width: 176px) 100vw, 176px\" \/><\/a><\/span><\/td>\n<td>\u00a0<span class=\"Normal__Char\"><a href=\"https:\/\/semmelweis.hu\/borklinika\/2017\/12\/04\/bororok-vedelmeben-a-fiatalok\/bioderma-img\/\"><img loading=\"lazy\" decoding=\"async\" class=\"aligncenter wp-image-1738\" src=\"https:\/\/semmelweis.hu\/borklinika\/files\/2018\/01\/bioderma-img-300x71.jpg\" alt=\"\" width=\"232\" height=\"55\" srcset=\"https:\/\/semmelweis.hu\/borklinika\/files\/2018\/01\/bioderma-img-300x71.jpg 300w, https:\/\/semmelweis.hu\/borklinika\/files\/2018\/01\/bioderma-img-580x137.jpg 580w, https:\/\/semmelweis.hu\/borklinika\/files\/2018\/01\/bioderma-img.jpg 731w\" sizes=\"auto, (max-width: 232px) 100vw, 232px\" \/><\/a><\/span><\/td>\n<\/tr>\n<tr>\n<td>\u00a0<a href=\"https:\/\/semmelweis.hu\/borklinika\/125ev\/unnepi-ev-programja\/kogart\/\"><img loading=\"lazy\" decoding=\"async\" class=\"aligncenter wp-image-2290\" src=\"https:\/\/semmelweis.hu\/borklinika\/files\/2018\/03\/kogart-300x290.jpg\" alt=\"\" width=\"144\" height=\"139\" srcset=\"https:\/\/semmelweis.hu\/borklinika\/files\/2018\/03\/kogart-300x290.jpg 300w, https:\/\/semmelweis.hu\/borklinika\/files\/2018\/03\/kogart-311x300.jpg 311w, https:\/\/semmelweis.hu\/borklinika\/files\/2018\/03\/kogart.jpg 348w\" sizes=\"auto, (max-width: 144px) 100vw, 144px\" \/><\/a><\/td>\n<td><a href=\"https:\/\/semmelweis.hu\/borklinika\/2018\/01\/22\/125-szuletesnapjat-unnepelte-a-bor-nemikortani-es-boronkologiai-klinika\/viragert\/\"><img loading=\"lazy\" decoding=\"async\" class=\"aligncenter wp-image-1794 \" src=\"https:\/\/semmelweis.hu\/borklinika\/files\/2018\/01\/Vir\u00e1g\u00e9rt.jpg\" alt=\"\" width=\"188\" height=\"73\" \/><\/a><\/td>\n<td><img loading=\"lazy\" decoding=\"async\" class=\"wp-image-1786 aligncenter\" src=\"https:\/\/semmelweis.hu\/borklinika\/files\/2018\/01\/Civilek-300x238.jpg\" alt=\"\" width=\"187\" height=\"148\" srcset=\"https:\/\/semmelweis.hu\/borklinika\/files\/2018\/01\/Civilek-300x238.jpg 300w, https:\/\/semmelweis.hu\/borklinika\/files\/2018\/01\/Civilek.jpg 320w\" sizes=\"auto, (max-width: 187px) 100vw, 187px\" \/><\/td>\n<\/tr>\n<tr>\n<td>&nbsp;<\/td>\n<td>&nbsp;<\/td>\n<td>&nbsp;<\/td>\n<\/tr>\n<\/tbody>\n<\/table>\n<p>&nbsp;<\/p>\n<p>&nbsp;<\/p>\n<table style=\"width: 100%\">\n<tbody>\n<tr>\n<td style=\"width: 113px\">\u00a0<\/td>\n<td style=\"width: 112px\">\u00a0<\/td>\n<td style=\"width: 112px\">\u00a0<\/td>\n<\/tr>\n<\/tbody>\n<\/table>\n<p>&nbsp;<\/p>\n<p><span class=\"Normal__Char\">\u00a0<\/span>A cikket \u00edrta: <span class=\"Normal__Char\">Dr. Holl\u00f3 P\u00e9ter, projektvezet\u0151<\/span><\/p>\n","protected":false},"excerpt":{"rendered":"<p>2018-ban\u00a0ker\u00fclt megrendez\u00e9sre a Semmelweis Egyetem, \u00c1OK, B\u0151r-, Nemik\u00f3rtani \u00e9s B\u0151ronkol\u00f3giai Klinika 125 \u00e9ves fenn\u00e1ll\u00e1s\u00e1nak \u00fcnnepl\u00e9s\u00e9re szervezett rendezv\u00e9nysorozat. A megnyit\u00f3\u00a0\u00fcnneps\u00e9gre 2018. janu\u00e1r 11-\u00e9n egyetemi nobilit\u00e1sok r\u00e9szv\u00e9tel\u00e9vel ker\u00fclt sor. Az \u00fcnnepi \u00e9v esem\u00e9nyeir\u0151l a m\u00e9dia k\u00e9pvisel\u0151i sajt\u00f3esem\u00e9ny keretei k\u00f6z\u00f6tt kaptak sz\u00e9les k\u00f6rben t\u00e1j\u00e9koztat\u00e1st. \u00c1prilisban a b\u0151rgy\u00f3gy\u00e1sz szakma sz\u00e1m\u00e1ra \u00fcnnepi tov\u00e1bbk\u00e9pz\u0151 konferencia, a most \u00e9letre h\u00edvott B\u0151rakad\u00e9mia ker\u00fclt &hellip;<\/p>\n","protected":false},"author":101274,"featured_media":0,"parent":4405,"menu_order":1,"comment_status":"closed","ping_status":"closed","template":"","meta":{"_acf_changed":false,"footnotes":""},"categories":[],"tags":[],"class_list":["post-2258","page","type-page","status-publish","hentry"],"acf":[],"_links":{"self":[{"href":"https:\/\/semmelweis.hu\/borklinika\/wp-json\/wp\/v2\/pages\/2258","targetHints":{"allow":["GET"]}}],"collection":[{"href":"https:\/\/semmelweis.hu\/borklinika\/wp-json\/wp\/v2\/pages"}],"about":[{"href":"https:\/\/semmelweis.hu\/borklinika\/wp-json\/wp\/v2\/types\/page"}],"author":[{"embeddable":true,"href":"https:\/\/semmelweis.hu\/borklinika\/wp-json\/wp\/v2\/users\/101274"}],"replies":[{"embeddable":true,"href":"https:\/\/semmelweis.hu\/borklinika\/wp-json\/wp\/v2\/comments?post=2258"}],"version-history":[{"count":10,"href":"https:\/\/semmelweis.hu\/borklinika\/wp-json\/wp\/v2\/pages\/2258\/revisions"}],"predecessor-version":[{"id":8171,"href":"https:\/\/semmelweis.hu\/borklinika\/wp-json\/wp\/v2\/pages\/2258\/revisions\/8171"}],"up":[{"embeddable":true,"href":"https:\/\/semmelweis.hu\/borklinika\/wp-json\/wp\/v2\/pages\/4405"}],"wp:attachment":[{"href":"https:\/\/semmelweis.hu\/borklinika\/wp-json\/wp\/v2\/media?parent=2258"}],"wp:term":[{"taxonomy":"category","embeddable":true,"href":"https:\/\/semmelweis.hu\/borklinika\/wp-json\/wp\/v2\/categories?post=2258"},{"taxonomy":"post_tag","embeddable":true,"href":"https:\/\/semmelweis.hu\/borklinika\/wp-json\/wp\/v2\/tags?post=2258"}],"curies":[{"name":"wp","href":"https:\/\/api.w.org\/{rel}","templated":true}]}}