{"id":225,"date":"2014-05-12T17:41:23","date_gmt":"2014-05-12T15:41:23","guid":{"rendered":"http:\/\/semmelweis.hu\/borklinika\/?page_id=225"},"modified":"2026-01-23T12:04:49","modified_gmt":"2026-01-23T11:04:49","slug":"allergologia-szakambulancia","status":"publish","type":"page","link":"https:\/\/semmelweis.hu\/borklinika\/a-betegellatas-fo-profiljai\/jarobeteg-ellatas\/allergologia-szakambulancia\/","title":{"rendered":"Allergol\u00f3gia szakambulancia"},"content":{"rendered":"<div><span style=\"color: #000000\"><strong style=\"font-size: 1rem\">Telefonos id\u0151pontk\u00e9r\u00e9s 2021.12.14-t\u00f3l visszavon\u00e1sig:<\/strong><\/span><\/div>\n<div>\n<div><span style=\"font-size: 1rem;color: #000000\">Kedd, szerda, cs\u00fct\u00f6rt\u00f6k: 11:00-13:00<\/p>\n<p><\/span><\/div>\n<\/div>\n<p><span style=\"color: #000000\"><strong>Szem\u00e9lyes id\u0151pontk\u00e9r\u00e9s 2021.12.14-t\u00f3l visszavon\u00e1sig:<br \/>\n<\/strong>Kedd, szerda, cs\u00fct\u00f6rt\u00f6k: 9:00-11:00<\/span><\/p>\n<hr \/>\n<p style=\"text-align: justify\">Szakrendel\u00e9s\u00fcnk k\u00fcl\u00f6nf\u00e9le b\u0151rbetegek panaszait okoz\u00f3, vagy azokat ront\u00f3 lehets\u00e9ges t\u00fal\u00e9rz\u00e9kenys\u00e9gek (pl. kontakt allergi\u00e1k) felder\u00edt\u00e9s\u00e9t v\u00e9gzi. Els\u0151sorban urticari\u00e1s (csal\u00e1nki\u00fct\u00e9ses), at\u00f3pi\u00e1s dermatitises, illetve k\u00fcl\u00f6nf\u00e9le ekzem\u00e1k t\u00fcneteit mutat\u00f3 betegek kivizsg\u00e1l\u00e1s\u00e1val, kezel\u00e9s\u00e9vel foglalkozik.<\/p>\n<p style=\"text-align: justify\">A panaszok jelleg\u00e9t\u0151l f\u00fcgg\u0151en, b\u0151rgy\u00f3gy\u00e1szati, k\u00fcl\u00f6nf\u00e9le szakorvosi beutal\u00f3val fogadjuk a betegeket, el\u0151zetes bejelentkez\u00e9s id\u0151pontra a szakambulancia mell\u00e9k\u00e9n sz\u00fcks\u00e9ges. <br \/>\nL\u00e9g\u00fati panaszok (sz\u00e9nan\u00e1tha, k\u00f6h\u00f6g\u00e9s, asthm\u00e1s t\u00fcnetek) kivizsg\u00e1l\u00e1s\u00e1val nem foglalkozunk, ezekkel javasoljuk az illet\u00e9kes szakrendel\u00e9sek (f\u00fcl-orr- g\u00e9g\u00e9szet, t\u00fcd\u0151gy\u00f3gy\u00e1szat) felkeres\u00e9s\u00e9t.<\/p>\n<p><b>Allergol\u00f3gia szakambulancia: <\/b>I. emelet 102-103. rendel\u0151<b><\/b><\/p>\n<p>Beutal\u00f3 (b\u0151rgy\u00f3gy\u00e1szati vagy szak-allergol\u00f3giai) \u00e9s id\u0151pont egyeztet\u00e9s sz\u00fcks\u00e9ges.<\/p>\n<p>Id\u0151pont egyeztet\u00e9s: +36-1-459-1500\/55716<\/p>\n<p>Rendel\u0151 orvosok:<\/p>\n<ul>\n<li>Dr. P\u00f3nyai Gy\u00f6rgyi PhD, egyetemi docens (Allergol\u00f3gia szakambulancia vezet\u0151)<\/li>\n<li>Prof. Dr. Temesv\u00e1ri Erzs\u00e9bet egyetemi tan\u00e1r, professor emerita, tan\u00e1csad\u00f3<\/li>\n<li>Dr. Kov\u00e1cs Anik\u00f3\u00a0klinikai szakorvos<\/li>\n<li>Dr. Gergely L\u00e1szl\u00f3 Hunor klinikai szakorvos, PhD<\/li>\n<li>Dr. N\u00e9meth Dominik, b\u0151rgy\u00f3gy\u00e1sz rezidens, PhD<\/li>\n<li>Dr. Piros \u00c9va Anna, b\u0151rgy\u00f3gy\u00e1sz rezidens, PhD<\/li>\n<\/ul>\n","protected":false},"excerpt":{"rendered":"<p>Telefonos id\u0151pontk\u00e9r\u00e9s 2021.12.14-t\u00f3l visszavon\u00e1sig: Kedd, szerda, cs\u00fct\u00f6rt\u00f6k: 11:00-13:00 Szem\u00e9lyes id\u0151pontk\u00e9r\u00e9s 2021.12.14-t\u00f3l visszavon\u00e1sig: Kedd, szerda, cs\u00fct\u00f6rt\u00f6k: 9:00-11:00 Szakrendel\u00e9s\u00fcnk k\u00fcl\u00f6nf\u00e9le b\u0151rbetegek panaszait okoz\u00f3, vagy azokat ront\u00f3 lehets\u00e9ges t\u00fal\u00e9rz\u00e9kenys\u00e9gek (pl. kontakt allergi\u00e1k) felder\u00edt\u00e9s\u00e9t v\u00e9gzi. Els\u0151sorban urticari\u00e1s (csal\u00e1nki\u00fct\u00e9ses), at\u00f3pi\u00e1s dermatitises, illetve k\u00fcl\u00f6nf\u00e9le ekzem\u00e1k t\u00fcneteit mutat\u00f3 betegek kivizsg\u00e1l\u00e1s\u00e1val, kezel\u00e9s\u00e9vel foglalkozik. A panaszok jelleg\u00e9t\u0151l f\u00fcgg\u0151en, b\u0151rgy\u00f3gy\u00e1szati, k\u00fcl\u00f6nf\u00e9le szakorvosi beutal\u00f3val fogadjuk a &hellip;<\/p>\n","protected":false},"author":101242,"featured_media":0,"parent":217,"menu_order":2,"comment_status":"closed","ping_status":"closed","template":"","meta":{"_acf_changed":false,"footnotes":""},"categories":[],"tags":[],"class_list":["post-225","page","type-page","status-publish","hentry"],"acf":[],"_links":{"self":[{"href":"https:\/\/semmelweis.hu\/borklinika\/wp-json\/wp\/v2\/pages\/225","targetHints":{"allow":["GET"]}}],"collection":[{"href":"https:\/\/semmelweis.hu\/borklinika\/wp-json\/wp\/v2\/pages"}],"about":[{"href":"https:\/\/semmelweis.hu\/borklinika\/wp-json\/wp\/v2\/types\/page"}],"author":[{"embeddable":true,"href":"https:\/\/semmelweis.hu\/borklinika\/wp-json\/wp\/v2\/users\/101242"}],"replies":[{"embeddable":true,"href":"https:\/\/semmelweis.hu\/borklinika\/wp-json\/wp\/v2\/comments?post=225"}],"version-history":[{"count":12,"href":"https:\/\/semmelweis.hu\/borklinika\/wp-json\/wp\/v2\/pages\/225\/revisions"}],"predecessor-version":[{"id":13374,"href":"https:\/\/semmelweis.hu\/borklinika\/wp-json\/wp\/v2\/pages\/225\/revisions\/13374"}],"up":[{"embeddable":true,"href":"https:\/\/semmelweis.hu\/borklinika\/wp-json\/wp\/v2\/pages\/217"}],"wp:attachment":[{"href":"https:\/\/semmelweis.hu\/borklinika\/wp-json\/wp\/v2\/media?parent=225"}],"wp:term":[{"taxonomy":"category","embeddable":true,"href":"https:\/\/semmelweis.hu\/borklinika\/wp-json\/wp\/v2\/categories?post=225"},{"taxonomy":"post_tag","embeddable":true,"href":"https:\/\/semmelweis.hu\/borklinika\/wp-json\/wp\/v2\/tags?post=225"}],"curies":[{"name":"wp","href":"https:\/\/api.w.org\/{rel}","templated":true}]}}