{"id":223,"date":"2014-05-12T17:40:25","date_gmt":"2014-05-12T17:40:25","guid":{"rendered":"http:\/\/semmelweis.hu\/borklinika\/?page_id=223"},"modified":"2026-01-23T12:13:38","modified_gmt":"2026-01-23T11:13:38","slug":"altalanos-ambulancia","status":"publish","type":"page","link":"https:\/\/semmelweis.hu\/borklinika\/a-betegellatas-fo-profiljai\/jarobeteg-ellatas\/altalanos-ambulancia\/","title":{"rendered":"\u00c1ltal\u00e1nos ambulancia"},"content":{"rendered":"<div dir=\"ltr\">\n<div dir=\"ltr\"><b style=\"font-size: 1rem\">\u00c1ltal\u00e1nos ambulancia: <\/b><span style=\"font-size: 1rem\">f\u00f6ldszint 1-4. rendel\u0151, alagsor 7, 8, 9, 11 \u00e9s 15 rendel\u0151.<\/span><\/div>\n<\/div>\n<p style=\"text-align: justify\"><strong>Id\u0151pont egyeztet\u00e9s: <\/strong>telefonon a +36-1-235-2180 sz\u00e1mon (a sz\u00e1m csak h\u00e9tk\u00f6znap 12-15 \u00f3ra k\u00f6z\u00f6tt h\u00edvhat\u00f3).<\/p>\n<p style=\"text-align: justify\">A lakoss\u00e1g sz\u00e1m\u00e1ra is el\u00e9rhet\u0151v\u00e9 v\u00e1lt az id\u0151pontfoglal\u00f3 rendszer az EESZT Lakoss\u00e1gi Port\u00e1lon \u00e9s az Eg\u00e9szs\u00e9gAblak alkalmaz\u00e1son kereszt\u00fcl.<br \/>\nB\u0151vebb inform\u00e1ci\u00f3 <a href=\"https:\/\/www.eeszt.gov.hu\/hu\/hasznos-tudnivalok-az-idopontfoglalasrol?fbclid=IwY2xjawKT-91leHRuA2FlbQIxMQBicmlkETBrM3QzV1I1d05uY2hwb3NGAR5tFdUKUPNUWpY24pxgE8dewCC9fpqi-xq-RFIeQXI9QBatmhpRK1l06lxjKw_aem_RczrIj7U4TuGDGwum3FtXg\" target=\"_blank\" rel=\"noopener\"><strong>ide kattintva<\/strong><\/a> \u00e9rhet\u0151 el.<\/p>\n<p style=\"text-align: justify\"><strong><span style=\"color: #ff6600\">Az ell\u00e1t\u00e1shoz vagy id\u0151pont k\u00e9r\u00e9shez szem\u00e9lyes adatain k\u00edv\u00fcl k\u00e9sz\u00edtse el\u0151 TAJ sz\u00e1m\u00e1t \u00e9s lakc\u00edm-k\u00e1rty\u00e1j\u00e1t!<\/span><\/strong><\/p>\n<p style=\"text-align: justify\">S\u00fcrg\u0151ss\u00e9gi ell\u00e1t\u00e1sra \u00e1ltal\u00e1noss\u00e1gban h\u00e9tk\u00f6znap 7-12 \u00f3ra k\u00f6z\u00f6tt v\u00e1rjuk betegeinket. Rendk\u00edv\u00fcli s\u00fcrg\u0151ss\u00e9g fenn\u00e1ll\u00e1sa eset\u00e9n (pl. arcduzzanat) 11-22 \u00f3ra k\u00f6z\u00f6tt \u00e9s h\u00e9tv\u00e9g\u00e9n 8-22 \u00f3ra k\u00f6z\u00f6tt, \u00e9letvesz\u00e9lyes esetekben \u00e9jszaka is fogadunk betegeket, azonban ilyenkor mindenk\u00e9pp c\u00e9lszer\u0171 el\u0151sz\u00f6r valamely s\u00fcrg\u0151ss\u00e9gi \u00fcgyelet vagy a ment\u0151szolg\u00e1lat seg\u00edts\u00e9g\u00e9t ig\u00e9nybe venni az \u00e9letvesz\u00e9ly elh\u00e1r\u00edt\u00e1sa c\u00e9lj\u00e1b\u00f3l. A s\u00fcrg\u0151ss\u00e9g fenn\u00e1ll\u00e1s\u00e1t \u00fcgyeleti id\u0151ben az \u00fcgyeletes orvos b\u00edr\u00e1lja el.<\/p>\n<p style=\"text-align: justify\">A\u00a0j\u00e1r\u00f3beteg-ell\u00e1t\u00e1s\u00a0ig\u00e9nybev\u00e9tel\u00e9hez a klinik\u00e1ra \u00e9rkez\u00e9skor\u00a0<strong>el\u0151zetes betegregisztr\u00e1ci\u00f3<\/strong>\u00a0sz\u00fcks\u00e9ges, amely a bej\u00e1ratn\u00e1l lev\u0151 automat\u00e1b\u00f3l t\u00f6rt\u00e9n\u0151\u00a0<strong>sorsz\u00e1m-h\u00faz\u00e1ssal<\/strong>, majd a regisztr\u00e1ci\u00f3s pultn\u00e1l t\u00f6rt\u00e9n\u0151 bejelentkez\u00e9ssel t\u00f6rt\u00e9nik.<\/p>\n<p><strong>\u00c1ltal\u00e1nos inform\u00e1ci\u00f3: +36-1-459-1500\/55776<\/strong><\/p>\n<p>Rendel\u0151 szakorvosok:<\/p>\n<ul>\n<li>Prof. Dr. S\u00e1rdy Mikl\u00f3s, egyetemi tan\u00e1r<\/li>\n<li>Dr. B\u00e1nv\u00f6lgyi Andr\u00e1s, egyetemi docens (\u00e1ltal\u00e1nos ambulancia vezet\u0151, teledermatologia ambulancia vezet\u0151)<\/li>\n<li>Prof. Dr. K\u00e1rp\u00e1ti Sarolta, egyetemi tan\u00e1r<\/li>\n<li>Dr. Hidv\u00e9gi Bernadett, egyetemi docens<\/li>\n<li>Dr. Medvecz M\u00e1rta, egyetemi docens<\/li>\n<li>Dr. Luk\u00e1cs Andrea, egyetemi tan\u00e1rseg\u00e9d<\/li>\n<li>Dr. Po\u00f3r Adrienn, egyetemi adjunktus<\/li>\n<li>Dr. Gergely Hunor, klinikai szakorvos<\/li>\n<li>Dr. Kov\u00e1cs Anik\u00f3, klinikai szakorvos (\u00e1ltal\u00e1nos ambulancia vezet\u0151 helyettes)<\/li>\n<li>Dr. L\u0151rincz Kende, egyetemi adjunktus<\/li>\n<li>Dr. Kiss Norbert, egyetemi adjunktus<\/li>\n<li>Dr. R\u00f3bert Lili, klinikai szakorvos<\/li>\n<li>Dr. Faluhelyi D\u00f3ra, klinikai szakorvos<\/li>\n<li>Dr. Bojtor Adrienn, klinikai szakorvos<\/li>\n<li>Dr. Botty\u00e1n Krisztina, klinikai szakorvos<\/li>\n<li>Dr. Szul\u00e1gyi-Kov\u00e1cs Adrienn, klinikai szakorvos<\/li>\n<li>Dr. M\u00fcller Eszter, klinikai szakorvos<\/li>\n<li>Dr. Cakir Ugur, egyetemi tan\u00e1rseg\u00e9d<\/li>\n<li>Dr. Anker P\u00e1lma, klinikai szakorvos<\/li>\n<li>Dr. Koszor\u00fa Kamilla, klinikai szakorvos\u00a0<\/li>\n<\/ul>\n","protected":false},"excerpt":{"rendered":"<p>\u00c1ltal\u00e1nos ambulancia: f\u00f6ldszint 1-4. rendel\u0151, alagsor 7, 8, 9, 11 \u00e9s 15 rendel\u0151. Id\u0151pont egyeztet\u00e9s: telefonon a +36-1-235-2180 sz\u00e1mon (a sz\u00e1m csak h\u00e9tk\u00f6znap 12-15 \u00f3ra k\u00f6z\u00f6tt h\u00edvhat\u00f3). A lakoss\u00e1g sz\u00e1m\u00e1ra is el\u00e9rhet\u0151v\u00e9 v\u00e1lt az id\u0151pontfoglal\u00f3 rendszer az EESZT Lakoss\u00e1gi Port\u00e1lon \u00e9s az Eg\u00e9szs\u00e9gAblak alkalmaz\u00e1son kereszt\u00fcl. B\u0151vebb inform\u00e1ci\u00f3 <a href=\"https:\/\/www.eeszt.gov.hu\/hu\/hasznos-tudnivalok-az-idopontfoglalasrol?fbclid=IwY2xjawKT-91leHRuA2FlbQIxMQBicmlkETBrM3QzV1I1d05uY2hwb3NGAR5tFdUKUPNUWpY24pxgE8dewCC9fpqi-xq-RFIeQXI9QBatmhpRK1l06lxjKw_aem_RczrIj7U4TuGDGwum3FtXg\" target=\"_blank\" rel=\"noopener\">ide kattintva<\/a> \u00e9rhet\u0151 el. Az ell\u00e1t\u00e1shoz vagy id\u0151pont k\u00e9r\u00e9shez szem\u00e9lyes &hellip;<\/p>\n","protected":false},"author":101242,"featured_media":0,"parent":217,"menu_order":1,"comment_status":"closed","ping_status":"closed","template":"","meta":{"_acf_changed":false,"footnotes":""},"categories":[],"tags":[],"class_list":["post-223","page","type-page","status-publish","hentry"],"acf":[],"_links":{"self":[{"href":"https:\/\/semmelweis.hu\/borklinika\/wp-json\/wp\/v2\/pages\/223","targetHints":{"allow":["GET"]}}],"collection":[{"href":"https:\/\/semmelweis.hu\/borklinika\/wp-json\/wp\/v2\/pages"}],"about":[{"href":"https:\/\/semmelweis.hu\/borklinika\/wp-json\/wp\/v2\/types\/page"}],"author":[{"embeddable":true,"href":"https:\/\/semmelweis.hu\/borklinika\/wp-json\/wp\/v2\/users\/101242"}],"replies":[{"embeddable":true,"href":"https:\/\/semmelweis.hu\/borklinika\/wp-json\/wp\/v2\/comments?post=223"}],"version-history":[{"count":14,"href":"https:\/\/semmelweis.hu\/borklinika\/wp-json\/wp\/v2\/pages\/223\/revisions"}],"predecessor-version":[{"id":13382,"href":"https:\/\/semmelweis.hu\/borklinika\/wp-json\/wp\/v2\/pages\/223\/revisions\/13382"}],"up":[{"embeddable":true,"href":"https:\/\/semmelweis.hu\/borklinika\/wp-json\/wp\/v2\/pages\/217"}],"wp:attachment":[{"href":"https:\/\/semmelweis.hu\/borklinika\/wp-json\/wp\/v2\/media?parent=223"}],"wp:term":[{"taxonomy":"category","embeddable":true,"href":"https:\/\/semmelweis.hu\/borklinika\/wp-json\/wp\/v2\/categories?post=223"},{"taxonomy":"post_tag","embeddable":true,"href":"https:\/\/semmelweis.hu\/borklinika\/wp-json\/wp\/v2\/tags?post=223"}],"curies":[{"name":"wp","href":"https:\/\/api.w.org\/{rel}","templated":true}]}}