{"id":2179,"date":"2018-03-16T10:49:52","date_gmt":"2018-03-16T09:49:52","guid":{"rendered":"http:\/\/semmelweis.hu\/borklinika\/?page_id=2179"},"modified":"2022-09-02T12:36:25","modified_gmt":"2022-09-02T10:36:25","slug":"vizsga-es-evkozi-szamonkeres-kovetelmenyei","status":"publish","type":"page","link":"https:\/\/semmelweis.hu\/borklinika\/informaci-hallgatoknak\/aok\/vizsga-es-evkozi-szamonkeres-kovetelmenyei\/","title":{"rendered":"Vizsga k\u00f6vetelm\u00e9nyei"},"content":{"rendered":"<p>-Gyakorlati vizsga (betegvizsg\u00e1lat).<\/p>\n<p>-Sikeres gyakorlati vizsg\u00e1t k\u00f6vet\u0151en a Vizsgat\u00e9telek men\u00fcpont alatt felsorolt t\u00e9telek I. \u00e9s II. csoportj\u00e1b\u00f3l \u00a01-1 sz\u00f3beli t\u00e9tel ismertet\u00e9se.<\/p>\n<p>&nbsp;<\/p>\n<p>Friss\u00edtve: 2022.09.02.<\/p>\n","protected":false},"excerpt":{"rendered":"<p>-Gyakorlati vizsga (betegvizsg\u00e1lat).<br \/>\n-Sikeres gyakorlati vizsg\u00e1t k\u00f6vet\u0151en a Vizsgat\u00e9telek men\u00fcpont alatt felsorolt t\u00e9telek I. \u00e9s II. csoportj\u00e1b\u00f3l \u00a01-1 sz\u00f3beli t\u00e9tel ismertet\u00e9se.<br \/>\n&nbsp;<br \/>\nFriss\u00edtve: 2022.09.02.<\/p>\n","protected":false},"author":101274,"featured_media":0,"parent":321,"menu_order":3,"comment_status":"closed","ping_status":"closed","template":"","meta":{"_acf_changed":false,"footnotes":""},"categories":[],"tags":[],"class_list":["post-2179","page","type-page","status-publish","hentry"],"acf":[],"_links":{"self":[{"href":"https:\/\/semmelweis.hu\/borklinika\/wp-json\/wp\/v2\/pages\/2179","targetHints":{"allow":["GET"]}}],"collection":[{"href":"https:\/\/semmelweis.hu\/borklinika\/wp-json\/wp\/v2\/pages"}],"about":[{"href":"https:\/\/semmelweis.hu\/borklinika\/wp-json\/wp\/v2\/types\/page"}],"author":[{"embeddable":true,"href":"https:\/\/semmelweis.hu\/borklinika\/wp-json\/wp\/v2\/users\/101274"}],"replies":[{"embeddable":true,"href":"https:\/\/semmelweis.hu\/borklinika\/wp-json\/wp\/v2\/comments?post=2179"}],"version-history":[{"count":5,"href":"https:\/\/semmelweis.hu\/borklinika\/wp-json\/wp\/v2\/pages\/2179\/revisions"}],"predecessor-version":[{"id":10201,"href":"https:\/\/semmelweis.hu\/borklinika\/wp-json\/wp\/v2\/pages\/2179\/revisions\/10201"}],"up":[{"embeddable":true,"href":"https:\/\/semmelweis.hu\/borklinika\/wp-json\/wp\/v2\/pages\/321"}],"wp:attachment":[{"href":"https:\/\/semmelweis.hu\/borklinika\/wp-json\/wp\/v2\/media?parent=2179"}],"wp:term":[{"taxonomy":"category","embeddable":true,"href":"https:\/\/semmelweis.hu\/borklinika\/wp-json\/wp\/v2\/categories?post=2179"},{"taxonomy":"post_tag","embeddable":true,"href":"https:\/\/semmelweis.hu\/borklinika\/wp-json\/wp\/v2\/tags?post=2179"}],"curies":[{"name":"wp","href":"https:\/\/api.w.org\/{rel}","templated":true}]}}