{"id":2177,"date":"2018-03-16T10:48:48","date_gmt":"2018-03-16T09:48:48","guid":{"rendered":"http:\/\/semmelweis.hu\/borklinika\/?page_id=2177"},"modified":"2024-09-02T10:49:05","modified_gmt":"2024-09-02T08:49:05","slug":"ajanlott-irodalom","status":"publish","type":"page","link":"https:\/\/semmelweis.hu\/borklinika\/informaci-hallgatoknak\/aok\/ajanlott-irodalom\/","title":{"rendered":"Aj\u00e1nlott irodalom"},"content":{"rendered":"<ul>\n<li><strong>Javasolt Tank\u00f6nyv<\/strong>:<\/li>\n<li>K\u00e1rp\u00e1ti \u2013 Gyulai \u2013 Kem\u00e9ny \u2013 Remenyik \u2013 S\u00e1rdy: B\u0151rgy\u00f3gy\u00e1szat \u00e9s venerol\u00f3gia. Medicina, 2020. (2.\u00e1tdolgozott, jav\u00edtott kiad\u00e1s)<\/li>\n<li><strong>Aj\u00e1nlott irodalom, online k\u00e9pkatal\u00f3gusok<\/strong>:\u00a0\n<ul>\n<li>Temesv\u00e1ri Erzs\u00e9bet, K\u00e1rp\u00e1ti Sarolta: Gyakorlati allergol\u00f3gia (Semmelweis Kiad\u00f3 2009)<\/li>\n<li>Marschalk\u00f3 M\u00e1rta &#8211; Holl\u00f3 P\u00e9ter: Szexu\u00e1lis \u00e9rintkez\u00e9ssel terjed\u0151 fert\u0151z\u0151 betegs\u00e9gek, Semmelweis Kiad\u00f3, 2024<\/li>\n<li>V\u00e1rkonyi V. &#8211; Simon Gy.: STD Atlasz<\/li>\n<li>Bolognia&#8217;s Dermatology (el\u00e9rhet\u0151 a kari k\u00f6nyvt\u00e1r honlapj\u00e1n kereszt\u00fcl)<\/li>\n<li><a href=\"http:\/\/www.dermis.net\/dermisroot\/en\/home\/index.htm\">http:\/\/www.dermis.net\/dermisroot\/en\/home\/index.htm<\/a>\u00a0(rengeteg k\u00e9p!)<\/li>\n<li><a href=\"http:\/\/www.cyberderm.net\/\">http:\/\/www.cyberderm.net\/<\/a>\u00a0(rengeteg k\u00e9p!)<\/li>\n<li>E-learning: itc.semmelweis.hu<\/li>\n<\/ul>\n<\/li>\n<\/ul>\n<p>A tantermi el\u0151ad\u00e1sok\u00a0online megtekinthet\u0151ek a K\u00f6zponti K\u00f6nyvt\u00e1r \u201cTud\u00e1sb\u00e1zis\u201d men\u00fcpontja alatt (<a href=\"http:\/\/lib.semmelweis.hu\/nav\/tudasbazis\">http:\/\/lib.semmelweis.hu\/nav\/tudasbazis<\/a>), a B\u0151rgy\u00f3gy\u00e1szat c. tant\u00e1rgy kiv\u00e1laszt\u00e1s\u00e1t k\u00f6vet\u0151en.<\/p>\n","protected":false},"excerpt":{"rendered":"<p>Javasolt Tank\u00f6nyv: K\u00e1rp\u00e1ti \u2013 Gyulai \u2013 Kem\u00e9ny \u2013 Remenyik \u2013 S\u00e1rdy: B\u0151rgy\u00f3gy\u00e1szat \u00e9s venerol\u00f3gia. Medicina, 2020. (2.\u00e1tdolgozott, jav\u00edtott kiad\u00e1s) Aj\u00e1nlott irodalom, online k\u00e9pkatal\u00f3gusok:\u00a0 Temesv\u00e1ri Erzs\u00e9bet, K\u00e1rp\u00e1ti Sarolta: Gyakorlati allergol\u00f3gia (Semmelweis Kiad\u00f3 2009) Marschalk\u00f3 M\u00e1rta &#8211; Holl\u00f3 P\u00e9ter: Szexu\u00e1lis \u00e9rintkez\u00e9ssel terjed\u0151 fert\u0151z\u0151 betegs\u00e9gek, Semmelweis Kiad\u00f3, 2024 V\u00e1rkonyi V. &#8211; Simon Gy.: STD Atlasz Bolognia&#8217;s Dermatology (el\u00e9rhet\u0151 &hellip;<\/p>\n","protected":false},"author":101274,"featured_media":0,"parent":321,"menu_order":5,"comment_status":"closed","ping_status":"closed","template":"","meta":{"_acf_changed":false,"footnotes":""},"categories":[],"tags":[],"class_list":["post-2177","page","type-page","status-publish","hentry"],"acf":[],"_links":{"self":[{"href":"https:\/\/semmelweis.hu\/borklinika\/wp-json\/wp\/v2\/pages\/2177","targetHints":{"allow":["GET"]}}],"collection":[{"href":"https:\/\/semmelweis.hu\/borklinika\/wp-json\/wp\/v2\/pages"}],"about":[{"href":"https:\/\/semmelweis.hu\/borklinika\/wp-json\/wp\/v2\/types\/page"}],"author":[{"embeddable":true,"href":"https:\/\/semmelweis.hu\/borklinika\/wp-json\/wp\/v2\/users\/101274"}],"replies":[{"embeddable":true,"href":"https:\/\/semmelweis.hu\/borklinika\/wp-json\/wp\/v2\/comments?post=2177"}],"version-history":[{"count":6,"href":"https:\/\/semmelweis.hu\/borklinika\/wp-json\/wp\/v2\/pages\/2177\/revisions"}],"predecessor-version":[{"id":12473,"href":"https:\/\/semmelweis.hu\/borklinika\/wp-json\/wp\/v2\/pages\/2177\/revisions\/12473"}],"up":[{"embeddable":true,"href":"https:\/\/semmelweis.hu\/borklinika\/wp-json\/wp\/v2\/pages\/321"}],"wp:attachment":[{"href":"https:\/\/semmelweis.hu\/borklinika\/wp-json\/wp\/v2\/media?parent=2177"}],"wp:term":[{"taxonomy":"category","embeddable":true,"href":"https:\/\/semmelweis.hu\/borklinika\/wp-json\/wp\/v2\/categories?post=2177"},{"taxonomy":"post_tag","embeddable":true,"href":"https:\/\/semmelweis.hu\/borklinika\/wp-json\/wp\/v2\/tags?post=2177"}],"curies":[{"name":"wp","href":"https:\/\/api.w.org\/{rel}","templated":true}]}}