{"id":217,"date":"2014-05-12T17:30:27","date_gmt":"2014-05-12T17:30:27","guid":{"rendered":"http:\/\/semmelweis.hu\/borklinika\/?page_id=217"},"modified":"2025-09-24T13:03:30","modified_gmt":"2025-09-24T11:03:30","slug":"jarobeteg-ellatas","status":"publish","type":"page","link":"https:\/\/semmelweis.hu\/borklinika\/a-betegellatas-fo-profiljai\/jarobeteg-ellatas\/","title":{"rendered":"J\u00e1r\u00f3beteg-ell\u00e1t\u00e1s"},"content":{"rendered":"<div dir=\"ltr\">\n<p>&nbsp;<\/p>\n<p><span style=\"font-size: 18pt\"><strong><a href=\"https:\/\/semmelweis.hu\/borklinika\/a-betegellatas-fo-profiljai\/jarobeteg-ellatas\/altalanos-ambulancia\/\">\u00c1ltal\u00e1nos ambulanci\u00e1nkr\u00f3l sz\u00f3l\u00f3 inform\u00e1ci\u00f3k \u2192<\/a><\/strong><\/span><\/p>\n<\/div>\n<p>S\u00fcrg\u0151ss\u00e9gi ell\u00e1t\u00e1sra \u00e1ltal\u00e1noss\u00e1gban h\u00e9tk\u00f6znap 7-12 \u00f3ra k\u00f6z\u00f6tt v\u00e1rjuk betegeinket. Rendk\u00edv\u00fcli s\u00fcrg\u0151ss\u00e9g fenn\u00e1ll\u00e1sa eset\u00e9n (pl. arcduzzanat) 11-22 \u00f3ra k\u00f6z\u00f6tt \u00e9s h\u00e9tv\u00e9g\u00e9n 8-22 \u00f3ra k\u00f6z\u00f6tt, \u00e9letvesz\u00e9lyes esetekben \u00e9jszaka is fogadunk betegeket, azonban ilyenkor mindenk\u00e9pp c\u00e9lszer\u0171 el\u0151sz\u00f6r valamely s\u00fcrg\u0151ss\u00e9gi \u00fcgyelet vagy a ment\u0151szolg\u00e1lat seg\u00edts\u00e9g\u00e9t ig\u00e9nybe venni az \u00e9letvesz\u00e9ly elh\u00e1r\u00edt\u00e1sa c\u00e9lj\u00e1b\u00f3l. A s\u00fcrg\u0151ss\u00e9g fenn\u00e1ll\u00e1s\u00e1t \u00fcgyeleti id\u0151ben az \u00fcgyeletes orvos b\u00edr\u00e1lja el.<\/p>\n<p><strong><span style=\"font-size: 18pt\">Szakambulanci\u00e1ink\u00a0 <\/span><span style=\"font-size: 18pt\">&#8211; <\/span><em>el\u0151zetes id\u0151pont egyeztet\u00e9s sz\u00fcks\u00e9ges\u00a0<\/em><\/strong><\/p>\n<ul class=\"children\">\n<li class=\"page_item page-item-8151\"><a href=\"https:\/\/semmelweis.hu\/borklinika\/a-betegellatas-fo-profiljai\/jarobeteg-ellatas\/allergologia-szakambulancia\/\">Allergol\u00f3gia szakambulancia<\/a><\/li>\n<li class=\"page_item page-item-227\"><a href=\"https:\/\/semmelweis.hu\/borklinika\/a-betegellatas-fo-profiljai\/jarobeteg-ellatas\/atopia-szakrendeles\/\">At\u00f3pia szakrendel\u00e9s<\/a><\/li>\n<li><a href=\"https:\/\/semmelweis.hu\/borklinika\/a-betegellatas-fo-profiljai\/jarobeteg-ellatas\/autoimmun-borbetegsegek-szakrendeles\/\">Autoimmun b\u0151rbetegs\u00e9gek szakrendel\u00e9s<\/a><\/li>\n<li><a href=\"https:\/\/semmelweis.hu\/borklinika\/a-betegellatas-fo-profiljai\/jarobeteg-ellatas\/borgyogyaszati-genetikai-szakrendeles\/\">B\u0151rgy\u00f3gy\u00e1szati genetikai szakrendel\u00e9s<\/a><\/li>\n<li><a href=\"https:\/\/semmelweis.hu\/borklinika\/a-betegellatas-fo-profiljai\/jarobeteg-ellatas\/cutan-lymphoma-szakrendeles\/\">B\u0151r lymphoma szakrendel\u00e9s<\/a><\/li>\n<li><a href=\"https:\/\/semmelweis.hu\/borklinika\/a-betegellatas-fo-profiljai\/jarobeteg-ellatas\/fekely-szakambulancia\/\">Fek\u00e9ly Szakambulancia<\/a><\/li>\n<li><a href=\"https:\/\/semmelweis.hu\/borklinika\/a-betegellatas-fo-profiljai\/jarobeteg-ellatas\/fenyterapia\/\">F\u00e9nyter\u00e1pia<\/a><\/li>\n<li><a href=\"https:\/\/semmelweis.hu\/borklinika\/a-betegellatas-fo-profiljai\/jarobeteg-ellatas\/gomba-vizsgalat-mintavetel\/\">Gomba vizsg\u00e1lat (mintav\u00e9tel)<\/a><\/li>\n<li><a href=\"https:\/\/semmelweis.hu\/borklinika\/a-betegellatas-fo-profiljai\/jarobeteg-ellatas\/gyermekborgyogyaszat-szakrendeles\/\">Gyermekb\u0151rgy\u00f3gy\u00e1szat szakrendel\u00e9s<\/a><\/li>\n<li><a href=\"https:\/\/semmelweis.hu\/borklinika\/a-betegellatas-fo-profiljai\/jarobeteg-ellatas\/holyagos-borbetegsegek-szakrendeles\/\">H\u00f3lyagos b\u0151rbetegs\u00e9gek szakrendel\u00e9s<\/a><\/li>\n<li><a href=\"https:\/\/semmelweis.hu\/borklinika\/a-betegellatas-fo-profiljai\/jarobeteg-ellatas\/kozmetologia-szakrendeles\/\">Kozmetol\u00f3gia szakrendel\u00e9s<\/a><\/li>\n<li><a href=\"https:\/\/semmelweis.hu\/borklinika\/a-betegellatas-fo-profiljai\/jarobeteg-ellatas\/muto\/\">M\u0171t\u0151 \u2013 Seb\u00e9szeti ambulancia<\/a><\/li>\n<li><a href=\"https:\/\/semmelweis.hu\/borklinika\/a-betegellatas-fo-profiljai\/jarobeteg-ellatas\/orszagos-std-centrum\/\">Orsz\u00e1gos STD Centrum<\/a><\/li>\n<li><a href=\"https:\/\/semmelweis.hu\/borklinika\/a-betegellatas-fo-profiljai\/jarobeteg-ellatas\/onkodermatologia-szakrendeles\/\">Onkodermatol\u00f3gia szakrendel\u00e9s<\/a><\/li>\n<li><a href=\"https:\/\/semmelweis.hu\/borklinika\/a-betegellatas-fo-profiljai\/jarobeteg-ellatas\/psoriasis-biologiai-terapias-centrum\/\">Psoriasis szakrendel\u00e9s, Biol\u00f3giai Ter\u00e1pi\u00e1s Centrum<\/a><\/li>\n<li><a href=\"https:\/\/semmelweis.hu\/borklinika\/a-betegellatas-fo-profiljai\/jarobeteg-ellatas\/rontgen-terapia\/\">R\u00f6ntgen ter\u00e1pia<\/a><\/li>\n<li><a href=\"https:\/\/semmelweis.hu\/borklinika\/a-betegellatas-fo-profiljai\/jarobeteg-ellatas\/ultrahang\/\">Ultrahang<\/a><\/li>\n<\/ul>\n<p><a href=\"https:\/\/semmelweis.hu\/borklinika\/a-betegellatas-fo-profiljai\/jarobeteg-ellatas\/betegtajekoztato-hazirend\/\">Betegt\u00e1j\u00e9koztat\u00f3 \u2013 H\u00e1zirend \u2192<\/a><\/p>\n","protected":false},"excerpt":{"rendered":"<p>&nbsp; <a href=\"https:\/\/semmelweis.hu\/borklinika\/a-betegellatas-fo-profiljai\/jarobeteg-ellatas\/altalanos-ambulancia\/\">\u00c1ltal\u00e1nos ambulanci\u00e1nkr\u00f3l sz\u00f3l\u00f3 inform\u00e1ci\u00f3k \u2192<\/a> S\u00fcrg\u0151ss\u00e9gi ell\u00e1t\u00e1sra \u00e1ltal\u00e1noss\u00e1gban h\u00e9tk\u00f6znap 7-12 \u00f3ra k\u00f6z\u00f6tt v\u00e1rjuk betegeinket. Rendk\u00edv\u00fcli s\u00fcrg\u0151ss\u00e9g fenn\u00e1ll\u00e1sa eset\u00e9n (pl. arcduzzanat) 11-22 \u00f3ra k\u00f6z\u00f6tt \u00e9s h\u00e9tv\u00e9g\u00e9n 8-22 \u00f3ra k\u00f6z\u00f6tt, \u00e9letvesz\u00e9lyes esetekben \u00e9jszaka is fogadunk betegeket, azonban ilyenkor mindenk\u00e9pp c\u00e9lszer\u0171 el\u0151sz\u00f6r valamely s\u00fcrg\u0151ss\u00e9gi \u00fcgyelet vagy a ment\u0151szolg\u00e1lat seg\u00edts\u00e9g\u00e9t ig\u00e9nybe venni az \u00e9letvesz\u00e9ly elh\u00e1r\u00edt\u00e1sa c\u00e9lj\u00e1b\u00f3l. A s\u00fcrg\u0151ss\u00e9g fenn\u00e1ll\u00e1s\u00e1t \u00fcgyeleti id\u0151ben az \u00fcgyeletes &hellip;<\/p>\n","protected":false},"author":101242,"featured_media":0,"parent":9,"menu_order":3,"comment_status":"closed","ping_status":"closed","template":"","meta":{"_acf_changed":false,"footnotes":""},"categories":[],"tags":[],"class_list":["post-217","page","type-page","status-publish","hentry"],"acf":[],"_links":{"self":[{"href":"https:\/\/semmelweis.hu\/borklinika\/wp-json\/wp\/v2\/pages\/217","targetHints":{"allow":["GET"]}}],"collection":[{"href":"https:\/\/semmelweis.hu\/borklinika\/wp-json\/wp\/v2\/pages"}],"about":[{"href":"https:\/\/semmelweis.hu\/borklinika\/wp-json\/wp\/v2\/types\/page"}],"author":[{"embeddable":true,"href":"https:\/\/semmelweis.hu\/borklinika\/wp-json\/wp\/v2\/users\/101242"}],"replies":[{"embeddable":true,"href":"https:\/\/semmelweis.hu\/borklinika\/wp-json\/wp\/v2\/comments?post=217"}],"version-history":[{"count":16,"href":"https:\/\/semmelweis.hu\/borklinika\/wp-json\/wp\/v2\/pages\/217\/revisions"}],"predecessor-version":[{"id":13188,"href":"https:\/\/semmelweis.hu\/borklinika\/wp-json\/wp\/v2\/pages\/217\/revisions\/13188"}],"up":[{"embeddable":true,"href":"https:\/\/semmelweis.hu\/borklinika\/wp-json\/wp\/v2\/pages\/9"}],"wp:attachment":[{"href":"https:\/\/semmelweis.hu\/borklinika\/wp-json\/wp\/v2\/media?parent=217"}],"wp:term":[{"taxonomy":"category","embeddable":true,"href":"https:\/\/semmelweis.hu\/borklinika\/wp-json\/wp\/v2\/categories?post=217"},{"taxonomy":"post_tag","embeddable":true,"href":"https:\/\/semmelweis.hu\/borklinika\/wp-json\/wp\/v2\/tags?post=217"}],"curies":[{"name":"wp","href":"https:\/\/api.w.org\/{rel}","templated":true}]}}