{"id":215,"date":"2014-05-12T17:29:18","date_gmt":"2014-05-12T17:29:18","guid":{"rendered":"http:\/\/semmelweis.hu\/borklinika\/?page_id=215"},"modified":"2026-02-13T10:27:44","modified_gmt":"2026-02-13T09:27:44","slug":"orszagos-std-centrum","status":"publish","type":"page","link":"https:\/\/semmelweis.hu\/borklinika\/a-betegellatas-fo-profiljai\/jarobeteg-ellatas\/orszagos-std-centrum\/","title":{"rendered":"Orsz\u00e1gos STD Centrum"},"content":{"rendered":"<p><span style=\"font-size: 14pt\"><strong>Mivel foglalkozunk?<\/strong><\/span><\/p>\n<ul>\n<li style=\"text-align: justify\"><span style=\"font-size: 14pt\">szexu\u00e1lis \u00faton terjed\u0151 fert\u0151z\u00e9sek (pl. szifilisz, gonorrhoea, Chlamydia, HPV, stb.) diagnosztiz\u00e1l\u00e1sa, kezel\u00e9se, a betegek ut\u00e1nk\u00f6vet\u00e9se\u00a0<\/span><\/li>\n<li style=\"text-align: justify\"><span style=\"font-size: 14pt\">t\u00fcnetmentes p\u00e1ciensek sz\u0171r\u0151vizsg\u00e1lata<\/span><\/li>\n<li><span style=\"font-size: 14pt\">intim testt\u00e1jon lev\u0151 b\u0151rbetegs\u00e9gek vizsg\u00e1lata \u00e9s kezel\u00e9se (pl. condyloma acuminatum, lichen sclerosus, makkgyullad\u00e1s, herpes, stb.)<\/span><\/li>\n<\/ul>\n<p><span style=\"font-size: 14pt\"><strong>Rendel\u0151 helye<\/strong>: magasf\u00f6ldszint &#8211; a betegregisztr\u00e1ci\u00f3 ugyanitt t\u00f6rt\u00e9nik, a f\u00f6ldszinti betegregisztr\u00e1ci\u00f3s pultn\u00e1l NEM kell jelentkezni<\/span><\/p>\n<p><span style=\"font-size: 14pt\"><strong>Rendel\u00e9si id\u0151:<\/strong> H-Cs: 8:00-12:00 \u00e9s 13:00-15:00, P: 8:00-12:00<\/span><br \/>\n<span style=\"font-size: 14pt\"><strong>Betegregisztr\u00e1ci\u00f3:<\/strong> H-Cs: 8:00-11:30 \u00e9s 13:00-14:30, P: 8:00-11:30<\/span><\/p>\n<p><span style=\"font-size: 14pt\"><strong>HIV, syphilis, hepatitis B \u00e9s -C sz\u0171r\u00e9shez v\u00e9rv\u00e9tel:<\/strong> H-P: 8:00-09:00 &#8211; el\u0151zetes id\u0151pont-egyeztet\u00e9s <strong>NEM<\/strong> sz\u00fcks\u00e9ges. Amennyiben \u00d6n HIV-vel \u00e9l, illetve \u00e1tesett syphilis vagy hepatitis fert\u0151z\u00e9sen, ezt v\u00e9rv\u00e9telkor jelezze az asszisztensnek!<\/p>\n<p>A <strong>HIV<\/strong> sz\u0171r\u00e9s ingyenes, de lehet\u0151s\u00e9g van:<\/span><\/p>\n<ul>\n<li><span style=\"font-size: 14pt\">neves\u00edtett, hivatalos leletet k\u00e9rni (\u00e1ltal\u00e1ban hivatalos iratokhoz, k\u00e9relmekhez, v\u00edzumhoz) t\u00e9r\u00edt\u00e9si d\u00edj ellen\u00e9ben.<br \/>\nIlyen ig\u00e9nyt a v\u00e9rv\u00e9telkor az asszisztensnek jelezze!<\/span><\/li>\n<\/ul>\n<p><span style=\"font-size: 14pt\">A <strong>syphilis<\/strong> sz\u0171r\u00e9s nem anonim, magyar TAJ-sz\u00e1mmal ingyenes, TAJ-sz\u00e1m hi\u00e1ny\u00e1ban azonban t\u00e9r\u00edt\u00e9sk\u00f6teles.<\/span><\/p>\n<p><span style=\"font-size: 14pt\">Lehet\u0151s\u00e9g van<strong> hepatitis B \u00e9s hepatitis C sz\u0171r\u00e9s\u00e9re<\/strong>, t\u00e9r\u00edt\u00e9si d\u00edj ellen\u00e9ben. Hepatitis B-ellenanyag-sz\u0171r\u00e9st nem v\u00e9gz\u00fcnk.<\/span><\/p>\n<p><span style=\"font-size: 14pt\"><strong>V\u00e9rv\u00e9teli leletek kiad\u00e1sa:<\/strong> H-Cs: 14:00-14:30, \u00e9rkez\u00e9si sorrendben, a 7-es ajt\u00f3n\u00e1l. P\u00e9nteken v\u00e9rv\u00e9teli lelet kiad\u00e1s nincs! <strong><span style=\"color: #ff0000\">Felh\u00edvjuk figyelm\u00e9t, hogy elk\u00e9sz\u00fclt leletei az<\/span> <a href=\"https:\/\/www.eeszt.gov.hu\/hu\/bejelentkezes\" target=\"_blank\" rel=\"noopener noreferrer\">EESZT port\u00e1lra<\/a> <span style=\"color: #ff0000\">is felt\u00f6lt\u00e9sre ker\u00fclnek, ahov\u00e1 \u00dcgyf\u00e9lkapu-regisztr\u00e1ci\u00f3val be tud l\u00e9pni, \u00e9s \u00edgy lelet\u00e9hez otthon is hozz\u00e1f\u00e9r!<\/span><\/strong><strong><br \/>\n<\/strong><\/span><\/p>\n<ul>\n<li style=\"text-align: left\"><span style=\"font-size: 14pt\">Az STD-rendel\u00e9s ig\u00e9nybev\u00e9tel\u00e9hez (a v\u00e9rv\u00e9telt kiv\u00e9ve) id\u0151pont-egyeztet\u00e9s sz\u00fcks\u00e9ges a k\u00f6vetkez\u0151 telefonsz\u00e1mon:<span style=\"color: #000000\"> <strong>+36-1-459-1447<\/strong> &#8211; <\/span><strong><span style=\"color: #000000\">h\u00e9tf\u0151t\u0151l p\u00e9ntekig 7:00-8:00 \u00e9s h\u00e9tf\u0151-cs\u00fct\u00f6rt\u00f6k 12:00-14:30 k\u00f6z\u00f6tt h\u00edvhat\u00f3, az el\u0151jegyz\u00e9shez TAJ-sz\u00e1m\u00e1t \u00e9s lakc\u00edmk\u00e1rty\u00e1j\u00e1t k\u00e9sz\u00edtse el\u0151! Sajnos a telefonsz\u00e1m a megn\u00f6vekedett ig\u00e9nyek miatt sokszor nehezen el\u00e9rhet\u0151. K\u00e9rj\u00fck t\u00e1mogat\u00f3 meg\u00e9rt\u00e9s\u00fcket \u00e9s t\u00fcrelm\u00fcket.<\/span><br \/>\n<\/strong><\/span><\/li>\n<li style=\"text-align: left\"><span style=\"font-size: 14pt\">Felh\u00edvjuk p\u00e1cienseink figyelm\u00e9t, hogy <span style=\"text-decoration: underline\">egyes vizsg\u00e1latok d\u00edjk\u00f6telesek!<\/span>\u00a0A befizet\u00e9st igazol\u00f3 bizonylat a regisztr\u00e1ci\u00f3s pultn\u00e1l bemutatand\u00f3 a vizsg\u00e1latot k\u00f6vet\u0151en. Fizetni a vizsg\u00e1latt\u00f3l f\u00fcgg\u0151en a post\u00e1n, postai csekken, illetve h\u00e1zon bel\u00fcl, a 2. emeleti gazdas\u00e1gi irod\u00e1ban lehet, k\u00e9szp\u00e9nzzel vagy bankk\u00e1rty\u00e1val.<\/span><\/li>\n<li style=\"text-align: left\"><span style=\"font-size: 14pt\">Megk\u00e9rj\u00fck f\u00e9rfibetegeinket, hogy a vizsg\u00e1lat el\u0151tt legal\u00e1bb m\u00e1sf\u00e9l \u00f3r\u00e1val ne vizeljenek!<\/span><\/li>\n<li style=\"text-align: left\"><span style=\"font-size: 14pt\">HIV, szifilisz, \u00e9s egy\u00e9b STD-k sz\u0171r\u00e9s\u00e9hez <strong>v\u00e9rv\u00e9telre\u00a0<span style=\"text-decoration: underline;color: #000000\">NEM <\/span>kell \u00e9hgyomorra jelentkezni<\/strong>, el\u0151tte \u00e9tel-ital fogyaszthat\u00f3.<\/span><\/li>\n<li><span style=\"font-size: 14pt\">Meg\u00e9rt\u00e9s\u00fcket k\u00e9rj\u00fck, de <strong>vizsg\u00e1lati eredm\u00e9nyt telefonon<\/strong>, vagy a szem\u00e9lyazonoss\u00e1g megfelel\u0151 igazol\u00e1sa (pl. f\u00e9nyk\u00e9pes igazolv\u00e1ny) n\u00e9lk\u00fcl <strong>nem k\u00f6zl\u00fcnk vagy adunk ki!\u00a0<\/strong>Leletet szem\u00e9lyesen b\u00e1rki \u00e1tvehet, aki a p\u00e1cienst\u0151l erre \u00edr\u00e1sos meghatalmaz\u00e1ssal rendelkezik (k\u00e9zzel \u00edrott meghatalmaz\u00e1shoz nem kell tan\u00fa, g\u00e9ppel \u00edrt meghatalmaz\u00e1shoz k\u00e9t tan\u00fa adatai \u00e9s al\u00e1\u00edr\u00e1sai is sz\u00fcks\u00e9gesek) &#8211; a meghatalmaz\u00e1s a regisztr\u00e1ci\u00f3s pultn\u00e1l leadand\u00f3, elektronikus form\u00e1ban nem fogadjuk el.<\/span><\/li>\n<\/ul>\n<p><span style=\"font-size: 14pt\"><strong>Rendel\u0151 orvosok, asszisztensek<\/strong>:<\/span><\/p>\n<ul>\n<li><span style=\"font-size: 14pt\">Dr. Po\u00f3r Adrienn PhD, egyetemi adjunktus, STD Ambulancia Vezet\u0151<\/span><\/li>\n<li><span style=\"font-size: 14pt\">Dr. T\u00f3th B\u00e9la, egyetemi adjunktus, Orsz\u00e1gos STD Centrum vezet\u0151<\/span><\/li>\n<li><span style=\"font-size: 14pt\">Dr. Mohos Anita, egyetemi adjunktus\u00a0<\/span><\/li>\n<li><span style=\"font-size: 14pt\">Dr. Luk\u00e1cs Andrea, klinikai szakorvos<\/span><\/li>\n<li><span style=\"font-size: 14pt\">Dr. Kov\u00e1cs Anik\u00f3, klinikai szakorvos<\/span><\/li>\n<li><span style=\"font-size: 14pt\">Dr. Mihalik No\u00e9mi, klinikai szakorvos<\/span><\/li>\n<li><span style=\"font-size: 14pt\">Dr. Faluhelyi D\u00f3ra, klinikai szakorvos<\/span><\/li>\n<li><span style=\"font-size: 14pt\">Dr. R\u00f3bert Lili, klinikai szakorvos<\/span><\/li>\n<li><span style=\"font-size: 14pt\">Dr. M\u00fcller Eszter, klinikai szakorvos<\/span><\/li>\n<li><span style=\"font-size: 14pt\">Dr. Cakir Ugur, egyetemi tan\u00e1rseg\u00e9d<\/span><\/li>\n<li><span style=\"font-size: 14pt\">Bels\u0151n\u00e9\u00a0Ocsovai Ildik\u00f3, gondoz\u00f3n\u0151, vezet\u0151 asszisztens<\/span><\/li>\n<li><span style=\"font-size: 14pt\">Bakonyi \u00c9va, gondoz\u00f3n\u0151<\/span><\/li>\n<li><span style=\"font-size: 14pt\">Falucskain\u00e9 Juh\u00e1sz Kata, gondoz\u00f3n\u0151 (tart\u00f3san t\u00e1vol)<\/span><\/li>\n<li><span style=\"font-size: 14pt\">L\u00e1ngn\u00e9 De\u00e1k Katalin, asszisztens<\/span><\/li>\n<li><span style=\"font-size: 14pt\">Ol\u00e1h T\u00fcnde, asszisztens<\/span><\/li>\n<li><span style=\"font-size: 14pt\">Szab\u00f3n\u00e9 T\u00f3th Krisztina, asszisztens<\/span><\/li>\n<li><span style=\"font-size: 14pt\">V\u00edgh-Spis\u00e1k Anett, asszisztens<\/span><\/li>\n<\/ul>\n<p><strong>Hasznos inform\u00e1ci\u00f3k:\u00a0<\/strong><br \/>\n<a href=\"https:\/\/skindex.hu\/std\/\">https:\/\/skindex.hu\/std\/\u00a0<\/a><\/p>\n","protected":false},"excerpt":{"rendered":"<p>Mivel foglalkozunk? szexu\u00e1lis \u00faton terjed\u0151 fert\u0151z\u00e9sek (pl. szifilisz, gonorrhoea, Chlamydia, HPV, stb.) diagnosztiz\u00e1l\u00e1sa, kezel\u00e9se, a betegek ut\u00e1nk\u00f6vet\u00e9se\u00a0 t\u00fcnetmentes p\u00e1ciensek sz\u0171r\u0151vizsg\u00e1lata intim testt\u00e1jon lev\u0151 b\u0151rbetegs\u00e9gek vizsg\u00e1lata \u00e9s kezel\u00e9se (pl. condyloma acuminatum, lichen sclerosus, makkgyullad\u00e1s, herpes, stb.) Rendel\u0151 helye: magasf\u00f6ldszint &#8211; a betegregisztr\u00e1ci\u00f3 ugyanitt t\u00f6rt\u00e9nik, a f\u00f6ldszinti betegregisztr\u00e1ci\u00f3s pultn\u00e1l NEM kell jelentkezni Rendel\u00e9si id\u0151: H-Cs: 8:00-12:00 \u00e9s &hellip;<\/p>\n","protected":false},"author":101242,"featured_media":0,"parent":217,"menu_order":15,"comment_status":"closed","ping_status":"closed","template":"","meta":{"_acf_changed":false,"footnotes":""},"categories":[],"tags":[],"class_list":["post-215","page","type-page","status-publish","hentry"],"acf":[],"_links":{"self":[{"href":"https:\/\/semmelweis.hu\/borklinika\/wp-json\/wp\/v2\/pages\/215","targetHints":{"allow":["GET"]}}],"collection":[{"href":"https:\/\/semmelweis.hu\/borklinika\/wp-json\/wp\/v2\/pages"}],"about":[{"href":"https:\/\/semmelweis.hu\/borklinika\/wp-json\/wp\/v2\/types\/page"}],"author":[{"embeddable":true,"href":"https:\/\/semmelweis.hu\/borklinika\/wp-json\/wp\/v2\/users\/101242"}],"replies":[{"embeddable":true,"href":"https:\/\/semmelweis.hu\/borklinika\/wp-json\/wp\/v2\/comments?post=215"}],"version-history":[{"count":12,"href":"https:\/\/semmelweis.hu\/borklinika\/wp-json\/wp\/v2\/pages\/215\/revisions"}],"predecessor-version":[{"id":13419,"href":"https:\/\/semmelweis.hu\/borklinika\/wp-json\/wp\/v2\/pages\/215\/revisions\/13419"}],"up":[{"embeddable":true,"href":"https:\/\/semmelweis.hu\/borklinika\/wp-json\/wp\/v2\/pages\/217"}],"wp:attachment":[{"href":"https:\/\/semmelweis.hu\/borklinika\/wp-json\/wp\/v2\/media?parent=215"}],"wp:term":[{"taxonomy":"category","embeddable":true,"href":"https:\/\/semmelweis.hu\/borklinika\/wp-json\/wp\/v2\/categories?post=215"},{"taxonomy":"post_tag","embeddable":true,"href":"https:\/\/semmelweis.hu\/borklinika\/wp-json\/wp\/v2\/tags?post=215"}],"curies":[{"name":"wp","href":"https:\/\/api.w.org\/{rel}","templated":true}]}}