{"id":2102,"date":"2018-03-09T13:05:19","date_gmt":"2018-03-09T12:05:19","guid":{"rendered":"http:\/\/semmelweis.hu\/borklinika\/?page_id=2102"},"modified":"2021-01-15T12:34:57","modified_gmt":"2021-01-15T11:34:57","slug":"allergologia","status":"publish","type":"page","link":"https:\/\/semmelweis.hu\/borklinika\/magunkrol\/a-klinika-tortenete\/125-eves-a-borklinika\/allergologia\/","title":{"rendered":"Allergia napja &#8211; el\u0151ad\u00e1s"},"content":{"rendered":"<p style=\"text-align: justify\">2018. november 9-\u00e9n, a 125 \u00e9ves \u00fcnneps\u00e9gsorozat tematikus el\u0151ad\u00e1sainak utols\u00f3 \u00e1llom\u00e1sak\u00e9nt rendezt\u00fck meg az Allergia napj\u00e1t, melyre nagy sz\u00e1mban \u00e9rkeztek a t\u00e9ma ir\u00e1nt \u00e9rdekl\u0151d\u0151 vend\u00e9gek.<\/p>\n<p><span style=\"font-size: 12pt\"><strong><em><span style=\"color: #333399\"><a href=\"https:\/\/photos.app.goo.gl\/ySjkcY9DNUXSA3dN9\" target=\"_blank\" rel=\"noopener noreferrer\">A rendezv\u00e9nyen k\u00e9sz\u00fclt fot\u00f3k el\u00e9rhet\u0151k itt<\/a><\/span><\/em><\/strong><\/span><\/p>\n<figure id=\"attachment_2355\" aria-describedby=\"caption-attachment-2355\" style=\"width: 200px\" class=\"wp-caption alignleft\"><img loading=\"lazy\" decoding=\"async\" class=\"wp-image-2355\" src=\"https:\/\/semmelweis.hu\/borklinika\/files\/2018\/03\/essential-oils-1851027_640-300x200.jpg\" alt=\"https:\/\/pixabay.com\/hu\/\" width=\"200\" height=\"133\" srcset=\"https:\/\/semmelweis.hu\/borklinika\/files\/2018\/03\/essential-oils-1851027_640-300x200.jpg 300w, https:\/\/semmelweis.hu\/borklinika\/files\/2018\/03\/essential-oils-1851027_640-451x300.jpg 451w, https:\/\/semmelweis.hu\/borklinika\/files\/2018\/03\/essential-oils-1851027_640.jpg 640w\" sizes=\"auto, (max-width: 200px) 100vw, 200px\" \/><figcaption id=\"caption-attachment-2355\" class=\"wp-caption-text\"><span style=\"font-size: 7pt\">Forr\u00e1s: https:\/\/pixabay.com\/hu\/<\/span><\/figcaption><\/figure>\n<p style=\"text-align: justify\">Az allergi\u00e1s betegs\u00e9gek sz\u00e1ma vil\u00e1gszerte n\u00f6vekszik. Nem kiv\u00e9tel ez al\u00f3l a k\u00fcl\u00f6nf\u00e9le anyagok hat\u00e1s\u00e1ra a b\u0151r\u00f6n kialakul\u00f3 ekc\u00e9ma sem: leggyakrabban a f\u00e9mek \u00e9s illatanyagok v\u00e1ltanak ki b\u0151rgyullad\u00e1st, t\u00fal\u00e9rz\u00e9kenys\u00e9gi reakci\u00f3kat.\u00a0<\/p>\n<figure id=\"attachment_2357\" aria-describedby=\"caption-attachment-2357\" style=\"width: 181px\" class=\"wp-caption alignright\"><img loading=\"lazy\" decoding=\"async\" class=\"wp-image-2357\" src=\"https:\/\/semmelweis.hu\/borklinika\/files\/2018\/03\/pancake-3099315_640-300x200.jpg\" alt=\"\" width=\"181\" height=\"121\" srcset=\"https:\/\/semmelweis.hu\/borklinika\/files\/2018\/03\/pancake-3099315_640-300x200.jpg 300w, https:\/\/semmelweis.hu\/borklinika\/files\/2018\/03\/pancake-3099315_640-451x300.jpg 451w, https:\/\/semmelweis.hu\/borklinika\/files\/2018\/03\/pancake-3099315_640.jpg 640w\" sizes=\"auto, (max-width: 181px) 100vw, 181px\" \/><figcaption id=\"caption-attachment-2357\" class=\"wp-caption-text\"><span style=\"font-size: 7pt\">Forr\u00e1s: https:\/\/pixabay.com\/hu\/<\/span><\/figcaption><\/figure>\n<p style=\"text-align: justify\">A jubileumi eml\u00e9k\u00e9v keret\u00e9ben 2018. november 9-\u00e9n megrendez\u00e9sre ker\u00fclt tematikus rendezv\u00e9ny\u00fcnk sor\u00e1n sz\u00f3 esett\u00a0<strong>az allergi\u00e1s \u00e9s az egy\u00e9b t\u00edpus\u00fa ekc\u00e9m\u00e1k<\/strong> elk\u00fcl\u00f6n\u00edt\u00e9s\u00e9re \u00e9s az esetleges kiv\u00e1lt\u00f3 anyag azonos\u00edt\u00e1s\u00e1ra alkalmas, \u00fan. \u201eh\u00e1tra-ragaszt\u00e1sos\u201d allergia tesztr\u0151l, elv\u00e9gz\u00e9s\u00e9nek m\u00f3dj\u00e1r\u00f3l. K\u00fcl\u00f6n kit\u00e9rt\u00fcnk egyes b\u0151r-allerg\u00e9nek (pl. fest\u00e9kanyagok, illatok) \u00e1ltal okozott panaszokra, t\u00fcnetekre, de emellett koll\u00e9g\u00e1ink sz\u00f3ltak a feln\u0151ttkorban (a k\u00f6zv\u00e9leked\u00e9ssel szemben) val\u00f3j\u00e1ban ritka \u00e9telallergi\u00e1r\u00f3l, az alkati ekc\u00e9m\u00e1r\u00f3l (at\u00f3pi\u00e1s dermatitis), valamint a n\u00e9pess\u00e9g jelent\u0151s r\u00e9sz\u00e9t \u00e9let\u00e9ben legal\u00e1bb egyszer \u00e9rint\u0151, rendk\u00edv\u00fcl kellemetlen csal\u00e1nki\u00fct\u00e9s (urticaria) okair\u00f3l, \u00e9s kezel\u00e9si lehet\u0151s\u00e9geir\u0151l.\u00a0<\/p>\n<p>El\u0151ad\u00f3k:<\/p>\n<p>Dr. Hidv\u00e9gi Bernadett: Csal\u00e1nki\u00fct\u00e9s (urticaria)<br \/>\nDr. P\u00f3nyai Gy\u00f6rgyi: Alkati ekc\u00e9ma (at\u00f3pi\u00e1s dermatitis)<br \/>\nDr. Kov\u00e1cs Anik\u00f3: Mire vagyok \u00e9rz\u00e9keny? Gyakori allerg\u00e9nek, allerg\u00e9n-forr\u00e1sok a b\u0151r\u00f6n<br \/>\nDr. Gergely L. Hunor: Kontakt b\u0151r-allergia? Hogyan tesztelj\u00fck?<br \/>\nDr. Becker Krisztina: Gy\u00f3gyszerek okozta v\u00e1ratlan b\u0151rt\u00fcnetek<br \/>\nDr. Diczig Brigitte: Fest\u00e9kanyag allergia &#8211; a tetov\u00e1l\u00e1s vesz\u00e9lyei<br \/>\nDr. P\u00f3nyai Gy\u00f6rgyi: \u00c9telallergi\u00e1k &#8211; t\u00e9nyleg olyan gyakori?<\/p>\n<p><a href=\"https:\/\/semmelweis.hu\/borklinika\/files\/2018\/10\/125allergia-plak\u00e1t.png\" target=\"_blank\" rel=\"noopener noreferrer\"><img loading=\"lazy\" decoding=\"async\" class=\"aligncenter wp-image-4002\" src=\"https:\/\/semmelweis.hu\/borklinika\/files\/2018\/10\/125allergia-plak\u00e1t-212x300.png\" alt=\"\" width=\"320\" height=\"453\" srcset=\"https:\/\/semmelweis.hu\/borklinika\/files\/2018\/10\/125allergia-plak\u00e1t-212x300.png 212w, https:\/\/semmelweis.hu\/borklinika\/files\/2018\/10\/125allergia-plak\u00e1t-768x1086.png 768w, https:\/\/semmelweis.hu\/borklinika\/files\/2018\/10\/125allergia-plak\u00e1t-724x1024.png 724w\" sizes=\"auto, (max-width: 320px) 100vw, 320px\" \/><\/a><\/p>\n<p>&nbsp;<\/p>\n<p>A rendezv\u00e9ny t\u00e1mogat\u00f3i:<\/p>\n<table>\n<tbody>\n<tr>\n<td><a href=\"https:\/\/semmelweis.hu\/borklinika\/files\/2018\/04\/Eucerin-300x111.jpg\"><img loading=\"lazy\" decoding=\"async\" class=\" wp-image-2509 alignleft\" src=\"https:\/\/semmelweis.hu\/borklinika\/files\/2018\/04\/Eucerin-300x111-300x111.jpg\" alt=\"\" width=\"197\" height=\"73\" \/><\/a><img loading=\"lazy\" decoding=\"async\" class=\"wp-image-2448 alignleft\" src=\"https:\/\/semmelweis.hu\/borklinika\/files\/2018\/04\/2000px-Logo_Bayer.svg_-300x300.jpg\" alt=\"\" width=\"107\" height=\"107\" srcset=\"https:\/\/semmelweis.hu\/borklinika\/files\/2018\/04\/2000px-Logo_Bayer.svg_-300x300.jpg 300w, https:\/\/semmelweis.hu\/borklinika\/files\/2018\/04\/2000px-Logo_Bayer.svg_-150x150.jpg 150w, https:\/\/semmelweis.hu\/borklinika\/files\/2018\/04\/2000px-Logo_Bayer.svg_-768x768.jpg 768w, https:\/\/semmelweis.hu\/borklinika\/files\/2018\/04\/2000px-Logo_Bayer.svg_-1024x1024.jpg 1024w, https:\/\/semmelweis.hu\/borklinika\/files\/2018\/04\/2000px-Logo_Bayer.svg_-144x144.jpg 144w, https:\/\/semmelweis.hu\/borklinika\/files\/2018\/04\/2000px-Logo_Bayer.svg_-90x90.jpg 90w, https:\/\/semmelweis.hu\/borklinika\/files\/2018\/04\/2000px-Logo_Bayer.svg_.jpg 1205w\" sizes=\"auto, (max-width: 107px) 100vw, 107px\" \/><a href=\"https:\/\/semmelweis.hu\/borklinika\/files\/2018\/01\/Ooops_logo_ME_f\u00fcgg\u0151leges-1.png\"><img loading=\"lazy\" decoding=\"async\" class=\"wp-image-2150 alignright\" src=\"https:\/\/semmelweis.hu\/borklinika\/files\/2018\/01\/Ooops_logo_ME_f\u00fcgg\u0151leges-1-300x178.png\" alt=\"\" width=\"128\" height=\"76\" srcset=\"https:\/\/semmelweis.hu\/borklinika\/files\/2018\/01\/Ooops_logo_ME_f\u00fcgg\u0151leges-1-300x178.png 300w, https:\/\/semmelweis.hu\/borklinika\/files\/2018\/01\/Ooops_logo_ME_f\u00fcgg\u0151leges-1-768x456.png 768w, https:\/\/semmelweis.hu\/borklinika\/files\/2018\/01\/Ooops_logo_ME_f\u00fcgg\u0151leges-1-1024x608.png 1024w, https:\/\/semmelweis.hu\/borklinika\/files\/2018\/01\/Ooops_logo_ME_f\u00fcgg\u0151leges-1-505x300.png 505w\" sizes=\"auto, (max-width: 128px) 100vw, 128px\" \/><\/a><\/td>\n<td>&nbsp;<\/td>\n<\/tr>\n<tr>\n<td><a href=\"https:\/\/semmelweis.hu\/borklinika\/files\/2018\/01\/La_Roche_Posay.jpg\"><img loading=\"lazy\" decoding=\"async\" class=\"alignnone  wp-image-1791\" src=\"https:\/\/semmelweis.hu\/borklinika\/files\/2018\/01\/La_Roche_Posay-300x182.jpg\" alt=\"\" width=\"180\" height=\"109\" srcset=\"https:\/\/semmelweis.hu\/borklinika\/files\/2018\/01\/La_Roche_Posay-300x182.jpg 300w, https:\/\/semmelweis.hu\/borklinika\/files\/2018\/01\/La_Roche_Posay.jpg 337w\" sizes=\"auto, (max-width: 180px) 100vw, 180px\" \/><\/a><a href=\"https:\/\/semmelweis.hu\/borklinika\/files\/2018\/04\/ewo_k\u00f6rlogo.ai_.jpg\"><img loading=\"lazy\" decoding=\"async\" class=\"wp-image-2581 alignright\" src=\"https:\/\/semmelweis.hu\/borklinika\/files\/2018\/04\/ewo_k\u00f6rlogo.ai_-300x300.jpg\" alt=\"\" width=\"98\" height=\"98\" srcset=\"https:\/\/semmelweis.hu\/borklinika\/files\/2018\/04\/ewo_k\u00f6rlogo.ai_-300x300.jpg 300w, https:\/\/semmelweis.hu\/borklinika\/files\/2018\/04\/ewo_k\u00f6rlogo.ai_-150x150.jpg 150w, https:\/\/semmelweis.hu\/borklinika\/files\/2018\/04\/ewo_k\u00f6rlogo.ai_-768x768.jpg 768w, https:\/\/semmelweis.hu\/borklinika\/files\/2018\/04\/ewo_k\u00f6rlogo.ai_-1024x1024.jpg 1024w, https:\/\/semmelweis.hu\/borklinika\/files\/2018\/04\/ewo_k\u00f6rlogo.ai_-144x144.jpg 144w, https:\/\/semmelweis.hu\/borklinika\/files\/2018\/04\/ewo_k\u00f6rlogo.ai_-90x90.jpg 90w, https:\/\/semmelweis.hu\/borklinika\/files\/2018\/04\/ewo_k\u00f6rlogo.ai_.jpg 1181w\" sizes=\"auto, (max-width: 98px) 100vw, 98px\" \/><\/a><a href=\"https:\/\/semmelweis.hu\/borklinika\/files\/2018\/04\/Medimprove-Logo-png.png\"><img loading=\"lazy\" decoding=\"async\" class=\"wp-image-2512 alignleft\" src=\"https:\/\/semmelweis.hu\/borklinika\/files\/2018\/04\/Medimprove-Logo-png-300x177.png\" alt=\"\" width=\"168\" height=\"99\" srcset=\"https:\/\/semmelweis.hu\/borklinika\/files\/2018\/04\/Medimprove-Logo-png-300x177.png 300w, https:\/\/semmelweis.hu\/borklinika\/files\/2018\/04\/Medimprove-Logo-png.png 320w\" sizes=\"auto, (max-width: 168px) 100vw, 168px\" \/><\/a><\/td>\n<td>&nbsp;<\/td>\n<\/tr>\n<tr>\n<td><a href=\"https:\/\/semmelweis.hu\/borklinika\/files\/2018\/10\/Uriage-logo-Feher-hatter-Fekete-betu-2016-HD.jpg\"><img loading=\"lazy\" decoding=\"async\" class=\"alignnone  wp-image-3980\" src=\"https:\/\/semmelweis.hu\/borklinika\/files\/2018\/10\/Uriage-logo-Feher-hatter-Fekete-betu-2016-HD-300x107.jpg\" alt=\"\" width=\"224\" height=\"80\" srcset=\"https:\/\/semmelweis.hu\/borklinika\/files\/2018\/10\/Uriage-logo-Feher-hatter-Fekete-betu-2016-HD-300x107.jpg 300w, https:\/\/semmelweis.hu\/borklinika\/files\/2018\/10\/Uriage-logo-Feher-hatter-Fekete-betu-2016-HD-768x274.jpg 768w, https:\/\/semmelweis.hu\/borklinika\/files\/2018\/10\/Uriage-logo-Feher-hatter-Fekete-betu-2016-HD-1024x365.jpg 1024w, https:\/\/semmelweis.hu\/borklinika\/files\/2018\/10\/Uriage-logo-Feher-hatter-Fekete-betu-2016-HD-580x207.jpg 580w, https:\/\/semmelweis.hu\/borklinika\/files\/2018\/10\/Uriage-logo-Feher-hatter-Fekete-betu-2016-HD.jpg 1181w\" sizes=\"auto, (max-width: 224px) 100vw, 224px\" \/><\/a><\/td>\n<td>&nbsp;<\/td>\n<\/tr>\n<\/tbody>\n<\/table>\n<p>&nbsp;<\/p>\n<p>A program szervez\u0151je:<\/p>\n<p>Dr. P\u00f3nyai Gy\u00f6rgyi Ph.D.<br \/>\negyetemi adjunktus,\u00a0b\u0151rgy\u00f3gy\u00e1sz-allergol\u00f3gus szakorvos. \u00a0Allergol\u00f3giai Laborat\u00f3rium \u00e9s Szakambulancia vezet\u0151je\u00a0\u00a0\u00a0\u00a0\u00a0\u00a0\u00a0\u00a0\u00a0\u00a0\u00a0\u00a0\u00a0\u00a0\u00a0\u00a0\u00a0\u00a0\u00a0 \u00a0\u00a0\u00a0\u00a0\u00a0\u00a0\u00a0\u00a0\u00a0\u00a0\u00a0\u00a0\u00a0\u00a0\u00a0\u00a0\u00a0\u00a0\u00a0\u00a0\u00a0\u00a0\u00a0\u00a0\u00a0\u00a0\u00a0\u00a0\u00a0\u00a0\u00a0\u00a0\u00a0\u00a0\u00a0\u00a0\u00a0\u00a0\u00a0\u00a0\u00a0\u00a0\u00a0<\/p>\n<p>&nbsp;<\/p>\n","protected":false},"excerpt":{"rendered":"<p>2018. november 9-\u00e9n, a 125 \u00e9ves \u00fcnneps\u00e9gsorozat tematikus el\u0151ad\u00e1sainak utols\u00f3 \u00e1llom\u00e1sak\u00e9nt rendezt\u00fck meg az Allergia napj\u00e1t, melyre nagy sz\u00e1mban \u00e9rkeztek a t\u00e9ma ir\u00e1nt \u00e9rdekl\u0151d\u0151 vend\u00e9gek. <a href=\"https:\/\/photos.app.goo.gl\/ySjkcY9DNUXSA3dN9\" target=\"_blank\" rel=\"noopener noreferrer\">A rendezv\u00e9nyen k\u00e9sz\u00fclt fot\u00f3k el\u00e9rhet\u0151k itt<\/a> Az allergi\u00e1s betegs\u00e9gek sz\u00e1ma vil\u00e1gszerte n\u00f6vekszik. Nem kiv\u00e9tel ez al\u00f3l a k\u00fcl\u00f6nf\u00e9le anyagok hat\u00e1s\u00e1ra a b\u0151r\u00f6n kialakul\u00f3 ekc\u00e9ma sem: leggyakrabban a f\u00e9mek \u00e9s illatanyagok v\u00e1ltanak ki b\u0151rgyullad\u00e1st, t\u00fal\u00e9rz\u00e9kenys\u00e9gi reakci\u00f3kat.\u00a0 A &hellip;<\/p>\n","protected":false},"author":101274,"featured_media":0,"parent":4405,"menu_order":9,"comment_status":"closed","ping_status":"closed","template":"","meta":{"_acf_changed":false,"footnotes":""},"categories":[],"tags":[],"class_list":["post-2102","page","type-page","status-publish","hentry"],"acf":[],"_links":{"self":[{"href":"https:\/\/semmelweis.hu\/borklinika\/wp-json\/wp\/v2\/pages\/2102","targetHints":{"allow":["GET"]}}],"collection":[{"href":"https:\/\/semmelweis.hu\/borklinika\/wp-json\/wp\/v2\/pages"}],"about":[{"href":"https:\/\/semmelweis.hu\/borklinika\/wp-json\/wp\/v2\/types\/page"}],"author":[{"embeddable":true,"href":"https:\/\/semmelweis.hu\/borklinika\/wp-json\/wp\/v2\/users\/101274"}],"replies":[{"embeddable":true,"href":"https:\/\/semmelweis.hu\/borklinika\/wp-json\/wp\/v2\/comments?post=2102"}],"version-history":[{"count":11,"href":"https:\/\/semmelweis.hu\/borklinika\/wp-json\/wp\/v2\/pages\/2102\/revisions"}],"predecessor-version":[{"id":8178,"href":"https:\/\/semmelweis.hu\/borklinika\/wp-json\/wp\/v2\/pages\/2102\/revisions\/8178"}],"up":[{"embeddable":true,"href":"https:\/\/semmelweis.hu\/borklinika\/wp-json\/wp\/v2\/pages\/4405"}],"wp:attachment":[{"href":"https:\/\/semmelweis.hu\/borklinika\/wp-json\/wp\/v2\/media?parent=2102"}],"wp:term":[{"taxonomy":"category","embeddable":true,"href":"https:\/\/semmelweis.hu\/borklinika\/wp-json\/wp\/v2\/categories?post=2102"},{"taxonomy":"post_tag","embeddable":true,"href":"https:\/\/semmelweis.hu\/borklinika\/wp-json\/wp\/v2\/tags?post=2102"}],"curies":[{"name":"wp","href":"https:\/\/api.w.org\/{rel}","templated":true}]}}