{"id":2100,"date":"2018-03-09T13:04:42","date_gmt":"2018-03-09T12:04:42","guid":{"rendered":"http:\/\/semmelweis.hu\/borklinika\/?page_id=2100"},"modified":"2021-01-15T12:34:57","modified_gmt":"2021-01-15T11:34:57","slug":"psoriasis","status":"publish","type":"page","link":"https:\/\/semmelweis.hu\/borklinika\/magunkrol\/a-klinika-tortenete\/125-eves-a-borklinika\/psoriasis\/","title":{"rendered":"Pikkelys\u00f6m\u00f6r (Psoriasis) napja &#8211; el\u0151ad\u00e1s"},"content":{"rendered":"<p style=\"text-align: justify\">Tematikus el\u0151ad\u00e1ssorozatunk \u0151szi programjainak egyike a Pikkelys\u00f6m\u00f6r napja volt, mely a\u00a0Psoriasis Vil\u00e1gnaphoz (okt\u00f3ber 29.) kapcsol\u00f3d\u00f3an,\u00a0 2018. okt\u00f3ber 19-\u00e9n\u00a0ker\u00fclt megrendez\u00e9sre.<\/p>\n<p style=\"text-align: left\"><span style=\"font-size: 12pt\"><strong><em><span style=\"color: #333399\"><a href=\"https:\/\/photos.app.goo.gl\/jTLNVN4ri15k747h7\" target=\"_blank\" rel=\"noopener noreferrer\">A rendezv\u00e9nyen k\u00e9sz\u00fclt fot\u00f3k el\u00e9rhet\u0151k itt<\/a><\/span><\/em><\/strong><\/span><\/p>\n<p style=\"text-align: justify\"><a href=\"https:\/\/semmelweis.hu\/borklinika\/files\/2018\/03\/wpd2009drinfo.jpg\" target=\"_blank\" rel=\"noopener noreferrer\"><img loading=\"lazy\" decoding=\"async\" class=\"alignleft wp-image-2347\" src=\"https:\/\/semmelweis.hu\/borklinika\/files\/2018\/03\/wpd2009drinfo-300x212.jpg\" alt=\"\" width=\"208\" height=\"147\" srcset=\"https:\/\/semmelweis.hu\/borklinika\/files\/2018\/03\/wpd2009drinfo-300x212.jpg 300w, https:\/\/semmelweis.hu\/borklinika\/files\/2018\/03\/wpd2009drinfo-424x300.jpg 424w, https:\/\/semmelweis.hu\/borklinika\/files\/2018\/03\/wpd2009drinfo.jpg 448w\" sizes=\"auto, (max-width: 208px) 100vw, 208px\" \/><\/a>A Psoriasis az egyik leggyakoribb b\u0151rbetegs\u00e9g, a n\u00e9pess\u00e9g mintegy 1,5-2 %-\u00e1t \u00e9rinti. A b\u0151r mellett az \u00edz\u00fcleteket is \u00e9rintheti, azok s\u00falyos gyullad\u00e1s\u00e1t okozva. Ez Magyarorsz\u00e1gon gyakorlatilag 150-200 ezer beteget jelent, azaz szinte mindenkinek a k\u00f6zvetlen k\u00f6rnyezet\u00e9ben, csal\u00e1dban vagy bar\u00e1ti, munkat\u00e1rsi k\u00f6r\u00e9ben biztosan van olyan, aki \u00e9rintett. \u00c9ppen ez\u00e9rt nagyon fontos a betegs\u00e9g ismerete mindenki sz\u00e1m\u00e1ra, hiszen a mindenki sz\u00e1m\u00e1ra j\u00f3l l\u00e1that\u00f3 b\u0151rt\u00fcnetek a betegek \u00e9let\u00e9t megkeser\u00edtik. A betegs\u00e9ggel kapcsolatos t\u00e9vhitek k\u00f6z\u00fcl a legfontosabb annak tiszt\u00e1z\u00e1sa, hogy a t\u00fcnetek nem fert\u0151z\u0151ek. A betegs\u00e9g kialakul\u00e1s\u00e1nak mechanizmusa ma m\u00e1r j\u00f3l ismert. Psoriasisban ma m\u00e1r nem kell a t\u00fcnetekkel egy\u00fctt \u00e9lni. Sz\u00e1mos \u00faj, igen hat\u00e1sos kezel\u00e9ssel is rendelkez\u00fcnk a s\u00falyos esetek gy\u00f3gy\u00edt\u00e1s\u00e1ra. Ugyanakkor megfelel\u0151en alkalmazott hagyom\u00e1nyos kezel\u00e9sekkel is sok betegn\u00e9l t\u00fcnetmentess\u00e9g \u00e9rhet\u0151 el.<\/p>\n<p>El\u0151ad\u00e1saink:<\/p>\n<ol>\n<li>Dr. Holl\u00f3 P\u00e9ter: Bevezet\u0151<\/li>\n<li>Dr. T\u00f3th Veronika: Mit \u00e9rdemes tudni a pikkelys\u00f6m\u00f6r kialakul\u00e1s\u00e1r\u00f3l?\u00a0<\/li>\n<li>Prof. Dr. Wikonk\u00e1l Norbert: Mit \u00e9rdemes tudni a pikkelys\u00f6m\u00f6r hagyom\u00e1nyos kezel\u00e9s\u00e9r\u0151l?<\/li>\n<li>Dr. Holl\u00f3 P\u00e9ter: A pikkelys\u00f6m\u00f6r modern kezel\u00e9si lehet\u0151s\u00e9gei<\/li>\n<\/ol>\n<p><a href=\"https:\/\/semmelweis.hu\/borklinika\/files\/2018\/10\/125-psoriasis-plak\u00e1t.jpg\" target=\"_blank\" rel=\"noopener noreferrer\"><img loading=\"lazy\" decoding=\"async\" class=\"aligncenter wp-image-3948\" src=\"https:\/\/semmelweis.hu\/borklinika\/files\/2018\/10\/125-psoriasis-plak\u00e1t-212x300.jpg\" alt=\"\" width=\"355\" height=\"503\" srcset=\"https:\/\/semmelweis.hu\/borklinika\/files\/2018\/10\/125-psoriasis-plak\u00e1t-212x300.jpg 212w, https:\/\/semmelweis.hu\/borklinika\/files\/2018\/10\/125-psoriasis-plak\u00e1t-768x1086.jpg 768w, https:\/\/semmelweis.hu\/borklinika\/files\/2018\/10\/125-psoriasis-plak\u00e1t-724x1024.jpg 724w\" sizes=\"auto, (max-width: 355px) 100vw, 355px\" \/><\/a><\/p>\n<p style=\"text-align: center\">\u00a0<\/p>\n<p>A rendezv\u00e9ny t\u00e1mogat\u00f3i:<\/p>\n<table style=\"height: 134px\">\n<tbody>\n<tr style=\"height: 110px\">\n<td style=\"height: 110px;width: 531px\"><a href=\"https:\/\/semmelweis.hu\/borklinika\/files\/2018\/01\/rextra-logo.jpg\"><img loading=\"lazy\" decoding=\"async\" class=\"wp-image-1744 alignleft\" src=\"https:\/\/semmelweis.hu\/borklinika\/files\/2018\/01\/rextra-logo.jpg\" alt=\"\" width=\"94\" height=\"94\" srcset=\"https:\/\/semmelweis.hu\/borklinika\/files\/2018\/01\/rextra-logo.jpg 200w, https:\/\/semmelweis.hu\/borklinika\/files\/2018\/01\/rextra-logo-150x150.jpg 150w, https:\/\/semmelweis.hu\/borklinika\/files\/2018\/01\/rextra-logo-144x144.jpg 144w, https:\/\/semmelweis.hu\/borklinika\/files\/2018\/01\/rextra-logo-90x90.jpg 90w\" sizes=\"auto, (max-width: 94px) 100vw, 94px\" \/><\/a><a href=\"https:\/\/semmelweis.hu\/borklinika\/files\/2018\/04\/2_LEO_Logo_Black_RGB-002.png\"><img loading=\"lazy\" decoding=\"async\" class=\"wp-image-2584 alignleft\" src=\"https:\/\/semmelweis.hu\/borklinika\/files\/2018\/04\/2_LEO_Logo_Black_RGB-002.png\" alt=\"\" width=\"106\" height=\"82\" \/><\/a><a href=\"https:\/\/semmelweis.hu\/borklinika\/files\/2018\/04\/Eucerin-300x111.jpg\"><img loading=\"lazy\" decoding=\"async\" class=\"wp-image-2509 alignleft\" src=\"https:\/\/semmelweis.hu\/borklinika\/files\/2018\/04\/Eucerin-300x111-300x111.jpg\" alt=\"\" width=\"205\" height=\"76\" \/><\/a><\/td>\n<\/tr>\n<tr style=\"height: 24px\">\n<td style=\"height: 24px;width: 531px\"><a href=\"https:\/\/semmelweis.hu\/borklinika\/files\/2018\/03\/johnson.png\"><img loading=\"lazy\" decoding=\"async\" class=\"alignnone  wp-image-2289\" src=\"https:\/\/semmelweis.hu\/borklinika\/files\/2018\/03\/johnson-300x65.png\" alt=\"\" width=\"254\" height=\"55\" srcset=\"https:\/\/semmelweis.hu\/borklinika\/files\/2018\/03\/johnson-300x65.png 300w, https:\/\/semmelweis.hu\/borklinika\/files\/2018\/03\/johnson.png 488w\" sizes=\"auto, (max-width: 254px) 100vw, 254px\" \/><\/a><a href=\"https:\/\/semmelweis.hu\/borklinika\/files\/2018\/02\/CSAK-Logo_PH_3D_RGB_BS_V_HU.png\"><img loading=\"lazy\" decoding=\"async\" class=\" wp-image-2035 alignleft\" src=\"https:\/\/semmelweis.hu\/borklinika\/files\/2018\/02\/CSAK-Logo_PH_3D_RGB_BS_V_HU-300x269.png\" alt=\"\" width=\"119\" height=\"107\" srcset=\"https:\/\/semmelweis.hu\/borklinika\/files\/2018\/02\/CSAK-Logo_PH_3D_RGB_BS_V_HU-300x269.png 300w, https:\/\/semmelweis.hu\/borklinika\/files\/2018\/02\/CSAK-Logo_PH_3D_RGB_BS_V_HU-334x300.png 334w, https:\/\/semmelweis.hu\/borklinika\/files\/2018\/02\/CSAK-Logo_PH_3D_RGB_BS_V_HU.png 697w\" sizes=\"auto, (max-width: 119px) 100vw, 119px\" \/><\/a><\/td>\n<td style=\"height: 24px;width: 12px\">\u00a0<\/td>\n<\/tr>\n<\/tbody>\n<\/table>\n<p>A program szervez\u0151je:<\/p>\n<p>Dr. Holl\u00f3 P\u00e9ter<br \/>\nigazgat\u00f3helyettes, egyetemi docens. A\u00a0Psoriasis Munkacsoport vezet\u0151je<\/p>\n","protected":false},"excerpt":{"rendered":"<p>Tematikus el\u0151ad\u00e1ssorozatunk \u0151szi programjainak egyike a Pikkelys\u00f6m\u00f6r napja volt, mely a\u00a0Psoriasis Vil\u00e1gnaphoz (okt\u00f3ber 29.) kapcsol\u00f3d\u00f3an,\u00a0 2018. okt\u00f3ber 19-\u00e9n\u00a0ker\u00fclt megrendez\u00e9sre. <a href=\"https:\/\/photos.app.goo.gl\/jTLNVN4ri15k747h7\" target=\"_blank\" rel=\"noopener noreferrer\">A rendezv\u00e9nyen k\u00e9sz\u00fclt fot\u00f3k el\u00e9rhet\u0151k itt<\/a> <a href=\"https:\/\/semmelweis.hu\/borklinika\/files\/2018\/03\/wpd2009drinfo.jpg\" target=\"_blank\" rel=\"noopener noreferrer\"><\/a> A Psoriasis az egyik leggyakoribb b\u0151rbetegs\u00e9g, a n\u00e9pess\u00e9g mintegy 1,5-2 %-\u00e1t \u00e9rinti. A b\u0151r mellett az \u00edz\u00fcleteket is \u00e9rintheti, azok s\u00falyos gyullad\u00e1s\u00e1t okozva. Ez Magyarorsz\u00e1gon gyakorlatilag 150-200 ezer beteget jelent, azaz szinte mindenkinek a k\u00f6zvetlen k\u00f6rnyezet\u00e9ben, &hellip;<\/p>\n","protected":false},"author":101274,"featured_media":0,"parent":4405,"menu_order":8,"comment_status":"closed","ping_status":"closed","template":"","meta":{"_acf_changed":false,"footnotes":""},"categories":[],"tags":[],"class_list":["post-2100","page","type-page","status-publish","hentry"],"acf":[],"_links":{"self":[{"href":"https:\/\/semmelweis.hu\/borklinika\/wp-json\/wp\/v2\/pages\/2100","targetHints":{"allow":["GET"]}}],"collection":[{"href":"https:\/\/semmelweis.hu\/borklinika\/wp-json\/wp\/v2\/pages"}],"about":[{"href":"https:\/\/semmelweis.hu\/borklinika\/wp-json\/wp\/v2\/types\/page"}],"author":[{"embeddable":true,"href":"https:\/\/semmelweis.hu\/borklinika\/wp-json\/wp\/v2\/users\/101274"}],"replies":[{"embeddable":true,"href":"https:\/\/semmelweis.hu\/borklinika\/wp-json\/wp\/v2\/comments?post=2100"}],"version-history":[{"count":10,"href":"https:\/\/semmelweis.hu\/borklinika\/wp-json\/wp\/v2\/pages\/2100\/revisions"}],"predecessor-version":[{"id":8177,"href":"https:\/\/semmelweis.hu\/borklinika\/wp-json\/wp\/v2\/pages\/2100\/revisions\/8177"}],"up":[{"embeddable":true,"href":"https:\/\/semmelweis.hu\/borklinika\/wp-json\/wp\/v2\/pages\/4405"}],"wp:attachment":[{"href":"https:\/\/semmelweis.hu\/borklinika\/wp-json\/wp\/v2\/media?parent=2100"}],"wp:term":[{"taxonomy":"category","embeddable":true,"href":"https:\/\/semmelweis.hu\/borklinika\/wp-json\/wp\/v2\/categories?post=2100"},{"taxonomy":"post_tag","embeddable":true,"href":"https:\/\/semmelweis.hu\/borklinika\/wp-json\/wp\/v2\/tags?post=2100"}],"curies":[{"name":"wp","href":"https:\/\/api.w.org\/{rel}","templated":true}]}}