{"id":2096,"date":"2018-03-09T13:03:46","date_gmt":"2018-03-09T12:03:46","guid":{"rendered":"http:\/\/semmelweis.hu\/borklinika\/?page_id=2096"},"modified":"2021-01-15T12:34:56","modified_gmt":"2021-01-15T11:34:56","slug":"std","status":"publish","type":"page","link":"https:\/\/semmelweis.hu\/borklinika\/magunkrol\/a-klinika-tortenete\/125-eves-a-borklinika\/std\/","title":{"rendered":"Szexu\u00e1lisan terjed\u0151 betegs\u00e9gek napja"},"content":{"rendered":"<p style=\"text-align: justify\">A nemi \u00faton terjed\u0151 betegs\u00e9gek t\u00e9mak\u00f6r\u00e9t j\u00e1rt\u00e1k k\u00f6rbe a Szexu\u00e1lisan terjed\u0151 betegs\u00e9gek napj\u00e1nak el\u0151ad\u00f3i a 2018. j\u00fanius 15-\u00e9n megrendez\u00e9sre ker\u00fclt esem\u00e9nyen.<\/p>\n<p><strong><span style=\"font-size: 12pt\"><em><span style=\"color: #000080\">Az rendezv\u00e9nyen k\u00e9sz\u00fclt fot\u00f3k el\u00e9rhet\u0151k <a href=\"https:\/\/photos.app.goo.gl\/wRDhKNLmJsZjxZjW8\" target=\"_blank\" rel=\"noopener noreferrer\">itt\u00a0<\/a><\/span><\/em><\/span><\/strong><\/p>\n<p style=\"text-align: justify\">A WHO adatai szerint naponta t\u00f6bb, mint egymilli\u00f3 ember fert\u0151z\u0151dik <strong>szexu\u00e1lis \u00faton terjed\u0151 fert\u0151z\u00e9sekkel<\/strong> (sexually transmitted infections STIs) vil\u00e1gszerte. T\u00f6bb, mint 30 k\u00fcl\u00f6nb\u00f6z\u0151 bakt\u00e9riumr\u00f3l, v\u00edrusr\u00f3l \u00e9s parazit\u00e1r\u00f3l ismert, hogy k\u00e9pesek nemi \u00faton fert\u0151zni, azonban 8 k\u00f3rokoz\u00f3 felel\u0151s a nemi betegs\u00e9gek d\u00f6nt\u0151 t\u00f6bbs\u00e9g\u00e9\u00e9rt. Ezek k\u00f6z\u00fcl 4 fert\u0151z\u00e9s gy\u00f3gy\u00edthat\u00f3 (syphilis, gonorrhoea, chlamydia \u00e9s trichomoniasis), m\u00edg a t\u00f6bbi 4 fert\u0151z\u00e9s kezelhet\u0151 (hepatitis B, herpes simplex virus (HSV), HIV \u00e9s human papillomav\u00edrus (HPV)).<\/p>\n<p style=\"text-align: justify\">A klinik\u00e1n m\u0171k\u00f6d\u0151 Orsz\u00e1gos STD Centrum munkat\u00e1rsai k\u00f6z\u00e9rthet\u0151 m\u00f3don r\u00f6viden \u00f6sszefoglalj\u00e1k a leggyakoribb nemi \u00faton terjed\u0151 betegs\u00e9gek t\u00fcneteit, kezel\u00e9si- \u00e9s megel\u0151z\u00e9si lehet\u0151s\u00e9geit.<\/p>\n<ol>\n<li style=\"text-align: justify\">Dr. T\u00f3th B\u00e9la: Klasszikus nemi betegs\u00e9gek (syphilis, gonorrhoea) \u00e9s HIV-fert\u0151z\u00e9s<\/li>\n<li style=\"text-align: justify\">Dr. Tam\u00e1si B\u00e9la: Bakteri\u00e1lis h\u00fagycs\u0151gyullad\u00e1sok (NGU), ritka chlamydia fert\u0151z\u00e9sek (LGV), HPV-fert\u0151z\u00e9sek<\/li>\n<li style=\"text-align: justify\">Dr. Diczig Brigitte: H\u00fcvelyi fert\u0151z\u00e9sek (vaginitisek, vaginosisok), HSV-fert\u0151z\u00e9sek\u00a0<\/li>\n<\/ol>\n<p>&nbsp;<\/p>\n<p><a href=\"https:\/\/semmelweis.hu\/borklinika\/files\/2018\/04\/125plakat-szexualis.jpg\" target=\"_blank\" rel=\"noopener noreferrer\"><img loading=\"lazy\" decoding=\"async\" class=\"aligncenter wp-image-2519\" src=\"https:\/\/semmelweis.hu\/borklinika\/files\/2018\/04\/125plakat-szexualis-212x300.jpg\" alt=\"\" width=\"307\" height=\"434\" srcset=\"https:\/\/semmelweis.hu\/borklinika\/files\/2018\/04\/125plakat-szexualis-212x300.jpg 212w, https:\/\/semmelweis.hu\/borklinika\/files\/2018\/04\/125plakat-szexualis-768x1086.jpg 768w, https:\/\/semmelweis.hu\/borklinika\/files\/2018\/04\/125plakat-szexualis-724x1024.jpg 724w, https:\/\/semmelweis.hu\/borklinika\/files\/2018\/04\/125plakat-szexualis.jpg 1488w\" sizes=\"auto, (max-width: 307px) 100vw, 307px\" \/><\/a><\/p>\n<p>&nbsp;<\/p>\n<p><span style=\"font-size: 14pt\"><strong>Az el\u0151ad\u00e1s napja: 2018. j\u00fanius 15. 11:00-13:00<\/strong><\/span><\/p>\n<p>&nbsp;<\/p>\n<p>A rendezv\u00e9ny t\u00e1mogat\u00f3i:<\/p>\n<table>\n<tbody>\n<tr>\n<td><a href=\"https:\/\/semmelweis.hu\/borklinika\/files\/2018\/04\/2000px-Logo_Bayer.svg_.jpg\"><img loading=\"lazy\" decoding=\"async\" class=\"wp-image-2448 alignleft\" src=\"https:\/\/semmelweis.hu\/borklinika\/files\/2018\/04\/2000px-Logo_Bayer.svg_-300x300.jpg\" alt=\"\" width=\"117\" height=\"117\" srcset=\"https:\/\/semmelweis.hu\/borklinika\/files\/2018\/04\/2000px-Logo_Bayer.svg_-300x300.jpg 300w, https:\/\/semmelweis.hu\/borklinika\/files\/2018\/04\/2000px-Logo_Bayer.svg_-150x150.jpg 150w, https:\/\/semmelweis.hu\/borklinika\/files\/2018\/04\/2000px-Logo_Bayer.svg_-768x768.jpg 768w, https:\/\/semmelweis.hu\/borklinika\/files\/2018\/04\/2000px-Logo_Bayer.svg_-1024x1024.jpg 1024w, https:\/\/semmelweis.hu\/borklinika\/files\/2018\/04\/2000px-Logo_Bayer.svg_-144x144.jpg 144w, https:\/\/semmelweis.hu\/borklinika\/files\/2018\/04\/2000px-Logo_Bayer.svg_-90x90.jpg 90w, https:\/\/semmelweis.hu\/borklinika\/files\/2018\/04\/2000px-Logo_Bayer.svg_.jpg 1205w\" sizes=\"auto, (max-width: 117px) 100vw, 117px\" \/><\/a><\/td>\n<td><a href=\"https:\/\/semmelweis.hu\/borklinika\/files\/2018\/04\/Medimprove-Logo-png.png\"><img loading=\"lazy\" decoding=\"async\" class=\"wp-image-2512 alignnone\" src=\"https:\/\/semmelweis.hu\/borklinika\/files\/2018\/04\/Medimprove-Logo-png-300x177.png\" alt=\"\" width=\"159\" height=\"94\" srcset=\"https:\/\/semmelweis.hu\/borklinika\/files\/2018\/04\/Medimprove-Logo-png-300x177.png 300w, https:\/\/semmelweis.hu\/borklinika\/files\/2018\/04\/Medimprove-Logo-png.png 320w\" sizes=\"auto, (max-width: 159px) 100vw, 159px\" \/><\/a><img loading=\"lazy\" decoding=\"async\" class=\"wp-image-2449 alignleft\" src=\"https:\/\/semmelweis.hu\/borklinika\/files\/2018\/04\/feelxproducts-logo.png\" alt=\"\" width=\"159\" height=\"79\" \/><\/td>\n<td>&nbsp;<\/td>\n<\/tr>\n<tr>\n<td>&nbsp;<\/td>\n<td>&nbsp;<\/td>\n<td>&nbsp;<\/td>\n<\/tr>\n<\/tbody>\n<\/table>\n<p>&nbsp;<\/p>\n<p>A program szervez\u0151je:<\/p>\n<p>Dr. \u00a0T\u00f3th B\u00e9la<br \/>\negyetemi tan\u00e1rseg\u00e9d, az Orsz\u00e1gos STD Centrum \u00e9s\u00a0Diagnosztikai K\u00f6zpont vezet\u0151je<\/p>\n","protected":false},"excerpt":{"rendered":"<p>A nemi \u00faton terjed\u0151 betegs\u00e9gek t\u00e9mak\u00f6r\u00e9t j\u00e1rt\u00e1k k\u00f6rbe a Szexu\u00e1lisan terjed\u0151 betegs\u00e9gek napj\u00e1nak el\u0151ad\u00f3i a 2018. j\u00fanius 15-\u00e9n megrendez\u00e9sre ker\u00fclt esem\u00e9nyen. Az rendezv\u00e9nyen k\u00e9sz\u00fclt fot\u00f3k el\u00e9rhet\u0151k <a href=\"https:\/\/photos.app.goo.gl\/wRDhKNLmJsZjxZjW8\" target=\"_blank\" rel=\"noopener noreferrer\">itt\u00a0<\/a> A WHO adatai szerint naponta t\u00f6bb, mint egymilli\u00f3 ember fert\u0151z\u0151dik szexu\u00e1lis \u00faton terjed\u0151 fert\u0151z\u00e9sekkel (sexually transmitted infections STIs) vil\u00e1gszerte. T\u00f6bb, mint 30 k\u00fcl\u00f6nb\u00f6z\u0151 bakt\u00e9riumr\u00f3l, v\u00edrusr\u00f3l \u00e9s parazit\u00e1r\u00f3l ismert, hogy &hellip;<\/p>\n","protected":false},"author":101274,"featured_media":0,"parent":4405,"menu_order":6,"comment_status":"closed","ping_status":"closed","template":"","meta":{"_acf_changed":false,"footnotes":""},"categories":[],"tags":[],"class_list":["post-2096","page","type-page","status-publish","hentry"],"acf":[],"_links":{"self":[{"href":"https:\/\/semmelweis.hu\/borklinika\/wp-json\/wp\/v2\/pages\/2096","targetHints":{"allow":["GET"]}}],"collection":[{"href":"https:\/\/semmelweis.hu\/borklinika\/wp-json\/wp\/v2\/pages"}],"about":[{"href":"https:\/\/semmelweis.hu\/borklinika\/wp-json\/wp\/v2\/types\/page"}],"author":[{"embeddable":true,"href":"https:\/\/semmelweis.hu\/borklinika\/wp-json\/wp\/v2\/users\/101274"}],"replies":[{"embeddable":true,"href":"https:\/\/semmelweis.hu\/borklinika\/wp-json\/wp\/v2\/comments?post=2096"}],"version-history":[{"count":11,"href":"https:\/\/semmelweis.hu\/borklinika\/wp-json\/wp\/v2\/pages\/2096\/revisions"}],"predecessor-version":[{"id":8175,"href":"https:\/\/semmelweis.hu\/borklinika\/wp-json\/wp\/v2\/pages\/2096\/revisions\/8175"}],"up":[{"embeddable":true,"href":"https:\/\/semmelweis.hu\/borklinika\/wp-json\/wp\/v2\/pages\/4405"}],"wp:attachment":[{"href":"https:\/\/semmelweis.hu\/borklinika\/wp-json\/wp\/v2\/media?parent=2096"}],"wp:term":[{"taxonomy":"category","embeddable":true,"href":"https:\/\/semmelweis.hu\/borklinika\/wp-json\/wp\/v2\/categories?post=2096"},{"taxonomy":"post_tag","embeddable":true,"href":"https:\/\/semmelweis.hu\/borklinika\/wp-json\/wp\/v2\/tags?post=2096"}],"curies":[{"name":"wp","href":"https:\/\/api.w.org\/{rel}","templated":true}]}}