{"id":2094,"date":"2018-03-15T16:00:03","date_gmt":"2018-03-15T15:00:03","guid":{"rendered":"http:\/\/semmelweis.hu\/borklinika\/?page_id=2094"},"modified":"2021-01-15T12:34:57","modified_gmt":"2021-01-15T11:34:57","slug":"veradas","status":"publish","type":"page","link":"https:\/\/semmelweis.hu\/borklinika\/magunkrol\/a-klinika-tortenete\/125-eves-a-borklinika\/veradas\/","title":{"rendered":"V\u00e9rad\u00e1s"},"content":{"rendered":"<p style=\"text-align: justify\"><a href=\"https:\/\/semmelweis.hu\/borklinika\/files\/2018\/03\/v\u00e9rad\u00e1s18.jpg\"><img loading=\"lazy\" decoding=\"async\" class=\" wp-image-2352 alignleft\" src=\"https:\/\/semmelweis.hu\/borklinika\/files\/2018\/03\/v\u00e9rad\u00e1s18-300x212.jpg\" alt=\"\" width=\"307\" height=\"217\" srcset=\"https:\/\/semmelweis.hu\/borklinika\/files\/2018\/03\/v\u00e9rad\u00e1s18-300x212.jpg 300w, https:\/\/semmelweis.hu\/borklinika\/files\/2018\/03\/v\u00e9rad\u00e1s18-768x543.jpg 768w, https:\/\/semmelweis.hu\/borklinika\/files\/2018\/03\/v\u00e9rad\u00e1s18-1024x724.jpg 1024w, https:\/\/semmelweis.hu\/borklinika\/files\/2018\/03\/v\u00e9rad\u00e1s18-424x300.jpg 424w\" sizes=\"auto, (max-width: 307px) 100vw, 307px\" \/><\/a><strong>2018. m\u00e1jus 4-\u00e9n<\/strong>\u00a0harmadik alkalommal rendezte meg a B\u0151r-, Nemik\u00f3rtani \u00e9s B\u0151ronkol\u00f3giai Klinika az Orsz\u00e1gos V\u00e9rell\u00e1t\u00f3 Szolg\u00e1lattal \u00e9s a Magyar V\u00f6r\u00f6skereszttel egy\u00fctt a V\u00e9rad\u00f3 Napot.<\/p>\n<p style=\"text-align: justify\">Ezt megel\u0151z\u0151en imm\u00e1r k\u00e9t alkalommal t\u00f6rt\u00e9nt sikeres V\u00e9rad\u00f3 Nap, amelyen a mostanihoz hasonl\u00f3an szint\u00e9n nagy sz\u00e1mban vettek r\u00e9szt a Klinika munkat\u00e1rsai \u00e9s orvostanhallgat\u00f3k is. Minden v\u00e9rad\u00f3 sz\u00e1m\u00e1ra most is apr\u00f3 aj\u00e1nd\u00e9kokkal kedveskedt\u00fcnk.<br \/>\nC\u00e9lkit\u0171z\u00e9s\u00fcnk tov\u00e1bbra is az, hogy egyfajta divatot teremts\u00fcnk a don\u00e1ci\u00f3ra az Egyetemen.\u00a0<\/p>\n<p><img loading=\"lazy\" decoding=\"async\" class=\"wp-image-2247  aligncenter\" src=\"https:\/\/semmelweis.hu\/borklinika\/files\/2018\/03\/v\u00darad\u00dfs-nov4-1024x768.jpg\" alt=\"\" width=\"534\" height=\"400\" srcset=\"https:\/\/semmelweis.hu\/borklinika\/files\/2018\/03\/v\u00darad\u00dfs-nov4-1024x768.jpg 1024w, https:\/\/semmelweis.hu\/borklinika\/files\/2018\/03\/v\u00darad\u00dfs-nov4-300x225.jpg 300w, https:\/\/semmelweis.hu\/borklinika\/files\/2018\/03\/v\u00darad\u00dfs-nov4-768x576.jpg 768w, https:\/\/semmelweis.hu\/borklinika\/files\/2018\/03\/v\u00darad\u00dfs-nov4-400x300.jpg 400w\" sizes=\"auto, (max-width: 534px) 100vw, 534px\" \/><\/p>\n<p>Cikket \u00edrta: Dr. Hodossy-Vir\u00e1gh Andor, rezidens<\/p>\n","protected":false},"excerpt":{"rendered":"<p><a href=\"https:\/\/semmelweis.hu\/borklinika\/files\/2018\/03\/v\u00e9rad\u00e1s18.jpg\"><\/a> 2018. m\u00e1jus 4-\u00e9n\u00a0harmadik alkalommal rendezte meg a B\u0151r-, Nemik\u00f3rtani \u00e9s B\u0151ronkol\u00f3giai Klinika az Orsz\u00e1gos V\u00e9rell\u00e1t\u00f3 Szolg\u00e1lattal \u00e9s a Magyar V\u00f6r\u00f6skereszttel egy\u00fctt a V\u00e9rad\u00f3 Napot. Ezt megel\u0151z\u0151en imm\u00e1r k\u00e9t alkalommal t\u00f6rt\u00e9nt sikeres V\u00e9rad\u00f3 Nap, amelyen a mostanihoz hasonl\u00f3an szint\u00e9n nagy sz\u00e1mban vettek r\u00e9szt a Klinika munkat\u00e1rsai \u00e9s orvostanhallgat\u00f3k is. Minden v\u00e9rad\u00f3 sz\u00e1m\u00e1ra most is apr\u00f3 aj\u00e1nd\u00e9kokkal &hellip;<\/p>\n","protected":false},"author":101274,"featured_media":0,"parent":4405,"menu_order":13,"comment_status":"closed","ping_status":"closed","template":"","meta":{"_acf_changed":false,"footnotes":""},"categories":[],"tags":[],"class_list":["post-2094","page","type-page","status-publish","hentry"],"acf":[],"_links":{"self":[{"href":"https:\/\/semmelweis.hu\/borklinika\/wp-json\/wp\/v2\/pages\/2094","targetHints":{"allow":["GET"]}}],"collection":[{"href":"https:\/\/semmelweis.hu\/borklinika\/wp-json\/wp\/v2\/pages"}],"about":[{"href":"https:\/\/semmelweis.hu\/borklinika\/wp-json\/wp\/v2\/types\/page"}],"author":[{"embeddable":true,"href":"https:\/\/semmelweis.hu\/borklinika\/wp-json\/wp\/v2\/users\/101274"}],"replies":[{"embeddable":true,"href":"https:\/\/semmelweis.hu\/borklinika\/wp-json\/wp\/v2\/comments?post=2094"}],"version-history":[{"count":10,"href":"https:\/\/semmelweis.hu\/borklinika\/wp-json\/wp\/v2\/pages\/2094\/revisions"}],"predecessor-version":[{"id":8182,"href":"https:\/\/semmelweis.hu\/borklinika\/wp-json\/wp\/v2\/pages\/2094\/revisions\/8182"}],"up":[{"embeddable":true,"href":"https:\/\/semmelweis.hu\/borklinika\/wp-json\/wp\/v2\/pages\/4405"}],"wp:attachment":[{"href":"https:\/\/semmelweis.hu\/borklinika\/wp-json\/wp\/v2\/media?parent=2094"}],"wp:term":[{"taxonomy":"category","embeddable":true,"href":"https:\/\/semmelweis.hu\/borklinika\/wp-json\/wp\/v2\/categories?post=2094"},{"taxonomy":"post_tag","embeddable":true,"href":"https:\/\/semmelweis.hu\/borklinika\/wp-json\/wp\/v2\/tags?post=2094"}],"curies":[{"name":"wp","href":"https:\/\/api.w.org\/{rel}","templated":true}]}}