{"id":2082,"date":"2018-02-28T16:00:07","date_gmt":"2018-02-28T15:00:07","guid":{"rendered":"http:\/\/semmelweis.hu\/borklinika\/?page_id=2082"},"modified":"2021-01-15T12:34:57","modified_gmt":"2021-01-15T11:34:57","slug":"kiallitas","status":"publish","type":"page","link":"https:\/\/semmelweis.hu\/borklinika\/magunkrol\/a-klinika-tortenete\/125-eves-a-borklinika\/kiallitas\/","title":{"rendered":"Ki\u00e1ll\u00edt\u00e1s"},"content":{"rendered":"<p style=\"text-align: justify\">2018. szeptember 6-t\u00f3l l\u00e1that\u00f3 a B\u0151rklinika 125 \u00e9ves t\u00f6rt\u00e9net\u00e9t \u00f6sszefoglal\u00f3 ki\u00e1ll\u00edt\u00e1sunk,\u00a0mely bemutatja a B\u0151rgy\u00f3gy\u00e1szati Klinika \u00e9p\u00fclet\u00e9r\u0151l \u00f6sszegy\u0171jt\u00f6tt k\u00e9panyagot az 1893-2018 id\u0151szakb\u00f3l. A Klinika igazgat\u00f3ir\u00f3l k\u00e9sz\u00fclt portr\u00e9fot\u00f3k mellett az elm\u00falt 125 \u00e9vben itt dolgoz\u00f3 koll\u00e9g\u00e1kr\u00f3l fennmaradt arch\u00edv \u00e9s sz\u00ednes k\u00e9peket is megtekintheti a nagyk\u00f6z\u00f6ns\u00e9g.\u00a0<a href=\"https:\/\/semmelweis.hu\/borklinika\/files\/2018\/09\/41026145_2085512671764531_1837386532487430144_o.jpg\" target=\"_blank\" rel=\"noopener noreferrer\"><img loading=\"lazy\" decoding=\"async\" class=\"alignleft wp-image-3668\" src=\"https:\/\/semmelweis.hu\/borklinika\/files\/2018\/09\/41026145_2085512671764531_1837386532487430144_o-225x300.jpg\" alt=\"\" width=\"192\" height=\"256\" srcset=\"https:\/\/semmelweis.hu\/borklinika\/files\/2018\/09\/41026145_2085512671764531_1837386532487430144_o-225x300.jpg 225w, https:\/\/semmelweis.hu\/borklinika\/files\/2018\/09\/41026145_2085512671764531_1837386532487430144_o-768x1024.jpg 768w, https:\/\/semmelweis.hu\/borklinika\/files\/2018\/09\/41026145_2085512671764531_1837386532487430144_o.jpg 1536w\" sizes=\"auto, (max-width: 192px) 100vw, 192px\" \/><\/a><br \/>\nA ki\u00e1ll\u00edt\u00e1s &#8211; mely h\u00e1rom korszakra bontva mutatja be a Klinika igazgat\u00f3it, valamint az \u00e9p\u00fcletr\u0151l \u00e9s a munkat\u00e1rsakr\u00f3l \u00f6sszegy\u0171jt\u00f6tt k\u00e9panyagot &#8211; felid\u00e9zi nemcsak a nagy el\u0151d\u00f6ket, a kezdeti \u00e9vtizedek k\u00fczdelmeit \u00e9s sikereit, hanem eg\u00e9szen napjainkig k\u00eds\u00e9ri azt a fejl\u0151d\u00e9si \u00edvet, mely \u00e1ltal a B\u0151rklinika elnyerte mai, modern arculat\u00e1t.\u00a0<br \/>\nT\u00e1rlatunkat sz\u00ednes\u00edti Kass J\u00e1nos orvosportr\u00e9k sorozat\u00e1nak 12 r\u00e9zkarca is, mely dr. Kamar\u00e1s L\u00e1szl\u00f3 orvos adom\u00e1nyak\u00e9nt d\u00edsz\u00edti ezent\u00fal a Klinika falait.<br \/>\n<span style=\"color: #993366\"><em>A ki\u00e1ll\u00edt\u00e1s mindenki sz\u00e1m\u00e1ra nyitott \u00e9s 2018 december k\u00f6zep\u00e9ig szabadon l\u00e1togathat\u00f3 az \u00e9p\u00fclet magasf\u00f6ldszinti aul\u00e1j\u00e1ban.<\/em><\/span><\/p>\n<p style=\"text-align: justify\"><a href=\"https:\/\/semmelweis.hu\/borklinika\/files\/2018\/09\/41158215_2085512618431203_2509856120437211136_o.jpg\" target=\"_blank\" rel=\"noopener noreferrer\"><img loading=\"lazy\" decoding=\"async\" class=\"alignright wp-image-3667\" src=\"https:\/\/semmelweis.hu\/borklinika\/files\/2018\/09\/41158215_2085512618431203_2509856120437211136_o-300x225.jpg\" alt=\"\" width=\"237\" height=\"178\" srcset=\"https:\/\/semmelweis.hu\/borklinika\/files\/2018\/09\/41158215_2085512618431203_2509856120437211136_o-300x225.jpg 300w, https:\/\/semmelweis.hu\/borklinika\/files\/2018\/09\/41158215_2085512618431203_2509856120437211136_o-768x576.jpg 768w, https:\/\/semmelweis.hu\/borklinika\/files\/2018\/09\/41158215_2085512618431203_2509856120437211136_o-1024x768.jpg 1024w, https:\/\/semmelweis.hu\/borklinika\/files\/2018\/09\/41158215_2085512618431203_2509856120437211136_o-400x300.jpg 400w, https:\/\/semmelweis.hu\/borklinika\/files\/2018\/09\/41158215_2085512618431203_2509856120437211136_o.jpg 2048w\" sizes=\"auto, (max-width: 237px) 100vw, 237px\" \/><\/a>Az <a href=\"https:\/\/semmelweis.hu\/borklinika\/125ev\/emlekpad-avatas\/\" target=\"_blank\" rel=\"noopener noreferrer\">eml\u00e9kpad avat\u00e1ssal<\/a> egybek\u00f6t\u00f6tt \u00fcnnep\u00e9lyes megnyit\u00f3n prof. dr. S\u00e1rdy Mikl\u00f3s igazgat\u00f3 mondott besz\u00e9det, majd ezt k\u00f6vet\u0151en sor ker\u00fclt egy, a 125 \u00e9ves \u00fcnneps\u00e9gsorozat alkalm\u00e1b\u00f3l, Verebics Katalin\u00a0fest\u0151m\u0171v\u00e9sz ecsetje \u00e1ltal megalkotott festm\u00e9ny \u00e1tad\u00e1s\u00e1ra is. A portr\u00e9, melyet a m\u0171v\u00e9szn\u0151 a Klinik\u00e1nak aj\u00e1nd\u00e9kozott, t\u00f6k\u00e9letesen t\u00fckr\u00f6zi k\u00fcldet\u00e9s\u00fcnk egyik fontos pill\u00e9r\u00e9t, a b\u0151r\u00fcnkre, az anyajegyekre val\u00f3 odafigyel\u00e9st.<\/p>\n<p><a href=\"https:\/\/semmelweis.hu\/borklinika\/files\/2018\/11\/45563377_485319015322789_2430553522161319936_n.jpg\" target=\"_blank\" rel=\"noopener noreferrer\"><img loading=\"lazy\" decoding=\"async\" class=\"alignleft wp-image-4070 \" src=\"https:\/\/semmelweis.hu\/borklinika\/files\/2018\/11\/45563377_485319015322789_2430553522161319936_n-168x300.jpg\" alt=\"\" width=\"108\" height=\"193\" srcset=\"https:\/\/semmelweis.hu\/borklinika\/files\/2018\/11\/45563377_485319015322789_2430553522161319936_n-168x300.jpg 168w, https:\/\/semmelweis.hu\/borklinika\/files\/2018\/11\/45563377_485319015322789_2430553522161319936_n-768x1371.jpg 768w, https:\/\/semmelweis.hu\/borklinika\/files\/2018\/11\/45563377_485319015322789_2430553522161319936_n-573x1024.jpg 573w, https:\/\/semmelweis.hu\/borklinika\/files\/2018\/11\/45563377_485319015322789_2430553522161319936_n.jpg 1120w\" sizes=\"auto, (max-width: 108px) 100vw, 108px\" \/><\/a>A XIX. sz\u00e1zad elej\u00e9n elterjed\u0151, a klinikai gyakorlatban \u00e9s oktat\u00e1sban ezid\u0151t\u00e1jt alkalmazott orvosi illusztr\u00e1ci\u00f3k m\u0171v\u00e9szet\u00e9be ny\u00fajt betekint\u00e9st <em>M\u0171v\u00e9szet \u00e9s Medicina<\/em> c\u00edmmel rendezett ki\u00e1ll\u00edt\u00e1sunk, mely k\u00f6nyvt\u00e1runk \u00e1llom\u00e1ny\u00e1ban l\u00e9v\u0151, az 1860-as \u00e9vekben megjelent <em>New Sydenham Society\u2019s Atlas of Diseases of the skin<\/em> c\u00edm\u0171 albumb\u00f3l v\u00e1logat szakmabeliek \u00e9s \u00e9rdekl\u0151d\u0151k sz\u00e1m\u00e1ra egyar\u00e1nt.<\/p>\n<p><em><span style=\"color: #993366\">A ki\u00e1ll\u00edt\u00e1s 2018. december k\u00f6zep\u00e9ig, nyilv\u00e1nos el\u0151ad\u00e1saink idej\u00e9n tekinthet\u0151 meg a B\u0151rklinika udvari tanterm\u00e9ben.<\/span><\/em><\/p>\n<p>&nbsp;<\/p>\n<p style=\"text-align: justify\"><span style=\"color: #000000;font-size: 12pt\">Eml\u00e9kki\u00e1ll\u00edt\u00e1sunk beker\u00fclt a 2018. november 5-30. k\u00f6z\u00f6tt megrendez\u00e9sre ker\u00fcl\u0151 <strong>Magyar Tudom\u00e1ny \u00dcnnepe<\/strong> rendezv\u00e9nysorozat programj\u00e1ba, melynek idei tematik\u00e1ja\u00a0<em>\u201eTudom\u00e1ny hat\u00e1rok n\u00e9lk\u00fcl\u201d.\u00a0<\/p>\n<p><\/em><\/span><span style=\"color: #333399\">A ki\u00e1ll\u00edt\u00e1sr\u00f3l \u00e9s festm\u00e9ny \u00e1tad\u00e1sr\u00f3l k\u00e9sz\u00fclt k\u00e9pes \u00f6sszefoglal\u00f3t megtekinthetik <strong><a href=\"https:\/\/photos.app.goo.gl\/XAxtk7xjXBcBjkhL6\" target=\"_blank\" rel=\"noopener noreferrer\">itt<\/a>.<\/strong><\/span><\/p>\n<p>&nbsp;<\/p>\n<p style=\"text-align: justify\"><a href=\"https:\/\/semmelweis.hu\/borklinika\/files\/2018\/06\/KI\u00c1LL\u00cdT\u00c1S-MEGH\u00cdV\u00d3_1.jpg\" target=\"_blank\" rel=\"noopener noreferrer\"><img loading=\"lazy\" decoding=\"async\" class=\"wp-image-3333  alignleft\" src=\"https:\/\/semmelweis.hu\/borklinika\/files\/2018\/06\/KI\u00c1LL\u00cdT\u00c1S-MEGH\u00cdV\u00d3_1-212x300.jpg\" alt=\"\" width=\"251\" height=\"355\" srcset=\"https:\/\/semmelweis.hu\/borklinika\/files\/2018\/06\/KI\u00c1LL\u00cdT\u00c1S-MEGH\u00cdV\u00d3_1-212x300.jpg 212w, https:\/\/semmelweis.hu\/borklinika\/files\/2018\/06\/KI\u00c1LL\u00cdT\u00c1S-MEGH\u00cdV\u00d3_1-768x1086.jpg 768w, https:\/\/semmelweis.hu\/borklinika\/files\/2018\/06\/KI\u00c1LL\u00cdT\u00c1S-MEGH\u00cdV\u00d3_1-724x1024.jpg 724w\" sizes=\"auto, (max-width: 251px) 100vw, 251px\" \/><\/a><\/p>\n<p style=\"text-align: justify\">\u00a0<\/p>\n<p>&nbsp;<\/p>\n<p>&nbsp;<\/p>\n<p>&nbsp;<\/p>\n<p>&nbsp;<\/p>\n<p>&nbsp;<\/p>\n<p>&nbsp;<\/p>\n<p>&nbsp;<\/p>\n<p>&nbsp;<\/p>\n<p>&nbsp;<\/p>\n<p>A ki\u00e1ll\u00edt\u00e1s l\u00e9trehoz\u00e1s\u00e1ban k\u00f6zrem\u0171k\u00f6dnek:<\/p>\n<ul>\n<li style=\"text-align: justify\">OTP Bank * N\u00e9k\u00e1m Alap\u00edtv\u00e1ny * Convention Budapest Kft. * Baska Barbara * Semmelweis Egyetem K\u00f6zponti Lev\u00e9lt\u00e1r * SE K\u00f6zponti K\u00f6nyvt\u00e1r * F\u0151v\u00e1rosi Szab\u00f3 Ervin K\u00f6nyvt\u00e1r * F\u0151v\u00e1rosi Szab\u00f3 Ervin K\u00f6nyvt\u00e1r Budapest Gy\u0171jtem\u00e9ny\u00a0* Arcanum Adatb\u00e1zis Kft. * Fortepan * K\u00d6E\u00c9 * MNM Semmelweis Orvost\u00f6rt\u00e9neti M\u00fazeum, K\u00f6nyvt\u00e1r \u00e9s Adatt\u00e1r * MNM T\u00f6rt\u00e9neti F\u00e9nyk\u00e9pt\u00e1r * Verebics Katalin, fest\u0151m\u0171v\u00e9sz * dr. Kamar\u00e1s L\u00e1szl\u00f3, orvos *\n<\/li>\n<\/ul>\n<table style=\"height: 161px\">\n<tbody>\n<tr>\n<td style=\"width: 231px\">\u00a0<a href=\"https:\/\/semmelweis.hu\/borklinika\/files\/2018\/04\/otpbank_log_horiz_CM.jpg.jpg\"><img loading=\"lazy\" decoding=\"async\" class=\"wp-image-2681 alignleft\" src=\"https:\/\/semmelweis.hu\/borklinika\/files\/2018\/04\/otpbank_log_horiz_CM.jpg-300x63.jpg\" alt=\"\" width=\"238\" height=\"50\" srcset=\"https:\/\/semmelweis.hu\/borklinika\/files\/2018\/04\/otpbank_log_horiz_CM.jpg-300x63.jpg 300w, https:\/\/semmelweis.hu\/borklinika\/files\/2018\/04\/otpbank_log_horiz_CM.jpg-768x161.jpg 768w, https:\/\/semmelweis.hu\/borklinika\/files\/2018\/04\/otpbank_log_horiz_CM.jpg-1024x215.jpg 1024w, https:\/\/semmelweis.hu\/borklinika\/files\/2018\/04\/otpbank_log_horiz_CM.jpg-580x122.jpg 580w\" sizes=\"auto, (max-width: 238px) 100vw, 238px\" \/><\/a><\/td>\n<td style=\"width: 215px\"><a href=\"https:\/\/semmelweis.hu\/borklinika\/125ev\/unnepi-ev-programja\/convention-logo\/\"><img loading=\"lazy\" decoding=\"async\" class=\"wp-image-2288  alignleft\" src=\"https:\/\/semmelweis.hu\/borklinika\/files\/2018\/03\/convention-logo.png\" alt=\"\" width=\"209\" height=\"106\" \/><\/a><\/td>\n<td style=\"width: 300px\"><a href=\"https:\/\/semmelweis.hu\/borklinika\/files\/2018\/06\/logo.jpg\"><img loading=\"lazy\" decoding=\"async\" class=\"wp-image-3317 alignleft\" src=\"https:\/\/semmelweis.hu\/borklinika\/files\/2018\/06\/logo.jpg\" alt=\"\" width=\"137\" height=\"140\" \/><\/a><\/td>\n<\/tr>\n<tr style=\"height: 24px\">\n<td style=\"width: 231px;height: 24px\"><a href=\"https:\/\/semmelweis.hu\/borklinika\/files\/2018\/06\/logo-fszek.png\"><img loading=\"lazy\" decoding=\"async\" class=\" wp-image-3312 alignleft\" src=\"https:\/\/semmelweis.hu\/borklinika\/files\/2018\/06\/logo-fszek-300x300.png\" alt=\"\" width=\"119\" height=\"119\" srcset=\"https:\/\/semmelweis.hu\/borklinika\/files\/2018\/06\/logo-fszek-300x300.png 300w, https:\/\/semmelweis.hu\/borklinika\/files\/2018\/06\/logo-fszek-150x150.png 150w, https:\/\/semmelweis.hu\/borklinika\/files\/2018\/06\/logo-fszek-144x144.png 144w, https:\/\/semmelweis.hu\/borklinika\/files\/2018\/06\/logo-fszek-90x90.png 90w, https:\/\/semmelweis.hu\/borklinika\/files\/2018\/06\/logo-fszek.png 452w\" sizes=\"auto, (max-width: 119px) 100vw, 119px\" \/><\/a><\/td>\n<td style=\"width: 215px;height: 24px\"><a href=\"https:\/\/semmelweis.hu\/borklinika\/files\/2018\/06\/logo-adt-big.png\"><img loading=\"lazy\" decoding=\"async\" class=\" wp-image-3325 alignleft\" src=\"https:\/\/semmelweis.hu\/borklinika\/files\/2018\/06\/logo-adt-big-300x52.png\" alt=\"\" width=\"242\" height=\"42\" srcset=\"https:\/\/semmelweis.hu\/borklinika\/files\/2018\/06\/logo-adt-big-300x52.png 300w, https:\/\/semmelweis.hu\/borklinika\/files\/2018\/06\/logo-adt-big-768x134.png 768w, https:\/\/semmelweis.hu\/borklinika\/files\/2018\/06\/logo-adt-big-580x101.png 580w, https:\/\/semmelweis.hu\/borklinika\/files\/2018\/06\/logo-adt-big.png 799w\" sizes=\"auto, (max-width: 242px) 100vw, 242px\" \/><\/a><\/td>\n<td style=\"width: 300px;height: 24px\"><a href=\"https:\/\/semmelweis.hu\/borklinika\/files\/2018\/07\/fortepan_logo_bw.jpg\"><img loading=\"lazy\" decoding=\"async\" class=\"alignnone  wp-image-3466\" src=\"https:\/\/semmelweis.hu\/borklinika\/files\/2018\/07\/fortepan_logo_bw-300x224.jpg\" alt=\"\" width=\"124\" height=\"92\" srcset=\"https:\/\/semmelweis.hu\/borklinika\/files\/2018\/07\/fortepan_logo_bw-300x224.jpg 300w, https:\/\/semmelweis.hu\/borklinika\/files\/2018\/07\/fortepan_logo_bw-768x574.jpg 768w, https:\/\/semmelweis.hu\/borklinika\/files\/2018\/07\/fortepan_logo_bw-1024x765.jpg 1024w, https:\/\/semmelweis.hu\/borklinika\/files\/2018\/07\/fortepan_logo_bw-401x300.jpg 401w, https:\/\/semmelweis.hu\/borklinika\/files\/2018\/07\/fortepan_logo_bw.jpg 1417w\" sizes=\"auto, (max-width: 124px) 100vw, 124px\" \/><\/a><\/td>\n<\/tr>\n<tr>\n<td style=\"width: 231px\"><a href=\"https:\/\/semmelweis.hu\/borklinika\/files\/2018\/02\/5A901F3B.PODOM07.PO07.200.2000072.1.95021.1@45-5A901F3C.PODOM07.PO07.100.1787035.1.28B.1@1-7.PODOM07.PO07.100.0.1.0.1@16.png\"><img loading=\"lazy\" decoding=\"async\" class=\"wp-image-2062 alignleft\" src=\"https:\/\/semmelweis.hu\/borklinika\/files\/2018\/02\/5A901F3B.PODOM07.PO07.200.2000072.1.95021.1@45-5A901F3C.PODOM07.PO07.100.1787035.1.28B.1@1-7.PODOM07.PO07.100.0.1.0.1@16-300x228.png\" alt=\"\" width=\"149\" height=\"113\" srcset=\"https:\/\/semmelweis.hu\/borklinika\/files\/2018\/02\/5A901F3B.PODOM07.PO07.200.2000072.1.95021.1@45-5A901F3C.PODOM07.PO07.100.1787035.1.28B.1@1-7.PODOM07.PO07.100.0.1.0.1@16-300x228.png 300w, https:\/\/semmelweis.hu\/borklinika\/files\/2018\/02\/5A901F3B.PODOM07.PO07.200.2000072.1.95021.1@45-5A901F3C.PODOM07.PO07.100.1787035.1.28B.1@1-7.PODOM07.PO07.100.0.1.0.1@16-395x300.png 395w, https:\/\/semmelweis.hu\/borklinika\/files\/2018\/02\/5A901F3B.PODOM07.PO07.200.2000072.1.95021.1@45-5A901F3C.PODOM07.PO07.100.1787035.1.28B.1@1-7.PODOM07.PO07.100.0.1.0.1@16.png 462w\" sizes=\"auto, (max-width: 149px) 100vw, 149px\" \/><\/a><\/td>\n<td style=\"width: 215px\"><a href=\"https:\/\/semmelweis.hu\/borklinika\/files\/2018\/06\/logo_mnmsom.jpg\"><img loading=\"lazy\" decoding=\"async\" class=\"wp-image-3311 alignleft\" src=\"https:\/\/semmelweis.hu\/borklinika\/files\/2018\/06\/logo_mnmsom-300x95.jpg\" alt=\"\" width=\"234\" height=\"74\" srcset=\"https:\/\/semmelweis.hu\/borklinika\/files\/2018\/06\/logo_mnmsom-300x95.jpg 300w, https:\/\/semmelweis.hu\/borklinika\/files\/2018\/06\/logo_mnmsom-768x242.jpg 768w, https:\/\/semmelweis.hu\/borklinika\/files\/2018\/06\/logo_mnmsom-1024x323.jpg 1024w, https:\/\/semmelweis.hu\/borklinika\/files\/2018\/06\/logo_mnmsom-580x183.jpg 580w\" sizes=\"auto, (max-width: 234px) 100vw, 234px\" \/><\/a><\/td>\n<td style=\"width: 300px\"><a href=\"https:\/\/semmelweis.hu\/borklinika\/files\/2018\/09\/MT\u00dc.png\"><img loading=\"lazy\" decoding=\"async\" class=\"alignnone  wp-image-3783\" src=\"https:\/\/semmelweis.hu\/borklinika\/files\/2018\/09\/MT\u00dc-300x198.png\" alt=\"\" width=\"191\" height=\"126\" srcset=\"https:\/\/semmelweis.hu\/borklinika\/files\/2018\/09\/MT\u00dc-300x198.png 300w, https:\/\/semmelweis.hu\/borklinika\/files\/2018\/09\/MT\u00dc-768x506.png 768w, https:\/\/semmelweis.hu\/borklinika\/files\/2018\/09\/MT\u00dc-1024x675.png 1024w, https:\/\/semmelweis.hu\/borklinika\/files\/2018\/09\/MT\u00dc-455x300.png 455w\" sizes=\"auto, (max-width: 191px) 100vw, 191px\" \/><\/a><\/td>\n<\/tr>\n<\/tbody>\n<\/table>\n","protected":false},"excerpt":{"rendered":"<p>2018. szeptember 6-t\u00f3l l\u00e1that\u00f3 a B\u0151rklinika 125 \u00e9ves t\u00f6rt\u00e9net\u00e9t \u00f6sszefoglal\u00f3 ki\u00e1ll\u00edt\u00e1sunk,\u00a0mely bemutatja a B\u0151rgy\u00f3gy\u00e1szati Klinika \u00e9p\u00fclet\u00e9r\u0151l \u00f6sszegy\u0171jt\u00f6tt k\u00e9panyagot az 1893-2018 id\u0151szakb\u00f3l. A Klinika igazgat\u00f3ir\u00f3l k\u00e9sz\u00fclt portr\u00e9fot\u00f3k mellett az elm\u00falt 125 \u00e9vben itt dolgoz\u00f3 koll\u00e9g\u00e1kr\u00f3l fennmaradt arch\u00edv \u00e9s sz\u00ednes k\u00e9peket is megtekintheti a nagyk\u00f6z\u00f6ns\u00e9g.\u00a0 <a href=\"https:\/\/semmelweis.hu\/borklinika\/files\/2018\/09\/41026145_2085512671764531_1837386532487430144_o.jpg\" target=\"_blank\" rel=\"noopener noreferrer\"><\/a> A ki\u00e1ll\u00edt\u00e1s &#8211; mely h\u00e1rom korszakra bontva mutatja be a Klinika igazgat\u00f3it, &hellip;<\/p>\n","protected":false},"author":101274,"featured_media":0,"parent":4405,"menu_order":12,"comment_status":"closed","ping_status":"closed","template":"","meta":{"_acf_changed":false,"footnotes":""},"categories":[],"tags":[],"class_list":["post-2082","page","type-page","status-publish","hentry"],"acf":[],"_links":{"self":[{"href":"https:\/\/semmelweis.hu\/borklinika\/wp-json\/wp\/v2\/pages\/2082","targetHints":{"allow":["GET"]}}],"collection":[{"href":"https:\/\/semmelweis.hu\/borklinika\/wp-json\/wp\/v2\/pages"}],"about":[{"href":"https:\/\/semmelweis.hu\/borklinika\/wp-json\/wp\/v2\/types\/page"}],"author":[{"embeddable":true,"href":"https:\/\/semmelweis.hu\/borklinika\/wp-json\/wp\/v2\/users\/101274"}],"replies":[{"embeddable":true,"href":"https:\/\/semmelweis.hu\/borklinika\/wp-json\/wp\/v2\/comments?post=2082"}],"version-history":[{"count":10,"href":"https:\/\/semmelweis.hu\/borklinika\/wp-json\/wp\/v2\/pages\/2082\/revisions"}],"predecessor-version":[{"id":8181,"href":"https:\/\/semmelweis.hu\/borklinika\/wp-json\/wp\/v2\/pages\/2082\/revisions\/8181"}],"up":[{"embeddable":true,"href":"https:\/\/semmelweis.hu\/borklinika\/wp-json\/wp\/v2\/pages\/4405"}],"wp:attachment":[{"href":"https:\/\/semmelweis.hu\/borklinika\/wp-json\/wp\/v2\/media?parent=2082"}],"wp:term":[{"taxonomy":"category","embeddable":true,"href":"https:\/\/semmelweis.hu\/borklinika\/wp-json\/wp\/v2\/categories?post=2082"},{"taxonomy":"post_tag","embeddable":true,"href":"https:\/\/semmelweis.hu\/borklinika\/wp-json\/wp\/v2\/tags?post=2082"}],"curies":[{"name":"wp","href":"https:\/\/api.w.org\/{rel}","templated":true}]}}