{"id":202,"date":"2014-05-12T16:45:17","date_gmt":"2014-05-12T16:45:17","guid":{"rendered":"http:\/\/semmelweis.hu\/borklinika\/?page_id=202"},"modified":"2025-06-10T09:21:22","modified_gmt":"2025-06-10T07:21:22","slug":"onkodermatologiai-alapitvany","status":"publish","type":"page","link":"https:\/\/semmelweis.hu\/borklinika\/magunkrol\/a-klinika-alapitvanyai\/onkodermatologiai-alapitvany\/","title":{"rendered":"Onkodermatol\u00f3giai Alap\u00edtv\u00e1ny"},"content":{"rendered":"<p align=\"justify\">Az alap\u00edtv\u00e1ny c\u00e9lja a rosszindulat\u00fa, k\u00fcl\u00f6n\u00f6sen a fest\u00e9kes b\u0151rdaganatok felismer\u00e9s\u00e9nek \u00e9s kezel\u00e9s\u00e9nek eredm\u00e9nyesebb\u00e9 t\u00e9tele, az onkol\u00f3giai betegell\u00e1t\u00e1s k\u00f6r\u00fclm\u00e9nyeinek jav\u00edt\u00e1sa, az eg\u00e9szs\u00e9g\u00fcgyi felvil\u00e1gos\u00edt\u00e1s \u00e9s prevenci\u00f3.\u00a0<\/p>\n<p align=\"justify\">AZ ALAP\u00cdTV\u00c1NY SZ\u00c9KHELYE:\u00a0<\/p>\n<p align=\"justify\">Semmelweis Egyetem B\u0151r-, Nemik\u00f3rtani \u00e9s B\u0151ronkol\u00f3giai Klinika,\u00a01085 Budapest, M\u00e1ria u. 41.\u00a0<\/p>\n<p align=\"justify\">Az alap\u00edtv\u00e1ny adatai:\u00a0<\/p>\n<ul>\n<li>K\u00f6zhaszn\u00fas\u00e1gi fokozata: nem k\u00f6zhaszn\u00fa\u00a0<\/li>\n<li>Alap\u00edt\u00e1s \u00e9ve: 1993.<\/li>\n<li>Sz\u00e1mlasz\u00e1m: 10300002-20361747-00003285 (MBH Bank)<\/li>\n<li>Ad\u00f3sz\u00e1m: 18054152-1-42<\/li>\n<li>Szervezet nyilv\u00e1ntart\u00e1si sz\u00e1ma: 01-01-0004437<\/li>\n<\/ul>\n<p align=\"justify\">A Kurat\u00f3rium tagjai:\u00a0<\/p>\n<ul type=\"DISC\">\n<li>Dr. Kuroli Enik\u0151, klinikai f\u0151orvos\u00a0&#8211; eln\u00f6k<\/li>\n<li>Dr. Somlai Be\u00e1ta, ny. egyetemi docens<\/li>\n<li>Talmaci Mikl\u00f3sn\u00e9 M\u00fcller M\u00e1ria Eleon\u00f3ra, onkol\u00f3giai szakasszisztens<\/li>\n<\/ul>\n<p align=\"justify\">AZ ALAP\u00cdTV\u00c1NY C\u00c9LJA \u00c9S TEV\u00c9KENYS\u00c9GE:\u00a0<\/p>\n<p align=\"justify\">Az Alap\u00edtv\u00e1ny c\u00e9lja a rosszindulat\u00fa, k\u00fcl\u00f6n\u00f6sen a fest\u00e9kes b\u0151rdaganatok felismer\u00e9s\u00e9nek \u00e9s kezel\u00e9s\u00e9nek eredm\u00e9nyesebb\u00e9 t\u00e9tele, valamint az onkol\u00f3giai betegell\u00e1t\u00e1s k\u00f6r\u00fclm\u00e9nyeinek jav\u00edt\u00e1sa a B\u0151rklinik\u00e1n.\u00a0<\/p>\n<p align=\"justify\">Ennek \u00e9rdek\u00e9ben az elm\u00falt \u00e9vek sor\u00e1n a II. emeleti k\u00e9t onkol\u00f3giai rendel\u0151t fel\u00faj\u00edttattuk, a VII. emeleti Onkol\u00f3giai Oszt\u00e1lyon elv\u00e9geztett\u00fck a fest\u00e9st \u00e9s m\u00e1zol\u00e1st. Az oszt\u00e1lyra k\u00e9t nagy\u00e9rt\u00e9k\u0171 inf\u00fazi\u00f3s pump\u00e1t, v\u00e9rcukorm\u00e9r\u0151t, dermatoszk\u00f3pot, betegsz\u00e1ll\u00edt\u00f3 kocsit, mikrohull\u00e1m\u00fa s\u00fct\u0151t \u00e9s \u00e9telsz\u00e1ll\u00edt\u00f3 kocsit szerezt\u00fcnk be.<\/p>\n<p align=\"justify\">\u00c9veken \u00e1t biztos\u00edtottuk a legfontosabb higi\u00e9n\u00e9s \u00e9s munkav\u00e9delmi eszk\u00f6z\u00f6ket (k\u00f6peny, maszk).<\/p>\n<p align=\"justify\">Az anyajegyek korszer\u0171 vizsg\u00e1lat\u00e1hoz \u00e9s ellen\u0151rz\u00e9s\u00e9hez digitalis videodermatoszk\u00f3pot v\u00e1s\u00e1roltunk.<\/p>\n<p align=\"justify\">A rendel\u0151kbe a b\u0151rdaganatok kezel\u00e9s\u00e9hez sz\u00fcks\u00e9ges elektromos k\u00e9sz\u00fcl\u00e9ket, t\u00f6bb foly\u00e9kony nitrog\u00e9nnel m\u0171k\u00f6d\u0151 fagyaszt\u00f3 k\u00e9sz\u00fcl\u00e9ket \u00e9s k\u00e9zi m\u0171szert szerezt\u00fcnk be. Korszer\u0171s\u00edtett\u00fck a rendel\u0151 vil\u00e1g\u00edt\u00e1s\u00e1t, sz\u00e1m\u00edt\u00f3g\u00e9pet, nyomtat\u00f3kat, sz\u00e9keket \u00e9s szalagf\u00fcgg\u00f6ny\u00f6ket, a folyos\u00f3ra j\u00f3l tiszt\u00edthat\u00f3\u00a0f\u00e9mpadokat v\u00e1s\u00e1roltunk.<\/p>\n<p align=\"justify\">Beszerezt\u00fck a cytol\u00f3giai vizsg\u00e1lathoz sz\u00fcks\u00e9ges aspir\u00e1ci\u00f3s pisztolyt, valamint a M\u0171t\u0151 r\u00e9sz\u00e9re oll\u00f3kat \u00e9s t\u0171fog\u00f3kat v\u00e1s\u00e1roltunk.\u00a0<\/p>\n<p align=\"justify\">\u00c9veken \u00e1t biztos\u00edtottuk t\u00f6bb onkol\u00f3giai szakdolgoz\u00f3nk orsz\u00e1gos tov\u00e1bbk\u00e9pz\u00e9sen val\u00f3 r\u00e9szv\u00e9tel\u00e9nek anyagi h\u00e1tter\u00e9t.\u00a0<\/p>\n<p align=\"justify\">Az Alap\u00edtv\u00e1ny fontos tev\u00e9kenys\u00e9ge a b\u0151rdaganatokkal kapcsolatos felvil\u00e1gos\u00edt\u00e1s \u00e9s prevenci\u00f3. Ennek \u00e9rdek\u00e9ben egy alkalommal betegt\u00e1j\u00e9koztat\u00f3 sz\u00f3r\u00f3lapot adtunk ki, rendszeresen r\u00e9sztvesz\u00fcnk az un. Melanoma Nap orsz\u00e1gos sz\u0171r\u0151programj\u00e1ban. Munkat\u00e1rsaink sz\u00e1mos, a b\u0151rdaganatok megel\u0151z\u00e9s\u00e9re ir\u00e1nyul\u00f3 szakmai f\u00f3rumon szerepelnek. \u00a0<\/p>\n","protected":false},"excerpt":{"rendered":"<p>Az alap\u00edtv\u00e1ny c\u00e9lja a rosszindulat\u00fa, k\u00fcl\u00f6n\u00f6sen a fest\u00e9kes b\u0151rdaganatok felismer\u00e9s\u00e9nek \u00e9s kezel\u00e9s\u00e9nek eredm\u00e9nyesebb\u00e9 t\u00e9tele, az onkol\u00f3giai betegell\u00e1t\u00e1s k\u00f6r\u00fclm\u00e9nyeinek jav\u00edt\u00e1sa, az eg\u00e9szs\u00e9g\u00fcgyi felvil\u00e1gos\u00edt\u00e1s \u00e9s prevenci\u00f3.\u00a0 AZ ALAP\u00cdTV\u00c1NY SZ\u00c9KHELYE:\u00a0 Semmelweis Egyetem B\u0151r-, Nemik\u00f3rtani \u00e9s B\u0151ronkol\u00f3giai Klinika,\u00a01085 Budapest, M\u00e1ria u. 41.\u00a0 Az alap\u00edtv\u00e1ny adatai:\u00a0 K\u00f6zhaszn\u00fas\u00e1gi fokozata: nem k\u00f6zhaszn\u00fa\u00a0 Alap\u00edt\u00e1s \u00e9ve: 1993. Sz\u00e1mlasz\u00e1m: 10300002-20361747-00003285 (MBH Bank) Ad\u00f3sz\u00e1m: 18054152-1-42 Szervezet &hellip;<\/p>\n","protected":false},"author":101242,"featured_media":0,"parent":191,"menu_order":3,"comment_status":"closed","ping_status":"closed","template":"","meta":{"_acf_changed":false,"footnotes":""},"categories":[],"tags":[],"class_list":["post-202","page","type-page","status-publish","hentry"],"acf":[],"_links":{"self":[{"href":"https:\/\/semmelweis.hu\/borklinika\/wp-json\/wp\/v2\/pages\/202","targetHints":{"allow":["GET"]}}],"collection":[{"href":"https:\/\/semmelweis.hu\/borklinika\/wp-json\/wp\/v2\/pages"}],"about":[{"href":"https:\/\/semmelweis.hu\/borklinika\/wp-json\/wp\/v2\/types\/page"}],"author":[{"embeddable":true,"href":"https:\/\/semmelweis.hu\/borklinika\/wp-json\/wp\/v2\/users\/101242"}],"replies":[{"embeddable":true,"href":"https:\/\/semmelweis.hu\/borklinika\/wp-json\/wp\/v2\/comments?post=202"}],"version-history":[{"count":7,"href":"https:\/\/semmelweis.hu\/borklinika\/wp-json\/wp\/v2\/pages\/202\/revisions"}],"predecessor-version":[{"id":13040,"href":"https:\/\/semmelweis.hu\/borklinika\/wp-json\/wp\/v2\/pages\/202\/revisions\/13040"}],"up":[{"embeddable":true,"href":"https:\/\/semmelweis.hu\/borklinika\/wp-json\/wp\/v2\/pages\/191"}],"wp:attachment":[{"href":"https:\/\/semmelweis.hu\/borklinika\/wp-json\/wp\/v2\/media?parent=202"}],"wp:term":[{"taxonomy":"category","embeddable":true,"href":"https:\/\/semmelweis.hu\/borklinika\/wp-json\/wp\/v2\/categories?post=202"},{"taxonomy":"post_tag","embeddable":true,"href":"https:\/\/semmelweis.hu\/borklinika\/wp-json\/wp\/v2\/tags?post=202"}],"curies":[{"name":"wp","href":"https:\/\/api.w.org\/{rel}","templated":true}]}}