{"id":1977,"date":"2018-02-14T14:56:46","date_gmt":"2018-02-14T13:56:46","guid":{"rendered":"http:\/\/semmelweis.hu\/borklinika\/?page_id=1977"},"modified":"2021-01-15T12:34:56","modified_gmt":"2021-01-15T11:34:56","slug":"melanoma-napja","status":"publish","type":"page","link":"https:\/\/semmelweis.hu\/borklinika\/magunkrol\/a-klinika-tortenete\/125-eves-a-borklinika\/melanoma-napja\/","title":{"rendered":"Melanoma napja"},"content":{"rendered":"<p style=\"text-align: justify\">\u00dcnnepi \u00e9v\u00fcnk 2018. m\u00e1jus 11-\u00e9n megrendezett esem\u00e9nye a nagy \u00e9rdekl\u0151d\u00e9ssel \u00f6vezett Melanoma napja volt.<br \/>\nA telt h\u00e1zzal megrendezett esem\u00e9nyen el\u0151ad\u00e1st hallhattunk a f\u00e9nyv\u00e9delemr\u0151l \u00e9s az UV f\u00e9ny szerep\u00e9r\u0151l a b\u0151rdaganatok kialakul\u00e1s\u00e1ban, a melanom\u00e1r\u00f3l \u00e1ltal\u00e1noss\u00e1gban, a melanoma modern kezel\u00e9si lehet\u0151s\u00e9geir\u0151l, illetve a prevenci\u00f3s \u00e9s felvil\u00e1gos\u00edt\u00f3 kamp\u00e1nyokr\u00f3l. A k\u00f6z\u00f6ns\u00e9g \u00e9rdekl\u0151d\u00e9s\u00e9t j\u00f3l mutatta az el\u0151ad\u00e1sok ut\u00e1n feltett sz\u00e1mos k\u00e9rd\u00e9s.\u00a0<\/p>\n<p style=\"text-align: justify\"><span style=\"color: #333399\"><strong><a href=\"https:\/\/photos.app.goo.gl\/jP5SZ5wXy3Dk8TJk9\" target=\"_blank\" rel=\"noopener noreferrer\"><em>A rendezv\u00e9nyen k\u00e9sz\u00fclt fot\u00f3k el\u00e9rhet\u0151k itt<\/em><\/a><\/strong><\/span><\/p>\n<p style=\"text-align: justify\"><a href=\"https:\/\/semmelweis.hu\/borklinika\/files\/2018\/03\/logo_euromelanoma_0.png\"><img loading=\"lazy\" decoding=\"async\" class=\" wp-image-2399 alignright\" src=\"https:\/\/semmelweis.hu\/borklinika\/files\/2018\/03\/logo_euromelanoma_0.png\" alt=\"\" width=\"107\" height=\"107\" srcset=\"https:\/\/semmelweis.hu\/borklinika\/files\/2018\/03\/logo_euromelanoma_0.png 266w, https:\/\/semmelweis.hu\/borklinika\/files\/2018\/03\/logo_euromelanoma_0-150x150.png 150w, https:\/\/semmelweis.hu\/borklinika\/files\/2018\/03\/logo_euromelanoma_0-144x144.png 144w, https:\/\/semmelweis.hu\/borklinika\/files\/2018\/03\/logo_euromelanoma_0-90x90.png 90w\" sizes=\"auto, (max-width: 107px) 100vw, 107px\" \/><\/a>Az Onkodermatol\u00f3giai R\u00e9szleg el\u0151ad\u00e1sai az EuroMelanoma het\u00e9ben ker\u00fcltek megrendez\u00e9sre, mely programba Klinik\u00e1nk orvosai is \u00f6nk\u00e9ntesen csatlakoztak <strong>ingyenes anyajegysz\u0171r\u00e9ssel<\/strong>.\u00a0\u00a0<br \/>\nA Klinik\u00e1n 150 f\u0151\u00a0 vett r\u00e9szt a vizsg\u00e1laton, s ennek sor\u00e1n t\u00f6bbekn\u00e9l olyan anyajegyet diagnosztiz\u00e1ltunk, melyekb\u0151l k\u00e9s\u0151bb ak\u00e1r melanoma is kialakulhat, ezek elt\u00e1vol\u00edt\u00e1s\u00e1t javasoltuk.<\/p>\n<figure id=\"attachment_2331\" aria-describedby=\"caption-attachment-2331\" style=\"width: 251px\" class=\"wp-caption alignleft\"><a href=\"https:\/\/semmelweis.hu\/borklinika\/files\/2018\/03\/pool-690034_640.jpg\"><img loading=\"lazy\" decoding=\"async\" class=\"wp-image-2331\" src=\"https:\/\/semmelweis.hu\/borklinika\/files\/2018\/03\/pool-690034_640-300x200.jpg\" alt=\"\" width=\"251\" height=\"167\" srcset=\"https:\/\/semmelweis.hu\/borklinika\/files\/2018\/03\/pool-690034_640-300x200.jpg 300w, https:\/\/semmelweis.hu\/borklinika\/files\/2018\/03\/pool-690034_640-451x300.jpg 451w, https:\/\/semmelweis.hu\/borklinika\/files\/2018\/03\/pool-690034_640.jpg 640w\" sizes=\"auto, (max-width: 251px) 100vw, 251px\" \/><\/a><figcaption id=\"caption-attachment-2331\" class=\"wp-caption-text\"><span style=\"font-size: 8pt\">Forr\u00e1s: https:\/\/pixabay.com\/hu<\/span>\/<\/figcaption><\/figure>\n<p style=\"text-align: justify\">A melanoma az emberi szervezet egyik legrosszabb indulat\u00fa daganata, a fest\u00e9ket termel\u0151 sejtekb\u0151l indul ki. Kialakul\u00e1s\u00e1ban sz\u00e1mos t\u00e9nyez\u0151 mellett a napf\u00e9nynek is igazolt a hat\u00e1sa. Emiatt l\u00e9nyeges, hogy a lakoss\u00e1g megfelel\u0151 ismereteket szerezzen a betegs\u00e9gr\u0151l, annak megel\u0151z\u00e9s\u00e9nek lehets\u00e9ges m\u00f3djair\u00f3l.\u00a0<br \/>\nA melanoma egyetlen biztosan hat\u00e1sos kezel\u00e9se mind a mai napig az id\u0151ben t\u00f6rt\u00e9nt felismer\u00e9st k\u00f6vet\u0151en v\u00e9gzett seb\u00e9szi elt\u00e1vol\u00edt\u00e1s. Ugyanakkor a betegs\u00e9g kialakul\u00e1s\u00e1nak r\u00e9szleteir\u0151l egyre pontosabb tud\u00e1ssal rendelkez\u00fcnk, mely elvezetett \u00faj m\u00f3don hat\u00f3 c\u00e9lzott \u00e9s immunkezel\u00e9sek megalkot\u00e1s\u00e1hoz. M\u00e1r el\u00e9rhet\u0151ek azok az ilyen m\u00f3don hat\u00f3 gy\u00f3gyszerek, melyek r\u00e9v\u00e9n a s\u00falyos, \u00e1tt\u00e9tes melanom\u00e1ban szenved\u0151k is hat\u00e1sosan kezelhet\u0151k.\u00a0<\/p>\n<p style=\"text-align: justify\"><em>A rendezv\u00e9ny t\u00e1mogat\u00f3i voltak: LaRoche-Posay, Coca Cola , Eucerin. Ez\u00faton is k\u00f6sz\u00f6nj\u00fck seg\u00edts\u00e9g\u00fcket!<br \/>\n<\/em><\/p>\n<p style=\"text-align: justify\"><strong>El\u0151ad\u00e1saink:\u00a0<\/strong><\/p>\n<ol>\n<li style=\"text-align: justify\">Dr. Gergely Hunor: F\u00e9nyv\u00e9delem \u00e9s az UV f\u00e9ny szerepe a b\u0151rdaganatok kialakul\u00e1s\u00e1ban\u00a0<\/li>\n<li style=\"text-align: justify\">Dr. Kuzmanovszki Daniella: Melanoma malignumr\u00f3l \u00e1ltal\u00e1noss\u00e1gban<\/li>\n<li style=\"text-align: justify\">Dr. Holl\u00f3 P\u00e9ter: Melanoma malignum: t\u00e9nyleg nincs kezel\u00e9s?<\/li>\n<li style=\"text-align: justify\">Prof. Dr. Wikonk\u00e1l Norbert: Korszer\u0171 f\u00e9nyv\u00e9delem \u00e9s prevenci\u00f3s, felvil\u00e1gos\u00edt\u00f3 kamp\u00e1nyok a La Roche-Posayt\u00f3l <em>(szponzor\u00e1lt el\u0151ad\u00e1s)<\/em><\/li>\n<\/ol>\n<p>&nbsp;<\/p>\n<p><a href=\"https:\/\/semmelweis.hu\/borklinika\/files\/2018\/04\/125plakat-melanoma-final.jpg\" target=\"_blank\" rel=\"noopener noreferrer\"><img loading=\"lazy\" decoding=\"async\" class=\"aligncenter wp-image-2516\" src=\"https:\/\/semmelweis.hu\/borklinika\/files\/2018\/04\/125plakat-melanoma-final-212x300.jpg\" alt=\"\" width=\"341\" height=\"482\" srcset=\"https:\/\/semmelweis.hu\/borklinika\/files\/2018\/04\/125plakat-melanoma-final-212x300.jpg 212w, https:\/\/semmelweis.hu\/borklinika\/files\/2018\/04\/125plakat-melanoma-final-768x1086.jpg 768w, https:\/\/semmelweis.hu\/borklinika\/files\/2018\/04\/125plakat-melanoma-final-724x1024.jpg 724w, https:\/\/semmelweis.hu\/borklinika\/files\/2018\/04\/125plakat-melanoma-final.jpg 1488w\" sizes=\"auto, (max-width: 341px) 100vw, 341px\" \/><\/a><\/p>\n<p>&nbsp;<\/p>\n<p><span style=\"font-size: 14pt\"><strong>Az el\u0151ad\u00e1s napja: <\/strong><strong>2018<\/strong>.<strong> m\u00e1jus 11. 13:30-15:00<sup>\u00a0<\/sup><\/strong><\/span><\/p>\n<p>A rendezv\u00e9ny t\u00e1mogat\u00f3ja:\u00a0<\/p>\n<p><img loading=\"lazy\" decoding=\"async\" class=\"alignnone  wp-image-2509\" src=\"https:\/\/semmelweis.hu\/borklinika\/files\/2018\/04\/Eucerin-300x111-300x111.jpg\" alt=\"\" width=\"238\" height=\"88\" \/><a href=\"https:\/\/semmelweis.hu\/borklinika\/files\/2018\/04\/CCHBC-Hungary-3000x200-LOGO.jpg\"><img loading=\"lazy\" decoding=\"async\" class=\"wp-image-2507 alignleft\" src=\"https:\/\/semmelweis.hu\/borklinika\/files\/2018\/04\/CCHBC-Hungary-3000x200-LOGO-300x45.jpg\" alt=\"\" width=\"273\" height=\"41\" srcset=\"https:\/\/semmelweis.hu\/borklinika\/files\/2018\/04\/CCHBC-Hungary-3000x200-LOGO-300x45.jpg 300w, https:\/\/semmelweis.hu\/borklinika\/files\/2018\/04\/CCHBC-Hungary-3000x200-LOGO-768x115.jpg 768w, https:\/\/semmelweis.hu\/borklinika\/files\/2018\/04\/CCHBC-Hungary-3000x200-LOGO-1024x154.jpg 1024w, https:\/\/semmelweis.hu\/borklinika\/files\/2018\/04\/CCHBC-Hungary-3000x200-LOGO-580x87.jpg 580w, https:\/\/semmelweis.hu\/borklinika\/files\/2018\/04\/CCHBC-Hungary-3000x200-LOGO.jpg 2000w\" sizes=\"auto, (max-width: 273px) 100vw, 273px\" \/><\/a>\u200b<\/p>\n<table>\n<tbody>\n<tr>\n<td><img loading=\"lazy\" decoding=\"async\" class=\"wp-image-1791 alignleft\" src=\"https:\/\/semmelweis.hu\/borklinika\/files\/2018\/01\/La_Roche_Posay-300x182.jpg\" alt=\"\" width=\"188\" height=\"114\" srcset=\"https:\/\/semmelweis.hu\/borklinika\/files\/2018\/01\/La_Roche_Posay-300x182.jpg 300w, https:\/\/semmelweis.hu\/borklinika\/files\/2018\/01\/La_Roche_Posay.jpg 337w\" sizes=\"auto, (max-width: 188px) 100vw, 188px\" \/>\u00a0<\/td>\n<td>&nbsp;<\/td>\n<\/tr>\n<tr>\n<td>&nbsp;<\/td>\n<td>&nbsp;<\/td>\n<\/tr>\n<\/tbody>\n<\/table>\n<p style=\"text-align: left\">A program szervez\u0151je:<\/p>\n<p style=\"text-align: left\">Dr. Holl\u00f3 P\u00e9ter<br \/>\nigazgat\u00f3helyettes, egyetemi docens,\u00a0onkol\u00f3gus<\/p>\n<p>&nbsp;<\/p>\n","protected":false},"excerpt":{"rendered":"<p>\u00dcnnepi \u00e9v\u00fcnk 2018. m\u00e1jus 11-\u00e9n megrendezett esem\u00e9nye a nagy \u00e9rdekl\u0151d\u00e9ssel \u00f6vezett Melanoma napja volt. A telt h\u00e1zzal megrendezett esem\u00e9nyen el\u0151ad\u00e1st hallhattunk a f\u00e9nyv\u00e9delemr\u0151l \u00e9s az UV f\u00e9ny szerep\u00e9r\u0151l a b\u0151rdaganatok kialakul\u00e1s\u00e1ban, a melanom\u00e1r\u00f3l \u00e1ltal\u00e1noss\u00e1gban, a melanoma modern kezel\u00e9si lehet\u0151s\u00e9geir\u0151l, illetve a prevenci\u00f3s \u00e9s felvil\u00e1gos\u00edt\u00f3 kamp\u00e1nyokr\u00f3l. A k\u00f6z\u00f6ns\u00e9g \u00e9rdekl\u0151d\u00e9s\u00e9t j\u00f3l mutatta az el\u0151ad\u00e1sok ut\u00e1n feltett sz\u00e1mos &hellip;<\/p>\n","protected":false},"author":101274,"featured_media":0,"parent":4405,"menu_order":5,"comment_status":"closed","ping_status":"closed","template":"","meta":{"_acf_changed":false,"footnotes":""},"categories":[],"tags":[],"class_list":["post-1977","page","type-page","status-publish","hentry"],"acf":[],"_links":{"self":[{"href":"https:\/\/semmelweis.hu\/borklinika\/wp-json\/wp\/v2\/pages\/1977","targetHints":{"allow":["GET"]}}],"collection":[{"href":"https:\/\/semmelweis.hu\/borklinika\/wp-json\/wp\/v2\/pages"}],"about":[{"href":"https:\/\/semmelweis.hu\/borklinika\/wp-json\/wp\/v2\/types\/page"}],"author":[{"embeddable":true,"href":"https:\/\/semmelweis.hu\/borklinika\/wp-json\/wp\/v2\/users\/101274"}],"replies":[{"embeddable":true,"href":"https:\/\/semmelweis.hu\/borklinika\/wp-json\/wp\/v2\/comments?post=1977"}],"version-history":[{"count":10,"href":"https:\/\/semmelweis.hu\/borklinika\/wp-json\/wp\/v2\/pages\/1977\/revisions"}],"predecessor-version":[{"id":8174,"href":"https:\/\/semmelweis.hu\/borklinika\/wp-json\/wp\/v2\/pages\/1977\/revisions\/8174"}],"up":[{"embeddable":true,"href":"https:\/\/semmelweis.hu\/borklinika\/wp-json\/wp\/v2\/pages\/4405"}],"wp:attachment":[{"href":"https:\/\/semmelweis.hu\/borklinika\/wp-json\/wp\/v2\/media?parent=1977"}],"wp:term":[{"taxonomy":"category","embeddable":true,"href":"https:\/\/semmelweis.hu\/borklinika\/wp-json\/wp\/v2\/categories?post=1977"},{"taxonomy":"post_tag","embeddable":true,"href":"https:\/\/semmelweis.hu\/borklinika\/wp-json\/wp\/v2\/tags?post=1977"}],"curies":[{"name":"wp","href":"https:\/\/api.w.org\/{rel}","templated":true}]}}