{"id":191,"date":"2014-05-12T16:30:44","date_gmt":"2014-05-12T16:30:44","guid":{"rendered":"http:\/\/semmelweis.hu\/borklinika\/?page_id=191"},"modified":"2017-02-20T15:07:28","modified_gmt":"2017-02-20T14:07:28","slug":"a-klinika-alapitvanyai","status":"publish","type":"page","link":"https:\/\/semmelweis.hu\/borklinika\/magunkrol\/a-klinika-alapitvanyai\/","title":{"rendered":"A klinika alap\u00edtv\u00e1nyai"},"content":{"rendered":"<ul>\n<li><a href=\"https:\/\/semmelweis.hu\/borklinika\/magunkrol\/a-klinika-alapitvanyai\/nekam-alapitvany\/\"><strong>N\u00e9k\u00e1m Alap\u00edtv\u00e1ny<\/strong><br \/>\n <\/a>Az alap\u00edtv\u00e1ny c\u00e9lja a SE B\u0151r-, Nemik\u00f3rtani \u00e9s B\u0151ronkol\u00f3giai Klinik\u00e1n zajl\u00f3 gy\u00f3gy\u00edt\u00e1si, kutat\u00e1si, oktat\u00e1si \u00e9s innov\u00e1ci\u00f3s tev\u00e9kenys\u00e9gek felt\u00e9teleinek jav\u00edt\u00e1sa, hi\u00e1nyz\u00f3 profilok megteremt\u00e9se, illetve a B\u0151rklinika ing\u00f3 \u00e9s ingatlan eszk\u00f6z\u00e1llom\u00e1ny\u00e1nak fel\u00faj\u00edt\u00e1sa, moderniz\u00e1l\u00e1sa, a betegell\u00e1t\u00e1s korszer\u0171s\u00edt\u00e9se, \u00faj kezel\u00e9si m\u00f3dok bevezet\u00e9se, ehhez a technikai felt\u00e9telek ki\u00e9p\u00edt\u00e9se, a b\u0151rgy\u00f3gy\u00e1szati szakk\u00e9pz\u00e9s h\u00e1zon bel\u00fcli korszer\u0171s\u00edt\u00e9se, \u00e9s a betegell\u00e1t\u00e1s min\u0151s\u00e9g\u00e9nek jav\u00edt\u00e1sa.<br \/>\n <a href=\"https:\/\/semmelweis.hu\/borklinika\/magunkrol\/a-klinika-alapitvanyai\/nekam-alapitvany\/\">B\u0151vebben&#8230;<\/a>\u00a0<\/li>\n<\/ul>\n<ul>\n<li><a href=\"https:\/\/semmelweis.hu\/borklinika\/magunkrol\/a-klinika-alapitvanyai\/onkodermatologiai-alapitvany\/\"><strong>Onkodermatol\u00f3giai Alap\u00edtv\u00e1ny<\/strong><br \/>\n <\/a><span style=\"color: #000000\">Az alap\u00edtv\u00e1ny c\u00e9lja a rosszindulat\u00fa, k\u00fcl\u00f6n\u00f6sen a fest\u00e9kes b\u0151rdaganatok felismer\u00e9s\u00e9nek \u00e9s kezel\u00e9s\u00e9nek eredm\u00e9nyesebb\u00e9 t\u00e9tele, az onkol\u00f3giai betegell\u00e1t\u00e1s k\u00f6r\u00fclm\u00e9nyeinek jav\u00edt\u00e1sa, az eg\u00e9szs\u00e9g\u00fcgyi felvil\u00e1gos\u00edt\u00e1s \u00e9s prevenci\u00f3.<br \/>\n <a href=\"https:\/\/semmelweis.hu\/borklinika\/magunkrol\/a-klinika-alapitvanyai\/onkodermatologiai-alapitvany\/\">B\u0151vebben&#8230;<\/a><br \/>\n <\/span><a href=\"https:\/\/semmelweis.hu\/borklinika\/magunkrol\/a-klinika-alapitvanyai\/onkodermatologiai-alapitvany\/\"><br \/>\n <\/a><\/li>\n<li><a href=\"https:\/\/semmelweis.hu\/borklinika\/magunkrol\/a-klinika-alapitvanyai\/prof-dr-foldvari-ferenc-alapitvany\/\"><strong>Prof. Dr. F\u00f6ldv\u00e1ri Ferenc Alap\u00edtv\u00e1ny<\/strong><br \/>\n <\/a>Az alap\u00edtv\u00e1ny c\u00e9lja a<span style=\"color: #000000\">\u00a0fiatal b\u0151rgy\u00f3gy\u00e1sz szakorvosok t\u00e1mogat\u00e1sa.<br \/>\n <a href=\"https:\/\/semmelweis.hu\/borklinika\/magunkrol\/a-klinika-alapitvanyai\/prof-dr-foldvari-ferenc-alapitvany\/\">B\u0151vebben&#8230;<\/a><\/span><\/li>\n<\/ul>\n<ul>\n<li><strong><a href=\"https:\/\/semmelweis.hu\/borklinika\/magunkrol\/a-klinika-alapitvanyai\/magyar-borgyogyaszok-fekete-zoltan-alapitvanya\/\">Magyar B\u0151rgy\u00f3gy\u00e1szok \u201eFekete Zolt\u00e1n\u201d Alap\u00edtv\u00e1nya<\/a><\/strong><br \/>\nAz Alap\u00edtv\u00e1ny c\u00e9lja a\u00a0hazai b\u0151rgy\u00f3gy\u00e1szati \u00e9s venerol\u00f3giai betegell\u00e1t\u00e1s fejleszt\u00e9se \u00e9s jav\u00edt\u00e1sa. <br \/>\n<a href=\"https:\/\/semmelweis.hu\/borklinika\/magunkrol\/a-klinika-alapitvanyai\/magyar-borgyogyaszok-fekete-zoltan-alapitvanya\/\">B\u0151vebben&#8230;<\/a><\/li>\n<\/ul>\n","protected":false},"excerpt":{"rendered":"<p><a href=\"https:\/\/semmelweis.hu\/borklinika\/magunkrol\/a-klinika-alapitvanyai\/nekam-alapitvany\/\">N\u00e9k\u00e1m Alap\u00edtv\u00e1ny <\/a>Az alap\u00edtv\u00e1ny c\u00e9lja a SE B\u0151r-, Nemik\u00f3rtani \u00e9s B\u0151ronkol\u00f3giai Klinik\u00e1n zajl\u00f3 gy\u00f3gy\u00edt\u00e1si, kutat\u00e1si, oktat\u00e1si \u00e9s innov\u00e1ci\u00f3s tev\u00e9kenys\u00e9gek felt\u00e9teleinek jav\u00edt\u00e1sa, hi\u00e1nyz\u00f3 profilok megteremt\u00e9se, illetve a B\u0151rklinika ing\u00f3 \u00e9s ingatlan eszk\u00f6z\u00e1llom\u00e1ny\u00e1nak fel\u00faj\u00edt\u00e1sa, moderniz\u00e1l\u00e1sa, a betegell\u00e1t\u00e1s korszer\u0171s\u00edt\u00e9se, \u00faj kezel\u00e9si m\u00f3dok bevezet\u00e9se, ehhez a technikai felt\u00e9telek ki\u00e9p\u00edt\u00e9se, a b\u0151rgy\u00f3gy\u00e1szati szakk\u00e9pz\u00e9s h\u00e1zon bel\u00fcli korszer\u0171s\u00edt\u00e9se, \u00e9s a betegell\u00e1t\u00e1s &hellip;<\/p>\n","protected":false},"author":101242,"featured_media":0,"parent":187,"menu_order":2,"comment_status":"closed","ping_status":"closed","template":"","meta":{"_acf_changed":false,"footnotes":""},"categories":[],"tags":[],"class_list":["post-191","page","type-page","status-publish","hentry"],"acf":[],"_links":{"self":[{"href":"https:\/\/semmelweis.hu\/borklinika\/wp-json\/wp\/v2\/pages\/191","targetHints":{"allow":["GET"]}}],"collection":[{"href":"https:\/\/semmelweis.hu\/borklinika\/wp-json\/wp\/v2\/pages"}],"about":[{"href":"https:\/\/semmelweis.hu\/borklinika\/wp-json\/wp\/v2\/types\/page"}],"author":[{"embeddable":true,"href":"https:\/\/semmelweis.hu\/borklinika\/wp-json\/wp\/v2\/users\/101242"}],"replies":[{"embeddable":true,"href":"https:\/\/semmelweis.hu\/borklinika\/wp-json\/wp\/v2\/comments?post=191"}],"version-history":[{"count":10,"href":"https:\/\/semmelweis.hu\/borklinika\/wp-json\/wp\/v2\/pages\/191\/revisions"}],"predecessor-version":[{"id":1126,"href":"https:\/\/semmelweis.hu\/borklinika\/wp-json\/wp\/v2\/pages\/191\/revisions\/1126"}],"up":[{"embeddable":true,"href":"https:\/\/semmelweis.hu\/borklinika\/wp-json\/wp\/v2\/pages\/187"}],"wp:attachment":[{"href":"https:\/\/semmelweis.hu\/borklinika\/wp-json\/wp\/v2\/media?parent=191"}],"wp:term":[{"taxonomy":"category","embeddable":true,"href":"https:\/\/semmelweis.hu\/borklinika\/wp-json\/wp\/v2\/categories?post=191"},{"taxonomy":"post_tag","embeddable":true,"href":"https:\/\/semmelweis.hu\/borklinika\/wp-json\/wp\/v2\/tags?post=191"}],"curies":[{"name":"wp","href":"https:\/\/api.w.org\/{rel}","templated":true}]}}