{"id":15,"date":"2012-02-01T10:59:53","date_gmt":"2012-02-01T09:59:53","guid":{"rendered":"http:\/\/semmelweis-egyetem.hu\/borklinika\/?page_id=15"},"modified":"2025-09-24T13:20:09","modified_gmt":"2025-09-24T11:20:09","slug":"informaci-hallgatoknak","status":"publish","type":"page","link":"https:\/\/semmelweis.hu\/borklinika\/informaci-hallgatoknak\/","title":{"rendered":"Oktat\u00e1s"},"content":{"rendered":"<p style=\"text-align: justify\">A B\u0151r-, Nemik\u00f3rtani \u00e9s B\u0151ronkol\u00f3giai Klinika r\u00e9szt vesz a gradu\u00e1lis \u00e9s a posztgradu\u00e1lis orvos- \u00e9s szakorvosk\u00e9pz\u00e9sben, magyar-, angol-, \u00e9s n\u00e9met nyelven.\u00a0<\/p>\n<p style=\"text-align: justify\"><strong>Hallgat\u00f3i titk\u00e1rs\u00e1g (4. emelet): <\/strong>Zsid\u00e1kovits Etelka<br \/>\n<span style=\"font-size: 15pt\">F\u00e9lfogad\u00e1si id\u0151: H-Sz: 9.00-12.00, K-CS: 12.00-14.00<\/span><br \/>\n<span style=\"font-size: 15pt\">Telefonsz\u00e1m: <\/span><span style=\"font-size: 10pt\"><span style=\"font-size: 14pt\">459-1500\/ 55750, <\/span><\/span><span style=\"font-size: 1rem\">email: <\/span><a href=\"mailto:oktatas.bor@semmelweis.hu\"><span style=\"font-size: 14pt\">oktatas.bor@semmelweis.hu<\/span><\/a><\/p>\n<ul>\n<li><strong>Tank\u00f6nyv<\/strong>: K\u00e1rp\u00e1ti &#8211; Gyulai &#8211; Kem\u00e9ny &#8211; Remenyik &#8211; S\u00e1rdy : B\u0151rgy\u00f3gy\u00e1szat \u00e9s venerol\u00f3gia. Medicina, 2019.<\/li>\n<li><strong>Aj\u00e1nlott irodalom<\/strong>:\u00a0\n<ul>\n<li>Temesv\u00e1ri Erzs\u00e9bet, K\u00e1rp\u00e1ti Sarolta: Gyakorlati allergol\u00f3gia (Semmelweis Kiad\u00f3 2009)<\/li>\n<li><a href=\"http:\/\/www.cyberderm.net\/\">http:\/\/www.cyberderm.net\/<\/a><\/li>\n<li><a href=\"http:\/\/lib.semmelweis.hu\">http:\/\/lib.semmelweis.hu<\/a> &#8211; OVID \u2013 Books \u2013 Fitzpatrick\u2019s Dermatology<\/li>\n<\/ul>\n<\/li>\n<\/ul>\n<p>Aj\u00e1nljuk hallgat\u00f3ink figyelm\u00e9be k\u00f6telez\u0151en, illetve szabadon v\u00e1laszthat\u00f3 kurzusainkat:<\/p>\n<ul>\n<li><a href=\"https:\/\/semmelweis.hu\/borklinika\/informaci-hallgatoknak\/szexualis-uton-terjedo-betegsegek-std-az-altalanos-orvosi-gyakorlatban\/\" target=\"_blank\" rel=\"noopener noreferrer\">Szexu\u00e1lis \u00faton terjed\u0151 betegs\u00e9gek \u2013 STD \u2013 az \u00e1ltal\u00e1nos orvosi gyakorlatban<\/a><\/li>\n<li>\n<p><a href=\"https:\/\/semmelweis.hu\/borklinika\/informaci-hallgatoknak\/gyakorlati-allergologia\/\" target=\"_blank\" rel=\"noopener noreferrer\">Gyakorlati Allergol\u00f3gia<\/a><\/p>\n<\/li>\n<\/ul>\n<p>A tantermi el\u0151ad\u00e1sok\u00a0online megtekinthet\u0151ek a K\u00f6zponti K\u00f6nyvt\u00e1r &#8222;Tud\u00e1sb\u00e1zis&#8221; men\u00fcpontja alatt (<a href=\"http:\/\/lib.semmelweis.hu\/nav\/tudasbazis\">http:\/\/lib.semmelweis.hu\/nav\/tudasbazis<\/a>), a B\u0151rgy\u00f3gy\u00e1szat c. tant\u00e1rgy kiv\u00e1laszt\u00e1s\u00e1t k\u00f6vet\u0151en.<\/p>\n","protected":false},"excerpt":{"rendered":"<p>A B\u0151r-, Nemik\u00f3rtani \u00e9s B\u0151ronkol\u00f3giai Klinika r\u00e9szt vesz a gradu\u00e1lis \u00e9s a posztgradu\u00e1lis orvos- \u00e9s szakorvosk\u00e9pz\u00e9sben, magyar-, angol-, \u00e9s n\u00e9met nyelven.\u00a0 Hallgat\u00f3i titk\u00e1rs\u00e1g (4. emelet): Zsid\u00e1kovits Etelka F\u00e9lfogad\u00e1si id\u0151: H-Sz: 9.00-12.00, K-CS: 12.00-14.00 Telefonsz\u00e1m: 459-1500\/ 55750, email: <a href=\"mailto:oktatas.bor@semmelweis.hu\">oktatas.bor@semmelweis.hu<\/a> Tank\u00f6nyv: K\u00e1rp\u00e1ti &#8211; Gyulai &#8211; Kem\u00e9ny &#8211; Remenyik &#8211; S\u00e1rdy : B\u0151rgy\u00f3gy\u00e1szat \u00e9s venerol\u00f3gia. Medicina, 2019. Aj\u00e1nlott irodalom:\u00a0 &hellip;<\/p>\n","protected":false},"author":101536,"featured_media":0,"parent":0,"menu_order":3,"comment_status":"closed","ping_status":"closed","template":"","meta":{"_acf_changed":false,"footnotes":""},"categories":[],"tags":[],"class_list":["post-15","page","type-page","status-publish","hentry"],"acf":[],"_links":{"self":[{"href":"https:\/\/semmelweis.hu\/borklinika\/wp-json\/wp\/v2\/pages\/15","targetHints":{"allow":["GET"]}}],"collection":[{"href":"https:\/\/semmelweis.hu\/borklinika\/wp-json\/wp\/v2\/pages"}],"about":[{"href":"https:\/\/semmelweis.hu\/borklinika\/wp-json\/wp\/v2\/types\/page"}],"author":[{"embeddable":true,"href":"https:\/\/semmelweis.hu\/borklinika\/wp-json\/wp\/v2\/users\/101536"}],"replies":[{"embeddable":true,"href":"https:\/\/semmelweis.hu\/borklinika\/wp-json\/wp\/v2\/comments?post=15"}],"version-history":[{"count":13,"href":"https:\/\/semmelweis.hu\/borklinika\/wp-json\/wp\/v2\/pages\/15\/revisions"}],"predecessor-version":[{"id":13189,"href":"https:\/\/semmelweis.hu\/borklinika\/wp-json\/wp\/v2\/pages\/15\/revisions\/13189"}],"wp:attachment":[{"href":"https:\/\/semmelweis.hu\/borklinika\/wp-json\/wp\/v2\/media?parent=15"}],"wp:term":[{"taxonomy":"category","embeddable":true,"href":"https:\/\/semmelweis.hu\/borklinika\/wp-json\/wp\/v2\/categories?post=15"},{"taxonomy":"post_tag","embeddable":true,"href":"https:\/\/semmelweis.hu\/borklinika\/wp-json\/wp\/v2\/tags?post=15"}],"curies":[{"name":"wp","href":"https:\/\/api.w.org\/{rel}","templated":true}]}}