{"id":1289,"date":"2017-05-10T15:00:20","date_gmt":"2017-05-10T13:00:20","guid":{"rendered":"http:\/\/semmelweis.hu\/borklinika\/?page_id=1289"},"modified":"2024-07-18T09:47:46","modified_gmt":"2024-07-18T07:47:46","slug":"diploma-thesis","status":"publish","type":"page","link":"https:\/\/semmelweis.hu\/borklinika\/en\/for-students\/diploma-thesis\/","title":{"rendered":"Diploma thesis"},"content":{"rendered":"<div class=\"keretes w-100\">\n<p>Please choose the thesis you are interested in and directly contact the supervisor assigned to the topic.\u00a0<\/p>\n<\/div>\n<ul>\n<li>\n<p><strong>Neutrophilic dermatoses in inflammatory bowel disease<\/strong><br \/>\nProf. Dr. S\u00e1rdy Mikl\u00f3s<\/p>\n<\/li>\n<li>\n<p><strong>Clinical features and treatment of alopecia areata<\/strong><br \/>\nProf. Dr. S\u00e1rdy Mikl\u00f3s<\/p>\n<\/li>\n<li>\n<p><strong>Clinical features and treatment of lichen sclerosus et atrophicus<\/strong><br \/>\nProf. Dr. S\u00e1rdy Mikl\u00f3s<\/p>\n<\/li>\n<li>\n<p><strong>Use of JAK inhibitors in dermatology<\/strong><br \/>\nProf. Dr. S\u00e1rdy Mikl\u00f3s<\/p>\n<\/li>\n<li>\n<p><strong>Cutaneous Lymphomas<\/strong><br \/>\nDr. Szakonyi J\u00f3zsef<\/p>\n<\/li>\n<li>\n<p><strong>On the Border of Good and Evil: Low-Grade Cutaneous Lymphomas<\/strong><br \/>\nDr. Szakonyi J\u00f3zsef<\/p>\n<\/li>\n<li>\n<p><strong>Folliculotropic Mycosis Fungoides<\/strong><br \/>\nDr. Szakonyi J\u00f3zsef<\/p>\n<\/li>\n<li>\n<p><strong>CD30 Positive Lymphoproliferative Disorders and Their Treatment<\/strong><br \/>\nDr. Szakonyi J\u00f3zsef<\/p>\n<\/li>\n<li>\n<p><strong>The Role of Superficial Radiotherapy in the Treatment of Cutaneous Lymphomas<\/strong><br \/>\nDr. Szakonyi J\u00f3zsef<\/p>\n<\/li>\n<li>\n<p><strong>Lymphoproliferative Diseases with Erythroderma<\/strong><br \/>\nDr. Szakonyi J\u00f3zsef<\/p>\n<\/li>\n<li>\n<p><strong>Non-Surgical Treatment of Basal Cell Carcinoma<\/strong><br \/>\nDr. Szakonyi J\u00f3zsef<\/p>\n<\/li>\n<li><strong>Non-Surgical Treatment of Squamous Cell Carcinoma and Its Precursors<\/strong>\n<p>Dr. Szakonyi J\u00f3zsef<\/p>\n<\/li>\n<li><strong>Non-Surgical Treatment of Lentigo Maligna<\/strong><br \/>\nDr. Szakonyi J\u00f3zsef<\/li>\n<li>\n<div class=\"lead\">\u00a0<\/div>\n<\/li>\n<\/ul>\n<p>Modified: July 2024<\/p>\n","protected":false},"excerpt":{"rendered":"<p>Please choose the thesis you are interested in and directly contact the supervisor assigned to the topic.\u00a0 Neutrophilic dermatoses in inflammatory bowel disease Prof. Dr. S\u00e1rdy Mikl\u00f3s Clinical features and treatment of alopecia areata Prof. Dr. S\u00e1rdy Mikl\u00f3s Clinical features and treatment of lichen sclerosus et atrophicus Prof. Dr. S\u00e1rdy Mikl\u00f3s Use of JAK inhibitors &hellip;<\/p>\n","protected":false},"author":101242,"featured_media":0,"parent":412,"menu_order":4,"comment_status":"closed","ping_status":"closed","template":"","meta":{"_acf_changed":false,"footnotes":""},"categories":[],"tags":[],"class_list":["post-1289","page","type-page","status-publish","hentry"],"acf":[],"_links":{"self":[{"href":"https:\/\/semmelweis.hu\/borklinika\/wp-json\/wp\/v2\/pages\/1289","targetHints":{"allow":["GET"]}}],"collection":[{"href":"https:\/\/semmelweis.hu\/borklinika\/wp-json\/wp\/v2\/pages"}],"about":[{"href":"https:\/\/semmelweis.hu\/borklinika\/wp-json\/wp\/v2\/types\/page"}],"author":[{"embeddable":true,"href":"https:\/\/semmelweis.hu\/borklinika\/wp-json\/wp\/v2\/users\/101242"}],"replies":[{"embeddable":true,"href":"https:\/\/semmelweis.hu\/borklinika\/wp-json\/wp\/v2\/comments?post=1289"}],"version-history":[{"count":10,"href":"https:\/\/semmelweis.hu\/borklinika\/wp-json\/wp\/v2\/pages\/1289\/revisions"}],"predecessor-version":[{"id":12313,"href":"https:\/\/semmelweis.hu\/borklinika\/wp-json\/wp\/v2\/pages\/1289\/revisions\/12313"}],"up":[{"embeddable":true,"href":"https:\/\/semmelweis.hu\/borklinika\/wp-json\/wp\/v2\/pages\/412"}],"wp:attachment":[{"href":"https:\/\/semmelweis.hu\/borklinika\/wp-json\/wp\/v2\/media?parent=1289"}],"wp:term":[{"taxonomy":"category","embeddable":true,"href":"https:\/\/semmelweis.hu\/borklinika\/wp-json\/wp\/v2\/categories?post=1289"},{"taxonomy":"post_tag","embeddable":true,"href":"https:\/\/semmelweis.hu\/borklinika\/wp-json\/wp\/v2\/tags?post=1289"}],"curies":[{"name":"wp","href":"https:\/\/api.w.org\/{rel}","templated":true}]}}