{"id":12812,"date":"2025-03-12T09:27:08","date_gmt":"2025-03-12T08:27:08","guid":{"rendered":"https:\/\/semmelweis.hu\/borklinika\/?page_id=12812"},"modified":"2025-05-15T08:29:48","modified_gmt":"2025-05-15T06:29:48","slug":"betegjogok","status":"publish","type":"page","link":"https:\/\/semmelweis.hu\/borklinika\/a-betegellatas-fo-profiljai\/fekvobeteg-ellatas\/betegjogok\/","title":{"rendered":"Betegjogok"},"content":{"rendered":"<p style=\"text-align: justify\">Az eg\u00e9szs\u00e9g\u00fcgyi ell\u00e1t\u00e1s sor\u00e1n mindenkit megilletnek a betegjogok. Az eg\u00e9szs\u00e9g\u00fcgyr\u0151l sz\u00f3l\u00f3 1997. \u00e9vi CLIV. t\u00f6rv\u00e9ny k\u00fcl\u00f6n fejezetben szab\u00e1lyozza a betegek jogait \u00e9s k\u00f6telezetts\u00e9geit.<\/p>\n<p>Tov\u00e1bbi inform\u00e1ci\u00f3: <a href=\"https:\/\/net.jogtar.hu\/jogszabaly?docid=99700154.tv\">https:\/\/net.jogtar.hu\/jogszabaly?docid=99700154.tv<\/a>\u00a0<\/p>\n<p>Betegjogi inform\u00e1ci\u00f3k: <a href=\"https:\/\/www.obdk.hu\/betegjog.html\">https:\/\/www.obdk.hu\/betegjog.html\u00a0<\/a><\/p>\n<p>&nbsp;<\/p>\n","protected":false},"excerpt":{"rendered":"<p>Az eg\u00e9szs\u00e9g\u00fcgyi ell\u00e1t\u00e1s sor\u00e1n mindenkit megilletnek a betegjogok. Az eg\u00e9szs\u00e9g\u00fcgyr\u0151l sz\u00f3l\u00f3 1997. \u00e9vi CLIV. t\u00f6rv\u00e9ny k\u00fcl\u00f6n fejezetben szab\u00e1lyozza a betegek jogait \u00e9s k\u00f6telezetts\u00e9geit.<br \/>\nTov\u00e1bbi inform\u00e1ci\u00f3: <a href=\"https:\/\/net.jogtar.hu\/jogszabaly?docid=99700154.tv\">https:\/\/net.jogtar.hu\/jogszabaly?docid=99700154.tv<\/a>\u00a0<br \/>\nBetegjogi inform\u00e1ci\u00f3k: <a href=\"https:\/\/www.obdk.hu\/betegjog.html\">https:\/\/www.obdk.hu\/betegjog.html\u00a0<\/a><br \/>\n&nbsp;<\/p>\n","protected":false},"author":101244,"featured_media":0,"parent":269,"menu_order":4,"comment_status":"closed","ping_status":"closed","template":"","meta":{"_acf_changed":false,"footnotes":""},"categories":[],"tags":[],"class_list":["post-12812","page","type-page","status-publish","hentry"],"acf":[],"_links":{"self":[{"href":"https:\/\/semmelweis.hu\/borklinika\/wp-json\/wp\/v2\/pages\/12812","targetHints":{"allow":["GET"]}}],"collection":[{"href":"https:\/\/semmelweis.hu\/borklinika\/wp-json\/wp\/v2\/pages"}],"about":[{"href":"https:\/\/semmelweis.hu\/borklinika\/wp-json\/wp\/v2\/types\/page"}],"author":[{"embeddable":true,"href":"https:\/\/semmelweis.hu\/borklinika\/wp-json\/wp\/v2\/users\/101244"}],"replies":[{"embeddable":true,"href":"https:\/\/semmelweis.hu\/borklinika\/wp-json\/wp\/v2\/comments?post=12812"}],"version-history":[{"count":9,"href":"https:\/\/semmelweis.hu\/borklinika\/wp-json\/wp\/v2\/pages\/12812\/revisions"}],"predecessor-version":[{"id":12958,"href":"https:\/\/semmelweis.hu\/borklinika\/wp-json\/wp\/v2\/pages\/12812\/revisions\/12958"}],"up":[{"embeddable":true,"href":"https:\/\/semmelweis.hu\/borklinika\/wp-json\/wp\/v2\/pages\/269"}],"wp:attachment":[{"href":"https:\/\/semmelweis.hu\/borklinika\/wp-json\/wp\/v2\/media?parent=12812"}],"wp:term":[{"taxonomy":"category","embeddable":true,"href":"https:\/\/semmelweis.hu\/borklinika\/wp-json\/wp\/v2\/categories?post=12812"},{"taxonomy":"post_tag","embeddable":true,"href":"https:\/\/semmelweis.hu\/borklinika\/wp-json\/wp\/v2\/tags?post=12812"}],"curies":[{"name":"wp","href":"https:\/\/api.w.org\/{rel}","templated":true}]}}