{"id":12094,"date":"2024-04-08T09:35:22","date_gmt":"2024-04-08T07:35:22","guid":{"rendered":"https:\/\/semmelweis.hu\/borklinika\/?page_id=12094"},"modified":"2026-03-11T11:47:13","modified_gmt":"2026-03-11T10:47:13","slug":"intezkedesi-terv-fok","status":"publish","type":"page","link":"https:\/\/semmelweis.hu\/borklinika\/intezkedesi-terv-fok\/","title":{"rendered":"Int\u00e9zked\u00e9si terv FOK"},"content":{"rendered":"<p>A 2024\/2025-\u00f6s tan\u00e9vre vonatkoz\u00f3 int\u00e9zked\u00e9si terv <a href=\"https:\/\/semmelweis.hu\/borklinika\/files\/2026\/03\/SKM_C22726031012580.pdf\" target=\"_blank\" rel=\"noopener\">IDE <\/a>kattintva \u00e9rhet\u0151 el.\u00a0<\/p>\n<p>&nbsp;<\/p>\n","protected":false},"excerpt":{"rendered":"<p>A 2024\/2025-\u00f6s tan\u00e9vre vonatkoz\u00f3 int\u00e9zked\u00e9si terv <a href=\"https:\/\/semmelweis.hu\/borklinika\/files\/2026\/03\/SKM_C22726031012580.pdf\" target=\"_blank\" rel=\"noopener\">IDE <\/a>kattintva \u00e9rhet\u0151 el.\u00a0<br \/>\n&nbsp;<\/p>\n","protected":false},"author":101274,"featured_media":0,"parent":0,"menu_order":0,"comment_status":"closed","ping_status":"closed","template":"","meta":{"_acf_changed":false,"footnotes":""},"categories":[],"tags":[],"class_list":["post-12094","page","type-page","status-publish","hentry"],"acf":[],"_links":{"self":[{"href":"https:\/\/semmelweis.hu\/borklinika\/wp-json\/wp\/v2\/pages\/12094","targetHints":{"allow":["GET"]}}],"collection":[{"href":"https:\/\/semmelweis.hu\/borklinika\/wp-json\/wp\/v2\/pages"}],"about":[{"href":"https:\/\/semmelweis.hu\/borklinika\/wp-json\/wp\/v2\/types\/page"}],"author":[{"embeddable":true,"href":"https:\/\/semmelweis.hu\/borklinika\/wp-json\/wp\/v2\/users\/101274"}],"replies":[{"embeddable":true,"href":"https:\/\/semmelweis.hu\/borklinika\/wp-json\/wp\/v2\/comments?post=12094"}],"version-history":[{"count":5,"href":"https:\/\/semmelweis.hu\/borklinika\/wp-json\/wp\/v2\/pages\/12094\/revisions"}],"predecessor-version":[{"id":13447,"href":"https:\/\/semmelweis.hu\/borklinika\/wp-json\/wp\/v2\/pages\/12094\/revisions\/13447"}],"wp:attachment":[{"href":"https:\/\/semmelweis.hu\/borklinika\/wp-json\/wp\/v2\/media?parent=12094"}],"wp:term":[{"taxonomy":"category","embeddable":true,"href":"https:\/\/semmelweis.hu\/borklinika\/wp-json\/wp\/v2\/categories?post=12094"},{"taxonomy":"post_tag","embeddable":true,"href":"https:\/\/semmelweis.hu\/borklinika\/wp-json\/wp\/v2\/tags?post=12094"}],"curies":[{"name":"wp","href":"https:\/\/api.w.org\/{rel}","templated":true}]}}