{"id":1209,"date":"2017-04-19T10:14:46","date_gmt":"2017-04-19T08:14:46","guid":{"rendered":"http:\/\/semmelweis.hu\/borklinika\/?page_id=1209"},"modified":"2024-03-27T13:53:56","modified_gmt":"2024-03-27T12:53:56","slug":"folyamatban-levo-tdk","status":"publish","type":"page","link":"https:\/\/semmelweis.hu\/borklinika\/informaci-hallgatoknak\/tdk\/folyamatban-levo-tdk\/","title":{"rendered":"Folyamatban l\u00e9v\u0151 TDK munk\u00e1k"},"content":{"rendered":"<table style=\"width: 115.35%;\" width=\"1173\">\n<tbody>\n<tr>\n<td style=\"width: 37.0872%;\" width=\"237\">Hallgat\u00f3 neve<\/td>\n<td style=\"width: 43.5607%;\" width=\"246\">T\u00e9mavezet\u0151 neve<\/td>\n<\/tr>\n<tr>\n<td style=\"width: 37.0872%;\">Cs\u00e1bi Zs\u00f3fia Erzs\u00e9bet<\/td>\n<td style=\"width: 43.5607%;\">Dr. P\u00f3nyai Gy\u00f6rgyi, Dr. Kem\u00e9ny Lajos<\/td>\n<\/tr>\n<tr>\n<td style=\"width: 37.0872%;\">Cs\u00e1k Zolt\u00e1n<\/td>\n<td style=\"width: 43.5607%;\">Prof. Dr. S\u00e1rdy Mikl\u00f3s<\/td>\n<\/tr>\n<tr>\n<td style=\"width: 37.0872%;\">\u00c9rseki Tamara<\/td>\n<td style=\"width: 43.5607%;\">dr. B\u00e1nv\u00f6lgyi And\u00e1s<\/td>\n<\/tr>\n<tr>\n<td style=\"width: 37.0872%;\">Falucskai Lilla<\/td>\n<td style=\"width: 43.5607%;\">Prof. Dr. Holl\u00f3 P\u00e9ter<\/td>\n<\/tr>\n<tr>\n<td style=\"width: 37.0872%;\">HALLAK Jessy\u00a0<\/td>\n<td style=\"width: 43.5607%;\">Dr. Mikl\u00f3s S\u00e1rdy<\/td>\n<\/tr>\n<tr>\n<td style=\"width: 37.0872%;\">Hamilton-Meikle Phyllida Kerstin<\/td>\n<td style=\"width: 43.5607%;\">Dr. Kiss Norbi<\/td>\n<\/tr>\n<tr>\n<td style=\"width: 37.0872%;\">Kerekes Krisztina<\/td>\n<td style=\"width: 43.5607%;\">Dr. Medvecz M\u00e1rta<\/td>\n<\/tr>\n<tr>\n<td style=\"width: 37.0872%;\">Kolonics M\u00e1ria Veronika<\/td>\n<td style=\"width: 43.5607%;\">Prof. Dr. Holl\u00f3 P\u00e9ter<\/td>\n<\/tr>\n<tr>\n<td style=\"width: 37.0872%;\">Krebs M\u00e1t\u00e9<\/td>\n<td style=\"width: 43.5607%;\">Dr. Kem\u00e9ny Lajos\u00a0<\/td>\n<\/tr>\n<tr>\n<td style=\"width: 37.0872%;\">Kucera Judith Helene Maria<\/td>\n<td style=\"width: 43.5607%;\">Dr. T\u00f3th Veronika M\u00e1ria<\/td>\n<\/tr>\n<tr>\n<td style=\"width: 37.0872%;\">Makk Gr\u00e9ta M\u00e1ria<\/td>\n<td style=\"width: 43.5607%;\">Dr P\u00f3nyai Gy\u00f6rgyi<\/td>\n<\/tr>\n<tr>\n<td style=\"width: 37.0872%;\">M\u00e9sz\u00e1ros Mirtill Alexa<\/td>\n<td style=\"width: 43.5607%;\">Dr. P\u00f3nyai Gy\u00f6rgyi<\/td>\n<\/tr>\n<tr>\n<td style=\"width: 37.0872%;\">Metyovinyi Zseraldin<\/td>\n<td style=\"width: 43.5607%;\">Dr. Medvecz M\u00e1rta<\/td>\n<\/tr>\n<tr>\n<td style=\"width: 37.0872%;\">Miskovic Barbara<\/td>\n<td style=\"width: 43.5607%;\">Dr. P\u00f3nyai Gy\u00f6rgyi<\/td>\n<\/tr>\n<tr>\n<td style=\"width: 37.0872%;\">Nyir\u00e1dy Loretta Enik\u0151<\/td>\n<td style=\"width: 43.5607%;\">Dr. B\u00e1nv\u00f6lgyi Andr\u00e1s \u00e9s Prof. Dr. Holl\u00f3 P\u00e9ter<\/td>\n<\/tr>\n<tr>\n<td style=\"width: 37.0872%;\">P\u00e9ter Petra Nikolett<\/td>\n<td style=\"width: 43.5607%;\">Dr. Kem\u00e9ny Lajos<\/td>\n<\/tr>\n<tr>\n<td style=\"width: 37.0872%;\">S\u00fcveges Nat\u00e1lia Veronika<\/td>\n<td style=\"width: 43.5607%;\">\u00a0<\/td>\n<\/tr>\n<tr>\n<td style=\"width: 37.0872%;\">Szab\u00f3 Bogl\u00e1rka<\/td>\n<td style=\"width: 43.5607%;\">Dr.Kiss Norbert<\/td>\n<\/tr>\n<tr>\n<td style=\"width: 37.0872%;\">Szabolcs Botond<\/td>\n<td style=\"width: 43.5607%;\">\u00a0<\/td>\n<\/tr>\n<tr>\n<td style=\"width: 37.0872%;\">T\u00f3th Csenge Dominika<\/td>\n<td style=\"width: 43.5607%;\">Dr. B\u00e1nv\u00f6lgyi Andr\u00e1s, Dr. F\u00e9s\u0171s Luca, Dr. Meznerics Fanni<\/td>\n<\/tr>\n<tr>\n<td style=\"width: 37.0872%;\">Vasanits Fl\u00f3ra<\/td>\n<td style=\"width: 43.5607%;\">Kiss Norbert<\/td>\n<\/tr>\n<tr>\n<td style=\"width: 37.0872%;\">Czurk\u00f3 Nat\u00e1lia<\/td>\n<td style=\"width: 43.5607%;\">Dr. L\u0151rincz Kende<\/td>\n<\/tr>\n<tr>\n<td style=\"width: 37.0872%;\">Guly\u00e1s Lili<\/td>\n<td style=\"width: 43.5607%;\">L\u0151rincz Kende<\/td>\n<\/tr>\n<tr>\n<td style=\"width: 37.0872%;\">Herczeg Laura T\u00fcnde<\/td>\n<td style=\"width: 43.5607%;\">P\u00f3nyai Gy\u00f6rgyi<\/td>\n<\/tr>\n<tr>\n<td style=\"width: 37.0872%;\">Horv\u00e1th N\u00f3ra<\/td>\n<td style=\"width: 43.5607%;\">Hidv\u00e9gi Bernadett<\/td>\n<\/tr>\n<tr>\n<td style=\"width: 37.0872%;\">Szondy Istv\u00e1n<\/td>\n<td style=\"width: 43.5607%;\">B\u00e1nv\u00f6lgyi Andr\u00e1s<\/td>\n<\/tr>\n<tr>\n<td style=\"width: 37.0872%;\">T\u00f3th Eszter Alexa<\/td>\n<td style=\"width: 43.5607%;\">Dr. Medvecz M\u00e1rta, Dr. P\u00e1lla S\u00e1ra<\/td>\n<\/tr>\n<tr>\n<td style=\"width: 37.0872%;\">Varga No\u00e9mi N\u00f3ra<\/td>\n<td style=\"width: 43.5607%;\">Dr. Medvecz M\u00e1rta \u00e9s Dr. Kiss Norbert<\/td>\n<\/tr>\n<\/tbody>\n<\/table>\n<p>\nTDK felel\u0151s: Dr. P\u00f3nyai Gy\u00f6rgyi, egyetemi docens<\/p>\n<p>M\u00f3dos\u00edtva 2023. j\u00fal.\u00a0\u00a0<\/p>\n","protected":false},"excerpt":{"rendered":"<p>Hallgat\u00f3 neve T\u00e9mavezet\u0151 neve Cs\u00e1bi Zs\u00f3fia Erzs\u00e9bet Dr. P\u00f3nyai Gy\u00f6rgyi, Dr. Kem\u00e9ny Lajos Cs\u00e1k Zolt\u00e1n Prof. Dr. S\u00e1rdy Mikl\u00f3s \u00c9rseki Tamara dr. B\u00e1nv\u00f6lgyi And\u00e1s Falucskai Lilla Prof. Dr. Holl\u00f3 P\u00e9ter HALLAK Jessy\u00a0 Dr. Mikl\u00f3s S\u00e1rdy Hamilton-Meikle Phyllida Kerstin Dr. Kiss Norbi Kerekes Krisztina Dr. Medvecz M\u00e1rta Kolonics M\u00e1ria Veronika Prof. Dr. Holl\u00f3 P\u00e9ter Krebs M\u00e1t\u00e9 &hellip;<\/p>\n","protected":false},"author":101242,"featured_media":0,"parent":312,"menu_order":5,"comment_status":"closed","ping_status":"closed","template":"","meta":{"_acf_changed":false,"footnotes":""},"categories":[],"tags":[],"class_list":["post-1209","page","type-page","status-publish","hentry"],"acf":[],"_links":{"self":[{"href":"https:\/\/semmelweis.hu\/borklinika\/wp-json\/wp\/v2\/pages\/1209","targetHints":{"allow":["GET"]}}],"collection":[{"href":"https:\/\/semmelweis.hu\/borklinika\/wp-json\/wp\/v2\/pages"}],"about":[{"href":"https:\/\/semmelweis.hu\/borklinika\/wp-json\/wp\/v2\/types\/page"}],"author":[{"embeddable":true,"href":"https:\/\/semmelweis.hu\/borklinika\/wp-json\/wp\/v2\/users\/101242"}],"replies":[{"embeddable":true,"href":"https:\/\/semmelweis.hu\/borklinika\/wp-json\/wp\/v2\/comments?post=1209"}],"version-history":[{"count":11,"href":"https:\/\/semmelweis.hu\/borklinika\/wp-json\/wp\/v2\/pages\/1209\/revisions"}],"predecessor-version":[{"id":12056,"href":"https:\/\/semmelweis.hu\/borklinika\/wp-json\/wp\/v2\/pages\/1209\/revisions\/12056"}],"up":[{"embeddable":true,"href":"https:\/\/semmelweis.hu\/borklinika\/wp-json\/wp\/v2\/pages\/312"}],"wp:attachment":[{"href":"https:\/\/semmelweis.hu\/borklinika\/wp-json\/wp\/v2\/media?parent=1209"}],"wp:term":[{"taxonomy":"category","embeddable":true,"href":"https:\/\/semmelweis.hu\/borklinika\/wp-json\/wp\/v2\/categories?post=1209"},{"taxonomy":"post_tag","embeddable":true,"href":"https:\/\/semmelweis.hu\/borklinika\/wp-json\/wp\/v2\/tags?post=1209"}],"curies":[{"name":"wp","href":"https:\/\/api.w.org\/{rel}","templated":true}]}}