{"id":1190,"date":"2017-04-06T13:43:11","date_gmt":"2017-04-06T11:43:11","guid":{"rendered":"http:\/\/semmelweis.hu\/borklinika\/?page_id=1190"},"modified":"2026-03-12T09:08:55","modified_gmt":"2026-03-12T08:08:55","slug":"1190-2","status":"publish","type":"page","link":"https:\/\/semmelweis.hu\/borklinika\/magunkrol\/1190-2\/","title":{"rendered":"Munkat\u00e1rsaink kit\u00fcntet\u00e9sei"},"content":{"rendered":"<p style=\"text-align: center\"><strong><span style=\"font-size: 14pt\">2026<\/span><\/strong><\/p>\n<p>Semmelweis Egyetem Kiv\u00e1l\u00f3 Dolgoz\u00f3ja<\/p>\n<ul>\n<li style=\"list-style-type: none\">\n<ul>\n<li>Dr. T\u00f3th Veronika, egyetemi adjunktus<\/li>\n<li>Dr. T\u00f3th B\u00e9la, egyetemi adjunktus<\/li>\n<\/ul>\n<\/li>\n<\/ul>\n<p>Semmelweis Egyetem kiv\u00e1l\u00f3 szakdolgoz\u00f3ja<\/p>\n<ul>\n<li style=\"list-style-type: none\">\n<ul>\n<li>Dodog-Steiner Jol\u00e1n, asszisztens<\/li>\n<\/ul>\n<\/li>\n<\/ul>\n<p>D\u00e9k\u00e1ni dics\u00e9ret<\/p>\n<ul>\n<li style=\"list-style-type: none\">\n<ul>\n<li>Kozma-Vig Magda, \u00e1pol\u00f3<\/li>\n<\/ul>\n<\/li>\n<\/ul>\n<p style=\"text-align: center\"><strong><span style=\"font-size: 14pt\">2025<\/span><\/strong><\/p>\n<p>Semmelweis Egyetem Kiv\u00e1l\u00f3 Dolgoz\u00f3ja<\/p>\n<ul>\n<li style=\"list-style-type: none\">\n<ul>\n<li>Dr. B\u00e1nv\u00f6lgyi Andr\u00e1s, egyetemi docens<\/li>\n<li>Dr. Szakonyi J\u00f3zsef, klinikai f\u0151orvos<\/li>\n<li>Galambos M\u00e1ria, rakt\u00e1ros<\/li>\n<\/ul>\n<\/li>\n<\/ul>\n<p>Semmelweis Egyetem kiv\u00e1l\u00f3 szakdolgoz\u00f3ja<\/p>\n<ul>\n<li style=\"list-style-type: none\">\n<ul>\n<li>Antalicz R\u00f3bertn\u00e9, \u00e1pol\u00f3<\/li>\n<\/ul>\n<\/li>\n<\/ul>\n<p>Rektori dics\u00e9ret<\/p>\n<ul>\n<li style=\"list-style-type: none\">\n<ul>\n<li>Lossonczi Ildik\u00f3, asszisztens<\/li>\n<\/ul>\n<\/li>\n<\/ul>\n<p>Pro Sanitate d\u00edj<\/p>\n<ul>\n<li style=\"list-style-type: none\">\n<ul>\n<li>Dr. P\u00f3nyai Gy\u00f6rgyi, egyetemi docens<\/li>\n<\/ul>\n<\/li>\n<\/ul>\n<p>Dr. F\u00f6ldv\u00e1ri Ferenc-d\u00edj<\/p>\n<ul>\n<li style=\"list-style-type: none\">\n<ul>\n<li>Dr. Kov\u00e1cs Anik\u00f3, klinikai szakorvos<\/li>\n<\/ul>\n<\/li>\n<\/ul>\n<p>Semmelweis Egyetem Kari Kiv\u00e1l\u00f3s\u00e1gi Merit D\u00edj<\/p>\n<ul>\n<li style=\"list-style-type: none\">\n<ul>\n<li>Dr. Medvecz M\u00e1rta, egyetemi docens<\/li>\n<li>Dr. Kiss Norbert, egyetemi adjunktus<\/li>\n<\/ul>\n<\/li>\n<\/ul>\n<p>Kossuth Zsuzsa eml\u00e9kd\u00edj<\/p>\n<ul>\n<li style=\"list-style-type: none\">\n<ul>\n<li>Kimpi\u00e1n Enik\u0151, vezet\u0151 asszisztens<\/li>\n<\/ul>\n<\/li>\n<\/ul>\n<p style=\"text-align: center\"><strong><span style=\"font-size: 14pt\">2024<\/span><\/strong><\/p>\n<p>Pro Sanitate d\u00edj<\/p>\n<ul>\n<li style=\"list-style-type: none\">\n<ul>\n<li>\n<p>Dr. Kir\u00e1ly \u00c1rp\u00e1dn\u00e9 dr. So\u00f3s Gy\u00f6ngyv\u00e9r<\/p>\n<\/li>\n<\/ul>\n<\/li>\n<\/ul>\n<p>Dr. F\u00f6ldv\u00e1ri Ferenc-d\u00edj<\/p>\n<ul>\n<li style=\"list-style-type: none\">\n<ul>\n<li>Dr. Luk\u00e1cs Andrea, klinikai tan\u00e1rseg\u00e9d<\/li>\n<\/ul>\n<\/li>\n<\/ul>\n<p>D\u00e9k\u00e1ni dics\u00e9ret<\/p>\n<ul>\n<li style=\"list-style-type: none\">\n<ul>\n<li>Bicz\u00f3-Kov\u00e1ts Nikoletta\u00a0<\/li>\n<\/ul>\n<\/li>\n<\/ul>\n<p>Semmelweis Egyetem kiv\u00e1l\u00f3 dolgoz\u00f3ja<\/p>\n<ul>\n<li style=\"list-style-type: none\">\n<ul>\n<li>Dr. Medvecz M\u00e1rta, egyetemi docens<\/li>\n<\/ul>\n<\/li>\n<\/ul>\n<p>Semmelweis Egyetem Kiv\u00e1l\u00f3 Szakdolgoz\u00f3ja<\/p>\n<ul>\n<li style=\"list-style-type: none\">\n<ul>\n<li>Todorov J\u00f3zsef Ill\u00e9sn\u00e9 Edit, \u00e1pol\u00f3<\/li>\n<\/ul>\n<\/li>\n<\/ul>\n<p>Rektori dics\u00e9ret<\/p>\n<ul>\n<li style=\"list-style-type: none\">\n<ul>\n<li>Gecs\u00e9n\u00e9 B\u00edr\u00f3 \u00c1gnes, \u00e1pol\u00f3<\/li>\n<li>Radnics Mikl\u00f3sn\u00e9, asszisztens<\/li>\n<\/ul>\n<\/li>\n<\/ul>\n<p style=\"text-align: center\"><strong><span style=\"font-size: 14pt\">2023.<\/span><\/strong><\/p>\n<p>Dr. F\u00f6ldv\u00e1ri Ferenc-d\u00edj<\/p>\n<ul>\n<li style=\"list-style-type: none\">\n<ul>\n<li>Dr. Kuroli Enik\u0151, klinikai f\u0151orvos<\/li>\n<\/ul>\n<\/li>\n<\/ul>\n<p>Semmelweis Egyetem Kiv\u00e1l\u00f3 Tudom\u00e1nyos Di\u00e1kk\u00f6ri Nevel\u0151<\/p>\n<ul>\n<li style=\"list-style-type: none\">\n<ul>\n<li>Dr. Medvecz M\u00e1rta, egyetemi docens<\/li>\n<\/ul>\n<\/li>\n<\/ul>\n<p><span style=\"font-size: 1rem\">Kaposi-\u00e9rem<\/span><\/p>\n<ul>\n<li style=\"list-style-type: none\">\n<ul>\n<li>Dr. Medvecz M\u00e1rta, egyetemi docens<\/li>\n<li>Dr. P\u00f3nyai Gy\u00f6rgyi, egyetemi docens<\/li>\n<\/ul>\n<\/li>\n<\/ul>\n<p>D\u00e9k\u00e1ni dics\u00e9ret<\/p>\n<ul>\n<li style=\"list-style-type: none\">\n<ul>\n<li>Gombk\u00f6t\u0151 Anna, \u00e1pol\u00f3<\/li>\n<\/ul>\n<\/li>\n<\/ul>\n<p>Semmelweis Egyetem kiv\u00e1l\u00f3 dolgoz\u00f3ja<\/p>\n<ul>\n<li style=\"list-style-type: none\">\n<ul>\n<li>Klenik Mih\u00e1lyn\u00e9, \u00fcgyint\u00e9z\u0151<\/li>\n<\/ul>\n<\/li>\n<\/ul>\n<p>Kancell\u00e1ri dics\u00e9ret<\/p>\n<ul>\n<li style=\"list-style-type: none\">\n<ul>\n<li>P\u00e1sztor Erika, \u00fcgyint\u00e9z\u0151<\/li>\n<\/ul>\n<\/li>\n<\/ul>\n<div>Semmelweis Egyetem Kari Kiv\u00e1l\u00f3s\u00e1gi Merit D\u00edj<\/div>\n<div>\u00a0<\/div>\n<div>\n<ul>\n<li style=\"list-style-type: none\">\n<ul>\n<li>Dr. B\u00e1nv\u00f6lgyi Andr\u00e1s, egyetemi adjunktus<\/li>\n<\/ul>\n<\/li>\n<\/ul>\n<p>Semmelweis Egyetem Kiv\u00e1l\u00f3 Szakdolgoz\u00f3ja<\/p>\n<ul>\n<li style=\"list-style-type: none\">\n<ul>\n<li>Falucskain\u00e9 Juh\u00e1sz Katalin, gondoz\u00f3n\u0151<\/li>\n<\/ul>\n<\/li>\n<\/ul>\n<\/div>\n<div>\u00a0<\/div>\n<p style=\"text-align: center\"><strong><span style=\"font-size: 14pt\">2022.<\/span><\/strong><\/p>\n<p>Kaposi-\u00e9rem<\/p>\n<ul>\n<li style=\"list-style-type: none\">\n<ul>\n<li>Prof. Dr. S\u00e1rdy Mikl\u00f3s<\/li>\n<\/ul>\n<\/li>\n<\/ul>\n<p>Dr. F\u00f6ldv\u00e1ri Ferenc-d\u00edj<\/p>\n<ul>\n<li style=\"list-style-type: none\">\n<ul>\n<li>Dr. Szalai Kl\u00e1ra, klinikai f\u0151orvos, radiol\u00f3gus<\/li>\n<\/ul>\n<\/li>\n<\/ul>\n<p>SE Professor emerita c\u00edm<\/p>\n<ul>\n<li style=\"list-style-type: none\">\n<ul>\n<li><span style=\"font-size: 1rem\">Prof. Dr. Marschalk\u00f3 M\u00e1rta<\/span><\/li>\n<\/ul>\n<\/li>\n<\/ul>\n<p>Rektori dics\u00e9ret<\/p>\n<ul>\n<li style=\"list-style-type: none\">\n<ul>\n<li><span style=\"font-size: 1rem\">Dr. H\u00e1rsing Judit, klinikai f\u0151orvos<\/span><\/li>\n<li>V\u00e1radi Krisztina, takar\u00edt\u00f3<\/li>\n<\/ul>\n<\/li>\n<\/ul>\n<p>D\u00e9k\u00e1ni dics\u00e9ret<\/p>\n<ul>\n<li style=\"list-style-type: none\">\n<ul>\n<li>R\u00e1fael P\u00e9ter Zsolt, \u00e1pol\u00f3<\/li>\n<\/ul>\n<\/li>\n<\/ul>\n<p>Semmelweis Egyetem kiv\u00e1l\u00f3 dolgoz\u00f3ja<\/p>\n<ul>\n<li style=\"list-style-type: none\">\n<ul>\n<li>Talmaci Mikl\u00f3sn\u00e9, asszisztens<\/li>\n<\/ul>\n<\/li>\n<\/ul>\n<p><span style=\"font-size: 1rem\">Semmelweis Egyetem Kiv\u00e1l\u00f3 Szakdolgoz\u00f3ja<\/span>\u00a0<\/p>\n<ul>\n<li style=\"list-style-type: none\">\n<ul>\n<li><span style=\"font-size: 1rem\">Kiss Andrea, asszisztens<\/span><\/li>\n<\/ul>\n<\/li>\n<\/ul>\n<p>MDT Szakdolgoz\u00f3 Szekci\u00f3: Szakdolgoz\u00f3i Preszt\u00edzs d\u00edj<\/p>\n<ul>\n<li style=\"list-style-type: none\">\n<ul>\n<li><span style=\"font-size: 1rem\">Kimpi\u00e1n Margaretta Enik\u0151, vezet\u0151 asszisztens<\/span><\/li>\n<\/ul>\n<\/li>\n<\/ul>\n<p>&nbsp;<\/p>\n<p style=\"text-align: center\"><span style=\"font-size: 14pt\"><strong>2021.<\/strong><\/span><\/p>\n<p>Dr. F\u00f6ldv\u00e1ri Ferenc-d\u00edj<\/p>\n<ul>\n<li style=\"list-style-type: none\">\n<ul>\n<li>Dr. Becker Krisztina, egyetemi adjunktus<\/li>\n<\/ul>\n<\/li>\n<\/ul>\n<p>SE Professor emerita c\u00edm<\/p>\n<ul>\n<li style=\"list-style-type: none\">\n<ul>\n<li>Prof. Dr. K\u00e1rp\u00e1ti Sarolta<\/li>\n<\/ul>\n<\/li>\n<\/ul>\n<p>Rektori dics\u00e9ret<\/p>\n<ul>\n<li style=\"list-style-type: none\">\n<ul>\n<li>B\u00e9ja Katalin, tanulm\u00e1nyi \u00fcgyint\u00e9z\u0151<\/li>\n<\/ul>\n<\/li>\n<\/ul>\n<p>D\u00e9k\u00e1ni dics\u00e9ret<\/p>\n<ul>\n<li style=\"list-style-type: none\">\n<ul>\n<li>Szil\u00e1gyi Adrienne, oszt\u00e1lyvezet\u0151 f\u0151n\u0151v\u00e9r<\/li>\n<\/ul>\n<\/li>\n<\/ul>\n<p>Semmelweis Egyetem kiv\u00e1l\u00f3 dolgoz\u00f3ja<\/p>\n<ul>\n<li style=\"list-style-type: none\">\n<ul>\n<li>Benc\u00e9s Ilona, klinikai vezet\u0151 \u00e1pol\u00f3<\/li>\n<\/ul>\n<\/li>\n<\/ul>\n<div id=\"GroupWiseSection_1675422469000_titkarsag.bor@med.semmelweis-univ.hu_5C617406187900009B2A000000000000_\" class=\"GroupWiseMessageBody active\">\n<div>Semmelweis Egyetem Kari Kiv\u00e1l\u00f3s\u00e1gi Merit D\u00edj<\/div>\n<div>\u00a0<\/div>\n<ul>\n<li style=\"list-style-type: none\">\n<ul>\n<li><span style=\"font-size: 1rem\">Dr. Kiss Norbert, egyetemi tan\u00e1rseg\u00e9d<\/span><\/li>\n<\/ul>\n<\/li>\n<\/ul>\n<\/div>\n<p style=\"text-align: center\"><span style=\"font-size: 14pt\"><strong>2020.<\/strong><\/span><\/p>\n<p>Dr. F\u00f6ldv\u00e1ri Ferenc-d\u00edj<\/p>\n<ul>\n<li style=\"list-style-type: none\">\n<ul>\n<li>Dr. Tam\u00e1si B\u00e9la, egyetemi adjunktus<\/li>\n<\/ul>\n<\/li>\n<\/ul>\n<p>Semmelweis Egyetem kiv\u00e1l\u00f3 dolgoz\u00f3ja<\/p>\n<ul>\n<li style=\"list-style-type: none\">\n<ul>\n<li>Dr. Kuroli Enik\u0151, b\u0151rgy\u00f3gy\u00e1sz, patol\u00f3gus szakorvos<\/li>\n<\/ul>\n<\/li>\n<\/ul>\n<p>Rektori dics\u00e9ret<\/p>\n<ul>\n<li style=\"list-style-type: none\">\n<ul>\n<li>Sztankovics Bertalan, betegk\u00eds\u00e9r\u0151<\/li>\n<\/ul>\n<\/li>\n<\/ul>\n<p>D\u00e9k\u00e1ni dics\u00e9ret<\/p>\n<ul>\n<li style=\"list-style-type: none\">\n<ul>\n<li>Klagyivik L\u00e1szl\u00f3 Gyul\u00e1n\u00e9, asszisztens<\/li>\n<\/ul>\n<\/li>\n<\/ul>\n<p>MOTESZ-d\u00edszoklev\u00e9l<\/p>\n<ul>\n<li style=\"list-style-type: none\">\n<ul>\n<li>Prof. Dr. K\u00e1rp\u00e1ti Sarolta, egyetemi tan\u00e1r<\/li>\n<\/ul>\n<\/li>\n<\/ul>\n<p>Kossuth Zsuzsanna eml\u00e9kd\u00edj<\/p>\n<ul>\n<li style=\"list-style-type: none\">\n<ul>\n<li>V\u00e1radi S\u00e1ndor, \u00e1pol\u00f3<\/li>\n<\/ul>\n<\/li>\n<\/ul>\n<p style=\"text-align: center\"><span style=\"font-size: 14pt\"><strong>2019.<\/strong><\/span><\/p>\n<p>SE Professor emerita c\u00edm<\/p>\n<ul>\n<li style=\"list-style-type: none\">\n<ul>\n<li>Prof. Dr. Temesv\u00e1ri Erzs\u00e9bet<\/li>\n<\/ul>\n<\/li>\n<\/ul>\n<p>Dr. F\u00f6ldv\u00e1ri Ferenc-d\u00edj<\/p>\n<ul>\n<li style=\"list-style-type: none\">\n<ul>\n<li>Dr. T\u00f3th Veronika, egyetemi adjunktus<\/li>\n<\/ul>\n<\/li>\n<\/ul>\n<p>Pro Universitate \u00c9rdemrend<\/p>\n<ul>\n<li style=\"list-style-type: none\">\n<ul>\n<li>Dr. Szigeti \u00c1gnes, klinikai f\u0151orvos<\/li>\n<li>Dr. Szalai Kl\u00e1ra, klinikai f\u0151orvos<\/li>\n<\/ul>\n<\/li>\n<\/ul>\n<p>Rektori dics\u00e9ret<\/p>\n<ul>\n<li style=\"list-style-type: none\">\n<ul>\n<li>Dr. Kir\u00e1ly \u00c1rp\u00e1d P\u00e9tern\u00e9 Prof. Dr. So\u00f3s Gy\u00f6ngyv\u00e9r, klinikai szakgy\u00f3gyszer\u00e9sz<\/li>\n<\/ul>\n<\/li>\n<\/ul>\n<p>D\u00e9k\u00e1ni dics\u00e9ret<\/p>\n<ul>\n<li style=\"list-style-type: none\">\n<ul>\n<li>Suhajda J\u00f3zsefn\u00e9, betegk\u00eds\u00e9r\u0151<\/li>\n<\/ul>\n<\/li>\n<\/ul>\n<p style=\"text-align: center\"><span style=\"font-size: 14pt\"><strong>2018.<\/strong><\/span><\/p>\n<p>Semmelweis Egyetem kiv\u00e1l\u00f3 szakdolgoz\u00f3ja<\/p>\n<ul>\n<li style=\"list-style-type: none\">\n<ul>\n<li>Feh\u00e9r Zolt\u00e1nn\u00e9, \u00e1pol\u00f3<\/li>\n<\/ul>\n<\/li>\n<\/ul>\n<p>Az onkol\u00f3giai \u00e1pol\u00f3i hivat\u00e1s kiv\u00e1l\u00f3s\u00e1ga<\/p>\n<ul>\n<li style=\"list-style-type: none\">\n<ul>\n<li>Talmaci Mikl\u00f3sn\u00e9, szakasszisztens<\/li>\n<\/ul>\n<\/li>\n<\/ul>\n<p>Dr. F\u00f6ldv\u00e1ri Ferenc-d\u00edj<\/p>\n<ul>\n<li style=\"list-style-type: none\">\n<ul>\n<li>Dr. B\u00e1nv\u00f6lgyi Andr\u00e1s, klinikai szakorvos<\/li>\n<\/ul>\n<\/li>\n<\/ul>\n<p>Kaposi-\u00e9rem<\/p>\n<ul>\n<li style=\"list-style-type: none\">\n<ul>\n<li>Dr. Hidv\u00e9gi\u00a0 Bernadett, egyetemi adjunktus<\/li>\n<\/ul>\n<\/li>\n<\/ul>\n<p style=\"text-align: center\"><span style=\"font-size: 14pt\"><strong>2017.<\/strong><\/span><\/p>\n<p>Semmelweis Egyetem kiv\u00e1l\u00f3 dolgoz\u00f3ja<\/p>\n<ul>\n<li style=\"list-style-type: none\">\n<ul type=\"DISC\">\n<li>Dr. Holl\u00f3 P\u00e9ter, egyetemi docens<\/li>\n<\/ul>\n<\/li>\n<\/ul>\n<p>D\u00e9k\u00e1ni Dics\u00e9ret<\/p>\n<ul>\n<li style=\"list-style-type: none\">\n<ul type=\"DISC\">\n<li>Dr. P\u00f3nyai Gy\u00f6rgyi, egyetemi adjunktus<\/li>\n<\/ul>\n<\/li>\n<\/ul>\n<p>Dr. F\u00f6ldv\u00e1ri Ferenc-d\u00edj<\/p>\n<ul>\n<li style=\"list-style-type: none\">\n<ul>\n<li>Dr. Medvecz M\u00e1rta, egyetemi adjunktus, klinikai genetikus<\/li>\n<\/ul>\n<\/li>\n<\/ul>\n<p>Semmelweis-d\u00edj<\/p>\n<ul>\n<li style=\"list-style-type: none\">\n<ul>\n<li>Prof. Dr. K\u00e1rp\u00e1ti Sarolta, egyetemi tan\u00e1r<\/li>\n<\/ul>\n<\/li>\n<\/ul>\n<p>Kaposi-\u00e9rem<\/p>\n<ul>\n<li style=\"list-style-type: none\">\n<ul>\n<li>Dr. Holl\u00f3 P\u00e9ter, egyetemi docens<\/li>\n<\/ul>\n<\/li>\n<\/ul>\n<p align=\"center\"><span style=\"font-size: 14pt\"><strong>2016.<\/strong><\/span><\/p>\n<p>SE Professor emeritus c\u00edm<\/p>\n<ul>\n<li style=\"list-style-type: none\">\n<ul type=\"DISC\">\n<li>Dr. Rozgonyi Ferenc, professzor emeritus<\/li>\n<\/ul>\n<\/li>\n<\/ul>\n<p>Arany pecs\u00e9tgy\u0171r\u0171<\/p>\n<ul>\n<li style=\"list-style-type: none\">\n<ul type=\"DISC\">\n<li>Dr. K\u00e1rp\u00e1ti Sarolta, egyetemi tan\u00e1r, mb. tansz\u00e9kvezet\u0151<\/li>\n<\/ul>\n<\/li>\n<\/ul>\n<p>A Magyar Fels\u0151oktat\u00e1s\u00e9rt Eml\u00e9kplakett<\/p>\n<ul>\n<li style=\"list-style-type: none\">\n<ul type=\"DISC\">\n<li>Dr. Temesv\u00e1ri Erzs\u00e9bet, egyetemi tan\u00e1r\u00a0<\/li>\n<\/ul>\n<\/li>\n<\/ul>\n<p>MOTESZ d\u00edszoklev\u00e9l<\/p>\n<ul>\n<li style=\"list-style-type: none\">\n<ul type=\"DISC\">\n<li>Dr. Temesv\u00e1ri Erzs\u00e9bet, egyetemi tan\u00e1r\u00a0<\/li>\n<\/ul>\n<\/li>\n<\/ul>\n<p>Semmelweis Egyetem kiv\u00e1l\u00f3 szakdolgoz\u00f3ja<\/p>\n<ul>\n<li style=\"list-style-type: none\">\n<ul type=\"DISC\">\n<li>Kokenszki Erzs\u00e9bet, \u00e1pol\u00f3<\/li>\n<\/ul>\n<\/li>\n<\/ul>\n<p>Dr. F\u00f6ldv\u00e1ri Ferenc-d\u00edj<\/p>\n<ul>\n<li style=\"list-style-type: none\">\n<ul type=\"DISC\">\n<li>Dr. T\u00f3th B\u00e9la, egyetemi tan\u00e1rseg\u00e9d<\/li>\n<\/ul>\n<\/li>\n<\/ul>\n<p align=\"center\"><span style=\"font-size: 14pt\"><strong>2015.<\/strong><\/span><\/p>\n<p>Dr. F\u00f6ldv\u00e1ri Ferenc-d\u00edj<\/p>\n<ul>\n<li style=\"list-style-type: none\">\n<ul type=\"DISC\">\n<li>Dr. Szakonyi J\u00f3zsef, klinikai f\u0151orvos<\/li>\n<\/ul>\n<\/li>\n<\/ul>\n<p align=\"center\"><span style=\"font-size: 14pt\"><strong>2014.<\/strong><\/span><\/p>\n<p>Dr. F\u00f6ldv\u00e1ri Ferenc-d\u00edj<\/p>\n<ul>\n<li style=\"list-style-type: none\">\n<ul type=\"DISC\">\n<li>Dr. Kuzmanovszki Daniella, egyetemi tan\u00e1rseg\u00e9d<\/li>\n<\/ul>\n<\/li>\n<\/ul>\n<p align=\"center\"><span style=\"font-size: 14pt\"><strong>2013.<\/strong><\/span><\/p>\n<p>D\u00e9k\u00e1ni dics\u00e9ret<\/p>\n<ul>\n<li style=\"list-style-type: none\">\n<ul type=\"DISC\">\n<li>Beer J\u00f3zsefn\u00e9, rakt\u00e1ros<\/li>\n<li>R\u00e1cz Lajos S\u00e1ndorn\u00e9, takar\u00edt\u00f3n\u0151<\/li>\n<\/ul>\n<\/li>\n<\/ul>\n<p>Astellas-d\u00edj \u2013 Az \u00e9v eg\u00e9szs\u00e9g\u00fcgyi szakdolgoz\u00f3ja<\/p>\n<ul>\n<li style=\"list-style-type: none\">\n<ul type=\"DISC\">\n<li>Benc\u00e9s Ilona, klinikavezet\u0151 f\u0151n\u0151v\u00e9r<\/li>\n<\/ul>\n<\/li>\n<\/ul>\n<p>Kiv\u00e1l\u00f3 Ph.D. oktat\u00f3<\/p>\n<ul>\n<li style=\"list-style-type: none\">\n<ul type=\"DISC\">\n<li>Dr. Rozgonyi Ferenc, egyetemi tan\u00e1r<\/li>\n<\/ul>\n<\/li>\n<\/ul>\n<p>Dr. F\u00f6ldv\u00e1ri Ferenc-d\u00edj<\/p>\n<ul>\n<li style=\"list-style-type: none\">\n<ul type=\"DISC\">\n<li>Dr. Ostorh\u00e1zi Eszter, egyetemi adjunktus<\/li>\n<\/ul>\n<\/li>\n<\/ul>\n<p align=\"center\"><span style=\"font-size: 14pt\"><strong>2012.<\/strong><\/span><\/p>\n<p>Nemzeti er\u0151forr\u00e1s miniszter Elismer\u0151 oklev\u00e9l:<\/p>\n<p>STD munkacsoport<\/p>\n<ul>\n<li style=\"list-style-type: none\">\n<ul type=\"DISC\">\n<li>Dr. Marschalk\u00f3 M\u00e1rta, egyetemi docens<\/li>\n<li>Dr. P\u00f3nyai Katinka, egyetemi tan\u00e1rseg\u00e9d\u00a0<\/li>\n<li>Dr. Ott\u00f3 Iring\u00f3\u00a0 \u00c1gnes, adjunktus<\/li>\n<li>Dr. T\u00f3th B\u00e9la, tan\u00e1rseg\u00e9d<\/li>\n<li>Dr. Luk\u00e1cs Andrea, klinikai szakorvos<\/li>\n<li>Dr. Harmos Ferenc, klinikai orvos<\/li>\n<li>Budenszki Ferencn\u00e9, gondoz\u00f3n\u0151<\/li>\n<li>Ackermann-n\u00e9 Sch\u00f6ffler M\u00e1ria, gondoz\u00f3n\u0151<\/li>\n<li>V\u00f6r\u00f6s L\u00e1szl\u00f3n\u00e9, asszisztens<\/li>\n<li>Boros Edit, asszisztens<\/li>\n<\/ul>\n<\/li>\n<\/ul>\n<p>Emberi Er\u0151forr\u00e1sok Miniszt\u00e9riuma &#8211; H\u0151gyes Eml\u00e9k\u00e9rem<\/p>\n<ul>\n<li style=\"list-style-type: none\">\n<ul type=\"DISC\">\n<li>Dr. Horv\u00e1th Attila, professzor emeritus<\/li>\n<\/ul>\n<\/li>\n<\/ul>\n<p>Eg\u00e9szs\u00e9g\u00fcgyi Miniszter Dics\u00e9ret<\/p>\n<ul>\n<li style=\"list-style-type: none\">\n<ul type=\"DISC\">\n<li>Dr. Wikonk\u00e1l Norbert, egyetemi docens<\/li>\n<\/ul>\n<\/li>\n<\/ul>\n<p>SE Kiv\u00e1l\u00f3 dolgoz\u00f3ja<\/p>\n<ul>\n<li style=\"list-style-type: none\">\n<ul type=\"DISC\">\n<li>Dr. Szigeti \u00c1gnes, f\u0151orvos<\/li>\n<\/ul>\n<\/li>\n<\/ul>\n<p>Rektori dics\u00e9ret<\/p>\n<ul>\n<li style=\"list-style-type: none\">\n<ul type=\"DISC\">\n<li>Talmaci Mikl\u00f3sn\u00e9, asszisztens<\/li>\n<li>Vincze Judit, vezet\u0151 asszisztens<\/li>\n<\/ul>\n<\/li>\n<\/ul>\n<p>D\u00e9k\u00e1ni dics\u00e9ret<\/p>\n<ul>\n<li style=\"list-style-type: none\">\n<ul type=\"DISC\">\n<li>Klenik Mih\u00e1lyn\u00e9, \u00fcgyint\u00e9z\u0151<\/li>\n<li>Di\u00e1n Kl\u00e1ra, hisztok\u00e9miai szakasszisztens<\/li>\n<li>Feh\u00e9r Zolt\u00e1nn\u00e9, \u00e1pol\u00f3<\/li>\n<\/ul>\n<\/li>\n<\/ul>\n<p>Dr. F\u00f6ldv\u00e1ri Ferenc-d\u00edj<\/p>\n<ul>\n<li style=\"list-style-type: none\">\n<ul type=\"DISC\">\n<li>Dr. Hidv\u00e9gi Bernadett, egyetemi adjunktus<\/li>\n<\/ul>\n<\/li>\n<\/ul>\n<p align=\"center\"><span style=\"font-size: 14pt\"><strong>2011.<\/strong><\/span><\/p>\n<p>Nemzeti er\u0151forr\u00e1s miniszter \u2013 Elismer\u0151 oklev\u00e9l<\/p>\n<p>Immunol\u00f3giai munkacsoport:<\/p>\n<ul>\n<li style=\"list-style-type: none\">\n<ul type=\"DISC\">\n<li>Dr. Wikonk\u00e1l Norbert, egyetemi docens<\/li>\n<li>Benc\u00e9s Ilona, oszt\u00e1lyvezet\u0151 f\u0151n\u0151v\u00e9r<\/li>\n<li>Bencz\u00e9s B\u00e9l\u00e1n\u00e9, \u00e1pol\u00f3<\/li>\n<li>Sur\u00e1nyi L\u00e1szl\u00f3n\u00e9, \u00e1pol\u00f3<\/li>\n<li>Feh\u00e9r Zolt\u00e1nn\u00e9, \u00e1pol\u00f3<\/li>\n<li>Baka Szilvia, \u00e1pol\u00f3<\/li>\n<li>Bert\u00e9nyi Andr\u00e1sn\u00e9, \u00e1pol\u00f3<\/li>\n<li>P\u00e1ln\u00e9 Jakab Julianna, \u00e1pol\u00f3<\/li>\n<\/ul>\n<\/li>\n<\/ul>\n<p>Nemzeti er\u0151forr\u00e1s miniszter D\u00edszoklevele:<\/p>\n<ul>\n<li style=\"list-style-type: none\">\n<ul type=\"DISC\">\n<li>Dr. D\u00e9saknai M\u00e1rton,<\/li>\n<li>Dr. Rozgonyi Ferenc, egyetemi tan\u00e1r\u00a0<\/li>\n<\/ul>\n<\/li>\n<\/ul>\n<p>Eg\u00e9szs\u00e9g\u00fcgyi Miniszter Dics\u00e9ret<\/p>\n<ul>\n<li style=\"list-style-type: none\">\n<ul type=\"DISC\">\n<li>Feh\u00e9r Zolt\u00e1nn\u00e9, \u00e1pol\u00f3<\/li>\n<li>Fetter Ilona, nyugd\u00edjas gazdas\u00e1gi vezet\u0151<\/li>\n<\/ul>\n<\/li>\n<\/ul>\n<p>D\u00e9k\u00e1ni dics\u00e9ret:<\/p>\n<ul>\n<li style=\"list-style-type: none\">\n<ul type=\"DISC\">\n<li>F\u00f6ldv\u00e1rin\u00e9 Szil\u00e1gyi Adrienne, oszt\u00e1lyvezet\u0151 f\u0151n\u0151v\u00e9r<\/li>\n<li>Tur\u00f3czy L\u00e1szl\u00f3n\u00e9 dr., asszisztens<\/li>\n<li>Katon\u00e1n\u00e9 Horv\u00e1th Gabriella, asszisztens<\/li>\n<\/ul>\n<\/li>\n<\/ul>\n<p>Rektori dics\u00e9ret:<\/p>\n<ul>\n<li style=\"list-style-type: none\">\n<ul type=\"DISC\">\n<li>N\u00e9meth Ilona, laborat\u00f3riumi szakasszisztens, orvosdiagnosztikai laborat\u00f3riumi analitikus<\/li>\n<li>Fogas L\u00e1szl\u00f3n\u00e9, asszisztens<\/li>\n<li>Fazekasn\u00e9 Pusk\u00e1s Ir\u00e9n, asszisztens\u00a0<\/li>\n<\/ul>\n<\/li>\n<\/ul>\n<p>Pro\u2013Sanitate d\u00edj:<\/p>\n<ul>\n<li style=\"list-style-type: none\">\n<ul type=\"DISC\">\n<li>Dr. Ablonczy \u00c9va, egyetemi adjunktus<\/li>\n<li>Juh\u00e1sz Ilona, nyugalmazott klinikai f\u0151n\u0151v\u00e9r<\/li>\n<\/ul>\n<\/li>\n<\/ul>\n<p>SE kiv\u00e1l\u00f3 dolgoz\u00f3ja:<\/p>\n<ul>\n<li style=\"list-style-type: none\">\n<ul type=\"DISC\">\n<li>Dr. Bottlik Gyula, klinikai f\u0151orvos<\/li>\n<li>Suhajda J\u00f3zsefn\u00e9, \u00fcgyint\u00e9z\u0151<\/li>\n<\/ul>\n<\/li>\n<\/ul>\n<p>MOTESZ-d\u00edj<\/p>\n<ul>\n<li style=\"list-style-type: none\">\n<ul type=\"DISC\">\n<li>Dr. Horv\u00e1th Attila, professzor emeritus\u00a0<\/li>\n<\/ul>\n<\/li>\n<\/ul>\n<p>MDT Kaposi M\u00f3r Eml\u00e9kplakett<\/p>\n<ul>\n<li style=\"list-style-type: none\">\n<ul type=\"DISC\">\n<li>Dr. Somlai Be\u00e1ta, egyetemi docens\u00a0<\/li>\n<\/ul>\n<\/li>\n<\/ul>\n<p>Dr. F\u00f6ldv\u00e1ri Ferenc-d\u00edj<\/p>\n<ul>\n<li style=\"list-style-type: none\">\n<ul type=\"DISC\">\n<li>Dr. P\u00f3nyai Gy\u00f6rgyi, egyetemi adjunktus<\/li>\n<\/ul>\n<\/li>\n<\/ul>\n<p style=\"text-align: center\"><span style=\"font-size: 14pt\"><strong>2010.<\/strong><\/span><\/p>\n<p>Nemzeti er\u0151forr\u00e1s miniszter \u2013 Elismer\u0151 oklev\u00e9l:<\/p>\n<p>Onkol\u00f3giai munkacsoport:<\/p>\n<ul>\n<li style=\"list-style-type: none\">\n<ul type=\"DISC\">\n<li>Dr. Somlai Be\u00e1ta, egyetemi docens<\/li>\n<li>Dr. Wikonk\u00e1l Norbert, egyetemi docens<\/li>\n<li>Dr. Holl\u00f3 P\u00e9ter, adjunktus<\/li>\n<li>Dr. H\u00e1rsing Judit, klinikai f\u0151orvos<\/li>\n<li>Dr. Szakonyi J\u00f3zsef, egyetemi tan\u00e1rseg\u00e9d<\/li>\n<li>Dr. T\u00f3th B\u00e9la, klinikai szakorvos<\/li>\n<li>Dr. Bottlik Gyula, klinikai f\u0151orvos<\/li>\n<li>Dr. D\u00e9saknai M\u00e1rton, nyugalmazott klinikai f\u0151orvos<\/li>\n<li>Talmaci Mikl\u00f3sn\u00e9, szakasszisztens<\/li>\n<li>Kop\u00e1csin\u00e9 Vida Anna, szak\u00e1pol\u00f3<\/li>\n<li>Kozma-V\u00edg Magda, szak\u00e1pol\u00f3<\/li>\n<li>Farkas Erika, \u00e1pol\u00f3<\/li>\n<\/ul>\n<\/li>\n<\/ul>\n<p>Magyar Fels\u0151oktat\u00e1s\u00e9rt Eml\u00e9kplakett<\/p>\n<ul>\n<li style=\"list-style-type: none\">\n<ul type=\"DISC\">\n<li>Dr. Somlai Be\u00e1ta, egyetemi docens<\/li>\n<li>Sza\u00e1k Tam\u00e1s, klinikai fot\u00f3s<\/li>\n<\/ul>\n<\/li>\n<\/ul>\n<p>Szent-Gy\u00f6rgyi Albert-d\u00edj<\/p>\n<ul>\n<li style=\"list-style-type: none\">\n<ul type=\"DISC\">\n<li>Dr. Marschalk\u00f3 M\u00e1rta, egyetemi docens\u00a0<\/li>\n<\/ul>\n<\/li>\n<\/ul>\n<p>Semmelweis Egyetem Kiv\u00e1l\u00f3 oktat\u00f3ja<\/p>\n<ul>\n<li style=\"list-style-type: none\">\n<ul type=\"DISC\">\n<li>Dr. Marschalk\u00f3 M\u00e1rta, egyetemi docens<\/li>\n<li>Dr. Somlai Be\u00e1ta, egyetemi docens<\/li>\n<\/ul>\n<\/li>\n<\/ul>\n<p>Rektori dics\u00e9ret<\/p>\n<ul>\n<li style=\"list-style-type: none\">\n<ul>\n<li>Sza\u00e1k Tam\u00e1s, klinikai fot\u00f3s<\/li>\n<\/ul>\n<\/li>\n<\/ul>\n<p>Pro-Sanitate d\u00edj<\/p>\n<ul>\n<li style=\"list-style-type: none\">\n<ul type=\"DISC\">\n<li>Dr. H\u00e1rsing Judit, f\u0151orvos<\/li>\n<\/ul>\n<\/li>\n<\/ul>\n<p>Trefort \u00c1goston-d\u00edj<\/p>\n<ul>\n<li style=\"list-style-type: none\">\n<ul type=\"DISC\">\n<li>Sza\u00e1k Tam\u00e1s, klinikai fot\u00f3s\u00a0<\/li>\n<\/ul>\n<\/li>\n<\/ul>\n<p>Dr. F\u00f6ldv\u00e1ry Ferenc-d\u00edj<\/p>\n<ul>\n<li style=\"list-style-type: none\">\n<ul type=\"DISC\">\n<li>Dr. Bottlik Gyula, f\u0151orvos<\/li>\n<\/ul>\n<\/li>\n<\/ul>\n","protected":false},"excerpt":{"rendered":"<p>2026 Semmelweis Egyetem Kiv\u00e1l\u00f3 Dolgoz\u00f3ja Dr. T\u00f3th Veronika, egyetemi adjunktus Dr. T\u00f3th B\u00e9la, egyetemi adjunktus Semmelweis Egyetem kiv\u00e1l\u00f3 szakdolgoz\u00f3ja Dodog-Steiner Jol\u00e1n, asszisztens D\u00e9k\u00e1ni dics\u00e9ret Kozma-Vig Magda, \u00e1pol\u00f3 2025 Semmelweis Egyetem Kiv\u00e1l\u00f3 Dolgoz\u00f3ja Dr. B\u00e1nv\u00f6lgyi Andr\u00e1s, egyetemi docens Dr. Szakonyi J\u00f3zsef, klinikai f\u0151orvos Galambos M\u00e1ria, rakt\u00e1ros Semmelweis Egyetem kiv\u00e1l\u00f3 szakdolgoz\u00f3ja Antalicz R\u00f3bertn\u00e9, \u00e1pol\u00f3 Rektori dics\u00e9ret Lossonczi &hellip;<\/p>\n","protected":false},"author":101242,"featured_media":0,"parent":187,"menu_order":4,"comment_status":"closed","ping_status":"closed","template":"","meta":{"_acf_changed":false,"footnotes":""},"categories":[],"tags":[],"class_list":["post-1190","page","type-page","status-publish","hentry"],"acf":[],"_links":{"self":[{"href":"https:\/\/semmelweis.hu\/borklinika\/wp-json\/wp\/v2\/pages\/1190","targetHints":{"allow":["GET"]}}],"collection":[{"href":"https:\/\/semmelweis.hu\/borklinika\/wp-json\/wp\/v2\/pages"}],"about":[{"href":"https:\/\/semmelweis.hu\/borklinika\/wp-json\/wp\/v2\/types\/page"}],"author":[{"embeddable":true,"href":"https:\/\/semmelweis.hu\/borklinika\/wp-json\/wp\/v2\/users\/101242"}],"replies":[{"embeddable":true,"href":"https:\/\/semmelweis.hu\/borklinika\/wp-json\/wp\/v2\/comments?post=1190"}],"version-history":[{"count":9,"href":"https:\/\/semmelweis.hu\/borklinika\/wp-json\/wp\/v2\/pages\/1190\/revisions"}],"predecessor-version":[{"id":13462,"href":"https:\/\/semmelweis.hu\/borklinika\/wp-json\/wp\/v2\/pages\/1190\/revisions\/13462"}],"up":[{"embeddable":true,"href":"https:\/\/semmelweis.hu\/borklinika\/wp-json\/wp\/v2\/pages\/187"}],"wp:attachment":[{"href":"https:\/\/semmelweis.hu\/borklinika\/wp-json\/wp\/v2\/media?parent=1190"}],"wp:term":[{"taxonomy":"category","embeddable":true,"href":"https:\/\/semmelweis.hu\/borklinika\/wp-json\/wp\/v2\/categories?post=1190"},{"taxonomy":"post_tag","embeddable":true,"href":"https:\/\/semmelweis.hu\/borklinika\/wp-json\/wp\/v2\/tags?post=1190"}],"curies":[{"name":"wp","href":"https:\/\/api.w.org\/{rel}","templated":true}]}}