{"id":1184,"date":"2017-04-06T13:32:57","date_gmt":"2017-04-06T11:32:57","guid":{"rendered":"http:\/\/semmelweis.hu\/borklinika\/?page_id=1184"},"modified":"2023-07-19T10:41:05","modified_gmt":"2023-07-19T08:41:05","slug":"kiss-istvan-szobraszmuvesz-bimbo-cimu-szobra","status":"publish","type":"page","link":"https:\/\/semmelweis.hu\/borklinika\/magunkrol\/a-klinika-tortenete\/kiss-istvan-szobraszmuvesz-bimbo-cimu-szobra\/","title":{"rendered":"Kiss Istv\u00e1n szobr\u00e1szm\u0171v\u00e9sz \u201eBimb\u00f3&#8221; c\u00edm\u0171 szobra"},"content":{"rendered":"<p align=\"center\"><strong><span style=\"font-size: 12pt\">KISS ISTV\u00c1N szobr\u00e1szm\u0171v\u00e9sz<\/span><\/strong><\/p>\n<p align=\"center\"><strong><span style=\"font-size: 12pt\">(1927- 1997)<\/span><\/strong><\/p>\n<p align=\"center\"><strong><span style=\"font-size: 12pt\">\u201eBimb\u00f3&#8221; c\u00edm\u0171 di\u00f3fa szobor (1959.)\u00a0<\/span><\/strong><\/p>\n<p align=\"justify\">Kiss Istv\u00e1n a XX. sz\u00e1zad m\u00e1sodik fel\u00e9ben Magyarorsz\u00e1g egyik legismertebb, Kossuth-d\u00edjas szobr\u00e1szm\u0171v\u00e9sze volt. M\u0171v\u00e9szi tev\u00e9kenys\u00e9g\u00e9t hatalmas \u00e9letm\u0171 tan\u00fas\u00edtja.\u00a0<\/p>\n<p align=\"justify\">A budapesti K\u00e9pz\u0151m\u0171v\u00e9szeti F\u0151iskola elv\u00e9gz\u00e9se ut\u00e1n m\u00e1r 1951-ben elk\u00e9sz\u00edtette a N\u00e9phadsereg Tisztih\u00e1z\u00e1ba \u201eIpari szakoktat\u00e1s\u201d c\u00edm\u0171, els\u0151 nagym\u00e9ret\u0171 bronz szobr\u00e1t, majd sz\u00e1mos k\u00f6zt\u00e9ri alkot\u00e1st: eml\u00e9km\u0171vek, eml\u00e9kszobrok, d\u00edszkutak sorozat\u00e1t k\u00e9sz\u00edtette el.<\/p>\n<ul type=\"DISC\">\n<li>1961-ben \u00e1ll\u00edtott\u00e1k fel Budapesten a sz\u00e9les k\u00f6rben ismert monument\u00e1lis \u201eD\u00f3zsa&#8221; c\u00edm\u0171, m\u00e9szk\u0151be faragott szoborcsoportot.<\/li>\n<li>Ezt k\u00f6vette a budapesti Margitszigeten elhelyezett \u201eJanus Pannonius&#8221;,<\/li>\n<li>a Szegedi Tudom\u00e1nyegyetemen otthonra lelt \u201eBolyai J\u00e1nos \u00e9s Bolyai Farkas&#8221; c\u00edm\u0171 bronz szobra,<\/li>\n<li>Budapest XI. ker\u00fclet\u00e9ben \u201eAp\u00e1czai Csere J\u00e1nos&#8221; m\u00e9szk\u0151 szobra,<\/li>\n<li>Gy\u0151rben \u201ePet\u0151fi S\u00e1ndor&#8221; bronz szobra,<\/li>\n<li>Budapest IV. ker\u00fclet\u00e9ben \u201eK\u00f6nyves K\u00e1lm\u00e1n&#8221; \u00f3lom kompoz\u00edci\u00f3ja,<\/li>\n<li>a debreceni Agr\u00e1rtudom\u00e1nyi Egyetem \u201eLovak&#8221; c\u00edm\u0171 hegesztett v\u00f6r\u00f6sr\u00e9z kompoz\u00edci\u00f3ja.\u00a0<\/li>\n<\/ul>\n<p align=\"justify\">\u00a0Az 1970-es \u00e9vekben t\u00f6bb Lenin-szobrot, felszabadul\u00e1si, munk\u00e1smozgalmi \u00e9s tan\u00e1csk\u00f6zt\u00e1rsas\u00e1gi eml\u00e9km\u0171v\u00e9t \u00e1ll\u00edtott\u00e1k fel, \u00edgy a budapesti Felvonul\u00e1si teret d\u00edsz\u00edtette ma a nagyt\u00e9t\u00e9nyi Szoborparkban \u00e1ll\u00f3 hatalmas \u201eTan\u00e1csk\u00f6zt\u00e1rsas\u00e1gi eml\u00e9km\u0171&#8221;.<\/p>\n<ul type=\"DISC\">\n<li>1979-ben a washingtoni Magyar Nagyk\u00f6vets\u00e9gen \u201eGener\u00e1ci\u00f3k&#8221; c\u00edm\u0171 bronz szobr\u00e1val,<\/li>\n<li>1980 ut\u00e1n Z\u00e1nk\u00e1n a \u201eB\u00e9ke&#8221; c\u00edm\u0171 kr\u00f3mac\u00e9l\u00adbazalt m\u0171v\u00e9vel,<\/li>\n<li>Budapest X. ker\u00fcleti \u00dajhegyi lak\u00f3telepen a \u201eN\u00e9pmese&#8221; c\u00edm\u0171 v\u00f6r\u00f6sr\u00e9zlemez alkot\u00e1s\u00e1val,<\/li>\n<li>F\u0151v\u00e1ros XI. ker\u00fclete \u201eMonda&#8221; c\u00edm\u0171 m\u00e9szk\u0151-bronz-v\u00f6r\u00f6sr\u00e9z kompoz\u00edci\u00f3j\u00e1val,<\/li>\n<li>J\u00e1noshalma \u201eD\u00edszk\u00fat&#8221; c\u00edm\u0171 m\u00e9szk\u0151-bronz szobr\u00e1val,<\/li>\n<li>Paks Atomer\u0151m\u0171 \u201eTurbina&#8221; c\u00edm\u0171 kr\u00f3mac\u00e9l monumentum\u00e1val,<\/li>\n<li>Hajd\u00fab\u00f6sz\u00f6rm\u00e9ny \u201eHajd\u00fat\u00e1nc&#8221; c\u00edm\u0171 nagym\u00e9ret\u0171 alkot\u00e1ssal gazdagodott.\u00a0<\/li>\n<\/ul>\n<p align=\"justify\">Mindemellett sz\u00e1mos ismert politikusr\u00f3l, t\u00f6rt\u00e9nelmi szem\u00e9lyis\u00e9gr\u0151l k\u00e9sz\u00edtett portr\u00e9t. Munk\u00e1i k\u00fclf\u00f6ldi v\u00e1rosokban, Bakuban, Jerev\u00e1nban, Moszkv\u00e1ban, V\u00e1rn\u00e1ban, L\u00fcdenscheidben is l\u00e1that\u00f3ak.\u00a0<\/p>\n<p align=\"justify\">A v\u00e1ltozatos anyaghaszn\u00e1lat, a t\u00e9m\u00e1khoz kapcsol\u00f3d\u00f3 megmunk\u00e1l\u00e1s magas min\u0151s\u00e9ge minden alkot\u00e1s\u00e1t jellemzi. A \u201eBimb\u00f3&#8221; c\u00edm\u0171 di\u00f3fa szobron a klasszikus farag\u00e1s technik\u00e1j\u00e1t alkalmazta nagy \u00e1t\u00e9l\u00e9ssel.\u00a0<\/p>\n<p align=\"justify\"><a href=\"https:\/\/semmelweis.hu\/borklinika\/files\/2017\/04\/elolno2.jpeg\"><img loading=\"lazy\" decoding=\"async\" class=\"aligncenter wp-image-1186\" src=\"https:\/\/semmelweis.hu\/borklinika\/files\/2017\/04\/elolno2.jpeg\" alt=\"\" width=\"366\" height=\"549\" srcset=\"https:\/\/semmelweis.hu\/borklinika\/files\/2017\/04\/elolno2.jpeg 459w, https:\/\/semmelweis.hu\/borklinika\/files\/2017\/04\/elolno2-200x300.jpeg 200w\" sizes=\"auto, (max-width: 366px) 100vw, 366px\" \/><\/a><\/p>\n<p align=\"justify\">BIBLIOGR\u00c1FIA\u00a0<\/p>\n<p align=\"justify\">E t\u00f6rt\u00e9nelmi kor ismert m\u0171v\u00e9szett\u00f6rt\u00e9n\u00e9szei, eszt\u00e9t\u00e1i, a legnevesebb nagy napilapok \u00fajs\u00e1g\u00edr\u00f3i m\u00e9ltatt\u00e1k Kiss Istv\u00e1n munk\u00e1ss\u00e1g\u00e1t, elemezt\u00e9k alkot\u00e1sait: \u00edgy Aradi N\u00f3ra, N\u00e9meth Lajos, Dutka M\u00e1ria, B\u00e9res Andr\u00e1s, R\u00f3zsa Gyula, Horv\u00e1th Gy\u00f6rgy, Hallama Erzs\u00e9bet, P. Sz\u0171cs Julianna, T\u00edm\u00e1r \u00c1rp\u00e1d, Rideg G\u00e1bor, Koczogh \u00c1kos, Pap G\u00e1bor, B\u00e1n Andr\u00e1s, Boros G\u00e9za, Wehner Tibor.<\/p>\n<p align=\"justify\">Munk\u00e1ss\u00e1g\u00e1r\u00f3l \u00f6sszefoglal\u00f3 elemz\u00e9s a Kort\u00e1rs Magyar M\u0171v\u00e9szeti Lexikon 2000-ben megjelent II. k\u00f6tet\u00e9nek 391-393. oldal\u00e1n olvashat\u00f3, illetve Tasn\u00e1di Attila \u00e1ltal \u00edrt, 1982-ben megjelent monogr\u00e1fi\u00e1ban, amely a Kiss Istv\u00e1n munk\u00e1ss\u00e1gra vonatkoz\u00f3 bibliogr\u00e1fi\u00e1t is k\u00f6zreadja.\u00a0\u00a0<\/p>\n<p align=\"right\">Dr. Marosi Ilona, k\u00e9pz\u0151m\u0171v\u00e9sz<\/p>\n<p align=\"right\">\u00a0<\/p>\n","protected":false},"excerpt":{"rendered":"<p>KISS ISTV\u00c1N szobr\u00e1szm\u0171v\u00e9sz (1927- 1997) \u201eBimb\u00f3&#8221; c\u00edm\u0171 di\u00f3fa szobor (1959.)\u00a0 Kiss Istv\u00e1n a XX. sz\u00e1zad m\u00e1sodik fel\u00e9ben Magyarorsz\u00e1g egyik legismertebb, Kossuth-d\u00edjas szobr\u00e1szm\u0171v\u00e9sze volt. M\u0171v\u00e9szi tev\u00e9kenys\u00e9g\u00e9t hatalmas \u00e9letm\u0171 tan\u00fas\u00edtja.\u00a0 A budapesti K\u00e9pz\u0151m\u0171v\u00e9szeti F\u0151iskola elv\u00e9gz\u00e9se ut\u00e1n m\u00e1r 1951-ben elk\u00e9sz\u00edtette a N\u00e9phadsereg Tisztih\u00e1z\u00e1ba \u201eIpari szakoktat\u00e1s\u201d c\u00edm\u0171, els\u0151 nagym\u00e9ret\u0171 bronz szobr\u00e1t, majd sz\u00e1mos k\u00f6zt\u00e9ri alkot\u00e1st: eml\u00e9km\u0171vek, eml\u00e9kszobrok, d\u00edszkutak sorozat\u00e1t &hellip;<\/p>\n","protected":false},"author":101242,"featured_media":0,"parent":8,"menu_order":2,"comment_status":"closed","ping_status":"closed","template":"","meta":{"_acf_changed":false,"footnotes":""},"categories":[],"tags":[],"class_list":["post-1184","page","type-page","status-publish","hentry"],"acf":[],"_links":{"self":[{"href":"https:\/\/semmelweis.hu\/borklinika\/wp-json\/wp\/v2\/pages\/1184","targetHints":{"allow":["GET"]}}],"collection":[{"href":"https:\/\/semmelweis.hu\/borklinika\/wp-json\/wp\/v2\/pages"}],"about":[{"href":"https:\/\/semmelweis.hu\/borklinika\/wp-json\/wp\/v2\/types\/page"}],"author":[{"embeddable":true,"href":"https:\/\/semmelweis.hu\/borklinika\/wp-json\/wp\/v2\/users\/101242"}],"replies":[{"embeddable":true,"href":"https:\/\/semmelweis.hu\/borklinika\/wp-json\/wp\/v2\/comments?post=1184"}],"version-history":[{"count":5,"href":"https:\/\/semmelweis.hu\/borklinika\/wp-json\/wp\/v2\/pages\/1184\/revisions"}],"predecessor-version":[{"id":4429,"href":"https:\/\/semmelweis.hu\/borklinika\/wp-json\/wp\/v2\/pages\/1184\/revisions\/4429"}],"up":[{"embeddable":true,"href":"https:\/\/semmelweis.hu\/borklinika\/wp-json\/wp\/v2\/pages\/8"}],"wp:attachment":[{"href":"https:\/\/semmelweis.hu\/borklinika\/wp-json\/wp\/v2\/media?parent=1184"}],"wp:term":[{"taxonomy":"category","embeddable":true,"href":"https:\/\/semmelweis.hu\/borklinika\/wp-json\/wp\/v2\/categories?post=1184"},{"taxonomy":"post_tag","embeddable":true,"href":"https:\/\/semmelweis.hu\/borklinika\/wp-json\/wp\/v2\/tags?post=1184"}],"curies":[{"name":"wp","href":"https:\/\/api.w.org\/{rel}","templated":true}]}}