{"id":11485,"date":"2023-10-19T13:21:10","date_gmt":"2023-10-19T11:21:10","guid":{"rendered":"https:\/\/semmelweis.hu\/borklinika\/?page_id=11485"},"modified":"2024-03-13T10:33:36","modified_gmt":"2024-03-13T09:33:36","slug":"betegdokumentaciok-kikerese-tajekoztato","status":"publish","type":"page","link":"https:\/\/semmelweis.hu\/borklinika\/magunkrol\/adatvedelem\/betegdokumentaciok-kikerese-tajekoztato\/","title":{"rendered":"Betegdokument\u00e1ci\u00f3k kik\u00e9r\u00e9se &#8211; t\u00e1j\u00e9koztat\u00f3"},"content":{"rendered":"<p style=\"text-align: center\"><strong>T\u00c1J\u00c9KOZTAT\u00d3 EG\u00c9SZS\u00c9G\u00dcGYI DOKUMENT\u00c1CI\u00d3 M\u00c1SOLAT\u00c1NAK KIAD\u00c1S\u00c1R\u00d3L<\/strong><strong>\u00a0<\/strong><\/p>\n<p style=\"text-align: justify\"><em>Az eg\u00e9szs\u00e9g\u00fcgyr\u0151l sz\u00f3l\u00f3 1997. \u00e9vi CLIV. t\u00f6rv\u00e9ny \u00e9s a Semmelweis Egyetem adatv\u00e9delmi, valamint a k\u00f6z\u00e9rdek\u0171 adatok megismer\u00e9s\u00e9re ir\u00e1nyul\u00f3 ig\u00e9nyek teljes\u00edt\u00e9s\u00e9nek, tov\u00e1bb\u00e1 a k\u00f6telezend\u0151en k\u00f6zz\u00e9teend\u0151 adatok nyilv\u00e1noss\u00e1gra hozatal\u00e1nak rendj\u00e9r\u0151l sz\u00f3l\u00f3 (1. E\/2017. (IV. 28.) sz\u00e1m\u00fa rektori \u00e9s kancell\u00e1ri hat\u00e1rozat) szab\u00e1lyzat<\/em>\u00a0alapj\u00e1n a eg\u00e9szs\u00e9g\u00fcgyi dokument\u00e1ci\u00f3 m\u00e1solat\u00e1nak kiad\u00e1s\u00e1val kapcsolatos elj\u00e1r\u00e1si rend a Semmelweis Egyetemen:<\/p>\n<p><strong><a href=\"https:\/\/semmelweis.hu\/jogigfoig\/files\/2019\/03\/%C3%9Atmutat%C3%B3-a-betegdokument%C3%A1ci%C3%B3-kiad%C3%A1s%C3%A1hoz.pdf\">\u00datmutat\u00f3 a betegdokument\u00e1ci\u00f3 kiad\u00e1s\u00e1hoz<\/a><\/strong><\/p>\n<hr \/>\n<p><strong>K\u00e9relem beny\u00fajt\u00e1sa<\/strong><\/p>\n<p style=\"text-align: justify\">A k\u00e9relem beny\u00fajt\u00e1s\u00e1ra jogosult az \u00e9rintett vagy t\u00f6rv\u00e9nyes k\u00e9pvisel\u0151je, hozz\u00e1tartoz\u00f3ja, \u00f6r\u00f6k\u00f6se.<br \/>\nA k\u00e9relmez\u0151 ind\u00edtv\u00e1ny\u00e1t beny\u00fajthatja \u00edr\u00e1sban az al\u00e1bbiak szerint: <a href=\"https:\/\/semmelweis.hu\/jogigfoig\/betegdokumentacio-kikeres\/?_gl=1*8iq0an*_up*MQ..*_ga*MTkzNzU1MDk2NS4xNzA5NjQ3ODk4*_ga_5B3MMKXDLW*MTcwOTY1MjkzMy4zLjEuMTcwOTY1MzAzNC4wLjAuMA\" target=\"_blank\" rel=\"noopener\"><strong>Betegdokument\u00e1ci\u00f3 kik\u00e9r\u00e9se<\/strong><\/a><span style=\"font-size: 1rem\">\u00a0<\/span><\/p>\n<p style=\"text-align: justify\"><strong><br \/>\n<\/strong>A betegdokument\u00e1ci\u00f3 kik\u00e9r\u00e9se hosszabb folyamat (\u00fcgyint\u00e9z\u00e9si id\u0151 30 nap). Az EESZT Lakoss\u00e1gi Port\u00e1lj\u00e1n (<a href=\"https:\/\/www.eeszt.gov.hu\">https:\/\/eeszt.gov.hu<\/a>) sz\u00fcks\u00e9g est\u00e9n h\u00e1ziorvosa seg\u00edts\u00e9g\u00e9vel b\u00e1rki megtekintheti a saj\u00e1t eg\u00e9szs\u00e9g\u00fcgyi adatait.<\/p>\n<p><strong>A k\u00e9relem k\u00f6telez\u0151 mell\u00e9klete<\/strong><\/p>\n<p style=\"text-align: justify\">Az eg\u00e9szs\u00e9g\u00fcgyi dokument\u00e1ci\u00f3 kiad\u00e1sa ir\u00e1nti k\u00e9relemhez a k\u00e9relmez\u0151nek csatolnia kell a k\u00e9relem beny\u00fajt\u00e1s\u00e1hoz val\u00f3 jogosults\u00e1g\u00e1nak igazol\u00e1s\u00e1ra szolg\u00e1l\u00f3 okiratokat.<\/p>\n<p style=\"text-align: justify\"><u>Az \u00e9rintett k\u00e9relme eset\u00e9n:<\/u>\u00a0 A jogosults\u00e1g igazol\u00e1sa az \u00e9rintett szem\u00e9lyazonos\u00edt\u00e1s\u00e1ra alkalmas okirat (f\u00e9nyk\u00e9pes szem\u00e9lyazonos\u00edt\u00f3 igazolv\u00e1ny) m\u00e1solat\u00e1nak csatol\u00e1s\u00e1val.<\/p>\n<p style=\"text-align: justify\"><u>T\u00f6rv\u00e9nyes k\u00e9pvisel\u0151, hozz\u00e1tartoz\u00f3, \u00f6r\u00f6k\u00f6s k\u00e9relmez\u0151 eset\u00e9n:<\/u>\u00a0A jogosults\u00e1g igazol\u00e1sa a k\u00e9relmez\u0151nek szem\u00e9lyazonos\u00edt\u00e1sra alkalmas (f\u00e9nyk\u00e9pes szem\u00e9lyazonos\u00edt\u00f3 igazolv\u00e1ny) \u00e9s a jogosults\u00e1g\u00e1t igazol\u00f3 okirattal t\u00f6rt\u00e9nik (sz\u00fclet\u00e9si anyak\u00f6nyvi kivonat, 30 napn\u00e1l nem r\u00e9gebbi h\u00e1zass\u00e1gi anyak\u00f6nyvi kivonat, halotti anyak\u00f6nyvi kivonat (h\u00e1zast\u00e1rs k\u00e9relmez\u0151 eset\u00e9n) vagy teljes bizony\u00edt\u00f3 erej\u0171 mag\u00e1nokirat).<\/p>\n<p><strong>K\u00f6lts\u00e9gt\u00e9r\u00edt\u00e9s<\/strong><\/p>\n<p style=\"text-align: justify\">Az eg\u00e9szs\u00e9g\u00fcgyi dokument\u00e1ci\u00f3r\u00f3l a k\u00e9relmez\u0151 saj\u00e1t k\u00f6lts\u00e9g\u00e9re m\u00e1solatot ig\u00e9nyelhet.<\/p>\n<p style=\"text-align: justify\">Amennyiben v\u00e1llalja a m\u00e1solati k\u00f6lts\u00e9gek megfizet\u00e9s\u00e9t, k\u00f6teles azt az Egyetem \u00e1ltal meg\u00e1llap\u00edtott, legal\u00e1bb 8 napos hat\u00e1rid\u0151n bel\u00fcl k\u00e9szp\u00e9nzfizet\u00e9si vagy \u00e1tutal\u00e1sos sz\u00e1mla ellen\u00e9ben megfizetni.<\/p>\n<p style=\"text-align: justify\">A m\u00e1solatok a k\u00f6lts\u00e9gt\u00e9r\u00edt\u00e9s megfizet\u00e9s\u00e9t k\u00f6vet\u0151en vagy legkor\u00e1bban a megfizet\u00e9st\/\u00e1tutal\u00e1st hitelt \u00e9rdeml\u0151en bizony\u00edt\u00f3 dokumentum (\u00e1tutal\u00e1si bizonylat, szervezeti egys\u00e9g \u00e1ltal ki\u00e1ll\u00edtott igazol\u00e1s) bemutat\u00e1s\u00e1t k\u00f6vet\u0151en adhat\u00f3ak ki.<\/p>\n<p><strong>Elhunyt beteg dokument\u00e1ci\u00f3j\u00e1nak kiad\u00e1sa<\/strong><\/p>\n<p>A beteg hal\u00e1la eset\u00e9n t\u00f6rv\u00e9nyes k\u00e9pvisel\u0151je, k\u00f6zeli hozz\u00e1tartoz\u00f3ja, valamint \u00f6r\u00f6k\u00f6se \u2013 \u00edr\u00e1sos k\u00e9relme alapj\u00e1n \u2013 jogosult:<\/p>\n<ol>\n<li>a hal\u00e1l ok\u00e1val \u00f6sszef\u00fcgg\u0151 vagy \u00f6sszef\u00fcgg\u00e9sbe hozhat\u00f3, tov\u00e1bb\u00e1<\/li>\n<li>a hal\u00e1l bek\u00f6vetkez\u00e9s\u00e9t megel\u0151z\u0151 gy\u00f3gykezel\u00e9ssel kapcsolatos eg\u00e9szs\u00e9g\u00fcgyi adatokat megismerni, az eg\u00e9szs\u00e9g\u00fcgyi dokument\u00e1ci\u00f3r\u00f3l m\u00e1solatot ig\u00e9nyelni.<\/li>\n<\/ol>\n<p><strong>B\u00e1rmely egy\u00e9b felmer\u00fcl\u0151 k\u00e9rd\u00e9s eset\u00e9n, az Adatv\u00e9delmi \u00e9s Betegjogi K\u00f6zpont illet\u00e9kes.<\/strong><\/p>\n<p><strong>Az Adatv\u00e9delmi \u00e9s Betegjogi K\u00f6zpont el\u00e9rhet\u0151s\u00e9gei:<\/strong><\/p>\n<p><b>Levelez\u00e9si c\u00edm:\u00a0<\/b>1085 Budapest, \u00dcll\u0151i \u00fat 26.<br \/>\n<strong>Telephely:\u00a0<\/strong>1085 Budapest, Baross utca 52. 6. em. 605.<\/p>\n<p>E-mail c\u00edm:\u00a0<a href=\"mailto:adatvedelem@semmelweis.hu\">adatvedelem@semmelweis.hu<\/a><\/p>\n","protected":false},"excerpt":{"rendered":"<p>T\u00c1J\u00c9KOZTAT\u00d3 EG\u00c9SZS\u00c9G\u00dcGYI DOKUMENT\u00c1CI\u00d3 M\u00c1SOLAT\u00c1NAK KIAD\u00c1S\u00c1R\u00d3L\u00a0 Az eg\u00e9szs\u00e9g\u00fcgyr\u0151l sz\u00f3l\u00f3 1997. \u00e9vi CLIV. t\u00f6rv\u00e9ny \u00e9s a Semmelweis Egyetem adatv\u00e9delmi, valamint a k\u00f6z\u00e9rdek\u0171 adatok megismer\u00e9s\u00e9re ir\u00e1nyul\u00f3 ig\u00e9nyek teljes\u00edt\u00e9s\u00e9nek, tov\u00e1bb\u00e1 a k\u00f6telezend\u0151en k\u00f6zz\u00e9teend\u0151 adatok nyilv\u00e1noss\u00e1gra hozatal\u00e1nak rendj\u00e9r\u0151l sz\u00f3l\u00f3 (1. E\/2017. (IV. 28.) sz\u00e1m\u00fa rektori \u00e9s kancell\u00e1ri hat\u00e1rozat) szab\u00e1lyzat\u00a0alapj\u00e1n a eg\u00e9szs\u00e9g\u00fcgyi dokument\u00e1ci\u00f3 m\u00e1solat\u00e1nak kiad\u00e1s\u00e1val kapcsolatos elj\u00e1r\u00e1si rend a Semmelweis Egyetemen: &hellip;<\/p>\n","protected":false},"author":101244,"featured_media":0,"parent":11106,"menu_order":0,"comment_status":"closed","ping_status":"closed","template":"","meta":{"_acf_changed":false,"footnotes":""},"categories":[],"tags":[],"class_list":["post-11485","page","type-page","status-publish","hentry"],"acf":[],"_links":{"self":[{"href":"https:\/\/semmelweis.hu\/borklinika\/wp-json\/wp\/v2\/pages\/11485","targetHints":{"allow":["GET"]}}],"collection":[{"href":"https:\/\/semmelweis.hu\/borklinika\/wp-json\/wp\/v2\/pages"}],"about":[{"href":"https:\/\/semmelweis.hu\/borklinika\/wp-json\/wp\/v2\/types\/page"}],"author":[{"embeddable":true,"href":"https:\/\/semmelweis.hu\/borklinika\/wp-json\/wp\/v2\/users\/101244"}],"replies":[{"embeddable":true,"href":"https:\/\/semmelweis.hu\/borklinika\/wp-json\/wp\/v2\/comments?post=11485"}],"version-history":[{"count":10,"href":"https:\/\/semmelweis.hu\/borklinika\/wp-json\/wp\/v2\/pages\/11485\/revisions"}],"predecessor-version":[{"id":11900,"href":"https:\/\/semmelweis.hu\/borklinika\/wp-json\/wp\/v2\/pages\/11485\/revisions\/11900"}],"up":[{"embeddable":true,"href":"https:\/\/semmelweis.hu\/borklinika\/wp-json\/wp\/v2\/pages\/11106"}],"wp:attachment":[{"href":"https:\/\/semmelweis.hu\/borklinika\/wp-json\/wp\/v2\/media?parent=11485"}],"wp:term":[{"taxonomy":"category","embeddable":true,"href":"https:\/\/semmelweis.hu\/borklinika\/wp-json\/wp\/v2\/categories?post=11485"},{"taxonomy":"post_tag","embeddable":true,"href":"https:\/\/semmelweis.hu\/borklinika\/wp-json\/wp\/v2\/tags?post=11485"}],"curies":[{"name":"wp","href":"https:\/\/api.w.org\/{rel}","templated":true}]}}