{"id":11163,"date":"2023-07-18T11:32:18","date_gmt":"2023-07-18T09:32:18","guid":{"rendered":"https:\/\/semmelweis.hu\/borklinika\/?page_id=11163"},"modified":"2024-03-27T10:24:26","modified_gmt":"2024-03-27T09:24:26","slug":"kovetelmenyrendszer","status":"publish","type":"page","link":"https:\/\/semmelweis.hu\/borklinika\/informaci-hallgatoknak\/gyakorlati-allergologia\/kovetelmenyrendszer\/","title":{"rendered":"K\u00f6vetelm\u00e9nyrendszer &#8211; Gyakorlati allergol\u00f3gia"},"content":{"rendered":"<p>A k\u00f6vetlem\u00e9nyrendszer <a href=\"https:\/\/semmelweis.hu\/borklinika\/files\/2023\/07\/kov-rendszer-allerg.pdf\" target=\"_blank\" rel=\"noopener\">IDE<\/a> kattintva \u00e9rhet\u0151 el.\u00a0<\/p>\n<p>&nbsp;<\/p>\n","protected":false},"excerpt":{"rendered":"<p>A k\u00f6vetlem\u00e9nyrendszer <a href=\"https:\/\/semmelweis.hu\/borklinika\/files\/2023\/07\/kov-rendszer-allerg.pdf\" target=\"_blank\" rel=\"noopener\">IDE<\/a> kattintva \u00e9rhet\u0151 el.\u00a0<br \/>\n&nbsp;<\/p>\n","protected":false},"author":101274,"featured_media":0,"parent":4531,"menu_order":1,"comment_status":"closed","ping_status":"closed","template":"","meta":{"_acf_changed":false,"footnotes":""},"categories":[],"tags":[],"class_list":["post-11163","page","type-page","status-publish","hentry"],"acf":[],"_links":{"self":[{"href":"https:\/\/semmelweis.hu\/borklinika\/wp-json\/wp\/v2\/pages\/11163","targetHints":{"allow":["GET"]}}],"collection":[{"href":"https:\/\/semmelweis.hu\/borklinika\/wp-json\/wp\/v2\/pages"}],"about":[{"href":"https:\/\/semmelweis.hu\/borklinika\/wp-json\/wp\/v2\/types\/page"}],"author":[{"embeddable":true,"href":"https:\/\/semmelweis.hu\/borklinika\/wp-json\/wp\/v2\/users\/101274"}],"replies":[{"embeddable":true,"href":"https:\/\/semmelweis.hu\/borklinika\/wp-json\/wp\/v2\/comments?post=11163"}],"version-history":[{"count":2,"href":"https:\/\/semmelweis.hu\/borklinika\/wp-json\/wp\/v2\/pages\/11163\/revisions"}],"predecessor-version":[{"id":11977,"href":"https:\/\/semmelweis.hu\/borklinika\/wp-json\/wp\/v2\/pages\/11163\/revisions\/11977"}],"up":[{"embeddable":true,"href":"https:\/\/semmelweis.hu\/borklinika\/wp-json\/wp\/v2\/pages\/4531"}],"wp:attachment":[{"href":"https:\/\/semmelweis.hu\/borklinika\/wp-json\/wp\/v2\/media?parent=11163"}],"wp:term":[{"taxonomy":"category","embeddable":true,"href":"https:\/\/semmelweis.hu\/borklinika\/wp-json\/wp\/v2\/categories?post=11163"},{"taxonomy":"post_tag","embeddable":true,"href":"https:\/\/semmelweis.hu\/borklinika\/wp-json\/wp\/v2\/tags?post=11163"}],"curies":[{"name":"wp","href":"https:\/\/api.w.org\/{rel}","templated":true}]}}