{"id":11159,"date":"2023-07-18T11:29:42","date_gmt":"2023-07-18T09:29:42","guid":{"rendered":"https:\/\/semmelweis.hu\/borklinika\/?page_id=11159"},"modified":"2024-03-27T10:23:42","modified_gmt":"2024-03-27T09:23:42","slug":"kovetelmenyrendszer","status":"publish","type":"page","link":"https:\/\/semmelweis.hu\/borklinika\/informaci-hallgatoknak\/szexualis-uton-terjedo-betegsegek-std-az-altalanos-orvosi-gyakorlatban\/kovetelmenyrendszer\/","title":{"rendered":"K\u00f6vetelm\u00e9nyrendszer &#8211; STD"},"content":{"rendered":"<p>A k\u00f6vetelm\u00e9nyrendszer <a href=\"https:\/\/semmelweis.hu\/borklinika\/files\/2024\/01\/Kovetelmenyrendszer-tematika-2023_2024-II.-felevre.pdf\">IDE <\/a>kattintva \u00e9rhet\u0151 el.\u00a0<\/p>\n<p>&nbsp;<\/p>\n","protected":false},"excerpt":{"rendered":"<p>A k\u00f6vetelm\u00e9nyrendszer <a href=\"https:\/\/semmelweis.hu\/borklinika\/files\/2024\/01\/Kovetelmenyrendszer-tematika-2023_2024-II.-felevre.pdf\">IDE <\/a>kattintva \u00e9rhet\u0151 el.\u00a0<br \/>\n&nbsp;<\/p>\n","protected":false},"author":101274,"featured_media":0,"parent":4533,"menu_order":1,"comment_status":"closed","ping_status":"closed","template":"","meta":{"_acf_changed":false,"footnotes":""},"categories":[],"tags":[],"class_list":["post-11159","page","type-page","status-publish","hentry"],"acf":[],"_links":{"self":[{"href":"https:\/\/semmelweis.hu\/borklinika\/wp-json\/wp\/v2\/pages\/11159","targetHints":{"allow":["GET"]}}],"collection":[{"href":"https:\/\/semmelweis.hu\/borklinika\/wp-json\/wp\/v2\/pages"}],"about":[{"href":"https:\/\/semmelweis.hu\/borklinika\/wp-json\/wp\/v2\/types\/page"}],"author":[{"embeddable":true,"href":"https:\/\/semmelweis.hu\/borklinika\/wp-json\/wp\/v2\/users\/101274"}],"replies":[{"embeddable":true,"href":"https:\/\/semmelweis.hu\/borklinika\/wp-json\/wp\/v2\/comments?post=11159"}],"version-history":[{"count":4,"href":"https:\/\/semmelweis.hu\/borklinika\/wp-json\/wp\/v2\/pages\/11159\/revisions"}],"predecessor-version":[{"id":11976,"href":"https:\/\/semmelweis.hu\/borklinika\/wp-json\/wp\/v2\/pages\/11159\/revisions\/11976"}],"up":[{"embeddable":true,"href":"https:\/\/semmelweis.hu\/borklinika\/wp-json\/wp\/v2\/pages\/4533"}],"wp:attachment":[{"href":"https:\/\/semmelweis.hu\/borklinika\/wp-json\/wp\/v2\/media?parent=11159"}],"wp:term":[{"taxonomy":"category","embeddable":true,"href":"https:\/\/semmelweis.hu\/borklinika\/wp-json\/wp\/v2\/categories?post=11159"},{"taxonomy":"post_tag","embeddable":true,"href":"https:\/\/semmelweis.hu\/borklinika\/wp-json\/wp\/v2\/tags?post=11159"}],"curies":[{"name":"wp","href":"https:\/\/api.w.org\/{rel}","templated":true}]}}