{"id":1115,"date":"2017-02-20T12:51:53","date_gmt":"2017-02-20T11:51:53","guid":{"rendered":"http:\/\/semmelweis.hu\/borklinika\/?page_id=1115"},"modified":"2021-10-28T07:03:15","modified_gmt":"2021-10-28T05:03:15","slug":"magyar-borgyogyaszok-fekete-zoltan-alapitvanya","status":"publish","type":"page","link":"https:\/\/semmelweis.hu\/borklinika\/magunkrol\/a-klinika-alapitvanyai\/magyar-borgyogyaszok-fekete-zoltan-alapitvanya\/","title":{"rendered":"Magyar B\u0151rgy\u00f3gy\u00e1szok \u201eFekete Zolt\u00e1n\u201d Alap\u00edtv\u00e1nya"},"content":{"rendered":"<p style=\"text-align: left\" align=\"center\">Az Alap\u00edtv\u00e1ny sz\u00e9khelye:\u00a01085 Budapest, M\u00e1ria u. 41.\u00a0<\/p>\n<p>Az alap\u00edt\u00f3:\u00a0Magyar Dermatol\u00f3giai T\u00e1rsulat<\/p>\n<p>Alap\u00edtva: 1991<\/p>\n<p>Alap\u00edt\u00f3 okirat m\u00f3dos\u00edt\u00e1sa: 2015. 10. 22.<\/p>\n<p>Szervezet nyilv\u00e1ntart\u00e1si sz\u00e1ma: 01-01-0001467\u00a0<\/p>\n<p>Az alap\u00edtv\u00e1ny c\u00e9lja: a\u00a0b\u0151rgy\u00f3gy\u00e1szati \u00e9s venerol\u00f3giai betegell\u00e1t\u00e1s fejleszt\u00e9se \u00e9s jav\u00edt\u00e1sa. \u00a0<\/p>\n<p>Az alap\u00edtv\u00e1ny jog\u00e1ll\u00e1sa:\u00a0nem k\u00f6zhaszn\u00fa\u00a0<\/p>\n<p>Az alap\u00edtv\u00e1ny eln\u00f6ke: Dr. Medvecz M\u00e1rta\u00a0<\/p>\n<p><strong>A kurat\u00f3rium tagjai:<\/strong><\/p>\n<ul>\n<li>Dr. Juh\u00e1sz Istv\u00e1n<\/li>\n<li>Dr. Szolnoky Gy\u0151z\u0151\u00a0<\/li>\n<li>Fel\u00fcgyel\u0151 Bizotts\u00e1gi tagok:<\/li>\n<li>Dr. Gyulai Rolland (eln\u00f6k)<\/li>\n<li>Dr. Szegedi Andrea<\/li>\n<li>Dr. Becker Krisztina Claudia<\/li>\n<\/ul>\n<p>Sz\u00e1mlavezet\u0151 Bank:\u00a0Budapest Bank<\/p>\n","protected":false},"excerpt":{"rendered":"<p>Az Alap\u00edtv\u00e1ny sz\u00e9khelye:\u00a01085 Budapest, M\u00e1ria u. 41.\u00a0 Az alap\u00edt\u00f3:\u00a0Magyar Dermatol\u00f3giai T\u00e1rsulat Alap\u00edtva: 1991 Alap\u00edt\u00f3 okirat m\u00f3dos\u00edt\u00e1sa: 2015. 10. 22. Szervezet nyilv\u00e1ntart\u00e1si sz\u00e1ma: 01-01-0001467\u00a0 Az alap\u00edtv\u00e1ny c\u00e9lja: a\u00a0b\u0151rgy\u00f3gy\u00e1szati \u00e9s venerol\u00f3giai betegell\u00e1t\u00e1s fejleszt\u00e9se \u00e9s jav\u00edt\u00e1sa. \u00a0 Az alap\u00edtv\u00e1ny jog\u00e1ll\u00e1sa:\u00a0nem k\u00f6zhaszn\u00fa\u00a0 Az alap\u00edtv\u00e1ny eln\u00f6ke: Dr. Medvecz M\u00e1rta\u00a0 A kurat\u00f3rium tagjai: Dr. Juh\u00e1sz Istv\u00e1n Dr. Szolnoky Gy\u0151z\u0151\u00a0 Fel\u00fcgyel\u0151 Bizotts\u00e1gi &hellip;<\/p>\n","protected":false},"author":101242,"featured_media":0,"parent":191,"menu_order":4,"comment_status":"closed","ping_status":"closed","template":"","meta":{"_acf_changed":false,"footnotes":""},"categories":[],"tags":[],"class_list":["post-1115","page","type-page","status-publish","hentry"],"acf":[],"_links":{"self":[{"href":"https:\/\/semmelweis.hu\/borklinika\/wp-json\/wp\/v2\/pages\/1115","targetHints":{"allow":["GET"]}}],"collection":[{"href":"https:\/\/semmelweis.hu\/borklinika\/wp-json\/wp\/v2\/pages"}],"about":[{"href":"https:\/\/semmelweis.hu\/borklinika\/wp-json\/wp\/v2\/types\/page"}],"author":[{"embeddable":true,"href":"https:\/\/semmelweis.hu\/borklinika\/wp-json\/wp\/v2\/users\/101242"}],"replies":[{"embeddable":true,"href":"https:\/\/semmelweis.hu\/borklinika\/wp-json\/wp\/v2\/comments?post=1115"}],"version-history":[{"count":8,"href":"https:\/\/semmelweis.hu\/borklinika\/wp-json\/wp\/v2\/pages\/1115\/revisions"}],"predecessor-version":[{"id":9289,"href":"https:\/\/semmelweis.hu\/borklinika\/wp-json\/wp\/v2\/pages\/1115\/revisions\/9289"}],"up":[{"embeddable":true,"href":"https:\/\/semmelweis.hu\/borklinika\/wp-json\/wp\/v2\/pages\/191"}],"wp:attachment":[{"href":"https:\/\/semmelweis.hu\/borklinika\/wp-json\/wp\/v2\/media?parent=1115"}],"wp:term":[{"taxonomy":"category","embeddable":true,"href":"https:\/\/semmelweis.hu\/borklinika\/wp-json\/wp\/v2\/categories?post=1115"},{"taxonomy":"post_tag","embeddable":true,"href":"https:\/\/semmelweis.hu\/borklinika\/wp-json\/wp\/v2\/tags?post=1115"}],"curies":[{"name":"wp","href":"https:\/\/api.w.org\/{rel}","templated":true}]}}