{"id":1099,"date":"2017-02-05T14:51:13","date_gmt":"2017-02-05T13:51:13","guid":{"rendered":"http:\/\/semmelweis.hu\/borklinika\/?page_id=1099"},"modified":"2024-12-12T11:40:40","modified_gmt":"2024-12-12T10:40:40","slug":"borgyogyaszati-genetikai-szakrendeles","status":"publish","type":"page","link":"https:\/\/semmelweis.hu\/borklinika\/a-betegellatas-fo-profiljai\/jarobeteg-ellatas\/borgyogyaszati-genetikai-szakrendeles\/","title":{"rendered":"B\u0151rgy\u00f3gy\u00e1szati genetikai szakrendel\u00e9s"},"content":{"rendered":"<p style=\"text-align: justify\">A B\u0151rgy\u00f3gy\u00e1szati genetikai szakrendel\u00e9s feladata els\u0151sorban az \u00f6r\u00f6kletes, genetikailag meghat\u00e1rozott b\u0151rbetegs\u00e9gek (\u00fan. genodermat\u00f3zisok) komplex kivizsg\u00e1l\u00e1sa, ell\u00e1t\u00e1sa,\u00a0a genetikai vizsg\u00e1latok eredm\u00e9ny\u00e9nek konzult\u00e1l\u00e1sa. <br \/>\nF\u0151 profilok:<\/p>\n<ul style=\"text-align: justify\">\n<li>\u00f6r\u00f6kletes elszarusod\u00e1si zavarok (ichthyosisok, egyes palmoplantaris keratoderm\u00e1k)<\/li>\n<li>\u00f6r\u00f6kletes h\u00f3lyagk\u00e9pz\u0151d\u00e9ssel j\u00e1r\u00f3 betegs\u00e9gek (epidermolysis bullosa csoport)<\/li>\n<li>a k\u00f6t\u0151sz\u00f6vet \u00f6r\u00f6kletes betegs\u00e9gei (cutis laxa, pseudoxanthoma elasticum)\u00a0\u00a0<\/li>\n<li>egy\u00e9b\u00a0\u00f6r\u00f6kletes b\u0151rbetegs\u00e9gek\u00a0(pl. Darier betegs\u00e9g, Hailey-Hailey betegs\u00e9g)\u00a0\u00a0<\/li>\n<\/ul>\n<p style=\"text-align: justify\">A fenti k\u00f3rk\u00e9pek mellett tov\u00e1bbi, gyakran b\u0151rt\u00fcnetekkel j\u00e1r\u00f3 \u00f6r\u00f6kletes betegs\u00e9geket is k\u00e9szs\u00e9ggel konzult\u00e1lunk (pl.neurofibromatosisok, sclerosis tuberosa). <br \/>\nA rendel\u00e9st b\u0151rgy\u00f3gy\u00e1sz \u00e9s klinikai genetikus szakk\u00e9pes\u00edt\u00e9ssel rendelkez\u0151 orvosok l\u00e1tj\u00e1k el.<br \/>\nA szakrendel\u00e9s gyermek \u00e9s feln\u0151tt kor\u00fa betegeket egyar\u00e1nt fogad.\u00a018 \u00e9v alatti, kiskor\u00fa betegek vizsg\u00e1lat\u00e1ra csak a t\u00f6rv\u00e9nyes k\u00e9pvisel\u0151 jelenl\u00e9t\u00e9ben ker\u00fclhet sor.\u00a0\u00a0<br \/>\nK\u00e9rj\u00fck, a vizsg\u00e1latra hozz\u00e1k magukkal kor\u00e1bbi orvosi dokument\u00e1ci\u00f3jukat.<\/p>\n<p style=\"text-align: justify\"><strong>B\u0151rgy\u00f3gy\u00e1szati genetikai\u00a0szakrendel\u00e9s:<\/strong> alagsor 9. rendel\u0151<\/p>\n<p style=\"text-align: justify\"><u>Beutal\u00f3 \u00e9s id\u0151pont egyeztet\u00e9s sz\u00fcks\u00e9ges.<\/u><\/p>\n<p style=\"text-align: justify\">\u00c1ltal\u00e1nos inform\u00e1ci\u00f3: +36-1-459-1500\/55776<br \/>\nEl\u0151jegyz\u00e9s: 0620-670-1608 (H-K-Cs: 08-14 \u00f3ra k\u00f6z\u00f6tt)<\/p>\n<p>Rendel\u0151 orvosok:\u00a0<\/p>\n<ul>\n<li>Dr. Medvecz M\u00e1rta egyetemi docens<\/li>\n<\/ul>\n","protected":false},"excerpt":{"rendered":"<p>A B\u0151rgy\u00f3gy\u00e1szati genetikai szakrendel\u00e9s feladata els\u0151sorban az \u00f6r\u00f6kletes, genetikailag meghat\u00e1rozott b\u0151rbetegs\u00e9gek (\u00fan. genodermat\u00f3zisok) komplex kivizsg\u00e1l\u00e1sa, ell\u00e1t\u00e1sa,\u00a0a genetikai vizsg\u00e1latok eredm\u00e9ny\u00e9nek konzult\u00e1l\u00e1sa. F\u0151 profilok: \u00f6r\u00f6kletes elszarusod\u00e1si zavarok (ichthyosisok, egyes palmoplantaris keratoderm\u00e1k) \u00f6r\u00f6kletes h\u00f3lyagk\u00e9pz\u0151d\u00e9ssel j\u00e1r\u00f3 betegs\u00e9gek (epidermolysis bullosa csoport) a k\u00f6t\u0151sz\u00f6vet \u00f6r\u00f6kletes betegs\u00e9gei (cutis laxa, pseudoxanthoma elasticum)\u00a0\u00a0 egy\u00e9b\u00a0\u00f6r\u00f6kletes b\u0151rbetegs\u00e9gek\u00a0(pl. Darier betegs\u00e9g, Hailey-Hailey betegs\u00e9g)\u00a0\u00a0 A fenti k\u00f3rk\u00e9pek mellett tov\u00e1bbi, &hellip;<\/p>\n","protected":false},"author":101242,"featured_media":0,"parent":217,"menu_order":5,"comment_status":"closed","ping_status":"closed","template":"","meta":{"_acf_changed":false,"footnotes":""},"categories":[],"tags":[],"class_list":["post-1099","page","type-page","status-publish","hentry"],"acf":[],"_links":{"self":[{"href":"https:\/\/semmelweis.hu\/borklinika\/wp-json\/wp\/v2\/pages\/1099","targetHints":{"allow":["GET"]}}],"collection":[{"href":"https:\/\/semmelweis.hu\/borklinika\/wp-json\/wp\/v2\/pages"}],"about":[{"href":"https:\/\/semmelweis.hu\/borklinika\/wp-json\/wp\/v2\/types\/page"}],"author":[{"embeddable":true,"href":"https:\/\/semmelweis.hu\/borklinika\/wp-json\/wp\/v2\/users\/101242"}],"replies":[{"embeddable":true,"href":"https:\/\/semmelweis.hu\/borklinika\/wp-json\/wp\/v2\/comments?post=1099"}],"version-history":[{"count":12,"href":"https:\/\/semmelweis.hu\/borklinika\/wp-json\/wp\/v2\/pages\/1099\/revisions"}],"predecessor-version":[{"id":12711,"href":"https:\/\/semmelweis.hu\/borklinika\/wp-json\/wp\/v2\/pages\/1099\/revisions\/12711"}],"up":[{"embeddable":true,"href":"https:\/\/semmelweis.hu\/borklinika\/wp-json\/wp\/v2\/pages\/217"}],"wp:attachment":[{"href":"https:\/\/semmelweis.hu\/borklinika\/wp-json\/wp\/v2\/media?parent=1099"}],"wp:term":[{"taxonomy":"category","embeddable":true,"href":"https:\/\/semmelweis.hu\/borklinika\/wp-json\/wp\/v2\/categories?post=1099"},{"taxonomy":"post_tag","embeddable":true,"href":"https:\/\/semmelweis.hu\/borklinika\/wp-json\/wp\/v2\/tags?post=1099"}],"curies":[{"name":"wp","href":"https:\/\/api.w.org\/{rel}","templated":true}]}}