{"id":10385,"date":"2022-10-14T09:45:15","date_gmt":"2022-10-14T07:45:15","guid":{"rendered":"https:\/\/semmelweis.hu\/borklinika\/?page_id=10385"},"modified":"2026-02-04T14:04:26","modified_gmt":"2026-02-04T13:04:26","slug":"majomhimlo-oltas","status":"publish","type":"page","link":"https:\/\/semmelweis.hu\/borklinika\/a-betegellatas-fo-profiljai\/jarobeteg-ellatas\/majomhimlo-oltas\/","title":{"rendered":"Majomhiml\u0151-olt\u00e1s"},"content":{"rendered":"<p>Felh\u00edvjuk figyelm\u00e9t, hogy <strong>majomhiml\u0151 elleni v\u00e9d\u0151olt\u00e1sra csak a Nemzeti N\u00e9peg\u00e9szs\u00e9g\u00fcgyi K\u00f6zpont hivatalos aj\u00e1nl\u00e1s\u00e1ban megjel\u00f6ltek k\u00f6re jogosult:<\/strong><\/p>\n<p><strong>1. Posztexpoz\u00edci\u00f3s profilaxisban r\u00e9szes\u00edthet\u0151k:<\/strong><br \/>\nAzon szem\u00e9lyek, akikr\u0151l a j\u00e1rv\u00e1ny\u00fcgyi kivizsg\u00e1l\u00e1s sor\u00e1n a kontakt kutat\u00e1s eredm\u00e9nyek\u00e9nt bizony\u00edt\u00e1st nyer, hogy igazolt majomhiml\u0151s szem\u00e9llyel<br \/>\na. szoros kapcsolatba (intim, szexu\u00e1lis) ker\u00fcltek, az utols\u00f3 kontaktust\u00f3l sz\u00e1m\u00edtott 14 napon bel\u00fcl, \u00e9s\/vagy<br \/>\nb. k\u00f6z\u00f6s h\u00e1ztart\u00e1sban \u00e9lnek.<\/p>\n<p><strong>2. Preexpoz\u00edci\u00f3s profilaxisban r\u00e9szes\u00edthet\u0151k:<\/strong><br \/>\nAzon szem\u00e9lyek, akik<br \/>\na. Munk\u00e1juk sor\u00e1n v\u00edrus expoz\u00edci\u00f3nak kitett eg\u00e9szs\u00e9g\u00fcgyi dolgoz\u00f3k,<br \/>\nb. Olyan MSM (f\u00e9rfiakkal szexel\u0151 f\u00e9rfi) popul\u00e1ci\u00f3hoz tartoz\u00f3 szem\u00e9ly, akin\u00e9l igazolt bakteri\u00e1lis STI betegs\u00e9g szerepel a k\u00f3rt\u00f6rt\u00e9net\u00e9ben az elm\u00falt 6 h\u00f3napban,<br \/>\nc. Olyan MSM popul\u00e1ci\u00f3hoz tartoz\u00f3 HIV-vel \u00e9l\u0151, aki t\u00f6bb szem\u00e9llyel l\u00e9tes\u00edt szexu\u00e1lis kapcsolatot.<\/p>\n<p><strong>Nem r\u00e9szes\u00edthet\u0151 v\u00e9d\u0151olt\u00e1sban, aki<\/strong><br \/>\na. \u00e1tesett majomhiml\u0151 fert\u0151z\u00e9sen,<br \/>\nb. majomhiml\u0151-gyan\u00fas t\u00fcnetei vannak az olt\u00e1s id\u0151pontj\u00e1ban, tov\u00e1bb\u00e1<br \/>\nc. az els\u0151 olt\u00e1s ut\u00e1n igazoltan majomhiml\u0151ben megbetegedett, m\u00e1sodik olt\u00e1st nem kaphat<br \/>\nd. akin\u00e9l egy\u00e9b olt\u00e1si kontraindik\u00e1ci\u00f3 \u00e1ll fenn.<\/p>\n<p>Ezen szempontokat az el\u0151jegyz\u00e9skor, illetve az olt\u00e1s bead\u00e1sa el\u0151tt is ellen\u0151rizni fogjuk.<\/p>\n<p><strong>Olt\u00f3pontunkra az al\u00e1bbi el\u00e9rhet\u0151s\u00e9gen lehet majomhiml\u0151 elleni v\u00e9d\u0151olt\u00e1sra jelentkezni:<br \/>\n<\/strong><strong style=\"font-size: 1rem\">+36-20-663-2548 \u2013\u00a0 kedden \u00e9s cs\u00fct\u00f6rt\u00f6k\u00f6n 13:00-14:00 k\u00f6z\u00f6tt h\u00edvhat\u00f3<\/strong><\/p>\n<p>K\u00e9rj\u00fck, vegy\u00e9k figyelembe, hogy biztons\u00e1gi okokb\u00f3l a majomhiml\u0151-olt\u00e1s \u00e9s minden egy\u00e9b olt\u00e1s k\u00f6z\u00f6tt legal\u00e1bb 4 h\u00e9tnek javasolt eltelnie.<\/p>\n","protected":false},"excerpt":{"rendered":"<p>Felh\u00edvjuk figyelm\u00e9t, hogy majomhiml\u0151 elleni v\u00e9d\u0151olt\u00e1sra csak a Nemzeti N\u00e9peg\u00e9szs\u00e9g\u00fcgyi K\u00f6zpont hivatalos aj\u00e1nl\u00e1s\u00e1ban megjel\u00f6ltek k\u00f6re jogosult: 1. Posztexpoz\u00edci\u00f3s profilaxisban r\u00e9szes\u00edthet\u0151k: Azon szem\u00e9lyek, akikr\u0151l a j\u00e1rv\u00e1ny\u00fcgyi kivizsg\u00e1l\u00e1s sor\u00e1n a kontakt kutat\u00e1s eredm\u00e9nyek\u00e9nt bizony\u00edt\u00e1st nyer, hogy igazolt majomhiml\u0151s szem\u00e9llyel a. szoros kapcsolatba (intim, szexu\u00e1lis) ker\u00fcltek, az utols\u00f3 kontaktust\u00f3l sz\u00e1m\u00edtott 14 napon bel\u00fcl, \u00e9s\/vagy b. k\u00f6z\u00f6s h\u00e1ztart\u00e1sban \u00e9lnek. &hellip;<\/p>\n","protected":false},"author":101536,"featured_media":0,"parent":217,"menu_order":16,"comment_status":"closed","ping_status":"closed","template":"","meta":{"_acf_changed":false,"footnotes":""},"categories":[],"tags":[],"class_list":["post-10385","page","type-page","status-publish","hentry"],"acf":[],"_links":{"self":[{"href":"https:\/\/semmelweis.hu\/borklinika\/wp-json\/wp\/v2\/pages\/10385","targetHints":{"allow":["GET"]}}],"collection":[{"href":"https:\/\/semmelweis.hu\/borklinika\/wp-json\/wp\/v2\/pages"}],"about":[{"href":"https:\/\/semmelweis.hu\/borklinika\/wp-json\/wp\/v2\/types\/page"}],"author":[{"embeddable":true,"href":"https:\/\/semmelweis.hu\/borklinika\/wp-json\/wp\/v2\/users\/101536"}],"replies":[{"embeddable":true,"href":"https:\/\/semmelweis.hu\/borklinika\/wp-json\/wp\/v2\/comments?post=10385"}],"version-history":[{"count":11,"href":"https:\/\/semmelweis.hu\/borklinika\/wp-json\/wp\/v2\/pages\/10385\/revisions"}],"predecessor-version":[{"id":13401,"href":"https:\/\/semmelweis.hu\/borklinika\/wp-json\/wp\/v2\/pages\/10385\/revisions\/13401"}],"up":[{"embeddable":true,"href":"https:\/\/semmelweis.hu\/borklinika\/wp-json\/wp\/v2\/pages\/217"}],"wp:attachment":[{"href":"https:\/\/semmelweis.hu\/borklinika\/wp-json\/wp\/v2\/media?parent=10385"}],"wp:term":[{"taxonomy":"category","embeddable":true,"href":"https:\/\/semmelweis.hu\/borklinika\/wp-json\/wp\/v2\/categories?post=10385"},{"taxonomy":"post_tag","embeddable":true,"href":"https:\/\/semmelweis.hu\/borklinika\/wp-json\/wp\/v2\/tags?post=10385"}],"curies":[{"name":"wp","href":"https:\/\/api.w.org\/{rel}","templated":true}]}}