{"id":10205,"date":"2022-09-06T09:23:29","date_gmt":"2022-09-06T07:23:29","guid":{"rendered":"https:\/\/semmelweis.hu\/borklinika\/?page_id=10205"},"modified":"2025-09-11T11:29:25","modified_gmt":"2025-09-11T09:29:25","slug":"pruefungsfragen","status":"publish","type":"page","link":"https:\/\/semmelweis.hu\/borklinika\/de\/fur-studenten\/fakultat-fur-zahnmedizin\/pruefungsfragen\/","title":{"rendered":"Pr\u00fcfungsfragen FOK"},"content":{"rendered":"<p><strong>Fakult\u00e4t f\u00fcr Zahnmedizin \u2013 Pr\u00fcfungsfragen Dermatologie 2025\/2026<\/strong><\/p>\n<p>Im Studienjahr 2025\/2026 besteht die Pr\u00fcfung darin, 1-1 der Fragen aus den folgenden Gruppen A und B zu extrahieren und m\u00fcndlich zu pr\u00e4sentieren.<\/p>\n<p><strong>\u00a0<\/strong><strong>A, Dermatologie<\/strong><\/p>\n<ol>\n<li>Prim\u00e4r- und Sekund\u00e4reffloreszenzen<\/li>\n<li>Struktur und Funktion der Haut<\/li>\n<li>Pyodermien, Impetigo, Follikulitis, Furunkel<\/li>\n<li>Erysipel, Zellulitis \u2013 Klinisches Bild, Differenzialdiagnostik und Therapie<\/li>\n<li>Infektionen durch Herpesviren: Herpes simplex, Herpes zoster<\/li>\n<li>Von Hefepilzen verursachte Infektionen an der Haut und Schleimh\u00e4uten<\/li>\n<li>Fadenpilzinfektionen an der Kopfhaut und Haaren<\/li>\n<li>Pityriasis versicolor, Onychomykosen \u2013 Fundamente der Therapie<\/li>\n<li>Klinisches Bild, Diagnostik und Therapie von SLE und DLE<\/li>\n<li>Dermatomyositis, Scleroderma<\/li>\n<li>Klinisches Bild und Therapie von Pemphigus und Pemphigoid. Dermatitis herpetiformis. Aspekte der Differenzialdiagnostik<\/li>\n<li>Klinisches Bild, Diagnostik und Therapie von Psoriasis<\/li>\n<li>Urtikaria, Angio\u00f6dem<\/li>\n<li>Ekzem: Begriff und Aufteilung, Grundlagen der Therapie<\/li>\n<li>Atopisches Ekzem<\/li>\n<li>Verschiedene Formen von Arzneimittelreaktionen: makulopapul\u00f6ses Arzneimittelexnathem, Erythema multiforme, Stevens-Johnson-Syndrom, Lyell-Syndrom<\/li>\n<li>Spinaliom<\/li>\n<li>Basaliom<\/li>\n<li>Malignes Melanom: Differenzierung von Pigment\u00e4vi, ABCD-Regel<\/li>\n<li>Altersbedingte Hautver\u00e4nderungen am Gesicht. Pr\u00e4kanzerosen, In situ-Karzinome. Paraneoplasien.<\/li>\n<li>Hautsymptome von Diabates und Hepatopathien<\/li>\n<li>Lichen planus, Lichen oris<\/li>\n<li>Seborrh\u00f6ische Dermatosen (seborrh\u00f6isches Ekzem, Akne vulgaris, Akne conglobata, Rosacea)<\/li>\n<li>Chronische ven\u00f6se Insuffizienz. Differenzialdiagnostik und Therapie von Ulcus cruris<\/li>\n<li>Lokaltherapie in der Dermatologie<\/li>\n<li>Systemische Therapien in der Dermatologie. Therapie mit Kortikosteroiden: Indikation, Nebenwirkungen. Immunsuppressiva. Biologika. Antibiotkumtherapie<\/li>\n<li>Dermatosen mit Mundschleimhatsymptome, klinisches Bild.<\/li>\n<\/ol>\n<p>&nbsp;<\/p>\n<p><strong>B, Sexuell \u00fcbertragbare Infektionen<\/strong><\/p>\n<ol>\n<li>Sexuell \u00fcbertragbare Infektionen: Symptome generell, Behandlungsprinzipien, Bedeutung in der Zahnarztpraxis<\/li>\n<li>Syphilis Stadium I. \u2013 Pathogenese und Symptome<\/li>\n<li>Klinisches Bild von Syphilis II. St.<\/li>\n<li>Hautsympotme von Sp\u00e4tsyphilis und Manifestationen in den inneren Organen<\/li>\n<li>Labordiagnostik und Therapie von Syphilis<\/li>\n<li>Mundl\u00e4sionen von Syphilis<\/li>\n<li>Symptome von Gonorrh\u00f6 (urogenitale und extragenitale Formen), Diagnostik und Behandlung<\/li>\n<li>Von Chlamydien verursachte Infektionen<\/li>\n<li>Non-gonorrh\u00f6ische Urethritis und Zervicitis<\/li>\n<li>Klinisches Bild und Therapiem\u00f6glichkeiten von Herpes genitalis<\/li>\n<li>Sexuell \u00fcbertragbare Virusinfektionen: HPV, Hepatitiden, CMV<\/li>\n<li>Vulvovaginitis candidosa, Urethritis candidosa<\/li>\n<li>Epidemiologie, Kennzeichen und Klinikum der HIV Infektion<\/li>\n<li>Mundl\u00e4sionen bei HIV, praktische Bedeutung in der Zahnarztpraxis<\/li>\n<li>HPV Infektionen und ihre Vorbeugung. Verruca vulgaris, Condyloma acuminatum<\/li>\n<li>Skabies, Pedikulosen<\/li>\n<\/ol>\n","protected":false},"excerpt":{"rendered":"<p>Fakult\u00e4t f\u00fcr Zahnmedizin \u2013 Pr\u00fcfungsfragen Dermatologie 2025\/2026 Im Studienjahr 2025\/2026 besteht die Pr\u00fcfung darin, 1-1 der Fragen aus den folgenden Gruppen A und B zu extrahieren und m\u00fcndlich zu pr\u00e4sentieren. \u00a0A, Dermatologie Prim\u00e4r- und Sekund\u00e4reffloreszenzen Struktur und Funktion der Haut Pyodermien, Impetigo, Follikulitis, Furunkel Erysipel, Zellulitis \u2013 Klinisches Bild, Differenzialdiagnostik und Therapie Infektionen durch Herpesviren: &hellip;<\/p>\n","protected":false},"author":101274,"featured_media":0,"parent":495,"menu_order":1,"comment_status":"closed","ping_status":"closed","template":"","meta":{"_acf_changed":false,"footnotes":""},"categories":[],"tags":[],"class_list":["post-10205","page","type-page","status-publish","hentry"],"acf":[],"_links":{"self":[{"href":"https:\/\/semmelweis.hu\/borklinika\/wp-json\/wp\/v2\/pages\/10205","targetHints":{"allow":["GET"]}}],"collection":[{"href":"https:\/\/semmelweis.hu\/borklinika\/wp-json\/wp\/v2\/pages"}],"about":[{"href":"https:\/\/semmelweis.hu\/borklinika\/wp-json\/wp\/v2\/types\/page"}],"author":[{"embeddable":true,"href":"https:\/\/semmelweis.hu\/borklinika\/wp-json\/wp\/v2\/users\/101274"}],"replies":[{"embeddable":true,"href":"https:\/\/semmelweis.hu\/borklinika\/wp-json\/wp\/v2\/comments?post=10205"}],"version-history":[{"count":9,"href":"https:\/\/semmelweis.hu\/borklinika\/wp-json\/wp\/v2\/pages\/10205\/revisions"}],"predecessor-version":[{"id":13137,"href":"https:\/\/semmelweis.hu\/borklinika\/wp-json\/wp\/v2\/pages\/10205\/revisions\/13137"}],"up":[{"embeddable":true,"href":"https:\/\/semmelweis.hu\/borklinika\/wp-json\/wp\/v2\/pages\/495"}],"wp:attachment":[{"href":"https:\/\/semmelweis.hu\/borklinika\/wp-json\/wp\/v2\/media?parent=10205"}],"wp:term":[{"taxonomy":"category","embeddable":true,"href":"https:\/\/semmelweis.hu\/borklinika\/wp-json\/wp\/v2\/categories?post=10205"},{"taxonomy":"post_tag","embeddable":true,"href":"https:\/\/semmelweis.hu\/borklinika\/wp-json\/wp\/v2\/tags?post=10205"}],"curies":[{"name":"wp","href":"https:\/\/api.w.org\/{rel}","templated":true}]}}