{"id":10003,"date":"2022-06-16T12:17:59","date_gmt":"2022-06-16T10:17:59","guid":{"rendered":"https:\/\/semmelweis.hu\/borklinika\/?page_id=10003"},"modified":"2025-03-12T09:35:06","modified_gmt":"2025-03-12T08:35:06","slug":"lelki-segitsegnyujtas","status":"publish","type":"page","link":"https:\/\/semmelweis.hu\/borklinika\/a-betegellatas-fo-profiljai\/fekvobeteg-ellatas\/lelki-segitsegnyujtas\/","title":{"rendered":"Lelki seg\u00edts\u00e9gny\u00fajt\u00e1s"},"content":{"rendered":"<h6><strong>Katolikus S\u00fcrg\u0151ss\u00e9gi Lelkip\u00e1sztori Szolg\u00e1lat<a href=\"https:\/\/semmelweis.hu\/borklinika\/files\/2022\/06\/Katolikus-scaled.jpg\"><img loading=\"lazy\" decoding=\"async\" class=\"wp-image-10008  alignright\" src=\"https:\/\/semmelweis.hu\/borklinika\/files\/2022\/06\/Katolikus-287x400.jpg\" alt=\"\" width=\"203\" height=\"283\" data-wp-editing=\"1\" srcset=\"https:\/\/semmelweis.hu\/borklinika\/files\/2022\/06\/Katolikus-287x400.jpg 287w, https:\/\/semmelweis.hu\/borklinika\/files\/2022\/06\/Katolikus-734x1024.jpg 734w, https:\/\/semmelweis.hu\/borklinika\/files\/2022\/06\/Katolikus-768x1072.jpg 768w, https:\/\/semmelweis.hu\/borklinika\/files\/2022\/06\/Katolikus-1101x1536.jpg 1101w, https:\/\/semmelweis.hu\/borklinika\/files\/2022\/06\/Katolikus-1467x2048.jpg 1467w, https:\/\/semmelweis.hu\/borklinika\/files\/2022\/06\/Katolikus-753x1051.jpg 753w, https:\/\/semmelweis.hu\/borklinika\/files\/2022\/06\/Katolikus-scaled.jpg 1834w\" sizes=\"auto, (max-width: 203px) 100vw, 203px\" \/><\/a><\/strong><\/h6>\n<p style=\"text-align: left\"><span style=\"font-size: 14pt\">A k\u00f3rh\u00e1zi oszt\u00e1lyokon foly\u00f3 gy\u00f3gy\u00edt\u00f3 munka zavartalans\u00e1g\u00e1nak biztos\u00edt\u00e1sa mellett minden beteg szabadon gyakorolhatja vall\u00e1s\u00e1t, \u00e9s az egyh\u00e1zi szem\u00e9llyel val\u00f3 kapcsolattart\u00e1si jog\u00e1t.\u00a0<\/span><span style=\"font-size: 14pt\">A Budapesti Katolikus K\u00f3rh\u00e1zlelk\u00e9szs\u00e9g a k\u00f3rh\u00e1zban l\u00e9v\u0151 betegeknek k\u00e9r\u00e9s\u00e9re (s\u00falyos \u00e1llapot eset\u00e9n k\u00f6zvetlen hozz\u00e1tartoz\u00f3 vagy az int\u00e9zm\u00e9ny munkat\u00e1rsa k\u00e9r\u00e9s\u00e9re) s\u00fcrg\u0151s esetekben biztos\u00edtja katolikus pap l\u00e1togat\u00e1s\u00e1t, hogy meger\u0151s\u00edtse \u0151ket Krisztus szents\u00e9geivel.<\/span><\/p>\n<div class=\"keretes\">\n<p style=\"text-align: center\"><span style=\"font-size: 13pt\"><strong>A Katolikus S\u00fcrg\u0151ss\u00e9gi Lelkip\u00e1sztori Szolg\u00e1lat<br \/>\n<\/strong><strong>\u00e9jjel-nappal h\u00edvhat\u00f3 telefonsz\u00e1ma:<br \/>\n<\/strong><strong>06-1- 213-9620<\/strong><\/span><\/p>\n<\/div>\n<p><span style=\"font-size: 12pt\">Budapesti Katolikus K\u00f3rh\u00e1zlelk\u00e9szs\u00e9g<br \/>\n1122 Budapest, R\u00e1th Gy\u00f6rgy u. 7-9.<br \/>\nIrodai telefon: <a href=\"tel:0612248640\">06 1 224-8640<\/a> h\u00e9tk\u00f6znap 8-16 \u00f3r\u00e1ig<br \/>\nE-mail: <a href=\"mailto:korlelk@gmail.com\">korlelk@gmail.com<\/a><br \/>\nWeboldal, melyen megtal\u00e1lhat\u00f3ak az egyes k\u00f3rh\u00e1zk\u00e1poln\u00e1k miserendje is: <a href=\"http:\/\/www.facebook.com\/korlelk\">www.facebook.com\/korlelk<\/a><\/span><\/p>\n","protected":false},"excerpt":{"rendered":"<p>Katolikus S\u00fcrg\u0151ss\u00e9gi Lelkip\u00e1sztori Szolg\u00e1lat <a href=\"https:\/\/semmelweis.hu\/borklinika\/files\/2022\/06\/Katolikus-scaled.jpg\"><\/a> A k\u00f3rh\u00e1zi oszt\u00e1lyokon foly\u00f3 gy\u00f3gy\u00edt\u00f3 munka zavartalans\u00e1g\u00e1nak biztos\u00edt\u00e1sa mellett minden beteg szabadon gyakorolhatja vall\u00e1s\u00e1t, \u00e9s az egyh\u00e1zi szem\u00e9llyel val\u00f3 kapcsolattart\u00e1si jog\u00e1t.\u00a0A Budapesti Katolikus K\u00f3rh\u00e1zlelk\u00e9szs\u00e9g a k\u00f3rh\u00e1zban l\u00e9v\u0151 betegeknek k\u00e9r\u00e9s\u00e9re (s\u00falyos \u00e1llapot eset\u00e9n k\u00f6zvetlen hozz\u00e1tartoz\u00f3 vagy az int\u00e9zm\u00e9ny munkat\u00e1rsa k\u00e9r\u00e9s\u00e9re) s\u00fcrg\u0151s esetekben biztos\u00edtja katolikus pap l\u00e1togat\u00e1s\u00e1t, hogy meger\u0151s\u00edtse \u0151ket Krisztus szents\u00e9geivel. A &hellip;<\/p>\n","protected":false},"author":101244,"featured_media":0,"parent":269,"menu_order":5,"comment_status":"closed","ping_status":"closed","template":"","meta":{"_acf_changed":false,"footnotes":""},"categories":[],"tags":[],"class_list":["post-10003","page","type-page","status-publish","hentry"],"acf":[],"_links":{"self":[{"href":"https:\/\/semmelweis.hu\/borklinika\/wp-json\/wp\/v2\/pages\/10003","targetHints":{"allow":["GET"]}}],"collection":[{"href":"https:\/\/semmelweis.hu\/borklinika\/wp-json\/wp\/v2\/pages"}],"about":[{"href":"https:\/\/semmelweis.hu\/borklinika\/wp-json\/wp\/v2\/types\/page"}],"author":[{"embeddable":true,"href":"https:\/\/semmelweis.hu\/borklinika\/wp-json\/wp\/v2\/users\/101244"}],"replies":[{"embeddable":true,"href":"https:\/\/semmelweis.hu\/borklinika\/wp-json\/wp\/v2\/comments?post=10003"}],"version-history":[{"count":7,"href":"https:\/\/semmelweis.hu\/borklinika\/wp-json\/wp\/v2\/pages\/10003\/revisions"}],"predecessor-version":[{"id":10014,"href":"https:\/\/semmelweis.hu\/borklinika\/wp-json\/wp\/v2\/pages\/10003\/revisions\/10014"}],"up":[{"embeddable":true,"href":"https:\/\/semmelweis.hu\/borklinika\/wp-json\/wp\/v2\/pages\/269"}],"wp:attachment":[{"href":"https:\/\/semmelweis.hu\/borklinika\/wp-json\/wp\/v2\/media?parent=10003"}],"wp:term":[{"taxonomy":"category","embeddable":true,"href":"https:\/\/semmelweis.hu\/borklinika\/wp-json\/wp\/v2\/categories?post=10003"},{"taxonomy":"post_tag","embeddable":true,"href":"https:\/\/semmelweis.hu\/borklinika\/wp-json\/wp\/v2\/tags?post=10003"}],"curies":[{"name":"wp","href":"https:\/\/api.w.org\/{rel}","templated":true}]}}