{"id":95,"date":"2020-06-03T12:05:19","date_gmt":"2020-06-03T10:05:19","guid":{"rendered":"https:\/\/semmelweis.hu\/gyermekklinika1\/?page_id=95"},"modified":"2025-08-28T18:20:39","modified_gmt":"2025-08-28T16:20:39","slug":"fekvobeteg-ellatas","status":"publish","type":"page","link":"https:\/\/semmelweis.hu\/bokayklinika\/betegellatas\/fekvobeteg-ellatas\/","title":{"rendered":"Fekv\u0151beteg-ell\u00e1t\u00e1s"},"content":{"rendered":"<p>Amennyiben gyermek\u00e9nek kezel\u0151orvosa klinikai ell\u00e1t\u00e1st javasol, \u00e9s a gyermeket felvessz\u00fck, a sz\u00fcl\u0151knek a k\u00f6vetkez\u0151t sz\u00fcks\u00e9ges szem el\u0151tt tartani. A sz\u00fcl\u0151k felkeresik a Klinika felv\u00e9teli irod\u00e1j\u00e1t, ahol a gyermek szem\u00e9lyi adatait r\u00f6gz\u00edtik. Ezt k\u00f6vet\u0151en a megbesz\u00e9lt id\u0151ben jelentkeznek a fekv\u0151beteg-oszt\u00e1lyon, ahol az ott dolgoz\u00f3 orvosok felveszik a gyermeket \u00e9s t\u00e1j\u00e9koztatj\u00e1k a sz\u00fcl\u0151ket a v\u00e1rhat\u00f3 diagnosztikus \u00e9s ter\u00e1pi\u00e1s beavatkoz\u00e1sokr\u00f3l. A n\u0151v\u00e9rek a gyermek szok\u00e1sair\u00f3l, \u00e9tkez\u00e9si rendj\u00e9r\u0151l, speci\u00e1lis ell\u00e1t\u00e1st ig\u00e9nyl\u0151 teend\u0151ikr\u0151l k\u00e9rdeznek.<\/p>\n<p>A Klinik\u00e1n a sz\u00fcl\u0151k folyamatosan jelen lehetnek gyermek\u00fck beteg\u00e1gy\u00e1n\u00e1l. Ez sz\u00e1munkra is seg\u00edts\u00e9g, hiszen a gyermek megnyugtat\u00e1s\u00e1ra \u00e9s ell\u00e1t\u00e1s\u00e1ra legink\u00e1bb az \u00e9desanya hivatott. K\u00e9rj\u00fck azonban, hogy a gyermek ell\u00e1t\u00e1s\u00e1nak r\u00e9szleteit az oszt\u00e1lyos f\u0151n\u0151v\u00e9rrel \u00e9s az orvossal minden esetben besz\u00e9lj\u00e9k meg.<\/p>\n<p>A Klinik\u00e1n m\u00f3d van ig\u00e9nyesen kialak\u00edtott k\u00fcl\u00f6nszob\u00e1k (5 db baba-mama szoba) ig\u00e9nybev\u00e9tel\u00e9re is. Kr\u00f3nikus beteg gyermekek eset\u00e9ben a Klinika k\u00f6zel\u00e9ben (VIII. Ap\u00e1thy Istv\u00e1n u. 14.) fel\u00e9p\u00edtett Ronald H\u00e1z ny\u00fajt lehet\u0151s\u00e9get a csal\u00e1d egy\u00fctt marad\u00e1s\u00e1ra.<\/p>\n<p>A fekv\u0151beteg ell\u00e1t\u00e1s a gyermekgy\u00f3gy\u00e1szat minden ter\u00fclet\u00e9re kiterjed. 24 \u00f3r\u00e1s szakorvosi \u00fcgyelet, croup \u00fcgylet, gyermekseb\u00e9szeti, \u00e9s 1 \u00e9v alatti traumatol\u00f3giai ell\u00e1t\u00e1s \u00e9s laborat\u00f3riumi \u00fcgyelet biztos\u00edtja a folyamatos betegell\u00e1t\u00e1st. Ezenk\u00edv\u00fcl minden szakter\u00fclet specialist\u00e1ja el\u00e9rhet\u0151 soron k\u00edv\u00fcl is. \u00c9vente 7000 fekv\u0151beteg \u00e9s 50 ezer j\u00e1r\u00f3beteg fordul meg a Klinik\u00e1n.<\/p>\n<p><strong>Sz\u00fcl\u0151k tart\u00f3zkod\u00e1sa a klinik\u00e1n<\/strong><\/p>\n<p>Kedves Sz\u00fcl\u0151! Fontosnak tartjuk, hogy \u00d6n a gyermeke k\u00f6zel\u00e9ben lehessen a gyermek ell\u00e1t\u00e1sa sor\u00e1n. Ennek \u00e9rdek\u00e9ben els\u0151sorban szoptat\u00f3s \u00e9desany\u00e1k, s\u00falyos \u00e1llapotban l\u00e9v\u0151 gyermekek sz\u00fclei vagy m\u00e9g haza nem adhat\u00f3, de az oszt\u00e1lyon m\u00e1r 24 \u00f3r\u00e1ban nem sz\u00fcks\u00e9gszer\u0171en tart\u00f3zkod\u00f3, els\u0151sorban kr\u00f3nikus betegek \u00e9s sz\u00fcleik sz\u00e1m\u00e1ra korl\u00e1tozott sz\u00e1mban rendelkez\u00e9sre \u00e1llnak a klinika 2. emelet\u00e9n tal\u00e1lhat\u00f3 \u201ebaba-mama szob\u00e1k\u201d. \u00a0Ezek ig\u00e9nybe v\u00e9tel\u00e9re a fentieket figyelembe v\u00e9ve \u00e9s a szob\u00e1k foglalts\u00e1g\u00e1t\u00f3l f\u00fcgg\u0151en ker\u00fclhet sor. A nem budapesti \u00e9s v\u00e1rhat\u00f3an a klinik\u00e1n hosszabb ideig tart\u00f3zkod\u00f3 csal\u00e1dok\/sz\u00fcl\u0151k sz\u00e1m\u00e1ra a klinik\u00e1val szomsz\u00e9dos utc\u00e1ban tal\u00e1lhat\u00f3, a Ronald McDonald\u2019s Alap\u00edtv\u00e1ny \u00e1ltal m\u0171k\u00f6dtetett h\u00e1zban ingyenes sz\u00e1ll\u00e1sra van lehet\u0151s\u00e9g. Mindk\u00e9t sz\u00e1ll\u00e1slehet\u0151s\u00e9g ig\u00e9nybev\u00e9tele el\u0151zetes egyeztet\u00e9st k\u00edv\u00e1n az adott oszt\u00e1ly f\u0151n\u0151v\u00e9r\u00e9vel, illetve a kezel\u0151orvossal.<\/p>\n<p>Klinik\u00e1nk oszt\u00e1lyainak t\u00f6bbs\u00e9g\u00e9n a fentiek mellett kinyithat\u00f3 \u00e1gyakon, fotel\u00e1gyakon tudunk \u00e9jszak\u00e1ra pihen\u00e9si lehet\u0151s\u00e9get biztos\u00edtani az egyik sz\u00fcl\u0151 sz\u00e1m\u00e1ra. A kisebb betegszob\u00e1kn\u00e1l, ahol a beteg\u00e1gyak mellett tov\u00e1bbi fekv\u0151hely elhelyez\u00e9s\u00e9re nincs lehet\u0151s\u00e9g, a klinika ter\u00fclet\u00e9n igyeksz\u00fcnk megoldani ig\u00e9ny eset\u00e9n az egyik sz\u00fcl\u0151 elhelyez\u00e9s\u00e9t.<\/p>\n<p>Tisztelettel k\u00e9rj\u00fck \u00e9s felh\u00edvjuk figyelm\u00fcket, hogy klinik\u00e1nkon kezelt egyik gyermek sem szenvedhet h\u00e1tr\u00e1nyt, \u00edgy els\u0151dleges a gyermekek biztons\u00e1gos ell\u00e1t\u00e1sa. Ennek \u00e9rdek\u00e9ben \u00e9s ennek seg\u00edt\u00e9s\u00e9re k\u00e9rj\u00fck a \u201eSz\u00fcl\u0151i t\u00e1j\u00e9koztat\u00f3ban\u201d le\u00edrtak \u00e9s a klinika h\u00e1zirendj\u00e9nek, id\u0151beoszt\u00e1s\u00e1nak betart\u00e1s\u00e1t!<\/p>\n<p>K\u00f6sz\u00f6nj\u00fck egy\u00fcttm\u0171k\u00f6d\u00e9s\u00fcket, amelynek c\u00e9lja gyermek\u00fck min\u00e9l biztons\u00e1gosabb \u00e9s gyorsabb ell\u00e1t\u00e1sa \u00e9s otthon\u00e1ba bocs\u00e1t\u00e1sa.<\/p>\n<table style=\"border-collapse: collapse;width: 100%;height: 330px\">\n<tbody>\n<tr style=\"height: 33px\">\n<td style=\"width: 50%;height: 33px;text-align: left\"><strong>Fekv\u0151beteg oszt\u00e1ly\u00a0<\/strong><\/td>\n<td style=\"width: 50%;height: 33px;text-align: left\"><strong>NEAK k\u00f3d<\/strong><\/td>\n<\/tr>\n<tr>\n<td style=\"width: 50%\" width=\"535\">Arcrekonstrukci\u00f3s Centrum<\/td>\n<td style=\"width: 50%\" width=\"127\">01H714816<\/td>\n<\/tr>\n<tr>\n<td style=\"width: 50%\">Csecsem\u0151 Oszt\u00e1ly<\/td>\n<td style=\"width: 50%\">01H710516<\/td>\n<\/tr>\n<tr>\n<td style=\"width: 50%\">Diab\u00e9tesz, Endokrinol\u00f3giai \u00e9s Metabolikus Oszt\u00e1ly<\/td>\n<td style=\"width: 50%\">01H710516<\/td>\n<\/tr>\n<tr>\n<td style=\"width: 50%\">Gasztroenterol\u00f3giai \u00e9s Hepatol\u00f3giai Oszt\u00e1ly<\/td>\n<td style=\"width: 50%\">01H71G316<\/td>\n<\/tr>\n<tr>\n<td style=\"width: 50%\">Gyermek- \u00e9s Ifj\u00fas\u00e1gpszichi\u00e1triai Oszt\u00e1ly<\/td>\n<td style=\"width: 50%\">01H714106<\/td>\n<\/tr>\n<tr>\n<td style=\"width: 50%\">Infektol\u00f3giai Oszt\u00e1ly (fert\u0151z\u0151 betegs\u00e9gek)<\/td>\n<td style=\"width: 50%\">01H710516<\/td>\n<\/tr>\n<tr>\n<td style=\"width: 50%\">Intenz\u00edv ter\u00e1pi\u00e1s Oszt\u00e1ly<\/td>\n<td style=\"width: 50%\">01H710515<\/td>\n<\/tr>\n<tr>\n<td style=\"width: 50%\">Korasz\u00fcl\u00f6tt Intenz\u00edv Oszt\u00e1ly<\/td>\n<td style=\"width: 50%\">01H713606<\/td>\n<\/tr>\n<tr>\n<td style=\"width: 50%\">M\u0171vese Oszt\u00e1ly<\/td>\n<td style=\"width: 50%\">01H724216<\/td>\n<\/tr>\n<tr>\n<td style=\"width: 50%\">Neurol\u00f3gia Oszt\u00e1ly<\/td>\n<td style=\"width: 50%\">01H710511<\/td>\n<\/tr>\n<tr>\n<td style=\"width: 50%\">Pulmonol\u00f3giai Oszt\u00e1ly<\/td>\n<td style=\"width: 50%\">01H71G196<\/td>\n<\/tr>\n<tr>\n<td style=\"width: 50%\">Radiol\u00f3giai Oszt\u00e1ly<\/td>\n<td style=\"width: 50%\">01H725116<\/td>\n<\/tr>\n<tr>\n<td style=\"width: 50%\">Seb\u00e9szeti Oszt\u00e1ly<\/td>\n<td style=\"width: 50%\">01H714816<\/td>\n<\/tr>\n<tr>\n<td style=\"width: 50%\">S\u00fcrg\u0151ss\u00e9gi Oszt\u00e1ly<\/td>\n<td style=\"width: 50%\">01H714605<\/td>\n<\/tr>\n<tr>\n<td style=\"width: 50%\">\u00dajsz\u00fcl\u00f6tt Seb\u00e9szeti Oszt\u00e1ly<\/td>\n<td style=\"width: 50%\">01H714816<\/td>\n<\/tr>\n<tr>\n<td style=\"width: 50%\">Veseoszt\u00e1ly<\/td>\n<td style=\"width: 50%\">01H710516<\/td>\n<\/tr>\n<\/tbody>\n<\/table>\n","protected":false},"excerpt":{"rendered":"<p>Amennyiben gyermek\u00e9nek kezel\u0151orvosa klinikai ell\u00e1t\u00e1st javasol, \u00e9s a gyermeket felvessz\u00fck, a sz\u00fcl\u0151knek a k\u00f6vetkez\u0151t sz\u00fcks\u00e9ges szem el\u0151tt tartani. A sz\u00fcl\u0151k felkeresik a Klinika felv\u00e9teli irod\u00e1j\u00e1t, ahol a gyermek szem\u00e9lyi adatait r\u00f6gz\u00edtik. Ezt k\u00f6vet\u0151en a megbesz\u00e9lt id\u0151ben jelentkeznek a fekv\u0151beteg-oszt\u00e1lyon, ahol az ott dolgoz\u00f3 orvosok felveszik a gyermeket \u00e9s t\u00e1j\u00e9koztatj\u00e1k a sz\u00fcl\u0151ket a v\u00e1rhat\u00f3 diagnosztikus \u00e9s &hellip;<\/p>\n","protected":false},"author":101740,"featured_media":0,"parent":17,"menu_order":2,"comment_status":"closed","ping_status":"closed","template":"","meta":{"_acf_changed":false,"footnotes":""},"categories":[],"tags":[],"class_list":["post-95","page","type-page","status-publish","hentry"],"acf":[],"_links":{"self":[{"href":"https:\/\/semmelweis.hu\/bokayklinika\/wp-json\/wp\/v2\/pages\/95","targetHints":{"allow":["GET"]}}],"collection":[{"href":"https:\/\/semmelweis.hu\/bokayklinika\/wp-json\/wp\/v2\/pages"}],"about":[{"href":"https:\/\/semmelweis.hu\/bokayklinika\/wp-json\/wp\/v2\/types\/page"}],"author":[{"embeddable":true,"href":"https:\/\/semmelweis.hu\/bokayklinika\/wp-json\/wp\/v2\/users\/101740"}],"replies":[{"embeddable":true,"href":"https:\/\/semmelweis.hu\/bokayklinika\/wp-json\/wp\/v2\/comments?post=95"}],"version-history":[{"count":10,"href":"https:\/\/semmelweis.hu\/bokayklinika\/wp-json\/wp\/v2\/pages\/95\/revisions"}],"predecessor-version":[{"id":7377,"href":"https:\/\/semmelweis.hu\/bokayklinika\/wp-json\/wp\/v2\/pages\/95\/revisions\/7377"}],"up":[{"embeddable":true,"href":"https:\/\/semmelweis.hu\/bokayklinika\/wp-json\/wp\/v2\/pages\/17"}],"wp:attachment":[{"href":"https:\/\/semmelweis.hu\/bokayklinika\/wp-json\/wp\/v2\/media?parent=95"}],"wp:term":[{"taxonomy":"category","embeddable":true,"href":"https:\/\/semmelweis.hu\/bokayklinika\/wp-json\/wp\/v2\/categories?post=95"},{"taxonomy":"post_tag","embeddable":true,"href":"https:\/\/semmelweis.hu\/bokayklinika\/wp-json\/wp\/v2\/tags?post=95"}],"curies":[{"name":"wp","href":"https:\/\/api.w.org\/{rel}","templated":true}]}}