{"id":94,"date":"2020-06-03T12:05:19","date_gmt":"2020-06-03T10:05:19","guid":{"rendered":"https:\/\/semmelweis.hu\/gyermekklinika1\/?page_id=94"},"modified":"2026-02-19T15:52:47","modified_gmt":"2026-02-19T14:52:47","slug":"jarobeteg-ellatas","status":"publish","type":"page","link":"https:\/\/semmelweis.hu\/bokayklinika\/betegellatas\/jarobeteg-ellatas\/","title":{"rendered":"J\u00e1r\u00f3beteg-ell\u00e1t\u00e1s"},"content":{"rendered":"<p>Ha kr\u00f3nikus beteg gyermek\u00e9nek receptre van sz\u00fcks\u00e9ge, k\u00e9rj\u00fck egyeztessen telefonon az ambulanci\u00e1t ell\u00e1t\u00f3 asszisztenssel a gy\u00f3gyszerkiv\u00e1lt\u00e1s lehets\u00e9ges m\u00f3djair\u00f3l!<\/p>\n<p><strong>\u00daj beteg<\/strong>einkt\u0151l \u00e9s azokt\u00f3l, akik t\u00f6bb mint <strong>6 h\u00f3nap ut\u00e1n<\/strong> jelentkeznek vizsg\u00e1latra \u00e9s az el\u0151z\u0151 vizsg\u00e1latn\u00e1l az ell\u00e1t\u00f3 orvos nem r\u00f6gz\u00edtette az \u00fajabb ell\u00e1t\u00e1s indokolts\u00e1g\u00e1t, <strong>beutal\u00f3<\/strong>t k\u00e9r\u00fcnk.<\/p>\n<p><strong>Telefonos el\u00e9rhet\u0151s\u00e9geink: 3343-186, 459-1500<\/strong><\/p>\n<p>A Gyermekklinik\u00e1n (B\u00f3kay utcai r\u00e9szleg) m\u0171k\u00f6d\u0151 ambul\u00e1ns szakrendel\u00e9sekre (1083 Budapest, B\u00f3kay J\u00e1nos u. 54.)<strong> id\u0151pontk\u00e9r\u00e9s, vizsg\u00e1latok fel\u0151li \u00e9rdekl\u0151d\u00e9s munkanapokon 13.00-15.00 \u00f3ra k\u00f6z\u00f6tt<\/strong>, a megadott telefonsz\u00e1mokon lehets\u00e9ges.<\/p>\n<table class=\"middle-border\" style=\"width: 100%;height: 1962px\">\n<tbody>\n<tr style=\"background-color: #d1dded\">\n<td style=\"width: 13.5508%;height: 58px;text-align: left\" width=\"240\"><strong>SZAKRENDEL\u00c9S<\/strong><\/td>\n<td style=\"width: 13.6726%;height: 58px;text-align: center\"><strong>NEAK k\u00f3d<\/strong><\/td>\n<td style=\"width: 24.6659%;height: 58px;text-align: left\" width=\"172\"><strong>ORVOS<\/strong><\/td>\n<td style=\"width: 32.113%;height: 58px;text-align: left\" width=\"177\"><strong>RENDEL\u00c9SI ID\u0150<\/strong><\/td>\n<td style=\"width: 22.8492%;height: 58px;text-align: center\" width=\"310\"><strong>BEJELENTKEZ\u00c9S:<\/strong><br \/>\n<strong>+36-1-334-3186<\/strong><br \/>\n<strong>\/mell\u00e9k<\/strong><\/td>\n<\/tr>\n<tr style=\"height: 30px\">\n<td style=\"width: 13.5508%;height: 60px\"><a href=\"https:\/\/semmelweis.hu\/bokayklinika\/betegellatas\/jarobeteg-ellatas\/allergologia-pulmonologia\/\" target=\"_blank\" rel=\"noopener noreferrer\"><strong>Allergol\u00f3gia<\/strong><\/a><\/td>\n<td style=\"width: 13.6726%;height: 60px\" width=\"127\">01H72G196<\/td>\n<td style=\"width: 24.6659%;height: 60px\">Dr. Balogh \u00c1d\u00e1m\u00a0<\/td>\n<td style=\"width: 32.113%;height: 60px\">\n<p>H, Sz, Cs, P: 09:00-14:30<\/p>\n<\/td>\n<td style=\"width: 22.8492%;height: 60px\">52655 v. 52666<\/td>\n<\/tr>\n<tr style=\"height: 32px\">\n<td style=\"width: 13.5508%;height: 32px\"><strong><a href=\"https:\/\/semmelweis.hu\/bokayklinika\/betegellatas\/jarobeteg-ellatas\/alvasambulancia\/\">Alv\u00e1sambulancia<\/a><br \/>\n<\/strong><\/td>\n<td style=\"height: 32px;width: 13.6726%\">01H72G098<\/td>\n<td style=\"width: 24.6659%;height: 32px\">Dr. Kelemen Judit<\/td>\n<td style=\"width: 32.113%;height: 32px\">K: 09:00-13:00<\/td>\n<td style=\"width: 22.8492%;height: 32px\">\u00a0<\/td>\n<\/tr>\n<tr style=\"height: 30px\">\n<td style=\"width: 13.5508%;height: 156px\" rowspan=\"3\"><a href=\"https:\/\/semmelweis.hu\/bokayklinika\/betegellatas\/jarobeteg-ellatas\/anyagcsere-szuro-es-diagnosztikai-kozpont\/\" target=\"_blank\" rel=\"noopener noreferrer\"><strong>Anyagcsere<\/strong><\/a><strong><br \/>\n<\/strong><\/td>\n<td style=\"width: 13.6726%;height: 156px\" rowspan=\"3\" width=\"127\">01H723016<\/td>\n<td style=\"width: 24.6659%;height: 30px\">Dr. Zsidegh Petra<\/td>\n<td style=\"width: 32.113%;height: 30px\">K, Cs: 10:00-14:00<\/td>\n<td style=\"width: 22.8492%;height: 30px\">52723<\/td>\n<\/tr>\n<tr style=\"height: 33px\">\n<td style=\"width: 24.6659%;height: 33px\">Dr. B\u00f3kay J\u00e1nos &#8211; PKU<\/td>\n<td style=\"width: 32.113%;height: 33px\">K, Sz, Cs: 08:00-12:00<\/td>\n<td style=\"width: 22.8492%;height: 33px\">52722<\/td>\n<\/tr>\n<tr style=\"height: 93px\">\n<td style=\"width: 24.6659%;height: 93px\">Dr. Hal\u00e1sz Zita &#8211; hypothyreosis, endocrinol\u00f3gia<\/td>\n<td style=\"width: 32.113%;height: 93px\">H-P: 09:00-12:00<\/td>\n<td style=\"width: 22.8492%;height: 93px\">52655 v. 52776<\/td>\n<\/tr>\n<tr style=\"height: 30px\">\n<td style=\"width: 13.5508%;height: 80px\" rowspan=\"4\"><a href=\"https:\/\/semmelweis.hu\/bokayklinika\/betegellatas\/jarobeteg-ellatas\/arcrekonstrukcios-centrum-a-r-c\/\" target=\"_blank\" rel=\"noopener noreferrer\"><strong>ARC &#8211; hasad\u00e9kseb\u00e9szet<\/strong><\/a><\/td>\n<td style=\"width: 13.6726%;height: 80px\" rowspan=\"4\" width=\"127\">01H720518<\/td>\n<td style=\"width: 24.6659%;height: 10px\">Dr. Nagy Kriszti\u00e1n<\/td>\n<td style=\"width: 32.113%;height: 80px\" rowspan=\"4\">\n<p>H: 08:30-10:00\u00a0 \u00a0H: 14:00-16:00\u00a0\u00a0\u00a0\u00a0\u00a0\u00a0\u00a0\u00a0\u00a0\u00a0\u00a0\u00a0\u00a0\u00a0\u00a0\u00a0\u00a0\u00a0 K: 11:00-13:00\u00a0 \u00a0Cs: 09:00-10:30\u00a0\u00a0\u00a0\u00a0\u00a0\u00a0\u00a0\u00a0\u00a0\u00a0\u00a0\u00a0\u00a0\u00a0\u00a0\u00a0\u00a0 Cs:14:00-16:00<\/p>\n<\/td>\n<td style=\"width: 22.8492%;height: 80px\" rowspan=\"4\">+36-20-670-1069<\/td>\n<\/tr>\n<tr style=\"height: 30px\">\n<td style=\"width: 24.6659%;height: 30px\">Dr. Farkas Zs\u00f3fia<\/td>\n<\/tr>\n<tr style=\"height: 30px\">\n<td style=\"width: 24.6659%;height: 30px\">Dr. W\u00fcrsching Tam\u00e1s<\/td>\n<\/tr>\n<tr style=\"height: 30px\">\n<td style=\"width: 24.6659%;height: 10px\">Dr. Manninger \u00c1d\u00e1m<\/td>\n<\/tr>\n<tr style=\"height: 30px\">\n<td style=\"width: 13.5508%;height: 60px\"><a href=\"https:\/\/semmelweis.hu\/bokayklinika\/betegellatas\/jarobeteg-ellatas\/csecsemo-utanvizsgalati-ambulancia\/\" target=\"_blank\" rel=\"noopener noreferrer\"><strong>Csecsem\u0151<\/strong><\/a><\/td>\n<td style=\"width: 13.6726%;height: 60px\" width=\"127\">01H72G196<\/td>\n<td style=\"width: 24.6659%;height: 60px\">Dr. Kincs Judit\u00a0<\/td>\n<td style=\"width: 32.113%;height: 60px\">Sz: 09:00-13:00<\/td>\n<td style=\"width: 22.8492%;height: 60px\">52703 v. 52668<\/td>\n<\/tr>\n<tr style=\"height: 30px\">\n<td style=\"width: 13.5508%;height: 60px\" rowspan=\"2\"><a href=\"https:\/\/semmelweis.hu\/bokayklinika\/betegellatas\/jarobeteg-ellatas\/diabetologia-endokrinologia-obezitologia\/\" target=\"_blank\" rel=\"noopener noreferrer\"><strong>Diabetes<\/strong><\/a><\/td>\n<td style=\"width: 13.6726%;height: 60px\" rowspan=\"2\" width=\"127\">01H723016<\/td>\n<td style=\"width: 24.6659%;height: 30px\">Dr. Luczay Andrea<\/td>\n<td style=\"width: 32.113%;height: 30px\">H, Sz (minden h\u00f3nap 2-4. szerda), Cs: 09:00-14:00<\/td>\n<td style=\"width: 22.8492%;height: 30px\">52632<\/td>\n<\/tr>\n<tr style=\"height: 30px\">\n<td style=\"width: 24.6659%;height: 30px\">Dr. T\u00f3th-Heyn P\u00e9ter<\/td>\n<td style=\"width: 32.113%;height: 30px\">K, Sz (minden h\u00f3nap 1-3. szerda), P: 09:00-14:00<\/td>\n<td style=\"width: 22.8492%;height: 30px\">52632<\/td>\n<\/tr>\n<tr style=\"height: 30px\">\n<td style=\"width: 13.5508%;height: 30px\"><a href=\"https:\/\/semmelweis.hu\/bokayklinika\/betegellatas\/jarobeteg-ellatas\/dietetikai-szaktanacsadas\/\" target=\"_blank\" rel=\"noopener noreferrer\"><strong>Dietetika<\/strong><\/a><\/td>\n<td style=\"width: 13.6726%;height: 30px\" width=\"127\">01H723016<\/td>\n<td style=\"width: 24.6659%;height: 30px\">Kiss Erika<\/td>\n<td style=\"width: 32.113%;height: 30px\">H-P: 09:00-13:00<\/td>\n<td style=\"width: 22.8492%;height: 30px\">58299<\/td>\n<\/tr>\n<tr style=\"height: 33px\">\n<td style=\"width: 13.5508%;height: 129px\" rowspan=\"4\"><a href=\"https:\/\/semmelweis.hu\/bokayklinika\/betegellatas\/jarobeteg-ellatas\/endokrinologia-obezitologia\/\" target=\"_blank\" rel=\"noopener noreferrer\"><strong>Endokrinol\u00f3gia<\/strong><\/a><strong><br \/>\n<\/strong><\/td>\n<td style=\"width: 13.6726%;height: 129px\" rowspan=\"4\">01H723016<\/td>\n<td style=\"width: 24.6659%;height: 33px\">Dr. G\u00e1cs Zs\u00f3fia<\/td>\n<td style=\"width: 32.113%;height: 33px\">H, P: 09:00-14:00<\/td>\n<td style=\"width: 22.8492%;height: 33px\">\u00a0<\/td>\n<\/tr>\n<tr style=\"height: 30px\">\n<td style=\"width: 24.6659%;height: 30px\">Dr. Hal\u00e1sz Zita<\/td>\n<td style=\"width: 32.113%;height: 30px\">H-P: 09:00-12:00<\/td>\n<td style=\"width: 22.8492%;height: 30px\">52776<\/td>\n<\/tr>\n<tr style=\"height: 33px\">\n<td style=\"width: 24.6659%;height: 33px\">Dr. Hrapka Erzs\u00e9bet<\/td>\n<td style=\"width: 32.113%;height: 33px\">P: 08:00-14:00<\/td>\n<td style=\"width: 22.8492%;height: 33px\">\u00a0<\/td>\n<\/tr>\n<tr style=\"height: 33px\">\n<td style=\"width: 24.6659%;height: 33px\">Dr. Liptovszky Janka<\/td>\n<td style=\"width: 32.113%;height: 33px\">Sz-Cs: 08:30-14:00<\/td>\n<td style=\"width: 22.8492%;height: 33px\">\u00a0<\/td>\n<\/tr>\n<tr style=\"height: 57px\">\n<td style=\"width: 13.5508%;height: 57px\"><strong><a href=\"https:\/\/semmelweis.hu\/bokayklinika\/betegellatas\/jarobeteg-ellatas\/fejlodesneurologia-fejlodestamogato-kozpont\/\" target=\"_blank\" rel=\"noopener\">Fejl\u0151d\u00e9s neurol\u00f3gia, Korasz\u00fcl\u00f6tt fejleszt\u00e9s<\/a><\/strong><\/td>\n<td style=\"width: 13.6726%;height: 57px\" width=\"127\">01H72G091<\/td>\n<td style=\"width: 24.6659%;height: 57px\">Dr. Mohai Katalin<\/td>\n<td style=\"width: 32.113%;height: 57px\">H, K: 13:00-16:00<\/td>\n<td style=\"width: 22.8492%;height: 57px\">52727<\/td>\n<\/tr>\n<tr style=\"height: 30px\">\n<td style=\"width: 13.5508%;height: 63px\"><a href=\"https:\/\/semmelweis.hu\/bokayklinika\/betegellatas\/jarobeteg-ellatas\/arcrekonstrukcios-centrum-a-r-c\/\" target=\"_blank\" rel=\"noopener noreferrer\"><strong>F\u00fcl-orr-g\u00e9g\u00e9szet<\/strong><\/a><\/td>\n<td style=\"width: 13.6726%;height: 63px\" width=\"127\">01H72G066<strong><br \/>\n<\/strong><\/td>\n<td style=\"width: 24.6659%;height: 63px\">Dr. Ilonczai Larisza<\/td>\n<td style=\"height: 63px;width: 32.113%\">\n<p style=\"text-align: left\">Sz: 08:00-12:00<\/p>\n<\/td>\n<td style=\"width: 22.8492%;height: 63px\">\n<p>52667<\/p>\n<\/td>\n<\/tr>\n<tr style=\"height: 30px\">\n<td style=\"width: 13.5508%;height: 196px\" rowspan=\"4\"><a href=\"https:\/\/semmelweis.hu\/bokayklinika\/betegellatas\/jarobeteg-ellatas\/gasztroenterologia\/\" target=\"_blank\" rel=\"noopener noreferrer\"><strong>Gasztroenterol\u00f3gia<\/strong><\/a><strong><br \/>\n<\/strong><\/td>\n<td style=\"width: 13.6726%;height: 196px\" rowspan=\"4\" width=\"127\">01H72G316<\/td>\n<td style=\"width: 24.6659%;height: 30px\">Prof. Arat\u00f3 Andr\u00e1s<\/td>\n<td style=\"width: 32.113%;height: 30px\">P: 11:00-13:00<\/td>\n<td style=\"width: 22.8492%;height: 30px\">52703<\/td>\n<\/tr>\n<tr style=\"height: 30px\">\n<td style=\"width: 24.6659%;height: 30px\">Dr. Cseh \u00c1ron<\/td>\n<td style=\"width: 32.113%;height: 30px\">H: 09:00-14:00<\/td>\n<td style=\"width: 22.8492%;height: 30px\">52703<\/td>\n<\/tr>\n<tr style=\"height: 53px\">\n<td style=\"width: 24.6659%;height: 53px\">\n<p>Dr. L\u00f3th Szendile<\/p>\n<\/td>\n<td style=\"width: 32.113%;height: 53px\">P: 08:00-11:00<\/td>\n<td style=\"width: 22.8492%;height: 53px\">52703<\/td>\n<\/tr>\n<tr style=\"height: 53px\">\n<td style=\"width: 24.6659%;height: 53px\">\n<p>Dr. Prehoda Bence<\/p>\n<\/td>\n<td style=\"width: 32.113%;height: 53px\">H: 09:00-13:00<\/td>\n<td style=\"width: 22.8492%;height: 53px\">52703<\/td>\n<\/tr>\n<tr style=\"height: 30px\">\n<td style=\"width: 13.5508%;height: 162px\" rowspan=\"5\"><a href=\"https:\/\/semmelweis.hu\/bokayklinika\/betegellatas\/jarobeteg-ellatas\/klinikai-genetikai-tanacsadas\/\" target=\"_blank\" rel=\"noopener noreferrer\"><strong>Genetika<\/strong><\/a><strong><br \/>\n<\/strong><\/td>\n<td style=\"width: 13.6726%;height: 162px\" rowspan=\"5\" width=\"127\">01H721716<\/td>\n<td style=\"width: 24.6659%;height: 30px\">Dr. Kerti Andrea<\/td>\n<td style=\"width: 32.113%;height: 30px\">H: 10:00-14:00<\/td>\n<td style=\"width: 22.8492%;height: 30px\">52667<\/td>\n<\/tr>\n<tr style=\"height: 33px\">\n<td style=\"width: 24.6659%;height: 33px\">Dr. Csoh\u00e1ny R\u00f3zsa<\/td>\n<td style=\"width: 32.113%;height: 33px\">K: 11:00-14:00<\/td>\n<td style=\"width: 22.8492%;height: 33px\">52667<\/td>\n<\/tr>\n<tr style=\"height: 33px\">\n<td style=\"width: 24.6659%;height: 33px\">Dr. Antal-K\u00f3nya Violetta<\/td>\n<td style=\"width: 32.113%;height: 33px\">Sz: 09:15-14:00<\/td>\n<td style=\"width: 22.8492%;height: 33px\">52667<\/td>\n<\/tr>\n<tr style=\"height: 33px\">\n<td style=\"width: 24.6659%;height: 33px\">Prof. Tory K\u00e1lm\u00e1n<\/td>\n<td style=\"width: 32.113%;height: 33px\">Cs: 09:00-14:30<\/td>\n<td style=\"width: 22.8492%;height: 33px\">52667<\/td>\n<\/tr>\n<tr style=\"height: 33px\">\n<td style=\"width: 24.6659%;height: 33px\">Dr. Fekete Anett<\/td>\n<td style=\"width: 32.113%;height: 33px\">P: 10:00-13:30<\/td>\n<td style=\"width: 22.8492%;height: 33px\">52667<\/td>\n<\/tr>\n<tr style=\"height: 30px\">\n<td style=\"width: 13.5508%;height: 219px\" rowspan=\"4\"><a href=\"https:\/\/semmelweis.hu\/bokayklinika\/betegellatas\/jarobeteg-ellatas\/hepatologia\/\" target=\"_blank\" rel=\"noopener noreferrer\"><strong>Hepatol\u00f3gia<\/strong><\/a><strong><br \/>\n<\/strong><\/td>\n<td style=\"width: 13.6726%;height: 219px\" rowspan=\"4\" width=\"127\">01H721616<\/td>\n<td style=\"width: 24.6659%;height: 30px\">Dr. Dezs\u0151fi Antal<\/td>\n<td style=\"width: 32.113%;height: 30px\">\n<p>K: 09:00-13:00<br \/>\nCs: 09:00-14:00<\/p>\n<\/td>\n<td style=\"width: 22.8492%;height: 30px\">52703<\/td>\n<\/tr>\n<tr style=\"height: 53px\">\n<td style=\"width: 24.6659%;height: 53px\">Dr. L\u00f3th Szendile<\/td>\n<td style=\"width: 32.113%;height: 53px\">\n<p>K: 09:00-13:00<\/p>\n<\/td>\n<td style=\"width: 22.8492%;height: 53px\">52703<\/td>\n<\/tr>\n<tr style=\"height: 83px\">\n<td style=\"width: 24.6659%;height: 83px\">Dr. Szab\u00f3 Dol\u00f3resz<\/td>\n<td style=\"width: 32.113%;height: 83px\">\n<p>K: 09:00-13:00<br \/>\nSz: 08:00-11:00<\/p>\n<\/td>\n<td style=\"width: 22.8492%;height: 83px\">52703<\/td>\n<\/tr>\n<tr style=\"height: 53px\">\n<td style=\"width: 24.6659%;height: 53px\">Dr. Perneczki Andrea<\/td>\n<td style=\"width: 32.113%;height: 53px\">\n<p>Cs: 09:00-14:00<\/p>\n<\/td>\n<td style=\"width: 22.8492%;height: 53px\">52703<\/td>\n<\/tr>\n<tr style=\"height: 53px\">\n<td style=\"width: 13.5508%;height: 53px\"><strong><a href=\"https:\/\/semmelweis.hu\/bokayklinika\/betegellatas\/jarobeteg-ellatas\/laktacios-ambulancia\/\">Lakt\u00e1ci\u00f3s amb.<\/a><br \/>\n<\/strong><\/td>\n<td style=\"width: 13.6726%;height: 53px\">01H720524<\/td>\n<td style=\"width: 24.6659%;height: 53px\">Dr. Frank Veronika<\/td>\n<td style=\"width: 32.113%;height: 53px\">\n<p>Cs: 08:00-15:00<\/p>\n<\/td>\n<td style=\"width: 22.8492%;height: 53px\">\u00a0<\/td>\n<\/tr>\n<tr style=\"height: 30px\">\n<td style=\"width: 13.5508%;height: 90px\" rowspan=\"3\"><a href=\"https:\/\/semmelweis.hu\/bokayklinika\/betegellatas\/jarobeteg-ellatas\/gyermekideggyogyaszati-es-eeg-ambulancia\/\" target=\"_blank\" rel=\"noopener noreferrer\"><strong>Neurol\u00f3gia<\/strong><\/a><\/td>\n<td style=\"width: 13.6726%;height: 90px\" rowspan=\"3\" width=\"127\">01H72G096<\/td>\n<td style=\"width: 24.6659%;height: 30px\">Dr. Szeifert Lilla<\/td>\n<td style=\"width: 32.113%;height: 30px\">H &#8211; K &#8211; Cs: 10:00-12:00<\/td>\n<td style=\"width: 22.8492%;height: 30px\">52775<\/td>\n<\/tr>\n<tr style=\"height: 30px\">\n<td style=\"width: 24.6659%;height: 30px\">Dr. Felkai M\u00e1ria<\/td>\n<td style=\"width: 32.113%;height: 30px\">K &#8211; Sz: 09:00-16:00\u00a0<\/td>\n<td style=\"width: 22.8492%;height: 30px\">52775<\/td>\n<\/tr>\n<tr style=\"height: 30px\">\n<td style=\"width: 24.6659%;height: 30px\">Dr. Farkas Viktor<\/td>\n<td style=\"width: 32.113%;height: 30px\">Sz, P: 10:00-12:00<\/td>\n<td style=\"width: 22.8492%;height: 30px\">52775<\/td>\n<\/tr>\n<tr style=\"height: 30px\">\n<td style=\"width: 13.5508%;height: 96px\" rowspan=\"3\"><a href=\"https:\/\/semmelweis.hu\/bokayklinika\/betegellatas\/jarobeteg-ellatas\/gyermekideggyogyaszati-es-eeg-ambulancia\/\" target=\"_blank\" rel=\"noopener noreferrer\"><strong>Neurol\u00f3gia &#8211; EEG<\/strong><\/a><\/td>\n<td style=\"width: 13.6726%;height: 96px\" rowspan=\"3\" width=\"127\">01H72G096<\/td>\n<td style=\"width: 24.6659%;height: 30px\">Dr. Szeifert Lilla<\/td>\n<td style=\"width: 32.113%;height: 30px\">H &#8211; K &#8211; Cs: 10:00-12:00<\/td>\n<td style=\"width: 22.8492%;height: 30px\">52722<\/td>\n<\/tr>\n<tr style=\"height: 33px\">\n<td style=\"width: 24.6659%;height: 33px\">Dr. Felkai M\u00e1ria<\/td>\n<td style=\"width: 32.113%;height: 33px\">K &#8211; Sz: 09:00-16:00<\/td>\n<td style=\"width: 22.8492%;height: 33px\">52722<\/td>\n<\/tr>\n<tr style=\"height: 33px\">\n<td style=\"width: 24.6659%;height: 33px\">Dr. Farkas Viktor<\/td>\n<td style=\"width: 32.113%;height: 33px\">Sz, P: 10:00-12:00<\/td>\n<td style=\"width: 22.8492%;height: 33px\">52722<\/td>\n<\/tr>\n<tr style=\"height: 33px\">\n<td style=\"width: 13.5508%;height: 165px\" rowspan=\"5\"><a href=\"https:\/\/semmelweis.hu\/bokayklinika\/betegellatas\/jarobeteg-ellatas\/nephrologiai-szakrendeles\/\" target=\"_blank\" rel=\"noopener\"><strong>Nephrol\u00f3gia<\/strong><\/a><\/td>\n<td style=\"width: 13.6726%;height: 165px\" rowspan=\"5\">01H723716<\/td>\n<td style=\"width: 24.6659%;height: 33px\">Dr. Csizek Zs\u00f3fia<\/td>\n<td style=\"width: 32.113%;height: 33px\">H: 09:00-12:30<\/td>\n<td style=\"width: 22.8492%;height: 33px\">52667<\/td>\n<\/tr>\n<tr style=\"height: 33px\">\n<td style=\"width: 24.6659%;height: 33px\">Prof. dr. Szab\u00f3 Attila<\/td>\n<td style=\"width: 32.113%;height: 33px\">K &#8211; Sz: 11:00-13:00<\/td>\n<td style=\"width: 22.8492%;height: 33px\">52667<\/td>\n<\/tr>\n<tr style=\"height: 33px\">\n<td style=\"width: 24.6659%;height: 33px\">Dr. Ag\u00f3cs R\u00f3bert<\/td>\n<td style=\"width: 32.113%;height: 33px\">Cs: 08:00-10:00<\/td>\n<td style=\"width: 22.8492%;height: 33px\">52667<\/td>\n<\/tr>\n<tr style=\"height: 33px\">\n<td style=\"width: 24.6659%;height: 33px\">Prof. dr. Reusz Gy\u00f6rgy<\/td>\n<td style=\"width: 32.113%;height: 33px\">Cs: 09:40-12:30<\/td>\n<td style=\"width: 22.8492%;height: 33px\">52667<\/td>\n<\/tr>\n<tr style=\"height: 33px\">\n<td style=\"width: 24.6659%;height: 33px\">Dr. Mikes B\u00e1lint<\/td>\n<td style=\"width: 32.113%;height: 33px\">P: 09:00-12:30<\/td>\n<td style=\"width: 22.8492%;height: 33px\">52667<\/td>\n<\/tr>\n<tr style=\"height: 33px\">\n<td style=\"width: 13.5508%;height: 33px\"><strong><a href=\"https:\/\/semmelweis.hu\/bokayklinika\/betegellatas\/jarobeteg-ellatas\/long-covid-ambulancia\/\" target=\"_blank\" rel=\"noopener\">Long-COVID<\/a><br \/>\n<\/strong><\/td>\n<td style=\"width: 13.6726%;height: 33px\" width=\"127\">01H721716<\/td>\n<td style=\"width: 24.6659%;height: 33px\">\u00a0<\/td>\n<td style=\"width: 32.113%;height: 33px\">Sz: 08:00-12:00<\/td>\n<td style=\"width: 22.8492%;height: 33px\">\u00a0<\/td>\n<\/tr>\n<tr style=\"height: 30px\">\n<td style=\"width: 13.5508%;height: 93px\"><a href=\"https:\/\/semmelweis.hu\/bokayklinika\/betegellatas\/jarobeteg-ellatas\/gyermek-tudogyogyaszat-pulmonologia\/\" target=\"_blank\" rel=\"noopener noreferrer\"><strong>Pulmonol\u00f3gia<\/strong><\/a><strong><br \/>\n<\/strong><\/td>\n<td style=\"width: 13.6726%;height: 93px\" width=\"127\">01H72G196<\/td>\n<td style=\"width: 24.6659%;height: 60px\">Dr. Kincs Judit<\/td>\n<td style=\"width: 32.113%;height: 60px\">Sz: 09:00-14:00<\/td>\n<td style=\"width: 22.8492%;height: 60px\">52703<\/td>\n<\/tr>\n<tr style=\"height: 30px\">\n<td style=\"width: 13.5508%;height: 40px\" rowspan=\"4\"><a href=\"https:\/\/semmelweis.hu\/bokayklinika\/betegellatas\/jarobeteg-ellatas\/gyermeksebeszet-gyermekurologia-mellkassebeszet\/\" target=\"_blank\" rel=\"noopener noreferrer\"><strong>Seb\u00e9szet<\/strong><\/a><strong><br \/>\n<\/strong><\/td>\n<td style=\"width: 13.6726%;height: 40px\" rowspan=\"4\" width=\"127\">01H724816<\/td>\n<td style=\"width: 24.6659%;height: 10px\">\n<p>Dr. Antal Zsuzsanna<\/p>\n<\/td>\n<td style=\"width: 32.113%;height: 40px\" rowspan=\"4\">H, K, Sz, Cs: 09:00-14:00<br \/>\nP: 09:00-12:00<\/td>\n<td style=\"width: 22.8492%;height: 40px\" rowspan=\"4\">\n<p>Id\u0151pontk\u00e9r\u00e9s:\u00a0<\/p>\n<div>H\u00e9tf\u0151t\u0151l- Cs\u00fct\u00f6rt\u00f6kig: 09:00-12:00 \u00e9s 12:30-14:30 k\u00f6z\u00f6tt<\/div>\n<div>P\u00e9nteken: 09:00-12:00\u00a0 \u00e9s 12:30-13:30 k\u00f6z\u00f6tt<\/div>\n<p>a +36-1-3343186\/52684-es sz\u00e1mon.<\/p>\n<\/td>\n<\/tr>\n<tr style=\"height: 10px\">\n<td style=\"height: 10px\">\n<p>Dr. K\u00e1lm\u00e1n Attila<\/p>\n<\/td>\n<\/tr>\n<tr style=\"height: 10px\">\n<td style=\"height: 10px\">\n<p>Dr. Kiss Imre<\/p>\n<\/td>\n<\/tr>\n<tr style=\"height: 10px\">\n<td style=\"height: 10px\">\n<p>Dr. Vereb\u00e9ly Tibor<\/p>\n<\/td>\n<\/tr>\n<tr style=\"height: 30px\">\n<td style=\"width: 13.5508%;height: 30px\"><a href=\"https:\/\/semmelweis.hu\/bokayklinika\/betegellatas\/fekvobeteg-ellatas\/ujszulott-sebeszeti-osztaly\/\" target=\"_blank\" rel=\"noopener noreferrer\"><strong>\u00dajsz\u00fcl\u00f6tt seb\u00e9szet<\/strong><\/a><\/td>\n<td style=\"width: 13.6726%;height: 30px\" width=\"127\">01H720516<\/td>\n<td style=\"width: 24.6659%;height: 30px\">Dr. M\u00e1ttyus Istv\u00e1n<\/td>\n<td style=\"width: 32.113%;height: 30px\">H\u00e9tk\u00f6znap: 09:00-12:00<\/td>\n<td style=\"width: 22.8492%;height: 30px\">52752<\/td>\n<\/tr>\n<\/tbody>\n<\/table>\n","protected":false},"excerpt":{"rendered":"<p>Ha kr\u00f3nikus beteg gyermek\u00e9nek receptre van sz\u00fcks\u00e9ge, k\u00e9rj\u00fck egyeztessen telefonon az ambulanci\u00e1t ell\u00e1t\u00f3 asszisztenssel a gy\u00f3gyszerkiv\u00e1lt\u00e1s lehets\u00e9ges m\u00f3djair\u00f3l! \u00daj betegeinkt\u0151l \u00e9s azokt\u00f3l, akik t\u00f6bb mint 6 h\u00f3nap ut\u00e1n jelentkeznek vizsg\u00e1latra \u00e9s az el\u0151z\u0151 vizsg\u00e1latn\u00e1l az ell\u00e1t\u00f3 orvos nem r\u00f6gz\u00edtette az \u00fajabb ell\u00e1t\u00e1s indokolts\u00e1g\u00e1t, beutal\u00f3t k\u00e9r\u00fcnk. Telefonos el\u00e9rhet\u0151s\u00e9geink: 3343-186, 459-1500 A Gyermekklinik\u00e1n (B\u00f3kay utcai r\u00e9szleg) m\u0171k\u00f6d\u0151 &hellip;<\/p>\n","protected":false},"author":101740,"featured_media":0,"parent":17,"menu_order":1,"comment_status":"closed","ping_status":"closed","template":"","meta":{"_acf_changed":false,"footnotes":""},"categories":[],"tags":[],"class_list":["post-94","page","type-page","status-publish","hentry"],"acf":[],"_links":{"self":[{"href":"https:\/\/semmelweis.hu\/bokayklinika\/wp-json\/wp\/v2\/pages\/94","targetHints":{"allow":["GET"]}}],"collection":[{"href":"https:\/\/semmelweis.hu\/bokayklinika\/wp-json\/wp\/v2\/pages"}],"about":[{"href":"https:\/\/semmelweis.hu\/bokayklinika\/wp-json\/wp\/v2\/types\/page"}],"author":[{"embeddable":true,"href":"https:\/\/semmelweis.hu\/bokayklinika\/wp-json\/wp\/v2\/users\/101740"}],"replies":[{"embeddable":true,"href":"https:\/\/semmelweis.hu\/bokayklinika\/wp-json\/wp\/v2\/comments?post=94"}],"version-history":[{"count":15,"href":"https:\/\/semmelweis.hu\/bokayklinika\/wp-json\/wp\/v2\/pages\/94\/revisions"}],"predecessor-version":[{"id":8007,"href":"https:\/\/semmelweis.hu\/bokayklinika\/wp-json\/wp\/v2\/pages\/94\/revisions\/8007"}],"up":[{"embeddable":true,"href":"https:\/\/semmelweis.hu\/bokayklinika\/wp-json\/wp\/v2\/pages\/17"}],"wp:attachment":[{"href":"https:\/\/semmelweis.hu\/bokayklinika\/wp-json\/wp\/v2\/media?parent=94"}],"wp:term":[{"taxonomy":"category","embeddable":true,"href":"https:\/\/semmelweis.hu\/bokayklinika\/wp-json\/wp\/v2\/categories?post=94"},{"taxonomy":"post_tag","embeddable":true,"href":"https:\/\/semmelweis.hu\/bokayklinika\/wp-json\/wp\/v2\/tags?post=94"}],"curies":[{"name":"wp","href":"https:\/\/api.w.org\/{rel}","templated":true}]}}