{"id":8046,"date":"2026-02-26T12:36:08","date_gmt":"2026-02-26T11:36:08","guid":{"rendered":"https:\/\/semmelweis.hu\/bokayklinika\/?page_id=8046"},"modified":"2026-03-25T09:08:07","modified_gmt":"2026-03-25T08:08:07","slug":"phd-napok","status":"publish","type":"page","link":"https:\/\/semmelweis.hu\/bokayklinika\/kutatas\/phd-napok\/","title":{"rendered":"PhD Napok"},"content":{"rendered":"<p>A PhD Napok a Gyermekklinika PhD hallgat\u00f3inak sz\u00f3l\u00f3 \u00e9ves tudom\u00e1nyos f\u00f3rum: olyan tal\u00e1lkoz\u00f3pont, ahol a folyamatban l\u00e9v\u0151 kutat\u00f3munka l\u00e1that\u00f3v\u00e1 v\u00e1lik, \u00e9s ahol a k\u00e9rdez\u00e9s kult\u00far\u00e1ja k\u00f6z\u00f6s \u00fcggy\u00e9 form\u00e1l\u00f3dik. A rendezv\u00e9ny lehet\u0151s\u00e9get teremt arra, hogy a hallgat\u00f3k megossz\u00e1k eredm\u00e9nyeiket \u00e9s er\u0151s\u00edts\u00e9k a kutat\u00f3i szeml\u00e9letet, amely a gyermekgy\u00f3gy\u00e1szati ell\u00e1t\u00e1s fejl\u0151d\u00e9s\u00e9nek alapja.<\/p>\n<p>A konferencia angol nyelven zajlik, \u00e9s minden \u00e9rdekl\u0151d\u0151 koll\u00e9ga r\u00e9szv\u00e9tel\u00e9t szorgalmazza. A klinika PhD hallgat\u00f3i sz\u00e1m\u00e1ra az els\u0151 \u00e9vben a szem\u00e9lyes r\u00e9szv\u00e9tel, a m\u00e1sodik \u00e9vt\u0151l pedig az el\u0151ad\u00e1ssal t\u00f6rt\u00e9n\u0151 r\u00e9szv\u00e9tel a tanulm\u00e1nyi k\u00f6vetelm\u00e9nyek r\u00e9sz\u00e9t k\u00e9pezik.<\/p>\n<p><strong>Legut\u00f3bbi alkalom:<\/strong> 2026. m\u00e1rcius 19-20.<\/p>\n<p><em>K\u00f6vetkez\u0151 id\u0151pont hamarosan.<\/em><\/p>\n<script type=\"text\/javascript\" src=\"https:\/\/semmelweis.hu\/bokayklinika\/wp-content\/themes\/se18\/dist\/scripts\/carousel.js\"><\/script>    <section class=\"post-cards shortcode-wrapper\">\r\n        <div id=\"news-container\" class=\" d-none d-sm-flex flex-column  full-width-post-cards-shortcode-card news-container-for-card-code\" style=\"\">\r\n                            <div class=\"section-row row mt-0  pr-normal mx-0\">\r\n                    <div class=\"col-auto section-title\">\r\n                        <h2>Kapcsol\u00f3d\u00f3 h\u00edrek<\/h2>\r\n                    <\/div>\r\n                <\/div>\r\n\r\n            \r\n            <div class=\"row card-row my-2 pt-3 pb-0 mx-0 w-100 \">\r\n               \r\n                \ufeff\r\n    <div class=\"card-format col col-12 col-md-4 col-lg-4 pl-1 pl-md-0 pr-1 pr-md-2 mb-2\">\r\n        <a class=\"d-block w-100\"  href=\"https:\/\/semmelweis.hu\/bokayklinika\/2026\/03\/25\/phd-napok-2026-a-kutatas-kulturaja-a-semmelweis-gyermekklinikan\/\">\r\n      <!--  <a class=\"d-block w-100\" target=\"_blank\" href=\" \"> -->\r\n            <div class=\"card\">\r\n                                    <div class=\"card-image img-fluid \">\r\n                         \r\n                        <img loading=\"lazy\" decoding=\"async\" width=\"753\" height=\"636\" src=\"https:\/\/semmelweis.hu\/bokayklinika\/files\/2026\/03\/3-768x649.jpg\" class=\"landscape wp-post-image\" alt=\"\" srcset=\"https:\/\/semmelweis.hu\/bokayklinika\/files\/2026\/03\/3-768x649.jpg 768w, https:\/\/semmelweis.hu\/bokayklinika\/files\/2026\/03\/3-400x338.jpg 400w, https:\/\/semmelweis.hu\/bokayklinika\/files\/2026\/03\/3-1024x865.jpg 1024w, https:\/\/semmelweis.hu\/bokayklinika\/files\/2026\/03\/3-753x636.jpg 753w, https:\/\/semmelweis.hu\/bokayklinika\/files\/2026\/03\/3.jpg 1300w\" sizes=\"auto, (max-width: 753px) 100vw, 753px\" \/>                    <\/div>\r\n                \r\n                <div class=\"card-body\">\r\n                    <div class=\"card-date text-uppercase    \">\r\n                                                    <h5><span class=\"font-weight-normal\">2026. <\/span>m\u00e1rcius 25.<\/h5>\r\n                                            <\/div>\r\n                    <div class=\"card-title\">\r\n                        <h3 class=\"mt-2 entry-title\">PhD Napok 2026 \u2013 a kutat\u00e1s kult\u00far\u00e1ja a Semmelweis Gyermekklinik\u00e1n<\/h3>\r\n                    <\/div>\r\n                    <style>\r\n                        .card-text-inside{\r\n                                                 display: -webkit-box;\r\n                    -webkit-line-clamp: 4;\r\n                    -webkit-box-orient: vertical;\r\n                     overflow:hidden;\r\n                     text-overflow: ellipsis;\r\n                        }\r\n                        <\/style>\r\n                                    <\/div>\r\n            <\/div>\r\n        <\/a>\r\n    <\/div>\r\n\r\n\r\n\ufeff\r\n    <div class=\"card-format col col-12 col-md-4 col-lg-4 pl-1 pl-md-0 pr-1 pr-md-2 mb-2\">\r\n        <a class=\"d-block w-100\"  href=\"https:\/\/semmelweis.hu\/bokayklinika\/2025\/03\/17\/elo-tudomany-phd-napok-2025\/\">\r\n      <!--  <a class=\"d-block w-100\" target=\"_blank\" href=\" \"> -->\r\n            <div class=\"card\">\r\n                                    <div class=\"card-image img-fluid \">\r\n                         \r\n                        <img loading=\"lazy\" decoding=\"async\" width=\"753\" height=\"565\" src=\"https:\/\/semmelweis.hu\/bokayklinika\/files\/2025\/03\/IMG_6568-768x576.jpeg\" class=\"landscape wp-post-image\" alt=\"\" srcset=\"https:\/\/semmelweis.hu\/bokayklinika\/files\/2025\/03\/IMG_6568-768x576.jpeg 768w, https:\/\/semmelweis.hu\/bokayklinika\/files\/2025\/03\/IMG_6568-400x300.jpeg 400w, https:\/\/semmelweis.hu\/bokayklinika\/files\/2025\/03\/IMG_6568-1024x768.jpeg 1024w, https:\/\/semmelweis.hu\/bokayklinika\/files\/2025\/03\/IMG_6568-1536x1152.jpeg 1536w, https:\/\/semmelweis.hu\/bokayklinika\/files\/2025\/03\/IMG_6568-2048x1536.jpeg 2048w, https:\/\/semmelweis.hu\/bokayklinika\/files\/2025\/03\/IMG_6568-753x565.jpeg 753w\" sizes=\"auto, (max-width: 753px) 100vw, 753px\" \/>                    <\/div>\r\n                \r\n                <div class=\"card-body\">\r\n                    <div class=\"card-date text-uppercase    \">\r\n                                                    <h5><span class=\"font-weight-normal\">2025. <\/span>m\u00e1rcius 17.<\/h5>\r\n                                            <\/div>\r\n                    <div class=\"card-title\">\r\n                        <h3 class=\"mt-2 entry-title\">\u00c9l\u0151 tudom\u00e1ny \u2013 PhD-napok 2025<\/h3>\r\n                    <\/div>\r\n                    <style>\r\n                        .card-text-inside{\r\n                                                 display: -webkit-box;\r\n                    -webkit-line-clamp: 4;\r\n                    -webkit-box-orient: vertical;\r\n                     overflow:hidden;\r\n                     text-overflow: ellipsis;\r\n                        }\r\n                        <\/style>\r\n                                    <\/div>\r\n            <\/div>\r\n        <\/a>\r\n    <\/div>\r\n\r\n\r\n\ufeff\r\n    <div class=\"card-format col col-12 col-md-4 col-lg-4 pl-1 pl-md-0 pr-1 pr-md-2 mb-2\">\r\n        <a class=\"d-block w-100\"  href=\"https:\/\/semmelweis.hu\/bokayklinika\/2023\/10\/25\/gyermekklinika-phd-napok\/\">\r\n      <!--  <a class=\"d-block w-100\" target=\"_blank\" href=\" \"> -->\r\n            <div class=\"card\">\r\n                                    <div class=\"card-image img-fluid \">\r\n                         \r\n                        <img loading=\"lazy\" decoding=\"async\" width=\"753\" height=\"565\" src=\"https:\/\/semmelweis.hu\/bokayklinika\/files\/2023\/10\/394629175_726261816211209_7806098952482716861_n-768x576.jpg\" class=\"landscape wp-post-image\" alt=\"\" srcset=\"https:\/\/semmelweis.hu\/bokayklinika\/files\/2023\/10\/394629175_726261816211209_7806098952482716861_n-768x576.jpg 768w, https:\/\/semmelweis.hu\/bokayklinika\/files\/2023\/10\/394629175_726261816211209_7806098952482716861_n-400x300.jpg 400w, https:\/\/semmelweis.hu\/bokayklinika\/files\/2023\/10\/394629175_726261816211209_7806098952482716861_n-1024x768.jpg 1024w, https:\/\/semmelweis.hu\/bokayklinika\/files\/2023\/10\/394629175_726261816211209_7806098952482716861_n-1536x1152.jpg 1536w, https:\/\/semmelweis.hu\/bokayklinika\/files\/2023\/10\/394629175_726261816211209_7806098952482716861_n-753x565.jpg 753w, https:\/\/semmelweis.hu\/bokayklinika\/files\/2023\/10\/394629175_726261816211209_7806098952482716861_n.jpg 2048w\" sizes=\"auto, (max-width: 753px) 100vw, 753px\" \/>                    <\/div>\r\n                \r\n                <div class=\"card-body\">\r\n                    <div class=\"card-date text-uppercase    \">\r\n                                                    <h5><span class=\"font-weight-normal\">2023. <\/span>okt\u00f3ber 25.<\/h5>\r\n                                            <\/div>\r\n                    <div class=\"card-title\">\r\n                        <h3 class=\"mt-2 entry-title\">Gyermekklinika PhD napok<\/h3>\r\n                    <\/div>\r\n                    <style>\r\n                        .card-text-inside{\r\n                                                 display: -webkit-box;\r\n                    -webkit-line-clamp: 4;\r\n                    -webkit-box-orient: vertical;\r\n                     overflow:hidden;\r\n                     text-overflow: ellipsis;\r\n                        }\r\n                        <\/style>\r\n                                    <\/div>\r\n            <\/div>\r\n        <\/a>\r\n    <\/div>\r\n\r\n\r\n                \r\n            <\/div>\r\n        <\/div>\r\n\r\n                                <div class=\"section-row row mt-0  pr-normal mx-0 d-md-none\">\r\n                    <div class=\"col-auto section-title\">\r\n                        <h2>Kapcsol\u00f3d\u00f3 h\u00edrek<\/h2>\r\n                    <\/div>\r\n                <\/div>\r\n                        <div class=\"post-slide-hirek row px-0\">\r\n            <style>\r\n                .post-slide-hirek .owl-nav button {\r\n                    margin: 0px !important;\r\n                    height: 100% !important;\r\n                }\r\n\r\n                .card-custom-title {\r\n                    font-size: 17px;\r\n                    line-height: 23px;\r\n                    overflow: hidden;\r\n                    text-overflow: ellipsis;\r\n                    display: -webkit-box;\r\n                    -webkit-line-clamp: 3;\r\n                    -webkit-box-orient: vertical;\r\n                    min-height: 72px;\r\n                }\r\n\r\n                .card-custom-max-h {\r\n                    max-height: 235px !important;\r\n                    object-fit: cover;\r\n                }\r\n\r\n                .post-slide-hirek .owl-item .card-img img {\r\n                    opacity: 1 !important;\r\n                    aspect-ratio: 3\/ 2;\r\n\r\n                }\r\n                .card:has(.card-date:not(.d-none)):not(:has(img)) {\r\n                    margin-top: 20px;\r\n                }\r\n            <\/style>\r\n                            <div class=\"owl-carousel col-12 px-0 mt-2 mb-4 md-md-0 d-sm-none\">\r\n                                            <a class=\"item-1\" href=\"https:\/\/semmelweis.hu\/bokayklinika\/2026\/03\/25\/phd-napok-2026-a-kutatas-kulturaja-a-semmelweis-gyermekklinikan\/\">\r\n\r\n                            <div class=\"card-img \">\r\n                                <img loading=\"lazy\" decoding=\"async\" width=\"560\" height=\"473\" src=\"https:\/\/semmelweis.hu\/bokayklinika\/files\/2026\/03\/3.jpg\" class=\"d-block card-custom-max-h  img-fluid n-1 wp-post-image\" alt=\"\" srcset=\"https:\/\/semmelweis.hu\/bokayklinika\/files\/2026\/03\/3.jpg 1300w, https:\/\/semmelweis.hu\/bokayklinika\/files\/2026\/03\/3-400x338.jpg 400w, https:\/\/semmelweis.hu\/bokayklinika\/files\/2026\/03\/3-1024x865.jpg 1024w, https:\/\/semmelweis.hu\/bokayklinika\/files\/2026\/03\/3-768x649.jpg 768w, https:\/\/semmelweis.hu\/bokayklinika\/files\/2026\/03\/3-753x636.jpg 753w\" sizes=\"auto, (max-width: 560px) 100vw, 560px\" \/>                            <\/div>\r\n                            <div class=\"card-title mb-1\">\r\n                                <h3 class=\"mt-0 pt-1 mb-0 px-2 card-custom-title d-flex align-items-center d-md-block\">\r\n                                    <span class=\"entry-title pt-0 pt-md-1\">PhD Napok 2026 \u2013 a kutat\u00e1s kult\u00far\u00e1ja a Semmelweis Gyermekklinik\u00e1n                                <\/h3>\r\n                            <\/div>\r\n                            \r\n\r\n                        <\/a>\r\n                                            <a class=\"item-2\" href=\"https:\/\/semmelweis.hu\/bokayklinika\/2025\/03\/17\/elo-tudomany-phd-napok-2025\/\">\r\n\r\n                            <div class=\"card-img \">\r\n                                <img loading=\"lazy\" decoding=\"async\" width=\"560\" height=\"420\" src=\"https:\/\/semmelweis.hu\/bokayklinika\/files\/2025\/03\/IMG_6568.jpeg\" class=\"d-block card-custom-max-h  img-fluid n-2 wp-post-image\" alt=\"\" srcset=\"https:\/\/semmelweis.hu\/bokayklinika\/files\/2025\/03\/IMG_6568.jpeg 2408w, https:\/\/semmelweis.hu\/bokayklinika\/files\/2025\/03\/IMG_6568-400x300.jpeg 400w, https:\/\/semmelweis.hu\/bokayklinika\/files\/2025\/03\/IMG_6568-1024x768.jpeg 1024w, https:\/\/semmelweis.hu\/bokayklinika\/files\/2025\/03\/IMG_6568-768x576.jpeg 768w, https:\/\/semmelweis.hu\/bokayklinika\/files\/2025\/03\/IMG_6568-1536x1152.jpeg 1536w, https:\/\/semmelweis.hu\/bokayklinika\/files\/2025\/03\/IMG_6568-2048x1536.jpeg 2048w, https:\/\/semmelweis.hu\/bokayklinika\/files\/2025\/03\/IMG_6568-753x565.jpeg 753w\" sizes=\"auto, (max-width: 560px) 100vw, 560px\" \/>                            <\/div>\r\n                            <div class=\"card-title mb-1\">\r\n                                <h3 class=\"mt-0 pt-1 mb-0 px-2 card-custom-title d-flex align-items-center d-md-block\">\r\n                                    <span class=\"entry-title pt-0 pt-md-1\">\u00c9l\u0151 tudom\u00e1ny \u2013 PhD-napok 2025                                <\/h3>\r\n                            <\/div>\r\n                            \r\n\r\n                        <\/a>\r\n                                            <a class=\"item-3\" href=\"https:\/\/semmelweis.hu\/bokayklinika\/2023\/10\/25\/gyermekklinika-phd-napok\/\">\r\n\r\n                            <div class=\"card-img \">\r\n                                <img loading=\"lazy\" decoding=\"async\" width=\"560\" height=\"420\" src=\"https:\/\/semmelweis.hu\/bokayklinika\/files\/2023\/10\/394629175_726261816211209_7806098952482716861_n.jpg\" class=\"d-block card-custom-max-h  img-fluid n-3 wp-post-image\" alt=\"\" srcset=\"https:\/\/semmelweis.hu\/bokayklinika\/files\/2023\/10\/394629175_726261816211209_7806098952482716861_n.jpg 2048w, https:\/\/semmelweis.hu\/bokayklinika\/files\/2023\/10\/394629175_726261816211209_7806098952482716861_n-400x300.jpg 400w, https:\/\/semmelweis.hu\/bokayklinika\/files\/2023\/10\/394629175_726261816211209_7806098952482716861_n-1024x768.jpg 1024w, https:\/\/semmelweis.hu\/bokayklinika\/files\/2023\/10\/394629175_726261816211209_7806098952482716861_n-768x576.jpg 768w, https:\/\/semmelweis.hu\/bokayklinika\/files\/2023\/10\/394629175_726261816211209_7806098952482716861_n-1536x1152.jpg 1536w, https:\/\/semmelweis.hu\/bokayklinika\/files\/2023\/10\/394629175_726261816211209_7806098952482716861_n-753x565.jpg 753w\" sizes=\"auto, (max-width: 560px) 100vw, 560px\" \/>                            <\/div>\r\n                            <div class=\"card-title mb-1\">\r\n                                <h3 class=\"mt-0 pt-1 mb-0 px-2 card-custom-title d-flex align-items-center d-md-block\">\r\n                                    <span class=\"entry-title pt-0 pt-md-1\">Gyermekklinika PhD napok                                <\/h3>\r\n                            <\/div>\r\n                            \r\n\r\n                        <\/a>\r\n                                    <\/div>\r\n\r\n                    \r\n        <\/div><!-- owl-carousel -->\r\n    <\/section>\r\n\r\n\n","protected":false},"excerpt":{"rendered":"<p>A Semmelweis Egyetem Gyermekklinik\u00e1j\u00e1n sok fiatal koll\u00e9ga kapcsol\u00f3dott be a tudom\u00e1nyos munk\u00e1ba. Egym\u00e1s tudom\u00e1nyos \u00e9rdekl\u0151d\u00e9s\u00e9nek \u00e9s eredm\u00e9nyeinek jobb megismer\u00e9se c\u00e9lj\u00e1b\u00f3l dr. Szab\u00f3 Attila int\u00e9zetigazgat\u00f3 \u00e9letre h\u00edvta az els\u0151 Gyermekklinika PhD napokat, mely 2023. okt\u00f3ber 12-13 k\u00f6z\u00f6tt ker\u00fclt megrendez\u00e9sre. A rendezv\u00e9nyen 33 PhD hallgat\u00f3 mutatta be angol nyelv\u0171 prezent\u00e1ci\u00f3 keret\u00e9n bel\u00fcl a kutat\u00f3munk\u00e1j\u00e1t. A rendezv\u00e9ny kiv\u00e1l\u00f3 &hellip;<\/p>\n","protected":false},"author":102391,"featured_media":8045,"parent":15,"menu_order":13,"comment_status":"closed","ping_status":"closed","template":"","meta":{"_acf_changed":false,"footnotes":""},"categories":[],"tags":[],"class_list":["post-8046","page","type-page","status-publish","has-post-thumbnail","hentry"],"acf":[],"_links":{"self":[{"href":"https:\/\/semmelweis.hu\/bokayklinika\/wp-json\/wp\/v2\/pages\/8046","targetHints":{"allow":["GET"]}}],"collection":[{"href":"https:\/\/semmelweis.hu\/bokayklinika\/wp-json\/wp\/v2\/pages"}],"about":[{"href":"https:\/\/semmelweis.hu\/bokayklinika\/wp-json\/wp\/v2\/types\/page"}],"author":[{"embeddable":true,"href":"https:\/\/semmelweis.hu\/bokayklinika\/wp-json\/wp\/v2\/users\/102391"}],"replies":[{"embeddable":true,"href":"https:\/\/semmelweis.hu\/bokayklinika\/wp-json\/wp\/v2\/comments?post=8046"}],"version-history":[{"count":9,"href":"https:\/\/semmelweis.hu\/bokayklinika\/wp-json\/wp\/v2\/pages\/8046\/revisions"}],"predecessor-version":[{"id":8213,"href":"https:\/\/semmelweis.hu\/bokayklinika\/wp-json\/wp\/v2\/pages\/8046\/revisions\/8213"}],"up":[{"embeddable":true,"href":"https:\/\/semmelweis.hu\/bokayklinika\/wp-json\/wp\/v2\/pages\/15"}],"wp:featuredmedia":[{"embeddable":true,"href":"https:\/\/semmelweis.hu\/bokayklinika\/wp-json\/wp\/v2\/media\/8045"}],"wp:attachment":[{"href":"https:\/\/semmelweis.hu\/bokayklinika\/wp-json\/wp\/v2\/media?parent=8046"}],"wp:term":[{"taxonomy":"category","embeddable":true,"href":"https:\/\/semmelweis.hu\/bokayklinika\/wp-json\/wp\/v2\/categories?post=8046"},{"taxonomy":"post_tag","embeddable":true,"href":"https:\/\/semmelweis.hu\/bokayklinika\/wp-json\/wp\/v2\/tags?post=8046"}],"curies":[{"name":"wp","href":"https:\/\/api.w.org\/{rel}","templated":true}]}}