{"id":7903,"date":"2026-01-19T15:24:58","date_gmt":"2026-01-19T14:24:58","guid":{"rendered":"https:\/\/semmelweis.hu\/bokayklinika\/?page_id=7903"},"modified":"2026-01-19T15:24:58","modified_gmt":"2026-01-19T14:24:58","slug":"neonatologia-tanszek","status":"publish","type":"page","link":"https:\/\/semmelweis.hu\/bokayklinika\/oktatas\/neonatologia-tanszek\/","title":{"rendered":"Neonatol\u00f3gia Tansz\u00e9k"},"content":{"rendered":"<div class=\"keretes\">\n<p><strong>Tansz\u00e9kvezet\u0151:<\/strong><br \/>\nDr. Szab\u00f3 Mikl\u00f3s<\/p>\n<\/div>\n<p>A Neonatol\u00f3gia Tansz\u00e9k a Semmelweis Egyetem egyik leg\u00fajabb szervezeti egys\u00e9ge, mely 2023-ban azzal a c\u00e9llal j\u00f6tt l\u00e9tre, hogy oktat\u00e1si \u00e9s tudom\u00e1nyos ter\u00fcleten egyar\u00e1nt integr\u00e1lja \u00e9s a szinergi\u00e1kat kihaszn\u00e1lva nemzetk\u00f6zi sz\u00ednvonalra emelje az egyetemi neonatol\u00f3giai szakter\u00fcletet. A Tansz\u00e9k megalak\u00edt\u00e1s\u00e1ban a Gyermekklinika, a Sz\u00fcl\u00e9szeti \u00e9s N\u0151gy\u00f3gy\u00e1szati Klinika munkat\u00e1rsai, illetve kiemelked\u0151 nemzetk\u00f6zi elismerts\u00e9gnek \u00f6rvend\u0151 szenior klinikus kutat\u00f3 neonatol\u00f3gus koll\u00e9g\u00e1k seg\u00edtettek.<\/p>\n<p>Napjainkra a Semmelweis Egyetem Neonatol\u00f3gia Tansz\u00e9ke gazdag hazai \u00e9s nemzetk\u00f6zi elismerts\u00e9ggel \u00e9s egy\u00fcttm\u0171k\u00f6d\u00e9si kapcsolatrendszerrel vezet\u0151 hazai klinikai kutat\u00e1si m\u0171helly\u00e9 v\u00e1lt Magyarorsz\u00e1gon a neonatol\u00f3gia ter\u00fclet\u00e9n. A fut\u00f3 tudom\u00e1nyos projekt t\u00f6bbs\u00e9ge a korasz\u00fcl\u00f6ttek \u00e9s \u00fajsz\u00fcl\u00f6ttek idegrendszeri \u00e9ps\u00e9g\u00e9nek meg\u00f3v\u00e1s\u00e1t \u00e9s a hossz\u00fat\u00e1v\u00fa eg\u00e9szs\u00e9ges n\u00f6veked\u00e9s\u00e9t, valamint az alkalmazott ter\u00e1pi\u00e1k optimaliz\u00e1l\u00e1s\u00e1t c\u00e9lozza.<\/p>\n<p>Az orvostanhallgat\u00f3k, szakorvosjel\u00f6ltek gyakorlatorient\u00e1lt \u00e9s a hallgat\u00f3k k\u00f6r\u00e9ben igen n\u00e9pszer\u0171 oktat\u00e1sa \u00e9s tov\u00e1bbk\u00e9pz\u00e9se kiv\u00e1l\u00f3 oktat\u00f3kkal t\u00f6bb helysz\u00ednen, magyar, angol \u00e9s n\u00e9met nyelven zajlik.<\/p>\n<p>A Neonatol\u00f3gia Tansz\u00e9k oktat\u00e1si \u00e9s kutat\u00e1si eredm\u00e9nyei k\u00f6zvetlen hat\u00e1ssal vannak a betegell\u00e1t\u00e1s magas szakmai sz\u00ednvonal\u00e1ra. T\u00e1mogatja a betegell\u00e1t\u00e1si protokollok fejleszt\u00e9s\u00e9t, az innovat\u00edv \u00faj ter\u00e1pi\u00e1k \u00e9s a leg\u00fajabb tudom\u00e1nyos eredm\u00e9nyek klinikai gyakorlatba \u00fcltet\u00e9s\u00e9t, min\u0151s\u00e9gfejleszt\u00e9si projekteket hajt v\u00e9gre \u00e9s gondozza a hazai \u00e9s nemzetk\u00f6zi tematikus betegregiszterekkel val\u00f3 egy\u00fcttm\u0171k\u00f6d\u00e9st. A Gyermekklinik\u00e1n, a Sz\u00fcl\u00e9szeti \u00e9s N\u0151gy\u00f3gy\u00e1szati Klinika \u00dcll\u0151i \u00e9s Baross u-i R\u00e9szlegein korszer\u0171 orvostechnikai eszk\u00f6zparkkal, kimagasl\u00f3 tud\u00e1s\u00fa, elhivatott orvos \u00e9s szakdolgoz\u00f3 koll\u00e9g\u00e1kkal a lehet\u0151 legmagasabb \u00e9s folyamatosan n\u00f6vekv\u0151 min\u0151s\u00e9gben biztos\u00edtja a gradu\u00e1lis \u00e9s posztgradu\u00e1lis oktat\u00e1st, a kutat\u00e1st \u00e9s ezen kereszt\u00fcl a beteg \u00fajsz\u00fcl\u00f6ttek \u00e9s korasz\u00fcl\u00f6ttek gy\u00f3gy\u00edt\u00e1s\u00e1t, valamint a sz\u00fcl\u0151k \u00e9s csal\u00e1dok t\u00e1mogat\u00e1s\u00e1t.<\/p>\n","protected":false},"excerpt":{"rendered":"<p>Tansz\u00e9kvezet\u0151: Dr. Szab\u00f3 Mikl\u00f3s A Neonatol\u00f3gia Tansz\u00e9k a Semmelweis Egyetem egyik leg\u00fajabb szervezeti egys\u00e9ge, mely 2023-ban azzal a c\u00e9llal j\u00f6tt l\u00e9tre, hogy oktat\u00e1si \u00e9s tudom\u00e1nyos ter\u00fcleten egyar\u00e1nt integr\u00e1lja \u00e9s a szinergi\u00e1kat kihaszn\u00e1lva nemzetk\u00f6zi sz\u00ednvonalra emelje az egyetemi neonatol\u00f3giai szakter\u00fcletet. A Tansz\u00e9k megalak\u00edt\u00e1s\u00e1ban a Gyermekklinika, a Sz\u00fcl\u00e9szeti \u00e9s N\u0151gy\u00f3gy\u00e1szati Klinika munkat\u00e1rsai, illetve kiemelked\u0151 nemzetk\u00f6zi elismerts\u00e9gnek \u00f6rvend\u0151 &hellip;<\/p>\n","protected":false},"author":102391,"featured_media":0,"parent":13,"menu_order":7,"comment_status":"closed","ping_status":"closed","template":"","meta":{"_acf_changed":false,"footnotes":""},"categories":[],"tags":[],"class_list":["post-7903","page","type-page","status-publish","hentry"],"acf":[],"_links":{"self":[{"href":"https:\/\/semmelweis.hu\/bokayklinika\/wp-json\/wp\/v2\/pages\/7903","targetHints":{"allow":["GET"]}}],"collection":[{"href":"https:\/\/semmelweis.hu\/bokayklinika\/wp-json\/wp\/v2\/pages"}],"about":[{"href":"https:\/\/semmelweis.hu\/bokayklinika\/wp-json\/wp\/v2\/types\/page"}],"author":[{"embeddable":true,"href":"https:\/\/semmelweis.hu\/bokayklinika\/wp-json\/wp\/v2\/users\/102391"}],"replies":[{"embeddable":true,"href":"https:\/\/semmelweis.hu\/bokayklinika\/wp-json\/wp\/v2\/comments?post=7903"}],"version-history":[{"count":1,"href":"https:\/\/semmelweis.hu\/bokayklinika\/wp-json\/wp\/v2\/pages\/7903\/revisions"}],"predecessor-version":[{"id":7904,"href":"https:\/\/semmelweis.hu\/bokayklinika\/wp-json\/wp\/v2\/pages\/7903\/revisions\/7904"}],"up":[{"embeddable":true,"href":"https:\/\/semmelweis.hu\/bokayklinika\/wp-json\/wp\/v2\/pages\/13"}],"wp:attachment":[{"href":"https:\/\/semmelweis.hu\/bokayklinika\/wp-json\/wp\/v2\/media?parent=7903"}],"wp:term":[{"taxonomy":"category","embeddable":true,"href":"https:\/\/semmelweis.hu\/bokayklinika\/wp-json\/wp\/v2\/categories?post=7903"},{"taxonomy":"post_tag","embeddable":true,"href":"https:\/\/semmelweis.hu\/bokayklinika\/wp-json\/wp\/v2\/tags?post=7903"}],"curies":[{"name":"wp","href":"https:\/\/api.w.org\/{rel}","templated":true}]}}