{"id":77,"date":"2020-06-03T12:03:09","date_gmt":"2020-06-03T10:03:09","guid":{"rendered":"https:\/\/semmelweis.hu\/gyermekklinika1\/?page_id=77"},"modified":"2025-08-28T18:17:16","modified_gmt":"2025-08-28T16:17:16","slug":"igazgatoi-koszonto","status":"publish","type":"page","link":"https:\/\/semmelweis.hu\/bokayklinika\/a-gyermekgyogyaszati-klinika-bokay-utcai-reszleg-bemutatasa\/igazgatoi-koszonto\/","title":{"rendered":"Igazgat\u00f3i k\u00f6sz\u00f6nt\u0151"},"content":{"rendered":"<h2>Lectori Salutem!<\/h2>\n<p>Tisztelt L\u00e1togat\u00f3nk!<\/p>\n<p>Szeretettel k\u00f6sz\u00f6ntj\u00fck a Gyermekklinika (B\u00f3kay utcai r\u00e9szleg) honlapj\u00e1n. Honlapunk seg\u00edts\u00e9g\u00e9vel szeretn\u00e9nk \u00d6n\u00f6knek bemutatni az orsz\u00e1g legr\u00e9gibb gyermekk\u00f3rh\u00e1z\u00e1nak m\u00faltj\u00e1t \u00e9s jelen\u00e9t. Tegyen egy virtu\u00e1lis l\u00e1togat\u00e1st, hogy megismerje klinik\u00e1nk betegell\u00e1t\u00f3, oktat\u00e1si \u00e9s tudom\u00e1nyos tev\u00e9kenys\u00e9g\u00e9t.<\/p>\n<p>Dr. Szab\u00f3 Attila<br \/>\na Gyermekklinika igazgat\u00f3ja<\/p>\n<figure id=\"attachment_1423\" aria-describedby=\"caption-attachment-1423\" style=\"width: 400px\" class=\"wp-caption aligncenter\"><img loading=\"lazy\" decoding=\"async\" class=\"size-medium wp-image-1423\" src=\"https:\/\/semmelweis.hu\/bokayklinika\/files\/2020\/07\/RS71932_IMG_7459-400x267.jpg\" alt=\"\" width=\"400\" height=\"267\" srcset=\"https:\/\/semmelweis.hu\/bokayklinika\/files\/2020\/07\/RS71932_IMG_7459-400x267.jpg 400w, https:\/\/semmelweis.hu\/bokayklinika\/files\/2020\/07\/RS71932_IMG_7459-1024x683.jpg 1024w, https:\/\/semmelweis.hu\/bokayklinika\/files\/2020\/07\/RS71932_IMG_7459-768x512.jpg 768w, https:\/\/semmelweis.hu\/bokayklinika\/files\/2020\/07\/RS71932_IMG_7459-1536x1024.jpg 1536w, https:\/\/semmelweis.hu\/bokayklinika\/files\/2020\/07\/RS71932_IMG_7459-2048x1365.jpg 2048w, https:\/\/semmelweis.hu\/bokayklinika\/files\/2020\/07\/RS71932_IMG_7459-753x502.jpg 753w, https:\/\/semmelweis.hu\/bokayklinika\/files\/2020\/07\/RS71932_IMG_7459-203x135.jpg 203w\" sizes=\"auto, (max-width: 400px) 100vw, 400px\" \/><figcaption id=\"caption-attachment-1423\" class=\"wp-caption-text\">Prof. Dr. Szab\u00f3 Attila, igazgat\u00f3<\/figcaption><\/figure>\n<p style=\"text-align: justify\"><img decoding=\"async\" class=\"alignright\" src=\"https:\/\/semmelweis.hu\/bokayklinika\/files\/2020\/06\/gyerekklinika_logo.png\" \/><\/p>\n","protected":false},"excerpt":{"rendered":"<p>Lectori Salutem!<br \/>\nTisztelt L\u00e1togat\u00f3nk!<br \/>\nSzeretettel k\u00f6sz\u00f6ntj\u00fck a Gyermekklinika (B\u00f3kay utcai r\u00e9szleg) honlapj\u00e1n. Honlapunk seg\u00edts\u00e9g\u00e9vel szeretn\u00e9nk \u00d6n\u00f6knek bemutatni az orsz\u00e1g legr\u00e9gibb gyermekk\u00f3rh\u00e1z\u00e1nak m\u00faltj\u00e1t \u00e9s jelen\u00e9t. Tegyen egy virtu\u00e1lis l\u00e1togat\u00e1st, hogy megismerje klinik\u00e1nk betegell\u00e1t\u00f3, oktat\u00e1si \u00e9s tudom\u00e1nyos tev\u00e9kenys\u00e9g\u00e9t.<br \/>\nDr. Szab\u00f3 Attila<br \/>\na Gyermekklinika igazgat\u00f3ja<\/p>\n","protected":false},"author":101740,"featured_media":0,"parent":8,"menu_order":0,"comment_status":"closed","ping_status":"closed","template":"","meta":{"_acf_changed":false,"footnotes":""},"categories":[],"tags":[],"class_list":["post-77","page","type-page","status-publish","hentry"],"acf":[],"_links":{"self":[{"href":"https:\/\/semmelweis.hu\/bokayklinika\/wp-json\/wp\/v2\/pages\/77","targetHints":{"allow":["GET"]}}],"collection":[{"href":"https:\/\/semmelweis.hu\/bokayklinika\/wp-json\/wp\/v2\/pages"}],"about":[{"href":"https:\/\/semmelweis.hu\/bokayklinika\/wp-json\/wp\/v2\/types\/page"}],"author":[{"embeddable":true,"href":"https:\/\/semmelweis.hu\/bokayklinika\/wp-json\/wp\/v2\/users\/101740"}],"replies":[{"embeddable":true,"href":"https:\/\/semmelweis.hu\/bokayklinika\/wp-json\/wp\/v2\/comments?post=77"}],"version-history":[{"count":10,"href":"https:\/\/semmelweis.hu\/bokayklinika\/wp-json\/wp\/v2\/pages\/77\/revisions"}],"predecessor-version":[{"id":7375,"href":"https:\/\/semmelweis.hu\/bokayklinika\/wp-json\/wp\/v2\/pages\/77\/revisions\/7375"}],"up":[{"embeddable":true,"href":"https:\/\/semmelweis.hu\/bokayklinika\/wp-json\/wp\/v2\/pages\/8"}],"wp:attachment":[{"href":"https:\/\/semmelweis.hu\/bokayklinika\/wp-json\/wp\/v2\/media?parent=77"}],"wp:term":[{"taxonomy":"category","embeddable":true,"href":"https:\/\/semmelweis.hu\/bokayklinika\/wp-json\/wp\/v2\/categories?post=77"},{"taxonomy":"post_tag","embeddable":true,"href":"https:\/\/semmelweis.hu\/bokayklinika\/wp-json\/wp\/v2\/tags?post=77"}],"curies":[{"name":"wp","href":"https:\/\/api.w.org\/{rel}","templated":true}]}}