{"id":7594,"date":"2025-11-12T11:52:40","date_gmt":"2025-11-12T10:52:40","guid":{"rendered":"https:\/\/semmelweis.hu\/bokayklinika\/?page_id=7594"},"modified":"2025-11-12T13:55:19","modified_gmt":"2025-11-12T12:55:19","slug":"anyagcsere-ambulancia","status":"publish","type":"page","link":"https:\/\/semmelweis.hu\/bokayklinika\/betegellatas\/jarobeteg-ellatas\/anyagcsere-ambulancia\/","title":{"rendered":"Anyagcsere Sz\u0171r\u0151- \u00e9s Diagnosztikai K\u00f6zpont (Anyagcsere Ambulancia)"},"content":{"rendered":"<div class=\"keretes\">\n<div style=\"text-align: left\"><strong>Gyermekgy\u00f3gy\u00e1szati Klinika <\/strong>(B\u00f3kay utcai r\u00e9szleg)<\/div>\n<div><strong>Anyagcsere Sz\u0171r\u0151- \u00e9s Diagnosztikai K\u00f6zpont, Anyagcsere Ambulancia<\/strong><\/div>\n<div>\u00a0<\/div>\n<div><strong>NEAK k\u00f3d:<\/strong> 01H723016<\/div>\n<\/div>\n<p>A velesz\u00fcletett anyagcsere-betegs\u00e9gek nagy sz\u00e1ma, v\u00e1ltozatos klinikai megjelen\u00e9s\u00fck, biok\u00e9miai, illetve genetikai komplexit\u00e1suk jelent\u0151s kih\u00edv\u00e1s el\u00e9 \u00e1ll\u00edtj\u00e1k a gyakorl\u00f3 gyermekgy\u00f3gy\u00e1szokat \u00e9s a laborat\u00f3riumi szakembereket egyar\u00e1nt. A betegs\u00e9g kimenetele legt\u00f6bb esetben a korai, gyorsan fel\u00e1ll\u00edtott diagn\u00f3zison, illetve a megfelel\u0151 ter\u00e1pia be\u00e1ll\u00edt\u00e1s\u00e1n m\u00falik.<\/p>\n<p>K\u00f6zpontunkban az \u00e9szak-nyugat magyarorsz\u00e1gi r\u00e9gi\u00f3 \u00fajsz\u00fcl\u00f6ttkori anyagcsere sz\u0171r\u00e9s\u00e9t, illetve a kisz\u0171rt betegek gondoz\u00e1s\u00e1t l\u00e1tjuk el, \u00e9s \u00f6r\u00f6kletes anyagcsere betegs\u00e9gek tan\u00e1csad\u00f3i-szak\u00e9rt\u0151i k\u00f6zpontjak\u00e9nt m\u0171k\u00f6d\u00fcnk.<\/p>\n<p><strong>Ambulancia<\/strong><br \/>\nAz \u00faj betegek \u00e9s a 12 h\u00f3napn\u00e1l r\u00e9gebben itt j\u00e1rt gondozottak sz\u00e1m\u00e1ra\u00a0 beutal\u00f3 k\u00f6telez\u0151. Minden esetben el\u0151zetes id\u0151pont egyeztet\u00e9s sz\u00fcks\u00e9ges!<\/p>\n<table style=\"width: 100.45%;height: 112px\" width=\"746\">\n<tbody>\n<tr style=\"height: 28px\">\n<td style=\"height: 28px;width: 30.6317%\" width=\"466\"><strong>Dr. Zsidegh Petra<span data-olk-copy-source=\"MessageBody\">\/Dr. P\u00e1lmay Andrea<\/span><\/strong><\/td>\n<td style=\"height: 28px;width: 69.0831%\" width=\"280\">\n<p>1083 Budapest, B\u00f3kay J. u. 54., 8-as szoba (<span data-olk-copy-source=\"MessageBody\">el\u0151jegyz\u00e9si id\u0151pont sz\u00fcks\u00e9ges, id\u0151pont az al\u00e1bbi e-mail c\u00edmen k\u00e9rhet\u0151<\/span>)<\/p>\n<\/td>\n<\/tr>\n<tr style=\"height: 28px\">\n<td style=\"height: 28px;width: 30.6317%\">\u00d6r\u00f6kletes anyagcsere-betegs\u00e9gek<\/td>\n<td style=\"height: 28px;width: 69.0831%\"><a href=\"mailto:anyagcsereamb.gyer@semmelweis.hu\">anyagcsereamb.gyer@semmelweis.hu<\/a><\/td>\n<\/tr>\n<tr style=\"height: 28px\">\n<td style=\"height: 28px;width: 30.6317%;text-align: left\"><strong>KEDD<\/strong><\/td>\n<td style=\"height: 56px;width: 69.0831%;text-align: left\" rowspan=\"2\"><strong>10:00-14:00<\/strong><\/td>\n<\/tr>\n<tr style=\"height: 28px\">\n<td style=\"height: 28px;width: 30.6317%;text-align: left\"><strong>CS\u00dcT\u00d6RT\u00d6K<\/strong><\/td>\n<\/tr>\n<\/tbody>\n<\/table>\n<p>&nbsp;<\/p>\n<table style=\"width: 100.461%;height: 140px\" width=\"746\">\n<tbody>\n<tr style=\"height: 28px\">\n<td style=\"height: 28px;width: 30.4996%\" width=\"466\"><strong>Dr. B\u00f3kay J\u00e1nos<\/strong><\/td>\n<td style=\"height: 28px;width: 92.3148%\" width=\"280\">\n<p>1083 Budapest, B\u00f3kay J. u. 53., 10-es szoba (el\u0151jegyz\u00e9si id\u0151pont sz\u00fcks\u00e9ges)<\/p>\n<\/td>\n<\/tr>\n<tr style=\"height: 28px\">\n<td style=\"height: 28px;width: 30.4996%\">Hiperfenilalanin\u00e9mi\u00e1k<\/td>\n<td style=\"height: 28px;width: 92.3148%\">06-20-825-52696<\/td>\n<\/tr>\n<tr style=\"height: 28px\">\n<td style=\"height: 28px;width: 30.4996%;text-align: left\"><strong>KEDD<\/strong><\/td>\n<td style=\"height: 56px;width: 92.3148%\" rowspan=\"3\"><strong>08:00-12:00<\/strong><\/td>\n<\/tr>\n<tr style=\"height: 28px\">\n<td style=\"height: 28px;width: 30.4996%;text-align: left\"><strong>SZERDA<\/strong><\/td>\n<\/tr>\n<tr style=\"height: 28px\">\n<td style=\"height: 28px;width: 30.4996%;text-align: left\"><strong>CS\u00dcT\u00d6RT\u00d6K<\/strong><\/td>\n<\/tr>\n<\/tbody>\n<\/table>\n<p>&nbsp;<\/p>\n<table style=\"width: 100.211%;height: 251px\" width=\"746\">\n<tbody>\n<tr style=\"height: 28px\">\n<td style=\"width: 40.9668%;height: 28px\" width=\"466\"><strong>Dr. Hal\u00e1sz Zita<\/strong><\/td>\n<td style=\"width: 72.8573%;height: 28px\" width=\"280\">1083 Budapest, B\u00f3kay J. u. 54., 1-es szoba<\/td>\n<\/tr>\n<tr style=\"height: 28px\">\n<td style=\"width: 40.9668%;height: 28px\" rowspan=\"2\">Kongenit\u00e1lis hipotire\u00f3zis &#8211; sz\u0171r\u00e9ssel kiemelt \u00fajsz\u00fcl\u00f6ttek ell\u00e1t\u00e1sa<\/td>\n<td style=\"width: 72.8573%;height: 28px\">Egy\u00e9ni \u00e9rtes\u00edt\u00e9s alapj\u00e1n!<\/td>\n<\/tr>\n<tr style=\"height: 55px\">\n<td style=\"width: 72.8573%;height: 55px\"><a href=\"mailto:endokrin1.bokay@semmelweis.hu\">endokrin1.bokay@semmelweis.hu<\/a><\/td>\n<\/tr>\n<tr style=\"height: 28px\">\n<td style=\"width: 40.9668%;height: 28px;text-align: left\"><strong>H\u00c9TF\u0150<\/strong><\/td>\n<td style=\"width: 72.8573%;height: 28px\" rowspan=\"5\"><strong>09:00-12:00<\/strong><\/td>\n<\/tr>\n<tr style=\"height: 28px\">\n<td style=\"width: 40.9668%;height: 28px;text-align: left\"><strong>KEDD<\/strong><\/td>\n<\/tr>\n<tr style=\"height: 28px\">\n<td style=\"width: 40.9668%;height: 28px;text-align: left\"><strong>SZERDA<\/strong><\/td>\n<\/tr>\n<tr style=\"height: 28px\">\n<td style=\"width: 40.9668%;height: 28px;text-align: left\"><strong>CS\u00dcT\u00d6RT\u00d6K<\/strong><\/td>\n<\/tr>\n<tr style=\"height: 28px\">\n<td style=\"width: 40.9668%;height: 28px;text-align: left\"><strong>P\u00c9NTEK<\/strong><\/td>\n<\/tr>\n<\/tbody>\n<\/table>\n<p>&nbsp;<\/p>\n<table style=\"width: 100.11%;height: 241px\" width=\"815\">\n<tbody>\n<tr style=\"height: 28px\">\n<td style=\"height: 28px;width: 41.3067%\" width=\"535\"><strong>Dietetikai tan\u00e1csad\u00e1s<\/strong><\/td>\n<td style=\"height: 28px;width: 69.5041%\" width=\"280\">\u00a0<\/td>\n<\/tr>\n<tr style=\"height: 65px\">\n<td style=\"height: 65px;width: 41.3067%\" width=\"535\">\n<p><strong>Kiss Erika<br \/>\n<\/strong>vezet\u0151 dietetikus, gondozott anyagcsere-betegek ell\u00e1t\u00e1sa<\/p>\n<\/td>\n<td style=\"height: 65px;width: 69.5041%\">1083 Budapest, B\u00f3kay J. u. 54., 9-es szoba<\/td>\n<\/tr>\n<tr style=\"height: 28px\">\n<td style=\"height: 28px;width: 41.3067%\">El\u0151jegyz\u00e9si id\u0151pont sz\u00fcks\u00e9ges!<\/td>\n<td style=\"height: 28px;width: 69.5041%\">\n<p>06-20-825-8299<br \/>\n<strong><a href=\"https:\/\/elojegyzes.meditime.hu\/14\" target=\"_blank\" rel=\"noopener\">https:\/\/elojegyzes.meditime.hu\/14<\/a><\/strong><\/p>\n<\/td>\n<\/tr>\n<tr style=\"height: 28px\">\n<td style=\"height: 28px;width: 41.3067%;text-align: left\"><strong>KEDD<\/strong><\/td>\n<td style=\"height: 28px;width: 69.5041%\" rowspan=\"3\"><strong>09:00-11:00<\/strong><\/td>\n<\/tr>\n<tr style=\"height: 28px\">\n<td style=\"height: 28px;width: 41.3067%;text-align: left\"><strong>SZERDA<\/strong><\/td>\n<\/tr>\n<tr style=\"height: 28px\">\n<td style=\"height: 28px;width: 41.3067%;text-align: left\"><strong>CS\u00dcT\u00d6RT\u00d6K<\/strong><\/td>\n<\/tr>\n<\/tbody>\n<\/table>\n<p>&nbsp;<\/p>\n<table style=\"width: 100.017%;height: 86px\" width=\"815\">\n<tbody>\n<tr style=\"height: 28px\">\n<td style=\"height: 28px;width: 41.5607%\"><strong>Arany Hajnalka<\/strong><\/td>\n<td style=\"height: 28px;width: 63.5675%\">1083 Budapest, B\u00f3kay J. u. 53, els\u0151 emelet<\/td>\n<\/tr>\n<tr style=\"height: 28px\">\n<td style=\"height: 28px;width: 41.5607%\">gondozott anyagcsere-betegek ell\u00e1t\u00e1sa<\/td>\n<td style=\"height: 28px;width: 63.5675%\"><a href=\"mailto:arany.hajnalka@semmelweis.hu\">arany.hajnalka@semmelweis.hu<\/a><br \/>\n06-20-663-2533<\/td>\n<\/tr>\n<tr style=\"height: 28px\">\n<td style=\"height: 28px;width: 105.128%;text-align: left\" colspan=\"2\" width=\"535\">Id\u0151pont egyeztet\u00e9s alapj\u00e1n!<\/td>\n<\/tr>\n<\/tbody>\n<\/table>\n<p><strong>Modern diagnosztikai m\u00f3dszereket alkalmazva a k\u00f6vetkez\u0151 vizsg\u00e1latokat v\u00e9gezz\u00fck:<\/strong><\/p>\n<ul>\n<li>Aminosav- \u00e9s acilkarnitin profil (DBS)<\/li>\n<li>Kvantitat\u00edv aminosav szintek (vizelet, sz\u00e9rum, likvor)<\/li>\n<li>Szerves sav profil (vizelet)<\/li>\n<li>Lakt\u00e1t-piruv\u00e1t ar\u00e1ny (sz\u00e9rum, likvor)<\/li>\n<li>Oxal\u00e1t szint (sz\u00e9rum)<\/li>\n<li>Pterin profil (vizelet)<\/li>\n<li>7-dehidrokoleszterol szint (DBS)<\/li>\n<li>VLCFA profil (sz\u00e9rum) (el\u0151zetes egyeztet\u00e9s ut\u00e1n)<\/li>\n<li>Biotinid\u00e1z aktivit\u00e1s (sz\u00e9rum)<\/li>\n<li>Lizosz\u00f3m\u00e1lis t\u00e1rol\u00e1si betegs\u00e9gek (Pompe, Gaucher, Fabry, Krabbe, MPSI, Niemann-Pick A\/B) enzimaktivit\u00e1s meghat\u00e1roz\u00e1s (DBS)<\/li>\n<\/ul>\n<p style=\"text-align: justify\"><strong>Let\u00f6lthet\u0151 dokumentumok:<br \/>\n<\/strong><a href=\"https:\/\/semmelweis.hu\/bokayklinika\/files\/2023\/05\/Szakmai-tajekoztato-ujszulottkori-szureshez_1.pdf\" target=\"_blank\" rel=\"noopener noreferrer\">Szakmai t\u00e1j\u00e9koztat\u00f3 \u2013 \u00fajsz\u00fcl\u00f6ttkori sz\u0171r\u00e9s<\/a><br \/>\n<a href=\"https:\/\/semmelweis.hu\/bokayklinika\/files\/2023\/05\/Szuloi-tajekoztato_1.pdf\" target=\"_blank\" rel=\"noopener noreferrer\">Sz\u00fcl\u0151i t\u00e1j\u00e9koztat\u00f3 \u2013 \u00fajsz\u00fcl\u00f6ttkori sz\u0171r\u00e9s<\/a><br \/>\n<a href=\"https:\/\/semmelweis.hu\/bokayklinika\/files\/2025\/05\/SzelektivKerolap.pdf\" target=\"_blank\" rel=\"noopener noreferrer\">K\u00e9r\u0151lap \u00f6r\u00f6kletes anyagcsere-betegs\u00e9gek szelekt\u00edv vizsg\u00e1lat\u00e1hoz (k\u00e9rj\u00fck a leletezhet\u0151s\u00e9g \u00e9rdek\u00e9ben a vizsg\u00e1latot k\u00e9r\u0151 orvos nev\u00e9t \u00e9s email c\u00edm\u00e9t pontosan megadni)<\/a><br \/>\n<a href=\"https:\/\/semmelweis.hu\/bokayklinika\/files\/2025\/05\/acsl_mintaveteli_kisokos.pdf\" target=\"_blank\" rel=\"noopener noreferrer\">Mintav\u00e9teli kisokos<\/a><br \/>\n<a href=\"https:\/\/semmelweis.hu\/bokayklinika\/files\/2023\/05\/Ujszulottkori-szures-flowchart.pdf\" target=\"_blank\" rel=\"noopener noreferrer\">Kapill\u00e1ris mintav\u00e9tel helyes technik\u00e1ja<\/a><\/p>\n","protected":false},"excerpt":{"rendered":"<p>Gyermekgy\u00f3gy\u00e1szati Klinika (B\u00f3kay utcai r\u00e9szleg) Anyagcsere Sz\u0171r\u0151- \u00e9s Diagnosztikai K\u00f6zpont, Anyagcsere Ambulancia \u00a0 NEAK k\u00f3d: 01H723016 A velesz\u00fcletett anyagcsere-betegs\u00e9gek nagy sz\u00e1ma, v\u00e1ltozatos klinikai megjelen\u00e9s\u00fck, biok\u00e9miai, illetve genetikai komplexit\u00e1suk jelent\u0151s kih\u00edv\u00e1s el\u00e9 \u00e1ll\u00edtj\u00e1k a gyakorl\u00f3 gyermekgy\u00f3gy\u00e1szokat \u00e9s a laborat\u00f3riumi szakembereket egyar\u00e1nt. A betegs\u00e9g kimenetele legt\u00f6bb esetben a korai, gyorsan fel\u00e1ll\u00edtott diagn\u00f3zison, illetve a megfelel\u0151 ter\u00e1pia be\u00e1ll\u00edt\u00e1s\u00e1n &hellip;<\/p>\n","protected":false},"author":102391,"featured_media":0,"parent":94,"menu_order":3,"comment_status":"closed","ping_status":"closed","template":"","meta":{"_acf_changed":false,"footnotes":""},"categories":[],"tags":[],"class_list":["post-7594","page","type-page","status-publish","hentry"],"acf":[],"_links":{"self":[{"href":"https:\/\/semmelweis.hu\/bokayklinika\/wp-json\/wp\/v2\/pages\/7594","targetHints":{"allow":["GET"]}}],"collection":[{"href":"https:\/\/semmelweis.hu\/bokayklinika\/wp-json\/wp\/v2\/pages"}],"about":[{"href":"https:\/\/semmelweis.hu\/bokayklinika\/wp-json\/wp\/v2\/types\/page"}],"author":[{"embeddable":true,"href":"https:\/\/semmelweis.hu\/bokayklinika\/wp-json\/wp\/v2\/users\/102391"}],"replies":[{"embeddable":true,"href":"https:\/\/semmelweis.hu\/bokayklinika\/wp-json\/wp\/v2\/comments?post=7594"}],"version-history":[{"count":8,"href":"https:\/\/semmelweis.hu\/bokayklinika\/wp-json\/wp\/v2\/pages\/7594\/revisions"}],"predecessor-version":[{"id":7611,"href":"https:\/\/semmelweis.hu\/bokayklinika\/wp-json\/wp\/v2\/pages\/7594\/revisions\/7611"}],"up":[{"embeddable":true,"href":"https:\/\/semmelweis.hu\/bokayklinika\/wp-json\/wp\/v2\/pages\/94"}],"wp:attachment":[{"href":"https:\/\/semmelweis.hu\/bokayklinika\/wp-json\/wp\/v2\/media?parent=7594"}],"wp:term":[{"taxonomy":"category","embeddable":true,"href":"https:\/\/semmelweis.hu\/bokayklinika\/wp-json\/wp\/v2\/categories?post=7594"},{"taxonomy":"post_tag","embeddable":true,"href":"https:\/\/semmelweis.hu\/bokayklinika\/wp-json\/wp\/v2\/tags?post=7594"}],"curies":[{"name":"wp","href":"https:\/\/api.w.org\/{rel}","templated":true}]}}