{"id":7393,"date":"2025-09-04T11:02:52","date_gmt":"2025-09-04T09:02:52","guid":{"rendered":"https:\/\/semmelweis.hu\/bokayklinika\/?page_id=7393"},"modified":"2026-02-19T10:57:23","modified_gmt":"2026-02-19T09:57:23","slug":"klinikai-munka","status":"publish","type":"page","link":"https:\/\/semmelweis.hu\/bokayklinika\/oktatas\/aok-gradualis\/klinikai-munka\/","title":{"rendered":"Klinikai munka"},"content":{"rendered":"<div class=\"keretes\">\n<p>Tanulm\u00e1nyi \u00fcgyint\u00e9z\u00e9s a II. emeleti titk\u00e1rs\u00e1gon t\u00f6rt\u00e9nik.<\/p>\n<p><strong>Tanulm\u00e1nyi felel\u0151s:<\/strong> Dr. Csizek Zs\u00f3fia<br \/>\n<strong>\u00dcgyint\u00e9z\u0151:<\/strong> Stolm\u00e1r Enik\u0151<br \/>\n<strong>El\u00e9rhet\u0151s\u00e9g:<\/strong> <a href=\"mailto:tanulmanyi.bokay@semmelweis.hu\">tanulmanyi.bokay@semmelweis.hu<\/a><\/p>\n<\/div>\n<p>Kedves Hallgat\u00f3k!<\/p>\n<p>Klinikai munk\u00e1ra III. \u00e9vt\u0151l tudunk fogadni hallgat\u00f3kat. A gyakorlat megkezd\u00e9s\u00e9hez \u00e9rv\u00e9nyes eg\u00e9szs\u00e9g\u00fcgyi alkalmass\u00e1gi kisk\u00f6nyv \u00e9s sz\u00e9klet bakteriol\u00f3giai vizsg\u00e1lat sz\u00fcks\u00e9ges. A kurzust felvett hallgat\u00f3knak a f\u00e9l\u00e9v elej\u00e9n eligaz\u00edt\u00e1st tartunk, melynek id\u0151pontj\u00e1r\u00f3l Neptun \u00fczenetet k\u00fcld\u00fcnk.<\/p>\n<p>A \u201eKlinikai munka\u201d tant\u00e1rgya a preklinikai k\u00e9pz\u00e9s \u00e9s a val\u00f3di betegell\u00e1t\u00e1s k\u00f6z\u00f6tti \u00e1tmenetet k\u00e9pezi. C\u00e9lja, hogy a hallgat\u00f3k struktur\u00e1lt keretek k\u00f6z\u00f6tt saj\u00e1t\u00edts\u00e1k el a klinikai gondolkod\u00e1s alapjait: anamn\u00e9zisfelv\u00e9tel, fizik\u00e1lis vizsg\u00e1lat, dokument\u00e1ci\u00f3, alapvet\u0151 d\u00f6nt\u00e9shozatal, kommunik\u00e1ci\u00f3s k\u00e9szs\u00e9gek.<\/p>\n<p>F\u00e9l\u00e9venk\u00e9nt 1 kreditpont szerezhet\u0151 heti rendszeress\u00e9ggel legal\u00e1bb 2-3 \u00f3r\u00e1t kitev\u0151, eredm\u00e9nyes klinikai munk\u00e1val.<\/p>\n<p>A klinikai munka k\u00fcl\u00f6nb\u00f6z\u0151 szakambulanci\u00e1kon, oszt\u00e1lyokon (csecsem\u0151, belgy\u00f3gy\u00e1szat, diabetol\u00f3gia\/endokrinol\u00f3gia, seb\u00e9szet, \u00fajsz\u00fcl\u00f6ttseb\u00e9szet, s\u00fcrg\u0151ss\u00e9gi, intenz\u00edv, PIC, nefrol\u00f3gia, pulmonol\u00f3gia, infektol\u00f3gia) teljes\u00edthet\u0151. A f\u00e9l\u00e9v elej\u00e9n minden hallgat\u00f3 egy-egy tutorhoz ker\u00fcl beoszt\u00e1sra.<\/p>\n<p>Az \u00e9rdemjegy Neptunba t\u00f6rt\u00e9n\u0151 be\u00edr\u00e1s\u00e1hoz a kit\u00f6lt\u00f6tt, tutor \u00e1ltal al\u00e1\u00edrt leckek\u00f6nyvet legk\u00e9s\u0151bb a f\u00e9l\u00e9v v\u00e9g\u00e9ig le kell adni a II. emeleti titk\u00e1rs\u00e1gon.<\/p>\n<p>A leckek\u00f6nyv <a href=\"https:\/\/semmelweis.hu\/bokayklinika\/files\/2025\/10\/Klinikai-munka-leckekonyv.pdf\" target=\"_blank\" rel=\"noopener\">INNEN<\/a> let\u00f6lthet\u0151.<\/p>\n","protected":false},"excerpt":{"rendered":"<p>Tanulm\u00e1nyi \u00fcgyint\u00e9z\u00e9s a II. emeleti titk\u00e1rs\u00e1gon t\u00f6rt\u00e9nik. Tanulm\u00e1nyi felel\u0151s: Dr. Csizek Zs\u00f3fia \u00dcgyint\u00e9z\u0151: Stolm\u00e1r Enik\u0151 El\u00e9rhet\u0151s\u00e9g: <a href=\"mailto:tanulmanyi.bokay@semmelweis.hu\">tanulmanyi.bokay@semmelweis.hu<\/a> Kedves Hallgat\u00f3k! Klinikai munk\u00e1ra III. \u00e9vt\u0151l tudunk fogadni hallgat\u00f3kat. A gyakorlat megkezd\u00e9s\u00e9hez \u00e9rv\u00e9nyes eg\u00e9szs\u00e9g\u00fcgyi alkalmass\u00e1gi kisk\u00f6nyv \u00e9s sz\u00e9klet bakteriol\u00f3giai vizsg\u00e1lat sz\u00fcks\u00e9ges. A kurzust felvett hallgat\u00f3knak a f\u00e9l\u00e9v elej\u00e9n eligaz\u00edt\u00e1st tartunk, melynek id\u0151pontj\u00e1r\u00f3l Neptun \u00fczenetet k\u00fcld\u00fcnk. A \u201eKlinikai munka\u201d tant\u00e1rgya &hellip;<\/p>\n","protected":false},"author":102391,"featured_media":0,"parent":111,"menu_order":7,"comment_status":"closed","ping_status":"closed","template":"","meta":{"_acf_changed":false,"footnotes":""},"categories":[],"tags":[],"class_list":["post-7393","page","type-page","status-publish","hentry"],"acf":[],"_links":{"self":[{"href":"https:\/\/semmelweis.hu\/bokayklinika\/wp-json\/wp\/v2\/pages\/7393","targetHints":{"allow":["GET"]}}],"collection":[{"href":"https:\/\/semmelweis.hu\/bokayklinika\/wp-json\/wp\/v2\/pages"}],"about":[{"href":"https:\/\/semmelweis.hu\/bokayklinika\/wp-json\/wp\/v2\/types\/page"}],"author":[{"embeddable":true,"href":"https:\/\/semmelweis.hu\/bokayklinika\/wp-json\/wp\/v2\/users\/102391"}],"replies":[{"embeddable":true,"href":"https:\/\/semmelweis.hu\/bokayklinika\/wp-json\/wp\/v2\/comments?post=7393"}],"version-history":[{"count":5,"href":"https:\/\/semmelweis.hu\/bokayklinika\/wp-json\/wp\/v2\/pages\/7393\/revisions"}],"predecessor-version":[{"id":7990,"href":"https:\/\/semmelweis.hu\/bokayklinika\/wp-json\/wp\/v2\/pages\/7393\/revisions\/7990"}],"up":[{"embeddable":true,"href":"https:\/\/semmelweis.hu\/bokayklinika\/wp-json\/wp\/v2\/pages\/111"}],"wp:attachment":[{"href":"https:\/\/semmelweis.hu\/bokayklinika\/wp-json\/wp\/v2\/media?parent=7393"}],"wp:term":[{"taxonomy":"category","embeddable":true,"href":"https:\/\/semmelweis.hu\/bokayklinika\/wp-json\/wp\/v2\/categories?post=7393"},{"taxonomy":"post_tag","embeddable":true,"href":"https:\/\/semmelweis.hu\/bokayklinika\/wp-json\/wp\/v2\/tags?post=7393"}],"curies":[{"name":"wp","href":"https:\/\/api.w.org\/{rel}","templated":true}]}}