{"id":7144,"date":"2025-06-05T08:41:43","date_gmt":"2025-06-05T06:41:43","guid":{"rendered":"https:\/\/semmelweis.hu\/bokayklinika\/?page_id=7144"},"modified":"2026-02-13T10:21:32","modified_gmt":"2026-02-13T09:21:32","slug":"biliaris-atresia-szuroprogram","status":"publish","type":"page","link":"https:\/\/semmelweis.hu\/bokayklinika\/betegellatas\/biliaris-atresia-szuroprogram\/","title":{"rendered":"Biliaris atresia sz\u0171r\u0151program"},"content":{"rendered":"<p><strong><span class=\"TextRun SCXW208189860 BCX0\" lang=\"HU-HU\" xml:lang=\"HU-HU\" data-contrast=\"auto\"><span class=\"NormalTextRun SCXW208189860 BCX0\">A<\/span> <span class=\"NormalTextRun SCXW208189860 BCX0\">biliaris<\/span> <span class=\"NormalTextRun SCXW208189860 BCX0\">atresia<\/span><span class=\"NormalTextRun SCXW208189860 BCX0\"> vagy <\/span><span class=\"NormalTextRun SCXW208189860 BCX0\">epe\u00fati <\/span><span class=\"NormalTextRun SCXW208189860 BCX0\">atr\u00e9zia<\/span><span class=\"NormalTextRun SCXW208189860 BCX0\"> egy <\/span><span class=\"NormalTextRun SCXW208189860 BCX0\">\u00fajsz\u00fcl\u00f6tteket \u00e9rint\u0151 <\/span><span class=\"NormalTextRun SCXW208189860 BCX0\">ritka, de s\u00falyos k\u00f6vetkezm\u00e9nyekkel j\u00e1r\u00f3, velesz\u00fcletett m\u00e1jbetegs\u00e9g<\/span><span class=\"NormalTextRun SCXW208189860 BCX0\">. <\/span><span class=\"NormalTextRun SCXW208189860 BCX0\">Kezel\u00e9s n\u00e9lk\u00fcl n\u00e9h\u00e1ny h\u00f3nap alatt s\u00falyos m\u00e1jk\u00e1rosod\u00e1s, m\u00e1jel\u00e9gtelens\u00e9g alakulhat ki, amely gyakran m\u00e1r az els\u0151 \u00e9let\u00e9vben m\u00e1j\u00e1t\u00fcltet\u00e9st tesz sz\u00fcks\u00e9gess\u00e9. A betegs\u00e9g korai felismer\u00e9se \u00e9s megfelel\u0151 id\u0151ben t\u00f6rt\u00e9n\u0151 seb\u00e9szi kezel\u00e9se jelent\u0151sen jav\u00edthatja a gyermekek \u00e9letkil\u00e1t\u00e1sait.<\/span><\/span><\/strong><\/p>\n<p><strong><span class=\"TextRun SCXW204366238 BCX0\" lang=\"HU-HU\" xml:lang=\"HU-HU\" data-contrast=\"auto\"><span class=\"NormalTextRun SCXW204366238 BCX0\">A sz\u0171r\u0151program c\u00e9lja<\/span><\/span><\/strong><\/p>\n<p><span class=\"TextRun SCXW267614405 BCX0\" lang=\"HU-HU\" xml:lang=\"HU-HU\" data-contrast=\"auto\"><span class=\"NormalTextRun SCXW267614405 BCX0\">A sz\u0171r\u0151program <\/span><span class=\"NormalTextRun SCXW267614405 BCX0\">abban seg\u00edt<\/span><span class=\"NormalTextRun SCXW267614405 BCX0\">, hogy az elh\u00faz\u00f3d\u00f3 s\u00e1rgas\u00e1got vagy sz\u00edntelen sz\u00e9kletet id\u0151ben felismerj\u00e9k<\/span><span class=\"NormalTextRun SCXW267614405 BCX0\"> az \u00e9rintettek<\/span><span class=\"NormalTextRun SCXW267614405 BCX0\">, \u00e9s a gyermek miel\u0151bb laborvizsg\u00e1laton \u00e9s szakorvosi ellen\u0151rz\u00e9sen essen \u00e1t. \u00cdgy lehet\u0151s\u00e9g ny\u00edlik arra, hogy sz\u00fcks\u00e9g eset\u00e9n m\u00e9g a kritikus id\u0151hat\u00e1ron bel\u00fcl elv\u00e9gezz\u00e9k a Kasai-m\u0171t\u00e9tet (<\/span><span class=\"NormalTextRun SpellingErrorV2Themed SCXW267614405 BCX0\">hepatoporto-enterostomi\u00e1t<\/span><span class=\"NormalTextRun SCXW267614405 BCX0\">), amely hossz\u00fa t\u00e1von jav\u00edtja a gyermek \u00e1llapot\u00e1t, \u00e9letkil\u00e1t\u00e1sait, \u00e9s cs\u00f6kkenti a m\u00e1j\u00e1t\u00fcltet\u00e9s sz\u00fcks\u00e9gess\u00e9g\u00e9t.<\/span><\/span><\/p>\n<p><img loading=\"lazy\" decoding=\"async\" class=\"aligncenter wp-image-7145 size-large\" src=\"https:\/\/semmelweis.hu\/bokayklinika\/files\/2025\/06\/Dia1-725x1024.png\" alt=\"\" width=\"725\" height=\"1024\" srcset=\"https:\/\/semmelweis.hu\/bokayklinika\/files\/2025\/06\/Dia1-725x1024.png 725w, https:\/\/semmelweis.hu\/bokayklinika\/files\/2025\/06\/Dia1-283x400.png 283w, https:\/\/semmelweis.hu\/bokayklinika\/files\/2025\/06\/Dia1-768x1085.png 768w, https:\/\/semmelweis.hu\/bokayklinika\/files\/2025\/06\/Dia1-1087x1536.png 1087w, https:\/\/semmelweis.hu\/bokayklinika\/files\/2025\/06\/Dia1-753x1064.png 753w, https:\/\/semmelweis.hu\/bokayklinika\/files\/2025\/06\/Dia1.png 1123w\" sizes=\"auto, (max-width: 725px) 100vw, 725px\" \/><\/p>\n<p><strong><span class=\"TextRun SCXW207034667 BCX0\" lang=\"HU-HU\" xml:lang=\"HU-HU\" data-contrast=\"auto\"><span class=\"NormalTextRun SCXW207034667 BCX0\">A sz\u0171r\u00e9s m\u00f3dszere<\/span><\/span><\/strong><\/p>\n<p><span class=\"TextRun SCXW175104757 BCX0\" lang=\"HU-HU\" xml:lang=\"HU-HU\" data-contrast=\"auto\"><span class=\"NormalTextRun SCXW175104757 BCX0\">A sz\u0171r\u00e9s a sz\u00fcl\u0151k, a v\u00e9d\u0151n\u0151i h\u00e1l\u00f3zat \u00e9s a gyermekorvosok egy\u00fcttm\u0171k\u00f6d\u00e9s\u00e9re \u00e9p\u00fcl. <\/span><span class=\"NormalTextRun SCXW175104757 BCX0\">Az<\/span><span class=\"NormalTextRun SCXW175104757 BCX0\"> els\u0151 <\/span><span class=\"NormalTextRun SCXW175104757 BCX0\">hetekben <\/span><span class=\"NormalTextRun SCXW175104757 BCX0\">a sz\u00e9klet sz\u00edn\u00e9nek otthoni megfigyel\u00e9s<\/span><span class=\"NormalTextRun SCXW175104757 BCX0\">e kulcsfontoss\u00e1g\u00fa<\/span><span class=\"NormalTextRun SCXW175104757 BCX0\">. A sz\u00e9klet norm\u00e1l sz\u00edne s\u00e1rg\u00e1s-z\u00f6ldes; az elsz\u00edntelenedett, halv\u00e1ny vagy feh\u00e9r sz\u00e9klet k\u00f3ros epetermel\u00e9si vagy elvezet\u00e9si zavarra utalhat. <\/span><span class=\"NormalTextRun SCXW175104757 BCX0\">A k\u00f3ros sz\u00e9klet \u00e9s m\u00e1s tipikus t\u00fcnetek<\/span><span class=\"NormalTextRun SCXW175104757 BCX0\"> felismer\u00e9s\u00e9t seg\u00edti <\/span><span class=\"NormalTextRun SCXW175104757 BCX0\">a c\u00e9lcsoportokra bontott t\u00e1j\u00e9koztat\u00f3 anyagaink:<\/span><\/span><\/p>\n<p><a href=\"https:\/\/semmelweis.hu\/bokayklinika\/files\/2026\/02\/1.-Szuloknek.pdf\" target=\"_blank\" rel=\"noopener\"><strong><span class=\"TextRun SCXW175033160 BCX0\" lang=\"HU-HU\" xml:lang=\"HU-HU\" data-contrast=\"auto\"><span class=\"NormalTextRun CommentStart CommentHighlightPipeHovered CommentHighlightHovered SCXW175033160 BCX0\">Sz\u00fcl\u0151k sz\u00e1m\u00e1ra k\u00e9sz\u00fclt t\u00e1j\u00e9koztat\u00f3<\/span><\/span><\/strong><\/a><br \/>\n<strong><a href=\"https:\/\/semmelweis.hu\/bokayklinika\/files\/2025\/06\/2.-Vedonoknek.pdf\" target=\"_blank\" rel=\"noopener\"><span class=\"TextRun SCXW223555523 BCX0\" lang=\"HU-HU\" xml:lang=\"HU-HU\" data-contrast=\"auto\"><span class=\"NormalTextRun CommentHighlightHovered SCXW223555523 BCX0\">V\u00e9d\u0151n\u0151k sz\u00e1m\u00e1ra k\u00e9sz\u00fclt t\u00e1j\u00e9koztat\u00f3<\/span><\/span><\/a><\/strong><br \/>\n<strong><a href=\"https:\/\/semmelweis.hu\/bokayklinika\/files\/2025\/06\/3.-Haziorvosoknak.pdf\" target=\"_blank\" rel=\"noopener\"><span class=\"TextRun SCXW135216671 BCX0\" lang=\"HU-HU\" xml:lang=\"HU-HU\" data-contrast=\"auto\"><span class=\"NormalTextRun CommentHighlightHovered SCXW135216671 BCX0\">H\u00e1ziorvosok sz\u00e1m\u00e1ra k\u00e9sz\u00fclt t\u00e1j\u00e9koztat\u00f3<\/span><\/span><\/a><\/strong><\/p>\n<p><strong><span class=\"TextRun SCXW16041777 BCX0\" lang=\"HU-HU\" xml:lang=\"HU-HU\" data-contrast=\"auto\"><span class=\"NormalTextRun SCXW16041777 BCX0\">A <\/span><span class=\"NormalTextRun SpellingErrorV2Themed SCXW16041777 BCX0\">biliaris<\/span> <span class=\"NormalTextRun SpellingErrorV2Themed SCXW16041777 BCX0\">atresia<\/span><span class=\"NormalTextRun SCXW16041777 BCX0\"> jellemz\u0151 t\u00fcnetei<\/span><\/span><\/strong><\/p>\n<ul>\n<li><span data-contrast=\"auto\">Elh\u00faz\u00f3d\u00f3 s\u00e1rgas\u00e1g: a b\u0151r \u00e9s a szemfeh\u00e9rje s\u00e1rga elsz\u00ednez\u0151d\u00e9se m\u00e9g 2\u20133 hetes korban is fenn\u00e1ll;<\/span><\/li>\n<li><span data-contrast=\"auto\">A sz\u00e9klet vil\u00e1gos, halv\u00e1ny vagy sz\u00edntelen (acholi\u00e1s);<\/span><\/li>\n<li><span data-contrast=\"auto\">A vizelet szokatlanul s\u00f6t\u00e9ts\u00e1rga vagy barn\u00e1s \u00e1rnyalat\u00fa.<\/span><\/li>\n<\/ul>\n<p><strong><span class=\"NormalTextRun SCXW13977711 BCX0\">Mit tegyen a sz\u00fcl\u0151, ha a <\/span><span class=\"NormalTextRun SpellingErrorV2Themed SCXW13977711 BCX0\">biliaris<\/span> <span class=\"NormalTextRun SpellingErrorV2Themed SCXW13977711 BCX0\">atresia<\/span><span class=\"NormalTextRun SCXW13977711 BCX0\"> gyan\u00faja mer\u00fcl fel?<\/span><\/strong><\/p>\n<ol>\n<li><b><span data-contrast=\"auto\">Forduljon h\u00e1zi gyermekorvoshoz<\/span><\/b>\u00a0<br \/>\n<span data-contrast=\"auto\">Ha a t\u00fcnetek 2\u20133 hetes korban is fenn\u00e1llnak, az orvos laborvizsg\u00e1latot fog k\u00e9rni. Ennek sor\u00e1n megm\u00e9rik a gyermek v\u00e9r\u00e9ben az \u00f6ssz- \u00e9s direkt bilirubinszintet.<\/span><\/li>\n<li><b><span data-contrast=\"auto\">Laboreredm\u00e9ny meg\u00e9rkez\u00e9se ut\u00e1n<\/span><\/b>\u00a0<br \/>\n<span data-contrast=\"auto\">Ha a <\/span><b><span data-contrast=\"auto\">direkt bilirubinszint meghaladja a 17 \u00b5mol\/l-t<\/span><\/b><span data-contrast=\"auto\">, vagy a sz\u00e9klet sz\u00edne tov\u00e1bbra is k\u00f3ros, a h\u00e1ziorvos azonnali konzult\u00e1ci\u00f3t kezdem\u00e9nyez gyermek gasztroenterol\u00f3gussal.<\/span><\/li>\n<li><b><span data-contrast=\"auto\">Tov\u00e1bbl\u00e9p\u00e9s szakorvosi vizsg\u00e1latra<\/span><\/b>\u00a0<br \/>\n<span data-contrast=\"auto\">Amennyiben a gyan\u00fa meger\u0151s\u00edt\u00e9st nyer, vagy a t\u00fcnetek romlanak, a gyermeket s\u00fcrg\u0151ss\u00e9ggel a <\/span><b><span data-contrast=\"auto\">Semmelweis Egyetem Gyermekgy\u00f3gy\u00e1szati Klinik\u00e1j\u00e1nak B\u00f3kay utcai r\u00e9szleg\u00e9be ir\u00e1ny\u00edtj\u00e1k <\/span><\/b><span data-contrast=\"auto\">tov\u00e1bbi kivizsg\u00e1l\u00e1sra.<\/span><\/li>\n<\/ol>\n<p><strong><span class=\"TextRun SCXW217356958 BCX0\" lang=\"HU-HU\" xml:lang=\"HU-HU\" data-contrast=\"auto\"><span class=\"NormalTextRun SCXW217356958 BCX0\">Sz\u00fcks\u00e9ges adatok, amelyeket a sz\u0171r\u0151k\u00f6zpont sz\u00e1m\u00e1ra el kell juttatni<\/span><\/span><\/strong><\/p>\n<p><span class=\"TextRun SCXW263309916 BCX0\" lang=\"HU-HU\" xml:lang=\"HU-HU\" data-contrast=\"auto\"><span class=\"NormalTextRun SCXW263309916 BCX0\">A <\/span><span class=\"NormalTextRun SCXW263309916 BCX0\">k\u00f6vetkez\u0151<\/span><span class=\"NormalTextRun SCXW263309916 BCX0\"> adatokat e-mailben <\/span><span class=\"NormalTextRun SCXW263309916 BCX0\">sz\u00fcks\u00e9ges<\/span><span class=\"NormalTextRun SCXW263309916 BCX0\"> megk\u00fcldeni a <\/span><\/span><a class=\"Hyperlink SCXW263309916 BCX0\" href=\"mailto:biliarisatresia@semmelweis.hu\" target=\"_blank\" rel=\"noreferrer noopener\"><span class=\"TextRun Underlined SCXW263309916 BCX0\" lang=\"HU-HU\" xml:lang=\"HU-HU\" data-contrast=\"none\"><span class=\"NormalTextRun SCXW263309916 BCX0\" data-ccp-charstyle=\"Hyperlink\">biliarisatresia@semmelweis.hu<\/span><\/span><\/a><span class=\"TextRun SCXW263309916 BCX0\" lang=\"HU-HU\" xml:lang=\"HU-HU\" data-contrast=\"auto\"><span class=\"NormalTextRun SCXW263309916 BCX0\"> c\u00edmre:<br \/>\n<\/span><\/span><\/p>\n<ul>\n<li><span data-contrast=\"auto\">Gyermek neve<\/span><\/li>\n<li><span data-contrast=\"auto\">Sz\u00fclet\u00e9si d\u00e1tuma \u00e9s geszt\u00e1ci\u00f3s kora (h\u00e1nyadik terhess\u00e9gi h\u00e9ten sz\u00fcletett)<\/span><\/li>\n<li><span data-contrast=\"auto\">TAJ-sz\u00e1m<\/span><\/li>\n<li><span data-contrast=\"auto\">Lakc\u00edm<\/span><\/li>\n<li><span data-contrast=\"auto\">T\u00e1pl\u00e1l\u00e1s m\u00f3dja (szoptat\u00e1s \/ t\u00e1pszer \/ vegyes)<\/span><\/li>\n<li><span data-contrast=\"auto\">Laborvizsg\u00e1lati eredm\u00e9nyek:<\/span>\n<ul>\n<li><span data-contrast=\"auto\">\u00f6ssz- \u00e9s direkt bilirubinszint<\/span><\/li>\n<li><span data-contrast=\"auto\">m\u00e1jenzimek: GOT, GPT, GGT<\/span><\/li>\n<\/ul>\n<\/li>\n<li><span data-contrast=\"auto\">Sz\u00fcl\u0151k el\u00e9rhet\u0151s\u00e9ge: mobiltelefonsz\u00e1m \u00e9s e-mail<\/span><\/li>\n<li><span data-contrast=\"auto\">H\u00e1zi gyermekorvos neve, el\u00e9rhet\u0151s\u00e9ge<\/span><\/li>\n<\/ul>\n<p><span class=\"TextRun SCXW263309916 BCX0\" lang=\"HU-HU\" xml:lang=\"HU-HU\" data-contrast=\"auto\"><span class=\"NormalTextRun SCXW263309916 BCX0\"><span class=\"TextRun SCXW246720643 BCX0\" lang=\"HU-HU\" xml:lang=\"HU-HU\" data-contrast=\"auto\"><span class=\"NormalTextRun SCXW246720643 BCX0\">A kivizsg\u00e1l\u00e1s gyorsas\u00e1ga kulcsfontoss\u00e1g\u00fa. Az optim\u00e1lis kimenetel \u00e9rdek\u00e9ben a Kasai-m\u0171t\u00e9tet lehet\u0151s\u00e9g szerint <\/span><\/span><span class=\"TextRun SCXW246720643 BCX0\" lang=\"HU-HU\" xml:lang=\"HU-HU\" data-contrast=\"auto\"><span class=\"NormalTextRun SCXW246720643 BCX0\">a <strong>45. \u00e9letnap el\u0151tt<\/strong><\/span><\/span><span class=\"TextRun SCXW246720643 BCX0\" lang=\"HU-HU\" xml:lang=\"HU-HU\" data-contrast=\"auto\"><span class=\"NormalTextRun SCXW246720643 BCX0\"> el kell v\u00e9gezni. A korai felismer\u00e9s \u00e9s szakszer\u0171 ell\u00e1t\u00e1s nemcsak az \u00e9letkil\u00e1t\u00e1sokat jav\u00edtja, hanem cs\u00f6kkenti a sz\u00f6v\u0151dm\u00e9nyek \u00e9s a k\u00e9s\u0151bbi m\u00e1j\u00e1t\u00fcltet\u00e9s sz\u00fcks\u00e9gess\u00e9g\u00e9nek es\u00e9ly\u00e9t is.<\/span><\/span><\/span><\/span><\/p>\n<p><strong><span class=\"TextRun SCXW15696373 BCX0\" lang=\"HU-HU\" xml:lang=\"HU-HU\" data-contrast=\"auto\"><span class=\"NormalTextRun SCXW15696373 BCX0\">Szakmai h\u00e1tt\u00e9r \u00e9s t\u00e1mogat\u00e1s<\/span><\/span><\/strong><\/p>\n<p><span class=\"TextRun SCXW191053444 BCX0\" lang=\"HU-HU\" xml:lang=\"HU-HU\" data-contrast=\"auto\"><span class=\"NormalTextRun SCXW191053444 BCX0\">A <\/span><span class=\"NormalTextRun SpellingErrorV2Themed SCXW191053444 BCX0\">biliaris<\/span> <span class=\"NormalTextRun SpellingErrorV2Themed SCXW191053444 BCX0\">atresia<\/span><span class=\"NormalTextRun SCXW191053444 BCX0\"> diagnosztik\u00e1ja \u00e9s kezel\u00e9se komplex ell\u00e1t\u00e1st ig\u00e9nyel, melyben gyermek <\/span><span class=\"NormalTextRun SpellingErrorV2Themed SCXW191053444 BCX0\">gasztroenterol\u00f3gusok<\/span><span class=\"NormalTextRun SCXW191053444 BCX0\">, <\/span><span class=\"NormalTextRun SpellingErrorV2Themed SCXW191053444 BCX0\">hepatol\u00f3gusok<\/span><span class=\"NormalTextRun SCXW191053444 BCX0\">, radiol\u00f3gusok \u00e9s gyermekseb\u00e9szek vesznek r\u00e9szt. A sz\u0171r\u0151program a WHO \u00e1ltal megfogalmazott krit\u00e9riumoknak megfelel: egyszer\u0171, olcs\u00f3, b\u00e1rki sz\u00e1m\u00e1ra hozz\u00e1f\u00e9rhet\u0151 m\u00f3dszerrel lehet\u0151v\u00e9 teszi egy s\u00falyos betegs\u00e9g korai felismer\u00e9s\u00e9t, \u00e9s id\u0151ben el\u00e9rhet\u0151, hat\u00e9kony kezel\u00e9s biztos\u00edtott.<\/span><\/span><\/p>\n","protected":false},"excerpt":{"rendered":"<p>A biliaris atresia vagy epe\u00fati atr\u00e9zia egy \u00fajsz\u00fcl\u00f6tteket \u00e9rint\u0151 ritka, de s\u00falyos k\u00f6vetkezm\u00e9nyekkel j\u00e1r\u00f3, velesz\u00fcletett m\u00e1jbetegs\u00e9g. Kezel\u00e9s n\u00e9lk\u00fcl n\u00e9h\u00e1ny h\u00f3nap alatt s\u00falyos m\u00e1jk\u00e1rosod\u00e1s, m\u00e1jel\u00e9gtelens\u00e9g alakulhat ki, amely gyakran m\u00e1r az els\u0151 \u00e9let\u00e9vben m\u00e1j\u00e1t\u00fcltet\u00e9st tesz sz\u00fcks\u00e9gess\u00e9. A betegs\u00e9g korai felismer\u00e9se \u00e9s megfelel\u0151 id\u0151ben t\u00f6rt\u00e9n\u0151 seb\u00e9szi kezel\u00e9se jelent\u0151sen jav\u00edthatja a gyermekek \u00e9letkil\u00e1t\u00e1sait. A sz\u0171r\u0151program c\u00e9lja A sz\u0171r\u0151program &hellip;<\/p>\n","protected":false},"author":102391,"featured_media":0,"parent":17,"menu_order":8,"comment_status":"closed","ping_status":"closed","template":"","meta":{"_acf_changed":false,"footnotes":""},"categories":[],"tags":[],"class_list":["post-7144","page","type-page","status-publish","hentry"],"acf":[],"_links":{"self":[{"href":"https:\/\/semmelweis.hu\/bokayklinika\/wp-json\/wp\/v2\/pages\/7144","targetHints":{"allow":["GET"]}}],"collection":[{"href":"https:\/\/semmelweis.hu\/bokayklinika\/wp-json\/wp\/v2\/pages"}],"about":[{"href":"https:\/\/semmelweis.hu\/bokayklinika\/wp-json\/wp\/v2\/types\/page"}],"author":[{"embeddable":true,"href":"https:\/\/semmelweis.hu\/bokayklinika\/wp-json\/wp\/v2\/users\/102391"}],"replies":[{"embeddable":true,"href":"https:\/\/semmelweis.hu\/bokayklinika\/wp-json\/wp\/v2\/comments?post=7144"}],"version-history":[{"count":2,"href":"https:\/\/semmelweis.hu\/bokayklinika\/wp-json\/wp\/v2\/pages\/7144\/revisions"}],"predecessor-version":[{"id":7982,"href":"https:\/\/semmelweis.hu\/bokayklinika\/wp-json\/wp\/v2\/pages\/7144\/revisions\/7982"}],"up":[{"embeddable":true,"href":"https:\/\/semmelweis.hu\/bokayklinika\/wp-json\/wp\/v2\/pages\/17"}],"wp:attachment":[{"href":"https:\/\/semmelweis.hu\/bokayklinika\/wp-json\/wp\/v2\/media?parent=7144"}],"wp:term":[{"taxonomy":"category","embeddable":true,"href":"https:\/\/semmelweis.hu\/bokayklinika\/wp-json\/wp\/v2\/categories?post=7144"},{"taxonomy":"post_tag","embeddable":true,"href":"https:\/\/semmelweis.hu\/bokayklinika\/wp-json\/wp\/v2\/tags?post=7144"}],"curies":[{"name":"wp","href":"https:\/\/api.w.org\/{rel}","templated":true}]}}