{"id":6901,"date":"2025-03-04T15:09:26","date_gmt":"2025-03-04T14:09:26","guid":{"rendered":"https:\/\/semmelweis.hu\/bokayklinika\/?page_id=6901"},"modified":"2026-03-13T10:31:58","modified_gmt":"2026-03-13T09:31:58","slug":"1-felajanlas","status":"publish","type":"page","link":"https:\/\/semmelweis.hu\/bokayklinika\/1-felajanlas\/","title":{"rendered":"1% felaj\u00e1nl\u00e1s"},"content":{"rendered":"<h1 style=\"text-align: center\"><span style=\"font-size: 18pt\" data-contrast=\"auto\">Ad\u00f3 1% &#8211; Legyen \u00d6n is gy\u00f3gy\u00edt\u00f3 k\u00f6z\u00f6ss\u00e9g\u00fcnk tagja<\/span><\/h1>\n<h3 style=\"text-align: center\"><a href=\"https:\/\/bokaygyermekklinika.hu\/\" target=\"_blank\" rel=\"noopener\"><b><span data-contrast=\"auto\">B\u00f3kay Gyermekklinik\u00e1\u00e9rt K\u00f6zhaszn\u00fa Alap\u00edtv\u00e1ny<\/span><\/b><\/a><\/h3>\n<h3 style=\"text-align: center\"><b><span data-contrast=\"auto\">Ad\u00f3sz\u00e1munk: 18222432-1-42<\/span><\/b><\/h3>\n<p><strong>Van \u00f6t perce? Mert ennyi kell ahhoz, hogy az idei ad\u00f3bevall\u00e1s\u00e1val egy s\u00falyos beteg gyermek gy\u00f3gyul\u00e1s\u00e1hoz j\u00e1ruljon hozz\u00e1 \u2013 an\u00e9lk\u00fcl, hogy egy forinttal is kevesebb maradna a zseb\u00e9ben. K\u00e9rj\u00fck, m\u00e1jus 20-ig rendelkezzen szem\u00e9lyi j\u00f6vedelemad\u00f3ja 1%-\u00e1r\u00f3l a B\u00f3kay Gyermekklinika Alap\u00edtv\u00e1ny jav\u00e1ra. A B\u00f3kay Gyermekklinik\u00e1\u00e9rt K\u00f6zhaszn\u00fa Alap\u00edtv\u00e1ny ad\u00f3sz\u00e1ma:18222432-1-42.<\/strong><\/p>\n<h3 style=\"text-align: center\"><a href=\"https:\/\/eszja.nav.gov.hu\/app\/login\/#login\" target=\"_blank\" rel=\"noopener\"><b><span data-contrast=\"none\">Felaj\u00e1nlom!<\/span><\/b><\/a><\/h3>\n<p><span data-contrast=\"auto\"><a href=\"https:\/\/semmelweis.hu\/bokayklinika\/files\/2026\/03\/apa_segits_bokay.jpg\"><img loading=\"lazy\" decoding=\"async\" class=\"alignright size-medium wp-image-8092\" src=\"https:\/\/semmelweis.hu\/bokayklinika\/files\/2026\/03\/apa_segits_bokay-280x400.jpg\" alt=\"\" width=\"280\" height=\"400\" srcset=\"https:\/\/semmelweis.hu\/bokayklinika\/files\/2026\/03\/apa_segits_bokay-280x400.jpg 280w, https:\/\/semmelweis.hu\/bokayklinika\/files\/2026\/03\/apa_segits_bokay.jpg 700w\" sizes=\"auto, (max-width: 280px) 100vw, 280px\" \/><\/a><\/span><\/p>\n<h3><span style=\"color: #c07340\">Hov\u00e1 ker\u00fcl az ad\u00f3m 1%-a, ha id\u00e9n a B\u00f3kay Gyermekklinik\u00e1\u00e9rt K\u00f6zhaszn\u00fa Alap\u00edtv\u00e1nyt t\u00e1mogatom?<\/span><\/h3>\n<p>A Semmelweis Gyermekklinika B\u00f3kay utcai r\u00e9szleg\u00e9re \u2013 k\u00f6zismert nev\u00e9n a B\u00f3kay Gyermekklinik\u00e1ra \u2013, Magyarorsz\u00e1g 1., a vil\u00e1g 4. legr\u00e9gebbi gyermekgy\u00f3gy\u00e1szati int\u00e9zm\u00e9ny\u00e9be, ahol 1839 \u00f3ta sz\u00fcnet n\u00e9lk\u00fcl gy\u00f3gy\u00edtunk, oktatunk \u00e9s kutatunk.<\/p>\n<h3><span style=\"color: #c07340\">Csak budapesti gyermekek kapnak seg\u00edts\u00e9get a Klinik\u00e1n?<\/span><\/h3>\n<p>Nem! A Klinika orsz\u00e1gos ell\u00e1t\u00f3hely: mi l\u00e1tjuk el p\u00e9ld\u00e1ul a legs\u00falyosabb \u00e1llapot\u00fa kora- \u00e9s betegen sz\u00fcletett \u00fajsz\u00fcl\u00f6tteket, a m\u00e1jtranszplant\u00e1ci\u00f3n \u00e1tesett gyermekeket, vagy a m\u0171vesekezel\u00e9sre szorul\u00f3 kiskor\u00fa p\u00e1cienseket.<\/p>\n<h3><span style=\"color: #c07340\">Val\u00f3ban sz\u00e1m\u00edt az \u00e9n 1%-om is?<\/span><\/h3>\n<p>Igen! Minden fejleszt\u00e9s m\u00f6g\u00f6tt ugyanaz a c\u00e9l \u00e1ll: hozz\u00e1j\u00e1rulni ahhoz, hogy a beteg gyermekek sz\u00e1m\u00e1ra min\u00e9l kedvez\u0151bb lehet\u0151s\u00e9geket teremts\u00fcnk a gy\u00f3gyul\u00e1shoz. A tavalyi \u00e9vben 115 075 000 forinttal t\u00e1mogattuk a Klinika gy\u00f3gy\u00edt\u00f3 munk\u00e1j\u00e1t, a folyamatos t\u00e1mogat\u00e1sok alapja az 1%-os felaj\u00e1nl\u00e1sok.<\/p>\n<p><a href=\"https:\/\/semmelweis.hu\/bokayklinika\/files\/2026\/03\/apa_segits_bokay_2.jpg\"><img loading=\"lazy\" decoding=\"async\" class=\"size-medium wp-image-8093 alignleft\" src=\"https:\/\/semmelweis.hu\/bokayklinika\/files\/2026\/03\/apa_segits_bokay_2-280x400.jpg\" alt=\"\" width=\"280\" height=\"400\" srcset=\"https:\/\/semmelweis.hu\/bokayklinika\/files\/2026\/03\/apa_segits_bokay_2-280x400.jpg 280w, https:\/\/semmelweis.hu\/bokayklinika\/files\/2026\/03\/apa_segits_bokay_2.jpg 700w\" sizes=\"auto, (max-width: 280px) 100vw, 280px\" \/><\/a><\/p>\n<h3><span style=\"color: #c07340\">Mi t\u00f6rt\u00e9nik, ha nem aj\u00e1nlom fel az 1%-om?<\/span><\/h3>\n<p>A p\u00e9nz nem v\u00e9sz el, az \u00e1llamn\u00e1l marad. Ne hagyja veszni a d\u00f6nt\u00e9s lehet\u0151s\u00e9g\u00e9t, \u00e1lljon ki azok\u00e9rt, akiknek a legnagyobb sz\u00fcks\u00e9ge van a t\u00e1mogat\u00e1sra!<\/p>\n<h3><span style=\"color: #c07340\">Miben m\u00e1s az idei \u00e9v?<\/span><\/h3>\n<p>Magyarorsz\u00e1gon a t\u00f6bbgyermekes \u00e9desany\u00e1k jelent\u0151s r\u00e9sze mentes\u00fcl a szem\u00e9lyi j\u00f6vedelemad\u00f3 (SZJA) fizet\u00e9se al\u00f3l. Ez j\u00f3 h\u00edr a csal\u00e1doknak. De van egy k\u00f6vetkezm\u00e9nye is: sok anya nem vagy csak r\u00e9szben tudja majd felaj\u00e1nlani az ad\u00f3ja 1%-\u00e1t.<\/p>\n<h3><span style=\"color: #c07340\">Apa, seg\u00edts az 1%-oddal!<\/span><\/h3>\n<p>Az ap\u00e1k, f\u00e9rfi ismer\u0151s\u00f6k felaj\u00e1nl\u00e1sa p\u00f3tolhatja azt a t\u00e1mogat\u00e1st, amelyt\u0151l a t\u00f6bbgyermekes any\u00e1k SZJA-mentess\u00e9ge miatt eles\u00fcnk. Azoknak az \u00e9desany\u00e1knak a seg\u00edts\u00e9ge is fontos, akik m\u00e9g fel tudj\u00e1k aj\u00e1nlani az 1%-ukat. \u00c9s mindenki\u00e9, aki \u00fagy \u00e9rzi, hogy az orsz\u00e1g legs\u00falyosabb beteg gyermekeinek ell\u00e1t\u00e1s\u00e1t seg\u00edt\u0151 fejleszt\u00e9sek kiemelten fontosak.<\/p>\n<p><a href=\"https:\/\/semmelweis.hu\/bokayklinika\/files\/2026\/03\/apa_segits_bokay_3.jpg\"><img loading=\"lazy\" decoding=\"async\" class=\"aligncenter size-full wp-image-8094\" src=\"https:\/\/semmelweis.hu\/bokayklinika\/files\/2026\/03\/apa_segits_bokay_3.jpg\" alt=\"\" width=\"1300\" height=\"1000\" srcset=\"https:\/\/semmelweis.hu\/bokayklinika\/files\/2026\/03\/apa_segits_bokay_3.jpg 1300w, https:\/\/semmelweis.hu\/bokayklinika\/files\/2026\/03\/apa_segits_bokay_3-400x308.jpg 400w, https:\/\/semmelweis.hu\/bokayklinika\/files\/2026\/03\/apa_segits_bokay_3-1024x788.jpg 1024w, https:\/\/semmelweis.hu\/bokayklinika\/files\/2026\/03\/apa_segits_bokay_3-768x591.jpg 768w, https:\/\/semmelweis.hu\/bokayklinika\/files\/2026\/03\/apa_segits_bokay_3-753x579.jpg 753w\" sizes=\"auto, (max-width: 1300px) 100vw, 1300px\" \/><\/a><\/p>\n<h3>V\u00e1lassza ki, hogyan szeretn\u00e9 felaj\u00e1nlani az ad\u00f3 1%-ot!<\/h3>\n<p><b><span data-contrast=\"auto\">A NAV-on kereszt\u00fcl, online, \u00fcgyf\u00e9lkapuval<\/span><\/b><\/p>\n<p><span data-contrast=\"auto\">L\u00e9pjen be az <\/span><a href=\"https:\/\/eszja.nav.gov.hu\/app\/login\/#login\" target=\"_blank\" rel=\"noopener\"><span data-contrast=\"none\">eSZJA oldal\u00e1ra<\/span><\/a><span data-contrast=\"auto\">, ahol az 1+1% nyilatkozat kiv\u00e1laszt\u00e1s\u00e1val rendelkezhet ad\u00f3ja 1%-\u00e1r\u00f3l. Itt \u00edrja be a keres\u0151be a \u201eB\u00f3kay Gyermekklinik\u00e1\u00e9rt K\u00f6zhaszn\u00fa Alap\u00edtv\u00e1ny\u201d nev\u00e9t, majd v\u00e9gleges\u00edtse \u00e9s <strong>k\u00fcldje be nyilatkozat\u00e1t 2026.05.20-ig<\/strong>! Ad\u00f3sz\u00e1munk: <strong>18222432-1-42<\/strong>.<\/span><\/p>\n<p><b><span data-contrast=\"auto\">A NAV-on kereszt\u00fcl, pap\u00edron<\/span><\/b><\/p>\n<p><span data-contrast=\"auto\">T\u00f6ltse le az <a href=\"https:\/\/semmelweis.hu\/bokayklinika\/files\/2026\/02\/25EGYSZA_Bokay.pdf\" target=\"_blank\" rel=\"noopener\"><strong>1+1%-os nyilatkozatot<\/strong><\/a>, \u00edrja bele saj\u00e1t adatait, tegye bor\u00edt\u00e9kba, majd post\u00e1zza el a NAV-nak vagy adja le a NAV legk\u00f6zelebbi \u00fcgyf\u00e9lszolg\u00e1lat\u00e1n <strong>2026.05.20-ig<\/strong>! Ad\u00f3sz\u00e1munk: <strong>18222432-1-42<\/strong>.<\/span><\/p>\n<p><em><strong>K\u00f6sz\u00f6nj\u00fck, hogy \u00d6n is gy\u00f3gy\u00edt\u00f3 k\u00f6z\u00f6ss\u00e9g\u00fcnk tagja!<\/strong><\/em><\/p>\n","protected":false},"excerpt":{"rendered":"<p>Ad\u00f3 1% &#8211; Legyen \u00d6n is gy\u00f3gy\u00edt\u00f3 k\u00f6z\u00f6ss\u00e9g\u00fcnk tagja <a href=\"https:\/\/bokaygyermekklinika.hu\/\" target=\"_blank\" rel=\"noopener\">B\u00f3kay Gyermekklinik\u00e1\u00e9rt K\u00f6zhaszn\u00fa Alap\u00edtv\u00e1ny<\/a> Ad\u00f3sz\u00e1munk: 18222432-1-42 Van \u00f6t perce? Mert ennyi kell ahhoz, hogy az idei ad\u00f3bevall\u00e1s\u00e1val egy s\u00falyos beteg gyermek gy\u00f3gyul\u00e1s\u00e1hoz j\u00e1ruljon hozz\u00e1 \u2013 an\u00e9lk\u00fcl, hogy egy forinttal is kevesebb maradna a zseb\u00e9ben. K\u00e9rj\u00fck, m\u00e1jus 20-ig rendelkezzen szem\u00e9lyi j\u00f6vedelemad\u00f3ja 1%-\u00e1r\u00f3l a B\u00f3kay Gyermekklinika Alap\u00edtv\u00e1ny jav\u00e1ra. A B\u00f3kay Gyermekklinik\u00e1\u00e9rt K\u00f6zhaszn\u00fa &hellip;<\/p>\n","protected":false},"author":102391,"featured_media":0,"parent":0,"menu_order":0,"comment_status":"closed","ping_status":"closed","template":"","meta":{"_acf_changed":false,"footnotes":""},"categories":[],"tags":[],"class_list":["post-6901","page","type-page","status-publish","hentry"],"acf":[],"_links":{"self":[{"href":"https:\/\/semmelweis.hu\/bokayklinika\/wp-json\/wp\/v2\/pages\/6901","targetHints":{"allow":["GET"]}}],"collection":[{"href":"https:\/\/semmelweis.hu\/bokayklinika\/wp-json\/wp\/v2\/pages"}],"about":[{"href":"https:\/\/semmelweis.hu\/bokayklinika\/wp-json\/wp\/v2\/types\/page"}],"author":[{"embeddable":true,"href":"https:\/\/semmelweis.hu\/bokayklinika\/wp-json\/wp\/v2\/users\/102391"}],"replies":[{"embeddable":true,"href":"https:\/\/semmelweis.hu\/bokayklinika\/wp-json\/wp\/v2\/comments?post=6901"}],"version-history":[{"count":10,"href":"https:\/\/semmelweis.hu\/bokayklinika\/wp-json\/wp\/v2\/pages\/6901\/revisions"}],"predecessor-version":[{"id":6917,"href":"https:\/\/semmelweis.hu\/bokayklinika\/wp-json\/wp\/v2\/pages\/6901\/revisions\/6917"}],"wp:attachment":[{"href":"https:\/\/semmelweis.hu\/bokayklinika\/wp-json\/wp\/v2\/media?parent=6901"}],"wp:term":[{"taxonomy":"category","embeddable":true,"href":"https:\/\/semmelweis.hu\/bokayklinika\/wp-json\/wp\/v2\/categories?post=6901"},{"taxonomy":"post_tag","embeddable":true,"href":"https:\/\/semmelweis.hu\/bokayklinika\/wp-json\/wp\/v2\/tags?post=6901"}],"curies":[{"name":"wp","href":"https:\/\/api.w.org\/{rel}","templated":true}]}}