{"id":6572,"date":"2025-01-13T08:34:15","date_gmt":"2025-01-13T07:34:15","guid":{"rendered":"https:\/\/semmelweis.hu\/bokayklinika\/?page_id=6572"},"modified":"2026-02-02T20:26:17","modified_gmt":"2026-02-02T19:26:17","slug":"cisztas-fibrozis-gondozas","status":"publish","type":"page","link":"https:\/\/semmelweis.hu\/bokayklinika\/betegellatas\/jarobeteg-ellatas\/gyermek-tudogyogyaszat-pulmonologia\/cisztas-fibrozis-gondozas\/","title":{"rendered":"Ciszt\u00e1s fibr\u00f3zis gondoz\u00e1s"},"content":{"rendered":"<p>Centrumunkban a ciszt\u00e1s fibr\u00f3zissal diagnosztiz\u00e1lt betegeink multidiszciplin\u00e1ris gondoz\u00e1sa zajlik.<br \/>\nA B\u00f3kay Ciszt\u00e1s Fibr\u00f3zis Centrum az <a href=\"https:\/\/semmelweis.hu\/bokayklinika\/files\/2026\/02\/Tajekoztato-az-ujszulottkori-cisztas-fibrozis-szuresrol.pdf\" target=\"_blank\" rel=\"noopener\">\u00fajsz\u00fcl\u00f6ttkori CF-sz\u0171r\u00e9s<\/a>, a t\u00fcd\u0151 \u00e9s m\u00e1jtranszplant\u00e1lt gyermekek, illetve a modul\u00e1tor ter\u00e1pia ell\u00e1t\u00f3hely is.<\/p>\n<p><strong>A rendel\u00e9sre el\u0151jegyz\u00e9s k\u00f6telez\u0151!<\/strong><\/p>\n<p><strong>Dr. Kincs Judit: <\/strong>52703 mell\u00e9k vagy <strong><a href=\"https:\/\/elojegyzes.meditime.hu\/14\">https:\/\/elojegyzes.meditime.hu\/14<\/a><\/strong><\/p>\n<p>&nbsp;<\/p>\n<p><strong>DIAGNOSZTIKUS LEHET\u0150S\u00c9GEK<\/strong><\/p>\n<table style=\"width: 87.1583%\" width=\"601\">\n<tbody>\n<tr>\n<td style=\"width: 100%\" width=\"601\">A t\u00fcd\u0151 diff\u00fazi\u00f3s kapacit\u00e1s\u00e1nak m\u00e9r\u00e9se<\/td>\n<\/tr>\n<tr>\n<td style=\"width: 100%\">A t\u00fcd\u0151ellen\u00e1ll\u00e1s m\u00e9r\u00e9se oscillometri\u00e1val<\/td>\n<\/tr>\n<tr>\n<td style=\"width: 100%\">Alv\u00e1svizsg\u00e1lat, polysomnogr\u00e1fia<\/td>\n<\/tr>\n<tr>\n<td style=\"width: 100%\">Bronchoszk\u00f3pia (merev \u00e9s flexibilis)<\/td>\n<\/tr>\n<tr>\n<td style=\"width: 100%\">Csecsem\u0151-l\u00e9gz\u00e9sfunkci\u00f3<\/td>\n<\/tr>\n<tr>\n<td style=\"width: 100%\">EKG (nyugalmi, terhel\u00e9ses)<\/td>\n<\/tr>\n<tr>\n<td style=\"width: 100%\">Endoszk\u00f3pia, nyel\u0151cs\u0151 varicositas-felm\u00e9r\u00e9s<\/td>\n<\/tr>\n<tr>\n<td style=\"width: 100%\">Folyamatos sz\u00f6vetk\u00f6zti gluk\u00f3zmonitoriz\u00e1l\u00e1s (CGMS)<\/td>\n<\/tr>\n<tr>\n<td style=\"width: 100%\">Laborat\u00f3riumi vizsg\u00e1latok: \u00e1ltal\u00e1nos, immunglobulinok, sz\u00e9rum-\u00f6ssz- \u00e9s specifikus -IgE, mikrobiol\u00f3giai vizsg\u00e1latok<\/td>\n<\/tr>\n<tr>\n<td style=\"width: 100%\">L\u00e9gz\u00e9sfunkci\u00f3 (fizikai \u00e9s aspecifikus inhal\u00e1ci\u00f3s provok\u00e1ci\u00f3)<\/td>\n<\/tr>\n<tr>\n<td style=\"width: 100%\">M\u00e1j elasztogr\u00e1fia<\/td>\n<\/tr>\n<tr>\n<td style=\"width: 100%\">Multiple Breath Washout (MBW) \u2013 Lung Clearance Index m\u00e9r\u00e9se<\/td>\n<\/tr>\n<tr>\n<td style=\"width: 100%\">Prick teszt: l\u00e9g\u00fati, \u00e9tel valamint speci\u00e1lis sorokkal<\/td>\n<\/tr>\n<tr>\n<td style=\"width: 100%\">R\u00f6ntgen<\/td>\n<\/tr>\n<tr>\n<td style=\"width: 100%\">T\u00fcd\u0151 MR<\/td>\n<\/tr>\n<tr>\n<td style=\"width: 100%\">\u00dajsz\u00fcl\u00f6ttkori CF-sz\u0171r\u00e9s<\/td>\n<\/tr>\n<tr>\n<td style=\"width: 100%\">Ultrahang<\/td>\n<\/tr>\n<tr>\n<td style=\"width: 100%\">Verejt\u00e9k klorid meghat\u00e1roz\u00e1s<\/td>\n<\/tr>\n<\/tbody>\n<\/table>\n<p>&nbsp;<\/p>\n<p><strong>Ciszt\u00e1s fibr\u00f3zis gondoz\u00e1sban r\u00e9sztvev\u0151 szakm\u00e1k, koll\u00e9g\u00e1k el\u00e9rhet\u0151s\u00e9gei:<\/strong><\/p>\n<table style=\"border-collapse: collapse;width: 100%;height: 1045px\">\n<tbody>\n<tr style=\"height: 33px\">\n<td style=\"width: 27.2969%;height: 33px\"><strong>T\u00dcD\u0150GY\u00d3GY\u00c1SZAT<\/strong><\/td>\n<td style=\"width: 39.3697%;height: 33px\">Dr. Kincs Judit<\/td>\n<td style=\"width: 33.3333%;height: 33px\"><a href=\"mailto:kincs.judit@semmelweis.hu\" target=\"_blank\" rel=\"noopener\">kincs.judit@semmelweis.hu<\/a><\/td>\n<\/tr>\n<tr style=\"height: 33px\">\n<td style=\"width: 27.2969%;height: 33px\">\u00a0<\/td>\n<td style=\"width: 39.3697%;height: 33px\">Dr. Kov\u00e1cs Lajos<\/td>\n<td style=\"width: 33.3333%;height: 33px\">\u00a0<\/td>\n<\/tr>\n<tr style=\"height: 33px\">\n<td style=\"width: 27.2969%;height: 33px\">\u00a0<\/td>\n<td style=\"width: 39.3697%;height: 33px\">Dr. Krikovszky D\u00f3ra<\/td>\n<td style=\"width: 33.3333%;height: 33px\">\u00a0<\/td>\n<\/tr>\n<tr style=\"height: 33px\">\n<td style=\"width: 27.2969%;height: 33px\">\u00a0<\/td>\n<td style=\"width: 39.3697%;height: 33px\">Dr. Cz\u00f6vek Dorottya<\/td>\n<td style=\"width: 33.3333%;height: 33px\">\u00a0<\/td>\n<\/tr>\n<tr style=\"height: 33px\">\n<td style=\"width: 27.2969%;height: 33px\" colspan=\"3\"><strong>\u00a0<\/strong><\/td>\n<\/tr>\n<tr style=\"height: 33px\">\n<td style=\"width: 27.2969%;height: 33px\"><strong>FIZIOTER\u00c1PIA<\/strong><\/td>\n<td style=\"width: 39.3697%;height: 33px\">Bleier Laura<\/td>\n<td style=\"width: 33.3333%;height: 33px\">\u00a0<\/td>\n<\/tr>\n<tr style=\"height: 33px\">\n<td style=\"width: 27.2969%;height: 33px\">\u00a0<\/td>\n<td style=\"width: 39.3697%;height: 33px\">Sz\u00e1nt\u00f3 Vikt\u00f3ria<\/td>\n<td style=\"width: 33.3333%;height: 33px\">\u00a0<\/td>\n<\/tr>\n<tr style=\"height: 33px\">\n<td style=\"width: 27.2969%;height: 33px\">\u00a0<\/td>\n<td style=\"width: 39.3697%;height: 33px\">G\u00e1bor Kata<\/td>\n<td style=\"width: 33.3333%;height: 33px\">+36 30 016-4603<\/td>\n<\/tr>\n<tr style=\"height: 33px\">\n<td style=\"width: 27.2969%;height: 33px\" colspan=\"3\"><strong>\u00a0<\/strong><\/td>\n<\/tr>\n<tr style=\"height: 33px\">\n<td style=\"width: 27.2969%;height: 33px\"><strong>DIETETIKA<\/strong><\/td>\n<td style=\"width: 39.3697%;height: 33px\">Arany Hajnalka<\/td>\n<td style=\"width: 33.3333%;height: 33px\"><a href=\"mailto:arany.hajnalka@semmelweis.hu\" target=\"_blank\" rel=\"noopener\">arany.hajnalka@semmelweis.hu <\/a>\u00a0+36 20 663-2533<\/td>\n<\/tr>\n<tr style=\"height: 33px\">\n<td style=\"width: 27.2969%;height: 33px\" colspan=\"3\"><strong>\u00a0<\/strong><\/td>\n<\/tr>\n<tr style=\"height: 33px\">\n<td style=\"width: 27.2969%;height: 33px\"><strong>VEREJT\u00c9K KLORID VIZSG\u00c1LAT<\/strong><\/td>\n<td style=\"width: 39.3697%;height: 33px\">Iv\u00e1di Vikt\u00f3ria<\/td>\n<td style=\"width: 33.3333%;height: 33px\">+36 30 016-4830<\/td>\n<\/tr>\n<tr style=\"height: 33px\">\n<td style=\"width: 27.2969%;height: 33px\" colspan=\"3\"><strong>\u00a0<\/strong><\/td>\n<\/tr>\n<tr style=\"height: 33px\">\n<td style=\"width: 27.2969%;height: 33px\"><strong>L\u00c9GZ\u00c9SFUNKCI\u00d3<\/strong><\/td>\n<td style=\"width: 39.3697%;height: 33px\">Balogh M\u00e1ria, pulmonol\u00f3gus- allergol\u00f3gus szakasszisztens<\/td>\n<td style=\"width: 33.3333%;height: 33px\">\u00a0<\/td>\n<\/tr>\n<tr style=\"height: 63px\">\n<td style=\"width: 27.2969%;height: 63px\">\u00a0<\/td>\n<td style=\"width: 39.3697%;height: 63px\">Szim\u00e1n J\u00e1nosn\u00e9 (Ancsa), pulmonol\u00f3gus-allergol\u00f3gus szakasszisztens<\/td>\n<td style=\"width: 33.3333%;height: 63px\">\u00a0<\/td>\n<\/tr>\n<tr style=\"height: 37px\">\n<td style=\"width: 27.2969%;height: 37px\" colspan=\"3\">\n<p>&nbsp;<\/p>\n<\/td>\n<\/tr>\n<tr style=\"height: 83px\">\n<td style=\"width: 27.2969%;height: 83px\">\n<p><strong>GASZTROENTEROL\u00d3GIA\u00a0<\/strong><br \/>\n<a href=\"mailto:gasztro.bokay@semmelweis.hu\" target=\"_blank\" rel=\"noopener\">gasztro.bokay@semmelweis.hu<\/a><\/p>\n<\/td>\n<td style=\"width: 39.3697%;height: 83px\">Dr. L\u00f3th Szendile<\/td>\n<td style=\"width: 33.3333%;height: 83px\"><a href=\"mailto:loth.szendile@semmelweis.hu\">loth.szendile@semmelweis.hu<\/a><\/td>\n<\/tr>\n<tr style=\"height: 33px\">\n<td style=\"width: 27.2969%;height: 33px\">\u00a0<\/td>\n<td style=\"width: 39.3697%;height: 33px\">Dr. Cseh \u00c1ron<\/td>\n<td style=\"width: 33.3333%;height: 33px\"><a href=\"mailto:cseh.aron@semmelweis.hu\" target=\"_blank\" rel=\"noopener\">cseh.aron@semmelweis.hu<\/a><\/td>\n<\/tr>\n<tr style=\"height: 53px\">\n<td style=\"width: 27.2969%;height: 53px\" colspan=\"3\">\u00a0<\/td>\n<\/tr>\n<tr style=\"height: 83px\">\n<td style=\"width: 27.2969%;height: 83px\">\n<p><strong>HEPATOL\u00d3GIA<\/strong><br \/>\n<a href=\"mailto:gyermekhepatologia@semmelweis.hu\">gyermekhepatologia@semmelweis.hu<\/a><\/p>\n<\/td>\n<td style=\"width: 39.3697%;height: 83px\">Dr. Dezs\u0151fi Antal<\/td>\n<td style=\"width: 33.3333%;height: 83px\">+36 20 825-8160<\/td>\n<\/tr>\n<tr style=\"height: 33px\">\n<td style=\"width: 27.2969%;height: 33px\">\u00a0<\/td>\n<td style=\"width: 39.3697%;height: 33px\">Dr. Szab\u00f3 Doloresz<\/td>\n<td style=\"width: 33.3333%;height: 33px\">\u00a0<\/td>\n<\/tr>\n<tr style=\"height: 33px\">\n<td style=\"width: 27.2969%;height: 33px\" colspan=\"3\"><strong>\u00a0<\/strong><\/td>\n<\/tr>\n<tr style=\"height: 33px\">\n<td style=\"width: 27.2969%;height: 33px\"><strong>ENDOKRINOL\u00d3GIA<\/strong><\/td>\n<td style=\"width: 39.3697%;height: 33px\">Dr. Luczay Andrea<\/td>\n<td style=\"width: 33.3333%;height: 33px\"><a href=\"mailto:luczay.andrea@semmelweis.hu\">luczay.andrea@semmelweis.hu<\/a><\/td>\n<\/tr>\n<tr style=\"height: 33px\">\n<td style=\"width: 27.2969%;height: 33px\" colspan=\"3\"><strong>\u00a0<\/strong><\/td>\n<\/tr>\n<tr style=\"height: 33px\">\n<td style=\"width: 27.2969%;height: 33px\"><strong>F\u00dcL-ORR-G\u00c9G\u00c9SZET<\/strong><\/td>\n<td style=\"width: 39.3697%;height: 33px\">Dr. Ilonczai Larisza<\/td>\n<td style=\"width: 33.3333%;height: 33px\">\u00a0+36-1-3343-186\/ 52642<\/td>\n<\/tr>\n<tr style=\"height: 33px\">\n<td style=\"width: 27.2969%;height: 33px\" colspan=\"3\"><strong>\u00a0<\/strong><\/td>\n<\/tr>\n<tr style=\"height: 33px\">\n<td style=\"width: 27.2969%;height: 33px\"><strong>PSZICHOL\u00d3GIA<\/strong><\/td>\n<td style=\"width: 39.3697%;height: 33px\">Bogn\u00e1r Emese<\/td>\n<td style=\"width: 33.3333%;height: 33px\"><a href=\"mailto:bognar.emese@semmelweis.hu\">bognar.emese@semmelweis.hu<\/a><\/td>\n<\/tr>\n<\/tbody>\n<\/table>\n<p>&nbsp;<\/p>\n<p style=\"text-align: center\"><img loading=\"lazy\" decoding=\"async\" class=\"aligncenter wp-image-6633 size-large\" src=\"https:\/\/semmelweis.hu\/bokayklinika\/files\/2025\/01\/Bokay-CF-centrum-1024x683.jpg\" alt=\"\" width=\"753\" height=\"502\" srcset=\"https:\/\/semmelweis.hu\/bokayklinika\/files\/2025\/01\/Bokay-CF-centrum-1024x683.jpg 1024w, https:\/\/semmelweis.hu\/bokayklinika\/files\/2025\/01\/Bokay-CF-centrum-400x267.jpg 400w, https:\/\/semmelweis.hu\/bokayklinika\/files\/2025\/01\/Bokay-CF-centrum-768x512.jpg 768w, https:\/\/semmelweis.hu\/bokayklinika\/files\/2025\/01\/Bokay-CF-centrum-753x502.jpg 753w, https:\/\/semmelweis.hu\/bokayklinika\/files\/2025\/01\/Bokay-CF-centrum-203x135.jpg 203w, https:\/\/semmelweis.hu\/bokayklinika\/files\/2025\/01\/Bokay-CF-centrum.jpg 1200w\" sizes=\"auto, (max-width: 753px) 100vw, 753px\" \/><\/p>\n","protected":false},"excerpt":{"rendered":"<p>Centrumunkban a ciszt\u00e1s fibr\u00f3zissal diagnosztiz\u00e1lt betegeink multidiszciplin\u00e1ris gondoz\u00e1sa zajlik. A B\u00f3kay Ciszt\u00e1s Fibr\u00f3zis Centrum az <a href=\"https:\/\/semmelweis.hu\/bokayklinika\/files\/2026\/02\/Tajekoztato-az-ujszulottkori-cisztas-fibrozis-szuresrol.pdf\" target=\"_blank\" rel=\"noopener\">\u00fajsz\u00fcl\u00f6ttkori CF-sz\u0171r\u00e9s<\/a> , a t\u00fcd\u0151 \u00e9s m\u00e1jtranszplant\u00e1lt gyermekek, illetve a modul\u00e1tor ter\u00e1pia ell\u00e1t\u00f3hely is. A rendel\u00e9sre el\u0151jegyz\u00e9s k\u00f6telez\u0151! Dr. Kincs Judit: 52703 mell\u00e9k vagy <a href=\"https:\/\/elojegyzes.meditime.hu\/14\">https:\/\/elojegyzes.meditime.hu\/14<\/a> &nbsp; DIAGNOSZTIKUS LEHET\u0150S\u00c9GEK A t\u00fcd\u0151 diff\u00fazi\u00f3s kapacit\u00e1s\u00e1nak m\u00e9r\u00e9se A t\u00fcd\u0151ellen\u00e1ll\u00e1s m\u00e9r\u00e9se oscillometri\u00e1val Alv\u00e1svizsg\u00e1lat, polysomnogr\u00e1fia Bronchoszk\u00f3pia (merev \u00e9s flexibilis) &hellip;<\/p>\n","protected":false},"author":101602,"featured_media":0,"parent":1602,"menu_order":0,"comment_status":"closed","ping_status":"closed","template":"","meta":{"_acf_changed":false,"footnotes":""},"categories":[],"tags":[],"class_list":["post-6572","page","type-page","status-publish","hentry"],"acf":[],"_links":{"self":[{"href":"https:\/\/semmelweis.hu\/bokayklinika\/wp-json\/wp\/v2\/pages\/6572","targetHints":{"allow":["GET"]}}],"collection":[{"href":"https:\/\/semmelweis.hu\/bokayklinika\/wp-json\/wp\/v2\/pages"}],"about":[{"href":"https:\/\/semmelweis.hu\/bokayklinika\/wp-json\/wp\/v2\/types\/page"}],"author":[{"embeddable":true,"href":"https:\/\/semmelweis.hu\/bokayklinika\/wp-json\/wp\/v2\/users\/101602"}],"replies":[{"embeddable":true,"href":"https:\/\/semmelweis.hu\/bokayklinika\/wp-json\/wp\/v2\/comments?post=6572"}],"version-history":[{"count":11,"href":"https:\/\/semmelweis.hu\/bokayklinika\/wp-json\/wp\/v2\/pages\/6572\/revisions"}],"predecessor-version":[{"id":7955,"href":"https:\/\/semmelweis.hu\/bokayklinika\/wp-json\/wp\/v2\/pages\/6572\/revisions\/7955"}],"up":[{"embeddable":true,"href":"https:\/\/semmelweis.hu\/bokayklinika\/wp-json\/wp\/v2\/pages\/1602"}],"wp:attachment":[{"href":"https:\/\/semmelweis.hu\/bokayklinika\/wp-json\/wp\/v2\/media?parent=6572"}],"wp:term":[{"taxonomy":"category","embeddable":true,"href":"https:\/\/semmelweis.hu\/bokayklinika\/wp-json\/wp\/v2\/categories?post=6572"},{"taxonomy":"post_tag","embeddable":true,"href":"https:\/\/semmelweis.hu\/bokayklinika\/wp-json\/wp\/v2\/tags?post=6572"}],"curies":[{"name":"wp","href":"https:\/\/api.w.org\/{rel}","templated":true}]}}