{"id":6485,"date":"2024-12-18T13:50:02","date_gmt":"2024-12-18T12:50:02","guid":{"rendered":"https:\/\/semmelweis.hu\/bokayklinika\/?page_id=6485"},"modified":"2024-12-18T14:10:05","modified_gmt":"2024-12-18T13:10:05","slug":"tudomanyos-kozlemenyeink-2023","status":"publish","type":"page","link":"https:\/\/semmelweis.hu\/bokayklinika\/kutatas\/tudomanyos-kozlemenyeink\/tudomanyos-kozlemenyeink-2023\/","title":{"rendered":"Tudom\u00e1nyos k\u00f6zlem\u00e9nyeink &#8211; 2023"},"content":{"rendered":"<p>&nbsp;<\/p>\n<p>A Semmelweis Egyetem Gyermekgy\u00f3gy\u00e1szati Klinik\u00e1ja 2023 \u00e9vben megjelent Tudom\u00e1nyos k\u00f6zlem\u00e9nyeit <strong><a href=\"https:\/\/semmelweis.hu\/bokayklinika\/files\/2024\/12\/Folyoiratcikkek-es-absztraktok-2023-DOI.docx\" target=\"_blank\" rel=\"noopener\">itt olvashatj\u00e1k.<\/a><\/strong><\/p>\n","protected":false},"excerpt":{"rendered":"<p>&nbsp;<br \/>\nA Semmelweis Egyetem Gyermekgy\u00f3gy\u00e1szati Klinik\u00e1ja 2023 \u00e9vben megjelent Tudom\u00e1nyos k\u00f6zlem\u00e9nyeit <a href=\"https:\/\/semmelweis.hu\/bokayklinika\/files\/2024\/12\/Folyoiratcikkek-es-absztraktok-2023-DOI.docx\" target=\"_blank\" rel=\"noopener\">itt olvashatj\u00e1k.<\/a><\/p>\n","protected":false},"author":101602,"featured_media":0,"parent":6478,"menu_order":0,"comment_status":"closed","ping_status":"closed","template":"","meta":{"_acf_changed":false,"footnotes":""},"categories":[],"tags":[],"class_list":["post-6485","page","type-page","status-publish","hentry"],"acf":[],"_links":{"self":[{"href":"https:\/\/semmelweis.hu\/bokayklinika\/wp-json\/wp\/v2\/pages\/6485","targetHints":{"allow":["GET"]}}],"collection":[{"href":"https:\/\/semmelweis.hu\/bokayklinika\/wp-json\/wp\/v2\/pages"}],"about":[{"href":"https:\/\/semmelweis.hu\/bokayklinika\/wp-json\/wp\/v2\/types\/page"}],"author":[{"embeddable":true,"href":"https:\/\/semmelweis.hu\/bokayklinika\/wp-json\/wp\/v2\/users\/101602"}],"replies":[{"embeddable":true,"href":"https:\/\/semmelweis.hu\/bokayklinika\/wp-json\/wp\/v2\/comments?post=6485"}],"version-history":[{"count":2,"href":"https:\/\/semmelweis.hu\/bokayklinika\/wp-json\/wp\/v2\/pages\/6485\/revisions"}],"predecessor-version":[{"id":6490,"href":"https:\/\/semmelweis.hu\/bokayklinika\/wp-json\/wp\/v2\/pages\/6485\/revisions\/6490"}],"up":[{"embeddable":true,"href":"https:\/\/semmelweis.hu\/bokayklinika\/wp-json\/wp\/v2\/pages\/6478"}],"wp:attachment":[{"href":"https:\/\/semmelweis.hu\/bokayklinika\/wp-json\/wp\/v2\/media?parent=6485"}],"wp:term":[{"taxonomy":"category","embeddable":true,"href":"https:\/\/semmelweis.hu\/bokayklinika\/wp-json\/wp\/v2\/categories?post=6485"},{"taxonomy":"post_tag","embeddable":true,"href":"https:\/\/semmelweis.hu\/bokayklinika\/wp-json\/wp\/v2\/tags?post=6485"}],"curies":[{"name":"wp","href":"https:\/\/api.w.org\/{rel}","templated":true}]}}