{"id":6478,"date":"2024-12-18T13:41:40","date_gmt":"2024-12-18T12:41:40","guid":{"rendered":"https:\/\/semmelweis.hu\/bokayklinika\/?page_id=6478"},"modified":"2024-12-18T14:09:11","modified_gmt":"2024-12-18T13:09:11","slug":"tudomanyos-kozlemenyeink","status":"publish","type":"page","link":"https:\/\/semmelweis.hu\/bokayklinika\/kutatas\/tudomanyos-kozlemenyeink\/","title":{"rendered":"Tudom\u00e1nyos k\u00f6zlem\u00e9nyeink"},"content":{"rendered":"<blockquote>\n<p>Ha pontosan tudn\u00e1nk, hogy mit fogunk csin\u00e1lni, akkor azt nem h\u00edvn\u00e1k kutat\u00e1snak, ugyeb\u00e1r? (Albert Einstein)<\/p>\n<\/blockquote>\n<p style=\"text-align: justify\">B\u00fcszk\u00e9k vagyunk azon koll\u00e9g\u00e1inkra, akik a gy\u00f3gy\u00edt\u00e1s mellett, tudom\u00e1nyos alkot\u00f3munk\u00e1t is v\u00e9geznek, \u00e9s tudom\u00e1nyos k\u00f6zlem\u00e9nyeikkel akt\u00edvan hozz\u00e1j\u00e1rulnak a\u00a0 Semmelweis Egyetem j\u00f3 h\u00edr\u00e9hez. \u00d6r\u00f6mmel osztjuk meg tudom\u00e1nyos k\u00f6zlem\u00e9nyeiket az \u00e9rdekl\u0151d\u0151kkel.<\/p>\n<p>&nbsp;<\/p>\n","protected":false},"excerpt":{"rendered":"<p>Ha pontosan tudn\u00e1nk, hogy mit fogunk csin\u00e1lni, akkor azt nem h\u00edvn\u00e1k kutat\u00e1snak, ugyeb\u00e1r? (Albert Einstein)<\/p>\n<p>B\u00fcszk\u00e9k vagyunk azon koll\u00e9g\u00e1inkra, akik a gy\u00f3gy\u00edt\u00e1s mellett, tudom\u00e1nyos alkot\u00f3munk\u00e1t is v\u00e9geznek, \u00e9s tudom\u00e1nyos k\u00f6zlem\u00e9nyeikkel akt\u00edvan hozz\u00e1j\u00e1rulnak a\u00a0 Semmelweis Egyetem j\u00f3 h\u00edr\u00e9hez. \u00d6r\u00f6mmel osztjuk meg tudom\u00e1nyos k\u00f6zlem\u00e9nyeiket az \u00e9rdekl\u0151d\u0151kkel.<br \/>\n&nbsp;<\/p>\n","protected":false},"author":101602,"featured_media":0,"parent":15,"menu_order":0,"comment_status":"closed","ping_status":"closed","template":"","meta":{"_acf_changed":false,"footnotes":""},"categories":[],"tags":[],"class_list":["post-6478","page","type-page","status-publish","hentry"],"acf":[],"_links":{"self":[{"href":"https:\/\/semmelweis.hu\/bokayklinika\/wp-json\/wp\/v2\/pages\/6478","targetHints":{"allow":["GET"]}}],"collection":[{"href":"https:\/\/semmelweis.hu\/bokayklinika\/wp-json\/wp\/v2\/pages"}],"about":[{"href":"https:\/\/semmelweis.hu\/bokayklinika\/wp-json\/wp\/v2\/types\/page"}],"author":[{"embeddable":true,"href":"https:\/\/semmelweis.hu\/bokayklinika\/wp-json\/wp\/v2\/users\/101602"}],"replies":[{"embeddable":true,"href":"https:\/\/semmelweis.hu\/bokayklinika\/wp-json\/wp\/v2\/comments?post=6478"}],"version-history":[{"count":4,"href":"https:\/\/semmelweis.hu\/bokayklinika\/wp-json\/wp\/v2\/pages\/6478\/revisions"}],"predecessor-version":[{"id":6489,"href":"https:\/\/semmelweis.hu\/bokayklinika\/wp-json\/wp\/v2\/pages\/6478\/revisions\/6489"}],"up":[{"embeddable":true,"href":"https:\/\/semmelweis.hu\/bokayklinika\/wp-json\/wp\/v2\/pages\/15"}],"wp:attachment":[{"href":"https:\/\/semmelweis.hu\/bokayklinika\/wp-json\/wp\/v2\/media?parent=6478"}],"wp:term":[{"taxonomy":"category","embeddable":true,"href":"https:\/\/semmelweis.hu\/bokayklinika\/wp-json\/wp\/v2\/categories?post=6478"},{"taxonomy":"post_tag","embeddable":true,"href":"https:\/\/semmelweis.hu\/bokayklinika\/wp-json\/wp\/v2\/tags?post=6478"}],"curies":[{"name":"wp","href":"https:\/\/api.w.org\/{rel}","templated":true}]}}