{"id":5770,"date":"2024-09-06T07:17:17","date_gmt":"2024-09-06T05:17:17","guid":{"rendered":"https:\/\/semmelweis.hu\/bokayklinika\/?page_id=5770"},"modified":"2024-09-06T07:17:17","modified_gmt":"2024-09-06T05:17:17","slug":"oltasok","status":"publish","type":"page","link":"https:\/\/semmelweis.hu\/bokayklinika\/betegellatas\/oltasok\/","title":{"rendered":"Olt\u00e1sok"},"content":{"rendered":"<div>Tisztelt \u00c9rdekl\u0151d\u0151k!\u00a0<\/div>\n<div>\u00a0<\/div>\n<div style=\"text-align: justify\">Jelenleg a COVID-19 elleni v\u00e9d\u0151olt\u00e1s felv\u00e9tele olt\u00f3pontjainkon nem lehets\u00e9ges, a haz\u00e1nkban el\u00e9rhet\u0151 olt\u00f3anyag felhaszn\u00e1lhat\u00f3s\u00e1ga augusztus 31-\u00e9n lej\u00e1rt. Amennyiben a Semmelweis Egyetemen \u00fajra el\u00e9rhet\u0151v\u00e9 v\u00e1lik koronav\u00edrus elleni v\u00e9d\u0151olt\u00e1s, ezen a fel\u00fcleten jelezni fogjuk.<\/div>\n<div style=\"text-align: justify\">Meg\u00e9rt\u00e9s\u00fcket k\u00f6sz\u00f6nj\u00fck!<\/div>\n","protected":false},"excerpt":{"rendered":"<p>Tisztelt \u00c9rdekl\u0151d\u0151k!\u00a0<br \/>\n\u00a0<br \/>\nJelenleg a COVID-19 elleni v\u00e9d\u0151olt\u00e1s felv\u00e9tele olt\u00f3pontjainkon nem lehets\u00e9ges, a haz\u00e1nkban el\u00e9rhet\u0151 olt\u00f3anyag felhaszn\u00e1lhat\u00f3s\u00e1ga augusztus 31-\u00e9n lej\u00e1rt. Amennyiben a Semmelweis Egyetemen \u00fajra el\u00e9rhet\u0151v\u00e9 v\u00e1lik koronav\u00edrus elleni v\u00e9d\u0151olt\u00e1s, ezen a fel\u00fcleten jelezni fogjuk.<br \/>\nMeg\u00e9rt\u00e9s\u00fcket k\u00f6sz\u00f6nj\u00fck!<\/p>\n","protected":false},"author":101853,"featured_media":0,"parent":17,"menu_order":8,"comment_status":"closed","ping_status":"closed","template":"","meta":{"_acf_changed":false,"footnotes":""},"categories":[],"tags":[],"class_list":["post-5770","page","type-page","status-publish","hentry"],"acf":[],"_links":{"self":[{"href":"https:\/\/semmelweis.hu\/bokayklinika\/wp-json\/wp\/v2\/pages\/5770","targetHints":{"allow":["GET"]}}],"collection":[{"href":"https:\/\/semmelweis.hu\/bokayklinika\/wp-json\/wp\/v2\/pages"}],"about":[{"href":"https:\/\/semmelweis.hu\/bokayklinika\/wp-json\/wp\/v2\/types\/page"}],"author":[{"embeddable":true,"href":"https:\/\/semmelweis.hu\/bokayklinika\/wp-json\/wp\/v2\/users\/101853"}],"replies":[{"embeddable":true,"href":"https:\/\/semmelweis.hu\/bokayklinika\/wp-json\/wp\/v2\/comments?post=5770"}],"version-history":[{"count":1,"href":"https:\/\/semmelweis.hu\/bokayklinika\/wp-json\/wp\/v2\/pages\/5770\/revisions"}],"predecessor-version":[{"id":5771,"href":"https:\/\/semmelweis.hu\/bokayklinika\/wp-json\/wp\/v2\/pages\/5770\/revisions\/5771"}],"up":[{"embeddable":true,"href":"https:\/\/semmelweis.hu\/bokayklinika\/wp-json\/wp\/v2\/pages\/17"}],"wp:attachment":[{"href":"https:\/\/semmelweis.hu\/bokayklinika\/wp-json\/wp\/v2\/media?parent=5770"}],"wp:term":[{"taxonomy":"category","embeddable":true,"href":"https:\/\/semmelweis.hu\/bokayklinika\/wp-json\/wp\/v2\/categories?post=5770"},{"taxonomy":"post_tag","embeddable":true,"href":"https:\/\/semmelweis.hu\/bokayklinika\/wp-json\/wp\/v2\/tags?post=5770"}],"curies":[{"name":"wp","href":"https:\/\/api.w.org\/{rel}","templated":true}]}}