{"id":445,"date":"2020-06-16T18:15:41","date_gmt":"2020-06-16T16:15:41","guid":{"rendered":"https:\/\/semmelweis.hu\/gyermekklinika1\/?page_id=445"},"modified":"2025-02-03T13:44:49","modified_gmt":"2025-02-03T12:44:49","slug":"urodinamias-vizsgalat","status":"publish","type":"page","link":"https:\/\/semmelweis.hu\/bokayklinika\/betegellatas\/diagnosztikai-egysegeink\/urodinamias-vizsgalat\/","title":{"rendered":"Urodin\u00e1mi\u00e1s vizsg\u00e1lat"},"content":{"rendered":"<div class=\"keretes\">\n<div style=\"text-align: left\">\n<p><strong>Gyermekgy\u00f3gy\u00e1szati Klinika <\/strong>(B\u00f3kay utcai r\u00e9szleg)<strong> Urodinamika<\/strong><br \/>\n<strong>Id\u0151pontk\u00e9r\u00e9s a\u00a0 +36 (20) 663-2522 telefonsz\u00e1mon lehets\u00e9ges<\/strong><br \/>\n<strong>Laborvezet\u0151:<\/strong> Dr. Antal Zsuzsanna<br \/>\n<strong>Munkat\u00e1rsak:<\/strong>\u00a0<br \/>\nDr. Ag\u00f3cs R\u00f3bert, Dr. Fodor Anna, Dr. Kaucs\u00e1r Tam\u00e1s<br \/>\n<strong><br \/>\n<\/strong><\/p>\n<\/div>\n<div><strong>NEAK k\u00f3d:<\/strong> 01H720516<\/div>\n<\/div>\n<p style=\"text-align: justify\">Az urodin\u00e1mi\u00e1s vizsg\u00e1lattal a gyermekek h\u00fagyh\u00f3lyagj\u00e1nak a m\u0171k\u00f6d\u00e9s\u00e9t vizsg\u00e1ljuk. Az uroflowmetria (vizelet\u00e1raml\u00e1s m\u00e9r\u00e9s) sor\u00e1n a gyermekek egy speci\u00e1lis WC-be pisilnek. Az eredm\u00e9nyb\u0151l tudunk k\u00f6vetkeztetni a h\u00fagyh\u00f3lyag, a z\u00e1r\u00f3izom \u00e9s a h\u00fagycs\u0151 rendelleness\u00e9geire. Ak\u00e1r \u00e9jszakai, ak\u00e1r nappali vizel\u00e9si zavar (pl. bevizel\u00e9s, elcsepeg\u00e9s, visszat\u00e9r\u0151 fert\u0151z\u00e9sek) eset\u00e9n, egyes m\u0171t\u00e9tek ut\u00e1n hasznos az elv\u00e9gz\u00e9se. A cisztomanometria (h\u00f3lyagnyom\u00e1s m\u00e9r\u00e9s) egy kat\u00e9teres vizsg\u00e1lat, amivel a h\u00fagyh\u00f3lyagon bel\u00fcli nyom\u00e1st m\u00e9rj\u00fck. Erre csak speci\u00e1lis esetekben van sz\u00fcks\u00e9g. Mindk\u00e9t vizsg\u00e1lathoz beutal\u00f3 sz\u00fcks\u00e9ges.<\/p>\n<table style=\"border-collapse: collapse;width: 100%;height: 99px\">\n<tbody>\n<tr style=\"height: 33px\">\n<td style=\"width: 50%;height: 33px;text-align: center\"><strong>Vizsg\u00e1latok id\u0151pontja<\/strong><\/td>\n<td style=\"width: 50%;height: 33px\">\u00a0<\/td>\n<\/tr>\n<tr style=\"height: 33px\">\n<td style=\"width: 50%;height: 33px;text-align: center\">KEDD<\/td>\n<td style=\"width: 50%;height: 33px\" rowspan=\"2\">09:00 &#8211; 15:00 \u00f3ra<\/td>\n<\/tr>\n<tr style=\"height: 33px\">\n<td style=\"width: 50%;height: 33px;text-align: center\">SZERDA<\/td>\n<\/tr>\n<\/tbody>\n<\/table>\n<p>&nbsp;<\/p>\n<p style=\"text-align: justify\">\u00a0<\/p>\n","protected":false},"excerpt":{"rendered":"<p>Gyermekgy\u00f3gy\u00e1szati Klinika (B\u00f3kay utcai r\u00e9szleg) Urodinamika Id\u0151pontk\u00e9r\u00e9s a\u00a0 +36 (20) 663-2522 telefonsz\u00e1mon lehets\u00e9ges Laborvezet\u0151: Dr. Antal Zsuzsanna Munkat\u00e1rsak:\u00a0 Dr. Ag\u00f3cs R\u00f3bert, Dr. Fodor Anna, Dr. Kaucs\u00e1r Tam\u00e1s NEAK k\u00f3d: 01H720516 Az urodin\u00e1mi\u00e1s vizsg\u00e1lattal a gyermekek h\u00fagyh\u00f3lyagj\u00e1nak a m\u0171k\u00f6d\u00e9s\u00e9t vizsg\u00e1ljuk. Az uroflowmetria (vizelet\u00e1raml\u00e1s m\u00e9r\u00e9s) sor\u00e1n a gyermekek egy speci\u00e1lis WC-be pisilnek. Az eredm\u00e9nyb\u0151l tudunk k\u00f6vetkeztetni a &hellip;<\/p>\n","protected":false},"author":101739,"featured_media":0,"parent":97,"menu_order":11,"comment_status":"closed","ping_status":"closed","template":"","meta":{"_acf_changed":false,"footnotes":""},"categories":[],"tags":[],"class_list":["post-445","page","type-page","status-publish","hentry"],"acf":[],"_links":{"self":[{"href":"https:\/\/semmelweis.hu\/bokayklinika\/wp-json\/wp\/v2\/pages\/445","targetHints":{"allow":["GET"]}}],"collection":[{"href":"https:\/\/semmelweis.hu\/bokayklinika\/wp-json\/wp\/v2\/pages"}],"about":[{"href":"https:\/\/semmelweis.hu\/bokayklinika\/wp-json\/wp\/v2\/types\/page"}],"author":[{"embeddable":true,"href":"https:\/\/semmelweis.hu\/bokayklinika\/wp-json\/wp\/v2\/users\/101739"}],"replies":[{"embeddable":true,"href":"https:\/\/semmelweis.hu\/bokayklinika\/wp-json\/wp\/v2\/comments?post=445"}],"version-history":[{"count":10,"href":"https:\/\/semmelweis.hu\/bokayklinika\/wp-json\/wp\/v2\/pages\/445\/revisions"}],"predecessor-version":[{"id":6763,"href":"https:\/\/semmelweis.hu\/bokayklinika\/wp-json\/wp\/v2\/pages\/445\/revisions\/6763"}],"up":[{"embeddable":true,"href":"https:\/\/semmelweis.hu\/bokayklinika\/wp-json\/wp\/v2\/pages\/97"}],"wp:attachment":[{"href":"https:\/\/semmelweis.hu\/bokayklinika\/wp-json\/wp\/v2\/media?parent=445"}],"wp:term":[{"taxonomy":"category","embeddable":true,"href":"https:\/\/semmelweis.hu\/bokayklinika\/wp-json\/wp\/v2\/categories?post=445"},{"taxonomy":"post_tag","embeddable":true,"href":"https:\/\/semmelweis.hu\/bokayklinika\/wp-json\/wp\/v2\/tags?post=445"}],"curies":[{"name":"wp","href":"https:\/\/api.w.org\/{rel}","templated":true}]}}