{"id":430,"date":"2020-06-16T17:59:44","date_gmt":"2020-06-16T15:59:44","guid":{"rendered":"https:\/\/semmelweis.hu\/gyermekklinika1\/?page_id=430"},"modified":"2025-02-03T14:54:02","modified_gmt":"2025-02-03T13:54:02","slug":"rontgen-es-ultrahang-osztaly","status":"publish","type":"page","link":"https:\/\/semmelweis.hu\/bokayklinika\/betegellatas\/diagnosztikai-egysegeink\/rontgen-es-ultrahang-osztaly\/","title":{"rendered":"R\u00f6ntgen \u00e9s Ultrahang Oszt\u00e1ly"},"content":{"rendered":"<div class=\"keretes\">\n<p style=\"text-align: justify\"><strong>Gyermekgy\u00f3gy\u00e1szati Klinika <\/strong>(B\u00f3kay utcai r\u00e9szleg)<strong> R\u00f6ntgen \u00e9s Ultrahang Oszt\u00e1ly<\/strong><br \/>\n<strong>Telefonsz\u00e1m: <\/strong>+36 (1) 334-3186 (52665, 52671, 52685 mell\u00e9kek)<br \/>\n<strong>Oszt\u00e1lyvezet\u0151: <\/strong>Dr. V\u00e1rkonyi Ildik\u00f3 klinikai f\u0151orvos, gyermekradiol\u00f3gus, radiol\u00f3gus<br \/>\n<strong>Orvosok:<\/strong><br \/>\nDr. Nyitrai Anna klinikai f\u0151orvos, gyermekradiol\u00f3gus, radiol\u00f3gus<br \/>\nDr. Seszt\u00e1k T\u00edmea klinikai szakorvos, gyermekradiol\u00f3gus, radiol\u00f3gus<\/p>\n<div><strong>NEAK k\u00f3d (UH):<\/strong> 01H725316\u00a0<\/div>\n<div><strong>NEAK k\u00f3d (RTG):<\/strong> 01H725116<\/div>\n<\/div>\n<p style=\"text-align: justify\">A radiol\u00f3gia oszt\u00e1lyon \u00e9vente 24-26 ezer ultrahangvizsg\u00e1lat \u00e9s 12 ezer r\u00f6ntgenvizsg\u00e1lat t\u00f6rt\u00e9nik. A m\u00e1s int\u00e9zetben v\u00e9gzett CT \u00e9s MR vizsg\u00e1latok megtekint\u00e9sre ker\u00fclnek. A k\u00e9pek t\u00e1rol\u00e1sa digit\u00e1lisan t\u00f6rt\u00e9nik, \u00edgy a gyermekradiol\u00f3giai esetek teljes sk\u00e1l\u00e1ja oktathat\u00f3 \u00e9s visszakereshet\u0151.<br \/>\nA r\u00f6ntgenfelv\u00e9telek k\u00e9sz\u00edt\u00e9s\u00e9n\u00e9l alapvet\u0151 szempont az alacsony sug\u00e1rterhel\u00e9s.<br \/>\nAz oszt\u00e1lyon sokszint\u0171 oktat\u00e1s folyik, a IV., V. \u00e9ves magyar, angol \u00e9s n\u00e9met nyelv\u0171 hallgat\u00f3k tantermi el\u0151ad\u00e1sokon \u00e9s gyakorlatokon tal\u00e1lkoznak a gyermekradiol\u00f3gi\u00e1val, a radiol\u00f3gia \u00e9s a gyermekgy\u00f3gy\u00e1szat keret\u00e9ben.<br \/>\nA gyermekradiol\u00f3gia oktat\u00e1sa keret\u00e9ben t\u00f6rt\u00e9nik a gyermekradiol\u00f3giai r\u00e1\u00e9p\u00edtett szakvizsg\u00e1hoz sz\u00fcks\u00e9ges 12 h\u00f3nap, a gyermekgy\u00f3gy\u00e1sz szakvizsg\u00e1hoz sz\u00fcks\u00e9ges 1,5 h\u00f3nap, \u00e9s a radiol\u00f3giai szakvizsg\u00e1hoz sz\u00fcks\u00e9ges 2 h\u00f3nap k\u00e9pz\u00e9si id\u0151.<\/p>\n<p>&nbsp;<\/p>\n<p style=\"text-align: justify\"><strong>Hagyom\u00e1nyos r\u00f6ntgenvizsg\u00e1latok<\/strong><\/p>\n<table style=\"width: 53.6188%\" width=\"346\">\n<tbody>\n<tr>\n<td style=\"width: 100%\" width=\"346\">1\/b Kontrasztanyagos vizsg\u00e1latok<\/td>\n<\/tr>\n<tr>\n<td style=\"width: 100%\">B\u00e9lfelt\u00f6lt\u00e9sek m\u0171t\u00e9ti kivizsg\u00e1l\u00e1sokhoz<\/td>\n<\/tr>\n<tr>\n<td style=\"width: 100%\">Csontrendszer minden r\u00e9sze<\/td>\n<\/tr>\n<tr>\n<td style=\"width: 100%\">Fels\u0151 passage<\/td>\n<\/tr>\n<tr>\n<td style=\"width: 100%\">Fistulographia<\/td>\n<\/tr>\n<tr>\n<td style=\"width: 100%\">Hasi felv\u00e9tel<\/td>\n<\/tr>\n<tr>\n<td style=\"width: 100%\">Helysz\u00edni r\u00f6ntgenfelv\u00e9telek<\/td>\n<\/tr>\n<tr>\n<td style=\"width: 100%\">Irrigoscopia<\/td>\n<\/tr>\n<tr>\n<td style=\"width: 100%\">Mellkas<\/td>\n<\/tr>\n<tr>\n<td style=\"width: 100%\">Micti\u00f3s cystourethrographia (sz\u00fcks\u00e9g eset\u00e9n urodin\u00e1mi\u00e1s vizsg\u00e1lattal kombin\u00e1lva)<\/td>\n<\/tr>\n<tr>\n<td style=\"width: 100%\">Nyel\u00e9svizsg\u00e1lat<\/td>\n<\/tr>\n<\/tbody>\n<\/table>\n<p>&nbsp;<\/p>\n<p style=\"text-align: justify\"><strong>Ultrahangvizsg\u00e1latok<\/strong><\/p>\n<table style=\"width: 53.7932%\" width=\"563\">\n<tbody>\n<tr>\n<td style=\"width: 100%\" width=\"563\">Cs\u00edp\u0151 \u00edz\u00fcleti UH<\/td>\n<\/tr>\n<tr>\n<td style=\"width: 100%\">Doppler UH-vizsg\u00e1latok: transzplant\u00e1lt vese, m\u00e1j UH vizsg\u00e1lata<\/td>\n<\/tr>\n<tr>\n<td style=\"width: 100%\">Hasi Doppler . pl. portalis hypertonia kivizsg\u00e1l\u00e1sa sor\u00e1n<\/td>\n<\/tr>\n<tr>\n<td style=\"width: 100%\">Hasi ultrahang<\/td>\n<\/tr>\n<tr>\n<td style=\"width: 100%\">Helysz\u00edni UH-vizsg\u00e1latok<\/td>\n<\/tr>\n<tr>\n<td style=\"width: 100%\">Kismedencei UH<\/td>\n<\/tr>\n<tr>\n<td style=\"width: 100%\">Koponya ultrahang<\/td>\n<\/tr>\n<tr>\n<td style=\"width: 100%\">Mellkasi UH (pleura\u0171r, mellkasfal)<\/td>\n<\/tr>\n<tr>\n<td style=\"width: 100%\">Nyaki, here, \u00e9s l\u00e1gyr\u00e9sz UH<\/td>\n<\/tr>\n<tr>\n<td style=\"width: 100%\">Sonocystographia: ultrahang-kontrasztanyaggal v\u00e9gzett h\u00f3lyagfelt\u00f6lt\u00e9s, reflux vizsg\u00e1lat<\/td>\n<\/tr>\n<tr>\n<td style=\"width: 100%\">\u00dajsz\u00fcl\u00f6ttkori sz\u0171r\u0151vizsg\u00e1latok: koponya, has \u00e9s cs\u00edp\u0151 UH<\/td>\n<\/tr>\n<tr>\n<td style=\"width: 100%\">V\u00e9gtagi erek vizsg\u00e1lata<\/td>\n<\/tr>\n<\/tbody>\n<\/table>\n<p>&nbsp;<\/p>\n<p>&nbsp;<\/p>\n<p style=\"text-align: justify\"><strong>Sonocystographia<\/strong><br \/>\nA gyermekkori h\u00fagy\u00fati betegs\u00e9gek k\u00f6z\u00fcl az egyik leggyakoribb a h\u00fagy\u00fati gyullad\u00e1sok h\u00e1tter\u00e9ben \u00e1ll\u00f3 vesicoureteralis reflux, azaz a vizelet visszafoly\u00e1sa a h\u00fagyh\u00f3lyag fel\u0151l a h\u00fagyvezet\u00e9kbe, a vese \u00fcregrendszer\u00e9be, a vesemedenc\u00e9be.<br \/>\nA k\u00e9palkot\u00f3 radiol\u00f3giai vizsg\u00e1latra akkor van sz\u00fcks\u00e9g, ha felmer\u00fcl, hogy a gyermekben a fert\u0151z\u00e9sek h\u00e1tter\u00e9ben visszafoly\u00e1s \u00e1ll. Ennek tiszt\u00e1z\u00e1sa sajnos a szok\u00e1sos hasi ultrahangvizsg\u00e1lattal nem lehets\u00e9ges. Teljesen negat\u00edv UH-lelet mellett is el\u0151fordulhat, hogy a gyermekn\u00e9l ak\u00e1r s\u00falyos fok\u00fa reflux \u00e1ll fenn. A reflux kivizsg\u00e1l\u00e1s\u00e1ra a hagyom\u00e1nyos vizsg\u00e1lat a a r\u00f6ntgen\u00e1tvil\u00e1g\u00edt\u00e1s alatt v\u00e9gzett MCU (micti\u00f3s cystourethrographia), azaz a h\u00f3lyag r\u00f6ntgenkontrasztanyagos felt\u00f6lt\u00e9se volt.<\/p>\n<p style=\"text-align: justify\">Az \u00fan. ultrahangos kontrasztanyaggal a vizelet visszafoly\u00e1sa az ultrahang sz\u00e1m\u00e1ra is l\u00e1that\u00f3v\u00e1 tehet\u0151. Ez az anyag igen apr\u00f3 bubor\u00e9kokat tartalmaz, stabilan nagy molekul\u00e1khoz k\u00f6tve. Az apr\u00f3 bubor\u00e9kok az ultrahangot er\u0151sen visszaverik, \u00edgy a vizelet a szok\u00e1sos fekete folyad\u00e9k helyett feh\u00e9ren \u00e1br\u00e1zol\u00f3dik. Az \u00fan. sonocystographi\u00e1t, azaz az ultrahangos kontrasztanyaggal v\u00e9gzett h\u00f3lyagfelt\u00f6lt\u00e9ses vizsg\u00e1latot minden esetben hasi UH-vizsg\u00e1lat el\u0151zi meg, amivel meg\u00e1llap\u00edthat\u00f3 a ves\u00e9k m\u00e9rete, helyzete, a vesemedence vagy h\u00fagyvezet\u00e9k esetleges t\u00e1gulata, a h\u00f3lyag \u00e1llapota. Ezut\u00e1n a h\u00fagycs\u0151 k\u00f6rny\u00e9k\u00e9t fert\u0151tlen\u00edt\u0151 szerrel lemossuk, majd steril kat\u00e9tert vezet\u00fcnk a h\u00fagycs\u0151be. Ez csak kis kellemetlens\u00e9ggel j\u00e1r, r\u00f6vid ideig tart. A kat\u00e9ter a vizsg\u00e1lat id\u0151tartam\u00e1ra a h\u00f3lyagban marad, kis darab ragtapasszal r\u00f6gz\u00edtj\u00fck. A kat\u00e9terbe adunk 1 ml ultrahangos kontrasztanyagot, majd inf\u00fazi\u00f3s palackb\u00f3l fiziol\u00f3gi\u00e1s s\u00f3oldatot. Ultrahanggal figyelj\u00fck, hogy a kontrasztanyag apr\u00f3 bubor\u00e9kai megjelennek-e a h\u00fagyvezet\u00e9kben, vagy a vesemedenc\u00e9ben. Ezt k\u00f6vetj\u00fck a felt\u00f6lt\u00e9s alatt is, majd akkor is, amikor a gyermek az ultrahang vizsg\u00e1l\u00f3 asztalon vizeletet \u00fcr\u00edt. Erre az\u00e9rt van sz\u00fcks\u00e9g, mert a vizel\u00e9s ideje alatt a h\u00f3lyagban a nyom\u00e1s megn\u00f6vekszik, \u00e9s el\u0151fordulhat, hogy visszafoly\u00e1s csak ilyenkor alakul ki.<br \/>\nA vizsg\u00e1lat 10-20 percig tart, esetenk\u00e9nt k\u00fcl\u00f6nb\u00f6z\u0151 ideig.<br \/>\nA visszafoly\u00e1s s\u00falyoss\u00e1g\u00e1t fokozatokban adjuk meg, att\u00f3l f\u00fcgg\u0151en, hogy a visszafoly\u00e1s milyen magasra \u00e9r fel (csak a h\u00fagyvezet\u00e9kbe, vagy a ves\u00e9be is), \u00e9s mekkora t\u00e1gulatot okoz.<br \/>\nEz a beoszt\u00e1s a k\u00e9s\u0151bbi kezel\u00e9s miatt fontos.<br \/>\nAz ultrahangos kontrasztanyagnak nincsen ismert sz\u00f6v\u0151dm\u00e9nye, mivel csak a h\u00f3lyagba adjuk, onnan nem sz\u00edv\u00f3dik fel, a kering\u00e9sbe nem jut be. Minden h\u00f3lyagfelt\u00f6lt\u00e9s &#8211; m\u00e9g a leggondosabb fert\u0151tlen\u00edt\u00e9s mellett is &#8211; a kat\u00e9ter bevezet\u00e9se miatt h\u00fagy\u00fati fert\u0151z\u00e9st okozhat. Ez rendk\u00edv\u00fcl ritka, m\u00e9gis ennek megel\u0151z\u00e9s\u00e9re minden gyermek a vizsg\u00e1lat ut\u00e1n k\u00f6telez\u0151en egy adag antibiotikumot kap.<br \/>\nA vizsg\u00e1lat sug\u00e1rterhel\u00e9ssel nem j\u00e1r, ez a legnagyobb el\u0151nye a hagyom\u00e1nyos r\u00f6ntgenvizsg\u00e1lattal szemben. Sz\u00fcks\u00e9g szerint t\u00f6bbsz\u00f6r is megism\u00e9telhet\u0151, f\u00fcgg\u0151en a gyermek \u00e1llapot\u00e1t\u00f3l, a reflux fokozat\u00e1t\u00f3l, a kezel\u00e9st\u0151l.<br \/>\nA vizsg\u00e1lat sor\u00e1n a gyermekkel a sz\u00fcl\u0151 mindv\u00e9gig egy\u00fctt lehet, nyugtathatja, folyad\u00e9kkal k\u00edn\u00e1lhatja<\/p>\n<p><strong>CBCT (Cone Beam Computer Tomography)<\/strong><\/p>\n<p>Oszt\u00e1lyunk leg\u00fajabb k\u00e9palkot\u00f3 vizsg\u00e1l\u00f3berendez\u00e9se a CBCT k\u00e9sz\u00fcl\u00e9k, mellyel lehet\u0151s\u00e9g van a fogak \u00e9s az arckoponya r\u00e9szletgazdag megjelen\u00edt\u00e9s\u00e9re, emellett az arc\u00fcregek, a k\u00f6z\u00e9p- \u00e9s bels\u0151f\u00fcl is vizsg\u00e1lhat\u00f3. Ezek a felv\u00e9telek f\u00fcl-orr-g\u00e9g\u00e9szeti, illetve fog\u00e1szati g\u00f3csz\u0171r\u00e9sre is alkalmasak, valamint\u00a0 m\u0171t\u00e9tek 3D- tervez\u00e9s\u00e9re is. A hagyom\u00e1nyos CT k\u00e9sz\u00fcl\u00e9kekn\u00e9l korszer\u0171bb, ez\u00e9rt a gyermekek alacsony sug\u00e1rterhel\u00e9ssel vizsg\u00e1lhat\u00f3k. A vizsg\u00e1lat semmilyen f\u00e1jdalmat vagy kellemetlens\u00e9get nem okoz gyermek\u00e9nek, csak mozdulatlanul kell maradnia a felv\u00e9tel k\u00e9sz\u00edt\u00e9s\u00e9nek idej\u00e9re, mely kevesebb mint f\u00e9l perc. Igyekezt\u00fcnk ennek megk\u00f6nny\u00edt\u00e9s\u00e9hez a k\u00f6rnyezetet min\u00e9l bar\u00e1ts\u00e1gosabb\u00e1 tenni. A CBCT-vel k\u00e9sz\u00fcl\u0151 felv\u00e9telek jelent\u0151sen hozz\u00e1j\u00e1rulnak gyermeke gy\u00f3gyul\u00e1s\u00e1hoz.<\/p>\n<p style=\"text-align: justify\"><strong>Intervenci\u00f3s vizsg\u00e1latok,beavatkoz\u00e1sok<\/strong><br \/>\nUH-vez\u00e9relt szervbiopszia (m\u00e1j, vese)<\/p>\n<p style=\"text-align: justify\"><strong>Rendelkez\u00e9sre \u00e1ll\u00f3 lehet\u0151s\u00e9gek:<\/strong><br \/>\nGyermekradiol\u00f3gus szakorvosok (3 f\u0151)<br \/>\nSzakasszisztencia<br \/>\nDigitalis (DR) r\u00f6ntgenfelv\u00e9teli \u00e9s \u00e1tvil\u00e1g\u00edt\u00f3 berendez\u00e9s \u00e9s PACS<br \/>\nMobil r\u00f6ntgenk\u00e9sz\u00fcl\u00e9k<br \/>\n2 ultrahang k\u00e9sz\u00fcl\u00e9k<\/p>\n","protected":false},"excerpt":{"rendered":"<p>Gyermekgy\u00f3gy\u00e1szati Klinika (B\u00f3kay utcai r\u00e9szleg) R\u00f6ntgen \u00e9s Ultrahang Oszt\u00e1ly Telefonsz\u00e1m: +36 (1) 334-3186 (52665, 52671, 52685 mell\u00e9kek) Oszt\u00e1lyvezet\u0151: Dr. V\u00e1rkonyi Ildik\u00f3 klinikai f\u0151orvos, gyermekradiol\u00f3gus, radiol\u00f3gus Orvosok: Dr. Nyitrai Anna klinikai f\u0151orvos, gyermekradiol\u00f3gus, radiol\u00f3gus Dr. Seszt\u00e1k T\u00edmea klinikai szakorvos, gyermekradiol\u00f3gus, radiol\u00f3gus NEAK k\u00f3d (UH): 01H725316\u00a0 NEAK k\u00f3d (RTG): 01H725116 A radiol\u00f3gia oszt\u00e1lyon \u00e9vente 24-26 ezer ultrahangvizsg\u00e1lat &hellip;<\/p>\n","protected":false},"author":101739,"featured_media":0,"parent":97,"menu_order":10,"comment_status":"closed","ping_status":"closed","template":"","meta":{"_acf_changed":false,"footnotes":""},"categories":[],"tags":[],"class_list":["post-430","page","type-page","status-publish","hentry"],"acf":[],"_links":{"self":[{"href":"https:\/\/semmelweis.hu\/bokayklinika\/wp-json\/wp\/v2\/pages\/430","targetHints":{"allow":["GET"]}}],"collection":[{"href":"https:\/\/semmelweis.hu\/bokayklinika\/wp-json\/wp\/v2\/pages"}],"about":[{"href":"https:\/\/semmelweis.hu\/bokayklinika\/wp-json\/wp\/v2\/types\/page"}],"author":[{"embeddable":true,"href":"https:\/\/semmelweis.hu\/bokayklinika\/wp-json\/wp\/v2\/users\/101739"}],"replies":[{"embeddable":true,"href":"https:\/\/semmelweis.hu\/bokayklinika\/wp-json\/wp\/v2\/comments?post=430"}],"version-history":[{"count":11,"href":"https:\/\/semmelweis.hu\/bokayklinika\/wp-json\/wp\/v2\/pages\/430\/revisions"}],"predecessor-version":[{"id":6767,"href":"https:\/\/semmelweis.hu\/bokayklinika\/wp-json\/wp\/v2\/pages\/430\/revisions\/6767"}],"up":[{"embeddable":true,"href":"https:\/\/semmelweis.hu\/bokayklinika\/wp-json\/wp\/v2\/pages\/97"}],"wp:attachment":[{"href":"https:\/\/semmelweis.hu\/bokayklinika\/wp-json\/wp\/v2\/media?parent=430"}],"wp:term":[{"taxonomy":"category","embeddable":true,"href":"https:\/\/semmelweis.hu\/bokayklinika\/wp-json\/wp\/v2\/categories?post=430"},{"taxonomy":"post_tag","embeddable":true,"href":"https:\/\/semmelweis.hu\/bokayklinika\/wp-json\/wp\/v2\/tags?post=430"}],"curies":[{"name":"wp","href":"https:\/\/api.w.org\/{rel}","templated":true}]}}