{"id":423,"date":"2020-06-16T17:33:22","date_gmt":"2020-06-16T15:33:22","guid":{"rendered":"https:\/\/semmelweis.hu\/gyermekklinika1\/?page_id=423"},"modified":"2024-11-25T13:53:02","modified_gmt":"2024-11-25T12:53:02","slug":"legzesfunkcios-laboratorium","status":"publish","type":"page","link":"https:\/\/semmelweis.hu\/bokayklinika\/betegellatas\/diagnosztikai-egysegeink\/legzesfunkcios-laboratorium\/","title":{"rendered":"L\u00e9gz\u00e9sfunkci\u00f3s Laborat\u00f3rium"},"content":{"rendered":"<div class=\"keretes\">\n<div style=\"text-align: left\">\n<p style=\"text-align: justify\"><strong>Gyermekgy\u00f3gy\u00e1szati Klinika<\/strong> (B\u00f3kay utcai r\u00e9szleg) <strong>L\u00e9gz\u00e9sfunkci\u00f3s Laborat\u00f3rium<\/strong><br \/>\n<strong>Telefonsz\u00e1m: <\/strong>+36 (1) 334-3186 (52607 mell\u00e9k)<br \/>\n<strong>Vezet\u0151: <\/strong>Dr. Kov\u00e1cs Lajos<\/p>\n<\/div>\n<div><strong>NEAK k\u00f3d:<\/strong> 01H71G196<\/div>\n<\/div>\n<p style=\"text-align: justify\">A L\u00e9gz\u00e9sfunkci\u00f3s laborat\u00f3riumban l\u00e9gz\u00e9sfunkci\u00f3-spirometria vizsg\u00e1latokat v\u00e9gz\u00fcnk \u00f6t \u00e9v feletti k\u00f6zrem\u0171k\u00f6d\u0151 gyermekekn\u00e9l (fizikai terhel\u00e9s kiv\u00e1ltotta asthma vizsg\u00e1lata, aspecifikus inhal\u00e1ci\u00f3s provok\u00e1ci\u00f3, a h\u00f6rg\u0151\u00e9rz\u00e9kenys\u00e9g vizsg\u00e1lata).<\/p>\n<p>&nbsp;<\/p>\n<figure id=\"attachment_408\" aria-describedby=\"caption-attachment-408\" style=\"width: 150px\" class=\"wp-caption alignleft\"><img loading=\"lazy\" decoding=\"async\" class=\"wp-image-408 size-thumbnail\" src=\"https:\/\/semmelweis.hu\/bokayklinika\/files\/2020\/06\/Sziman_Janosne-150x150.jpg\" alt=\"Szim\u00e1n J\u00e1nosn\u00e9, szakasszisztens\" width=\"150\" height=\"150\" \/><figcaption id=\"caption-attachment-408\" class=\"wp-caption-text\">Szim\u00e1n J\u00e1nosn\u00e9, szakasszisztens<\/figcaption><\/figure>\n","protected":false},"excerpt":{"rendered":"<p>Gyermekgy\u00f3gy\u00e1szati Klinika (B\u00f3kay utcai r\u00e9szleg) L\u00e9gz\u00e9sfunkci\u00f3s Laborat\u00f3rium<br \/>\nTelefonsz\u00e1m: +36 (1) 334-3186 (52607 mell\u00e9k)<br \/>\nVezet\u0151: Dr. Kov\u00e1cs Lajos<\/p>\n<p>NEAK k\u00f3d: 01H71G196<\/p>\n<p>A L\u00e9gz\u00e9sfunkci\u00f3s laborat\u00f3riumban l\u00e9gz\u00e9sfunkci\u00f3-spirometria vizsg\u00e1latokat v\u00e9gz\u00fcnk \u00f6t \u00e9v feletti k\u00f6zrem\u0171k\u00f6d\u0151 gyermekekn\u00e9l (fizikai terhel\u00e9s kiv\u00e1ltotta asthma vizsg\u00e1lata, aspecifikus inhal\u00e1ci\u00f3s provok\u00e1ci\u00f3, a h\u00f6rg\u0151\u00e9rz\u00e9kenys\u00e9g vizsg\u00e1lata).<br \/>\n&nbsp;<\/p>\n","protected":false},"author":101739,"featured_media":0,"parent":97,"menu_order":9,"comment_status":"closed","ping_status":"closed","template":"","meta":{"_acf_changed":false,"footnotes":""},"categories":[],"tags":[],"class_list":["post-423","page","type-page","status-publish","hentry"],"acf":[],"_links":{"self":[{"href":"https:\/\/semmelweis.hu\/bokayklinika\/wp-json\/wp\/v2\/pages\/423","targetHints":{"allow":["GET"]}}],"collection":[{"href":"https:\/\/semmelweis.hu\/bokayklinika\/wp-json\/wp\/v2\/pages"}],"about":[{"href":"https:\/\/semmelweis.hu\/bokayklinika\/wp-json\/wp\/v2\/types\/page"}],"author":[{"embeddable":true,"href":"https:\/\/semmelweis.hu\/bokayklinika\/wp-json\/wp\/v2\/users\/101739"}],"replies":[{"embeddable":true,"href":"https:\/\/semmelweis.hu\/bokayklinika\/wp-json\/wp\/v2\/comments?post=423"}],"version-history":[{"count":10,"href":"https:\/\/semmelweis.hu\/bokayklinika\/wp-json\/wp\/v2\/pages\/423\/revisions"}],"predecessor-version":[{"id":6299,"href":"https:\/\/semmelweis.hu\/bokayklinika\/wp-json\/wp\/v2\/pages\/423\/revisions\/6299"}],"up":[{"embeddable":true,"href":"https:\/\/semmelweis.hu\/bokayklinika\/wp-json\/wp\/v2\/pages\/97"}],"wp:attachment":[{"href":"https:\/\/semmelweis.hu\/bokayklinika\/wp-json\/wp\/v2\/media?parent=423"}],"wp:term":[{"taxonomy":"category","embeddable":true,"href":"https:\/\/semmelweis.hu\/bokayklinika\/wp-json\/wp\/v2\/categories?post=423"},{"taxonomy":"post_tag","embeddable":true,"href":"https:\/\/semmelweis.hu\/bokayklinika\/wp-json\/wp\/v2\/tags?post=423"}],"curies":[{"name":"wp","href":"https:\/\/api.w.org\/{rel}","templated":true}]}}