{"id":414,"date":"2020-06-16T14:10:09","date_gmt":"2020-06-16T12:10:09","guid":{"rendered":"https:\/\/semmelweis.hu\/gyermekklinika1\/?page_id=414"},"modified":"2025-02-04T13:28:41","modified_gmt":"2025-02-04T12:28:41","slug":"kardiologiai-ultrahang-vizsgalo","status":"publish","type":"page","link":"https:\/\/semmelweis.hu\/bokayklinika\/betegellatas\/diagnosztikai-egysegeink\/kardiologiai-ultrahang-vizsgalo\/","title":{"rendered":"Kardiol\u00f3giai ultrahang vizsg\u00e1l\u00f3"},"content":{"rendered":"<div class=\"keretes\">\n<div style=\"text-align: left\">\n<p style=\"text-align: justify\"><strong>Gyermekgy\u00f3gy\u00e1szati Klinika <\/strong>(B\u00f3kay utcai r\u00e9szleg)<strong> Sz\u00edvultrahang vizsg\u00e1lat<\/strong><\/p>\n<\/div>\n<div><strong>NEAK k\u00f3d:<\/strong> 01H72G406<\/div>\n<\/div>\n<div style=\"text-align: justify\">A <strong>sz\u00edvultrahang (echokardiogr\u00e1fia)<\/strong> k\u00e9palkot\u00f3 elj\u00e1r\u00e1s az ultrahang alkalmaz\u00e1s\u00e1n alapul, ennek seg\u00edts\u00e9g\u00e9vel \u00e1ll\u00edt el\u0151 mozg\u00f3k\u00e9pet a dobog\u00f3 sz\u00edvr\u0151l. Sz\u00edvultrahanggal vizsg\u00e1lhat\u00f3 a sz\u00edv szerkezeti fel\u00e9p\u00edt\u00e9se, a sz\u00edv \u00fcregeinek m\u00e9rete, a v\u00e9r \u00e1raml\u00e1s\u00e1nak ir\u00e1nya, ritmusa, sebess\u00e9ge, a sz\u00edvbillenty\u0171k m\u0171k\u00f6d\u00e9se, z\u00e1r\u00f3d\u00e1sa, funkcion\u00e1lis zavarai. Az esetleges elt\u00e9r\u00e9sek, rendelleness\u00e9gek is meg\u00e1llap\u00edthat\u00f3ak vele.<\/div>\n<div>\u00a0<\/div>\n<div>\u00a0<\/div>\n<div>\u00a0<\/div>\n<div>\u00a0<\/div>\n<div>\n<table style=\"border-collapse: collapse;width: 100%;height: 132px\">\n<tbody>\n<tr style=\"height: 33px\">\n<td style=\"width: 25.9636%;height: 33px\">\n<p>&nbsp;<\/p>\n<p>Dr. Horv\u00e1th Erzs\u00e9bet<\/p>\n<\/td>\n<td style=\"width: 15.7819%;height: 66px;text-align: center\" rowspan=\"2\">H\u00c9TF\u0150-P\u00c9NTEK<\/td>\n<td style=\"width: 15.7819%;height: 33px;text-align: center\">10:00 &#8211; 14:00<\/td>\n<td style=\"width: 22.6182%;height: 33px\">1083 Budapest, B\u00f3kay J. u. 53., I. emelet<\/td>\n<td style=\"width: 19.8545%;height: 33px;text-align: center\">Telefon: 06-1-3343-186\/52728<\/td>\n<\/tr>\n<tr style=\"height: 33px\">\n<td style=\"width: 25.9636%;height: 33px\">\n<p>&nbsp;<\/p>\n<p>Dr. T\u00f6lgyes Andrea<\/p>\n<\/td>\n<td style=\"width: 15.7819%;height: 33px;text-align: center\">08:00 &#8211; 16:00<\/td>\n<td style=\"width: 22.6182%;height: 33px\">1083 Budapest, B\u00f3kay J. u. 53., II. emelet<\/td>\n<td style=\"width: 19.8545%;height: 33px;text-align: center\">Telefon: 06-1-3343-186\/52781<\/td>\n<\/tr>\n<tr style=\"height: 33px\">\n<td style=\"width: 25.9636%;height: 33px\">Dr. Bokodi G\u00e9za<\/td>\n<td style=\"width: 15.7819%;height: 33px;text-align: center\">P\u00c9NTEK<\/td>\n<td style=\"width: 15.7819%;height: 33px;text-align: center\">09:00 &#8211; 12:00<\/td>\n<td style=\"width: 22.6182%;height: 33px\">1083 Bp., B\u00f3kay J. u. 53., I. emelet<\/td>\n<td style=\"width: 19.8545%;height: 66px\" rowspan=\"2\">\n<p style=\"text-align: center\">Telefon: 06-1-3343-186\/52728<\/p>\n<p style=\"text-align: center\">Id\u0151pont k\u00e9r\u00e9s minden p\u00e9nteken: 09:00-12:00 \u00f3ra k\u00f6z\u00f6tt<\/p>\n<\/td>\n<\/tr>\n<tr style=\"height: 33px\">\n<td style=\"width: 25.9636%;height: 33px\">\u00a0<\/td>\n<td style=\"width: 15.7819%;height: 33px\">\u00a0<\/td>\n<td style=\"width: 15.7819%;height: 33px\">\u00a0<\/td>\n<td style=\"width: 22.6182%;height: 33px\">\u00a0<\/td>\n<\/tr>\n<\/tbody>\n<\/table>\n<\/div>\n","protected":false},"excerpt":{"rendered":"<p>Gyermekgy\u00f3gy\u00e1szati Klinika (B\u00f3kay utcai r\u00e9szleg) Sz\u00edvultrahang vizsg\u00e1lat NEAK k\u00f3d: 01H72G406 A sz\u00edvultrahang (echokardiogr\u00e1fia) k\u00e9palkot\u00f3 elj\u00e1r\u00e1s az ultrahang alkalmaz\u00e1s\u00e1n alapul, ennek seg\u00edts\u00e9g\u00e9vel \u00e1ll\u00edt el\u0151 mozg\u00f3k\u00e9pet a dobog\u00f3 sz\u00edvr\u0151l. Sz\u00edvultrahanggal vizsg\u00e1lhat\u00f3 a sz\u00edv szerkezeti fel\u00e9p\u00edt\u00e9se, a sz\u00edv \u00fcregeinek m\u00e9rete, a v\u00e9r \u00e1raml\u00e1s\u00e1nak ir\u00e1nya, ritmusa, sebess\u00e9ge, a sz\u00edvbillenty\u0171k m\u0171k\u00f6d\u00e9se, z\u00e1r\u00f3d\u00e1sa, funkcion\u00e1lis zavarai. Az esetleges elt\u00e9r\u00e9sek, rendelleness\u00e9gek is meg\u00e1llap\u00edthat\u00f3ak &hellip;<\/p>\n","protected":false},"author":101739,"featured_media":0,"parent":97,"menu_order":7,"comment_status":"closed","ping_status":"closed","template":"","meta":{"_acf_changed":false,"footnotes":""},"categories":[],"tags":[],"class_list":["post-414","page","type-page","status-publish","hentry"],"acf":[],"_links":{"self":[{"href":"https:\/\/semmelweis.hu\/bokayklinika\/wp-json\/wp\/v2\/pages\/414","targetHints":{"allow":["GET"]}}],"collection":[{"href":"https:\/\/semmelweis.hu\/bokayklinika\/wp-json\/wp\/v2\/pages"}],"about":[{"href":"https:\/\/semmelweis.hu\/bokayklinika\/wp-json\/wp\/v2\/types\/page"}],"author":[{"embeddable":true,"href":"https:\/\/semmelweis.hu\/bokayklinika\/wp-json\/wp\/v2\/users\/101739"}],"replies":[{"embeddable":true,"href":"https:\/\/semmelweis.hu\/bokayklinika\/wp-json\/wp\/v2\/comments?post=414"}],"version-history":[{"count":10,"href":"https:\/\/semmelweis.hu\/bokayklinika\/wp-json\/wp\/v2\/pages\/414\/revisions"}],"predecessor-version":[{"id":6792,"href":"https:\/\/semmelweis.hu\/bokayklinika\/wp-json\/wp\/v2\/pages\/414\/revisions\/6792"}],"up":[{"embeddable":true,"href":"https:\/\/semmelweis.hu\/bokayklinika\/wp-json\/wp\/v2\/pages\/97"}],"wp:attachment":[{"href":"https:\/\/semmelweis.hu\/bokayklinika\/wp-json\/wp\/v2\/media?parent=414"}],"wp:term":[{"taxonomy":"category","embeddable":true,"href":"https:\/\/semmelweis.hu\/bokayklinika\/wp-json\/wp\/v2\/categories?post=414"},{"taxonomy":"post_tag","embeddable":true,"href":"https:\/\/semmelweis.hu\/bokayklinika\/wp-json\/wp\/v2\/tags?post=414"}],"curies":[{"name":"wp","href":"https:\/\/api.w.org\/{rel}","templated":true}]}}